{"id":22,"date":"2022-11-19T15:39:37","date_gmt":"2022-11-19T15:39:37","guid":{"rendered":"https:\/\/wolf-gold-slot-review.com\/?page_id=22"},"modified":"2023-02-21T14:01:50","modified_gmt":"2023-02-21T14:01:50","slug":"how-to-play-wolf-gold","status":"publish","type":"page","link":"https:\/\/wolf-gold-slot-review.com\/es\/como-jugar-lobo-oro\/","title":{"rendered":"C\u00f3mo jugar a Wolf Gold"},"content":{"rendered":"<h1 style=\"text-align: center;\"><strong>Wolf Gold - c\u00f3mo ganar el juego por dinero<\/strong><\/h1>\n<p>Wolf Gold es una m\u00e1quina tragaperras de Pragmatic Play, disponible en ordenadores y dispositivos m\u00f3viles. Disfrutar del juego puede cualquiera. S\u00f3lo tienes que elegir uno de los casinos en l\u00ednea propuestos, si vas a jugar con dinero real y seguir las instrucciones. La estrategia de juego de Wolf Gold le ayudar\u00e1 a minimizar los riesgos y comprender los matices del juego.<\/p>\n<p style=\"text-align: center;\"><a class=\"fasc-button fasc-size-large fasc-type-glossy fasc-rounded-medium\" style=\"background-color: #33809e; color: #ffffff;\" href=\"https:\/\/wolf-gold-slot-review.com\/es\/play-wolf-gold-pin-up\/\">Jugar a Wolf Gold PinUp<\/a> &nbsp;<a class=\"fasc-button fasc-size-large fasc-type-glossy fasc-rounded-medium\" style=\"background-color: #33809e; color: #ffffff;\" href=\"https:\/\/wolf-gold-slot-review.com\/es\/jugar-lobo-oro-1ganar\/\">Jugar Wolf Gold 1win<\/a> &nbsp;<a class=\"fasc-button fasc-size-large fasc-type-glossy fasc-rounded-medium\" style=\"background-color: #33809e; color: #ffffff;\" href=\"https:\/\/wolf-gold-slot-review.com\/es\/play-wolf-gold-parimatch\/\">Jugar a Wolf Gold Parimatch <\/a>&nbsp; <a class=\"fasc-button fasc-size-large fasc-type-glossy fasc-rounded-medium\" style=\"background-color: #33809e; color: #ffffff;\" href=\"https:\/\/wolf-gold-slot-review.com\/es\/demo-wolf-gold-slot\/\">Juega a la demo de Wolf Gold<\/a>&nbsp;<\/p>\n<h2 style=\"text-align: center;\"><strong>N\u00famero de l\u00edneas y tama\u00f1o de las apuestas<\/strong><\/h2>\n<p>La ronda principal de Wolf Gold se desarrolla en 5 rodillos y 25 l\u00edneas de pago. No puedes elegir el n\u00famero de l\u00edneas, el juego se basa en ajustes fijos. Y la apuesta se multiplica autom\u00e1ticamente por 25. Para algunos, la falta de variaci\u00f3n puede ser un punto negativo, pero se aconseja a los jugadores experimentados que utilicen todas las l\u00edneas. Para obtener la m\u00e1xima probabilidad de ganar.<\/p>\n<p><img decoding=\"async\" class=\"aligncenter size-full wp-image-515\" src=\"https:\/\/wolf-gold-slot-review.com\/wp-content\/uploads\/2023\/02\/wolf-gold-slot-online-casino.jpg\" alt=\"wolf gold slot casino online\" width=\"900\" height=\"483\" srcset=\"\/\/wolf-gold-slot-review.com\/wp-content\/uploads\/2023\/02\/wolf-gold-slot-online-casino.jpg 900w, \/\/wolf-gold-slot-review.com\/wp-content\/uploads\/2023\/02\/wolf-gold-slot-online-casino-300x161.jpg 300w, \/\/wolf-gold-slot-review.com\/wp-content\/uploads\/2023\/02\/wolf-gold-slot-online-casino-150x81.jpg 150w, \/\/wolf-gold-slot-review.com\/wp-content\/uploads\/2023\/02\/wolf-gold-slot-online-casino-768x412.jpg 768w, \/\/wolf-gold-slot-review.com\/wp-content\/uploads\/2023\/02\/wolf-gold-slot-online-casino-18x10.jpg 18w\" sizes=\"(max-width: 900px) 100vw, 900px\" \/><\/p>\n<p>La apuesta en Wolf Gold depende del casino que elija. En muchos casos, los clubes de juego permiten apostar desde 0,25 $. En consecuencia, incluso un principiante absoluto podr\u00e1 empezar a jugar, y no es necesario gastar mucho dinero. La apuesta se selecciona mediante los botones correspondientes.<\/p>\n<p>En el panel de control, puede seleccionar el n\u00famero de monedas y su denominaci\u00f3n. Puede utilizar hasta 10 monedas por valor de 0,5 $ o m\u00e1s. La apuesta m\u00e1xima tambi\u00e9n depende del casino en el que se juegue, as\u00ed como de la moneda seleccionada. A partir de aqu\u00ed los usuarios podr\u00e1n determinar el esquema del juego y construir sus propias estrategias.<\/p>\n<h3 style=\"text-align: center;\"><strong>Rondas de bonificaci\u00f3n Wolf Gold<\/strong><\/h3>\n<p>Antes de jugar a Wolf Gold, los usuarios deben familiarizarse con las opciones de bonificaci\u00f3n, ya que proporcionan el m\u00e1ximo beneficio. El mayor pago por una combinaci\u00f3n (tienes que reunir m\u00e1s de tres de la misma imagen en la l\u00ednea) es x20 a la apuesta. Pero con las opciones de bonificaci\u00f3n, este coeficiente puede aumentar varias veces. De las opciones adicionales cabe destacar:<\/p>\n<p><img decoding=\"async\" class=\"aligncenter size-full wp-image-580\" src=\"https:\/\/wolf-gold-slot-review.com\/wp-content\/uploads\/2023\/02\/wolf-gold-bonus-round.jpg\" alt=\"Ronda de bonificaci\u00f3n de oro lobo\" width=\"800\" height=\"448\" srcset=\"\/\/wolf-gold-slot-review.com\/wp-content\/uploads\/2023\/02\/wolf-gold-bonus-round.jpg 800w, \/\/wolf-gold-slot-review.com\/wp-content\/uploads\/2023\/02\/wolf-gold-bonus-round-300x168.jpg 300w, \/\/wolf-gold-slot-review.com\/wp-content\/uploads\/2023\/02\/wolf-gold-bonus-round-150x84.jpg 150w, \/\/wolf-gold-slot-review.com\/wp-content\/uploads\/2023\/02\/wolf-gold-bonus-round-768x430.jpg 768w, \/\/wolf-gold-slot-review.com\/wp-content\/uploads\/2023\/02\/wolf-gold-bonus-round-18x10.jpg 18w\" sizes=\"(max-width: 800px) 100vw, 800px\" \/><\/p>\n<p><strong>Salvaje<\/strong> - lobo. S\u00edmbolo sustitutivo de otras im\u00e1genes.<br \/>\n<strong>Dispersi\u00f3n<\/strong> - ca\u00f1\u00f3n. El s\u00edmbolo scatter al combinar tres im\u00e1genes inicia las tiradas gratis.<br \/>\n<strong>S\u00edmbolo del dinero<\/strong> - luna. Da pagos adicionales y puede dar al jugador un bote de varios cientos de miles de d\u00f3lares.<\/p>\n<h4 style=\"text-align: center;\"><strong>Estrategia y t\u00e1ctica en Wolf Gold<\/strong><\/h4>\n<p>En primer lugar, hay que se\u00f1alar que no existe una estrategia 100% para jugar a Wolf Gold por dinero. El resultado de la ronda depende de los algoritmos matem\u00e1ticos. Las t\u00e1cticas para el juego debe elegir su propio porque la responsabilidad recae \u00fanicamente en usted. En caso de perder, no podr\u00e1 recuperar su dinero.<\/p>\n<p>Wolf Gold no permite cambiar el n\u00famero de l\u00edneas de pago y otros detalles del juego. Influir en la configuraci\u00f3n que el usuario no puede. Queda por elegir la apuesta sabiamente para que en el caso de p\u00e9rdida de la p\u00e9rdida no fue demasiado duro.<\/p>\n<p>Trate el juego como un entretenimiento, para poder disfrutar del juego. En cuanto el jugador gana una gran suma de dinero, vale la pena pensar en dejar de jugar. Despu\u00e9s de todo, muy a menudo los jugadores se someten a los juegos de azar y pierden todo su saldo en la b\u00fasqueda de a\u00fan m\u00e1s dinero.<\/p>\n<h4 style=\"text-align: center;\"><strong>Consejos de los poderosos<\/strong><\/h4>\n<p>Los jugadores experimentados dan consejos \u00fatiles para ayudarle a ganar m\u00e1s en Wolf Gold:<\/p>\n<ul>\n<li>Elija s\u00f3lo casinos con licencia. Un proyecto con licencia de Cura\u00e7ao u otras certificaciones proporciona una garant\u00eda adicional de juego limpio, por lo que no tendr\u00e1s ninguna duda sobre la calidad del juego.<\/li>\n<li>Aproveche las bonificaciones de los casinos. Muchas marcas ofrecen bonos de bienvenida a los nuevos jugadores. Los clientes pueden conseguir 100% para su primer dep\u00f3sito y muchas otras recompensas dependiendo del casino que elijan.<\/li>\n<li>No hagas grandes apuestas. Un novato no debe gastar mucho dinero al principio del juego. Lo ideal ser\u00eda dividir el saldo en varias partes y no apostar por encima de esta marca durante una ronda. As\u00ed tendr\u00e1 la oportunidad de volver a ganar si la \u00faltima tirada ha sido infructuosa.<\/li>\n<\/ul>\n<h4 style=\"text-align: center;\"><strong>No conf\u00edes en los tramposos<\/strong><\/h4>\n<p>Hay muchos consejos y estrategias en l\u00ednea que le dir\u00e1n c\u00f3mo ganar en Wolf Gold y otras tragaperras. Debe desconfiar de este tipo de usuarios y comprobar cuidadosamente la informaci\u00f3n proporcionada. En el mejor de los casos, el usuario no obtendr\u00e1 ning\u00fan resultado y, en el peor, enviar\u00e1 el dinero a los malhechores.<\/p>\n<p>Recuerde que el resultado de la ronda en Wolf Gold y otras m\u00e1quinas tragaperras viene determinado por un generador de n\u00fameros aleatorios. Los desarrolladores crean algoritmos matem\u00e1ticos que proporcionan la misma oportunidad de ganar cada cliente. En consecuencia, influir en el resultado del juego no puede ni siquiera la administraci\u00f3n del casino.<\/p>\n<p>No conf\u00ede su dinero a terceros. Puede que le ofrezcan deshacer el giro de su cuenta o venderle un plan \u00fanico que sin duda le dar\u00e1 ganancias. Los pagos dependen s\u00f3lo de su suerte, a los clientes s\u00f3lo les queda girar los rodillos y esperar su fortuna. Utilice s\u00f3lo casinos en l\u00ednea probados y con licencia. S\u00f3lo as\u00ed tendr\u00e1 una oportunidad real de ganar dinero.<\/p>","protected":false},"excerpt":{"rendered":"<p>Wolf Gold &#8211; how to win the game for money Wolf Gold is a slot machine from Pragmatic Play, available on computers and mobile devices. Enjoy the gameplay can anyone. You only need to choose one of the proposed online casinos, if you&#8217;re going to play for real money and follow the instructions. The strategy &hellip;<\/p>\n<p class=\"read-more\"> <a class=\"\" href=\"https:\/\/wolf-gold-slot-review.com\/es\/como-jugar-lobo-oro\/\"> <span class=\"screen-reader-text\">C\u00f3mo jugar a Wolf Gold<\/span> Leer m\u00e1s &raquo;<\/a><\/p>","protected":false},"author":1,"featured_media":607,"parent":0,"menu_order":0,"comment_status":"closed","ping_status":"closed","template":"","meta":{"site-sidebar-layout":"default","site-content-layout":"default","ast-global-header-display":"","ast-main-header-display":"","ast-hfb-above-header-display":"","ast-hfb-below-header-display":"","ast-hfb-mobile-header-display":"","site-post-title":"disabled","ast-breadcrumbs-content":"","ast-featured-img":"disabled","footer-sml-layout":"","theme-transparent-header-meta":"default","adv-header-id-meta":"","stick-header-meta":"","header-above-stick-meta":"","header-main-stick-meta":"","header-below-stick-meta":"","footnotes":""},"class_list":["post-22","page","type-page","status-publish","has-post-thumbnail","hentry"],"yoast_head":"<!-- This site is optimized with the Yoast SEO Premium plugin v19.5 (Yoast SEO v19.10) - https:\/\/yoast.com\/wordpress\/plugins\/seo\/ -->\n<title>How to play Wolf Gold slot for money in online casinos. Get bonus<\/title>\n<meta name=\"description\" content=\"Step by step instructions on how to start playing Wolf Gold slot for real money in a reliable online casino. Get your bonus online now\" \/>\n<meta name=\"robots\" content=\"index, follow, max-snippet:-1, max-image-preview:large, max-video-preview:-1\" \/>\n<link rel=\"canonical\" href=\"https:\/\/wolf-gold-slot-review.com\/es\/como-jugar-lobo-oro\/\" \/>\n<meta property=\"og:locale\" content=\"es_ES\" \/>\n<meta property=\"og:type\" content=\"article\" \/>\n<meta property=\"og:title\" content=\"How to play Wolf Gold\" \/>\n<meta property=\"og:description\" content=\"Wolf Gold - how to win the game for money Wolf Gold is a slot machine from Pragmatic Play, available on computers and mobile devices. Enjoy the gameplay\" \/>\n<meta property=\"og:url\" content=\"https:\/\/wolf-gold-slot-review.com\/es\/como-jugar-lobo-oro\/\" \/>\n<meta property=\"og:site_name\" content=\"Wolf Gold Slot in Australia - Play game online for money\" \/>\n<meta property=\"article:modified_time\" content=\"2023-02-21T14:01:50+00:00\" \/>\n<meta property=\"og:image\" content=\"https:\/\/wolf-gold-slot-review.com\/wp-content\/uploads\/2023\/02\/how-to-play-wolf-gold.jpg\" \/>\n\t<meta property=\"og:image:width\" content=\"900\" \/>\n\t<meta property=\"og:image:height\" content=\"900\" \/>\n\t<meta property=\"og:image:type\" content=\"image\/jpeg\" \/>\n<meta name=\"twitter:card\" content=\"summary_large_image\" \/>\n<meta name=\"twitter:label1\" content=\"Tiempo de lectura\" \/>\n\t<meta name=\"twitter:data1\" content=\"5 minutos\" \/>\n<!-- \/ Yoast SEO Premium plugin. -->","yoast_head_json":{"title":"How to play Wolf Gold slot for money in online casinos. Get bonus","description":"Step by step instructions on how to start playing Wolf Gold slot for real money in a reliable online casino. Get your bonus online now","robots":{"index":"index","follow":"follow","max-snippet":"max-snippet:-1","max-image-preview":"max-image-preview:large","max-video-preview":"max-video-preview:-1"},"canonical":"https:\/\/wolf-gold-slot-review.com\/es\/como-jugar-lobo-oro\/","og_locale":"es_ES","og_type":"article","og_title":"How to play Wolf Gold","og_description":"Wolf Gold - how to win the game for money Wolf Gold is a slot machine from Pragmatic Play, available on computers and mobile devices. Enjoy the gameplay","og_url":"https:\/\/wolf-gold-slot-review.com\/es\/como-jugar-lobo-oro\/","og_site_name":"Wolf Gold Slot in Australia - Play game online for money","article_modified_time":"2023-02-21T14:01:50+00:00","og_image":[{"width":900,"height":900,"url":"https:\/\/wolf-gold-slot-review.com\/wp-content\/uploads\/2023\/02\/how-to-play-wolf-gold.jpg","type":"image\/jpeg"}],"twitter_card":"summary_large_image","twitter_misc":{"Tiempo de lectura":"5 minutos"},"schema":{"@context":"https:\/\/schema.org","@graph":[{"@type":"WebPage","@id":"https:\/\/wolf-gold-slot-review.com\/how-to-play-wolf-gold\/","url":"https:\/\/wolf-gold-slot-review.com\/how-to-play-wolf-gold\/","name":"How to play Wolf Gold slot for money in online casinos. Get bonus","isPartOf":{"@id":"https:\/\/wolf-gold-slot-review.com\/#website"},"datePublished":"2022-11-19T15:39:37+00:00","dateModified":"2023-02-21T14:01:50+00:00","description":"Step by step instructions on how to start playing Wolf Gold slot for real money in a reliable online casino. Get your bonus online now","breadcrumb":{"@id":"https:\/\/wolf-gold-slot-review.com\/how-to-play-wolf-gold\/#breadcrumb"},"inLanguage":"es","potentialAction":[{"@type":"ReadAction","target":["https:\/\/wolf-gold-slot-review.com\/how-to-play-wolf-gold\/"]}]},{"@type":"BreadcrumbList","@id":"https:\/\/wolf-gold-slot-review.com\/how-to-play-wolf-gold\/#breadcrumb","itemListElement":[{"@type":"ListItem","position":1,"name":"Home","item":"https:\/\/wolf-gold-slot-review.com\/"},{"@type":"ListItem","position":2,"name":"How to play Wolf Gold"}]},{"@type":"WebSite","@id":"https:\/\/wolf-gold-slot-review.com\/#website","url":"https:\/\/wolf-gold-slot-review.com\/","name":"Wolf Gold Slot in Australia - Play game online for money","description":"Wolf Gold Slot - Official site in Australia","publisher":{"@id":"https:\/\/wolf-gold-slot-review.com\/#organization"},"alternateName":"Wolf Gold Slot","potentialAction":[{"@type":"SearchAction","target":{"@type":"EntryPoint","urlTemplate":"https:\/\/wolf-gold-slot-review.com\/?s={search_term_string}"},"query-input":"required name=search_term_string"}],"inLanguage":"es"},{"@type":"Organization","@id":"https:\/\/wolf-gold-slot-review.com\/#organization","name":"Wolf Gold Slot in Australia - Play game online for money","alternateName":"Wolf Gold Slot","url":"https:\/\/wolf-gold-slot-review.com\/","logo":{"@type":"ImageObject","inLanguage":"es","@id":"https:\/\/wolf-gold-slot-review.com\/#\/schema\/logo\/image\/","url":"https:\/\/wolf-gold-slot-review.com\/wp-content\/uploads\/2022\/11\/cropped-logowolf.png","contentUrl":"https:\/\/wolf-gold-slot-review.com\/wp-content\/uploads\/2022\/11\/cropped-logowolf.png","width":265,"height":100,"caption":"Wolf Gold Slot in Australia - Play game online for money"},"image":{"@id":"https:\/\/wolf-gold-slot-review.com\/#\/schema\/logo\/image\/"}}]}},"_links":{"self":[{"href":"https:\/\/wolf-gold-slot-review.com\/es\/wp-json\/wp\/v2\/pages\/22","targetHints":{"allow":["GET"]}}],"collection":[{"href":"https:\/\/wolf-gold-slot-review.com\/es\/wp-json\/wp\/v2\/pages"}],"about":[{"href":"https:\/\/wolf-gold-slot-review.com\/es\/wp-json\/wp\/v2\/types\/page"}],"author":[{"embeddable":true,"href":"https:\/\/wolf-gold-slot-review.com\/es\/wp-json\/wp\/v2\/users\/1"}],"replies":[{"embeddable":true,"href":"https:\/\/wolf-gold-slot-review.com\/es\/wp-json\/wp\/v2\/comments?post=22"}],"version-history":[{"count":8,"href":"https:\/\/wolf-gold-slot-review.com\/es\/wp-json\/wp\/v2\/pages\/22\/revisions"}],"predecessor-version":[{"id":676,"href":"https:\/\/wolf-gold-slot-review.com\/es\/wp-json\/wp\/v2\/pages\/22\/revisions\/676"}],"wp:featuredmedia":[{"embeddable":true,"href":"https:\/\/wolf-gold-slot-review.com\/es\/wp-json\/wp\/v2\/media\/607"}],"wp:attachment":[{"href":"https:\/\/wolf-gold-slot-review.com\/es\/wp-json\/wp\/v2\/media?parent=22"}],"curies":[{"name":"wp","href":"https:\/\/api.w.org\/{rel}","templated":true}]}}