{"id":528,"date":"2023-02-18T19:55:50","date_gmt":"2023-02-18T19:55:50","guid":{"rendered":"https:\/\/wolf-gold-slot-review.com\/?page_id=528"},"modified":"2025-02-04T17:02:23","modified_gmt":"2025-02-04T17:02:23","slug":"play-wolf-gold-biamo","status":"publish","type":"page","link":"https:\/\/wolf-gold-slot-review.com\/es\/play-lobo-oro-biamo\/","title":{"rendered":"Jugar a Wolf Gold Biamo"},"content":{"rendered":"<h1 style=\"text-align: center;\">Jugar Wolf Gold ranura Biamo casino en l\u00ednea por dinero real<\/h1>\n<p>Con bastante frecuencia surgen nuevas marcas de casinos en l\u00ednea. Algunas marcas no consiguen ganarse el inter\u00e9s del p\u00fablico, mientras que otras logran desarrollarse en un mercado competitivo. Biamo puede considerarse del \u00faltimo tipo. La marca apareci\u00f3 hace relativamente poco, pero ha creado una buena biblioteca de entretenimiento y ha conseguido enamorar a los jugadores. El operador ofrece miles de simuladores. Adem\u00e1s de exclusivas y novedades, se pueden encontrar \u00e9xitos probados como Wolf Gold.<\/p>\n<p style=\"text-align: center;\"><a class=\"fasc-button fasc-size-large fasc-type-glossy fasc-rounded-medium fasc-style-bold\" style=\"background-color: #33809e; color: #ffffff;\" target=\"_blank\" rel=\"nofollow noopener\" href=\"https:\/\/wolf-gold-slot-review.com\/es\/biamo-offer-direct\/\">Jugar a Wolf Gold Biamo<\/a><\/p>\n<h2 style=\"text-align: center;\"><strong>C\u00f3mo registrarse en Biamo<\/strong><\/h2>\n<p>La tragaperras Wolf Gold del estudio Pragmatic Play puede recomendarse a los reci\u00e9n llegados por varias razones. Las ventajas incondicionales incluyen:<\/p>\n<ul>\n<li>Dise\u00f1o perfecto.<\/li>\n<li>Jugabilidad comprensible.<\/li>\n<li>Rusificaci\u00f3n de alta calidad.<\/li>\n<li>Pagos frecuentes de premios.<\/li>\n<li>Disponibilidad de una versi\u00f3n demo.<\/li>\n<li>Compatibilidad con gadgets (tel\u00e9fonos, tabletas).<\/li>\n<\/ul>\n<p>Comprender las caracter\u00edsticas del c\u00e1lculo de premios y otros matices del juego puede ser un par de minutos. Ser\u00e1 interesante incluso para aquellos que antes, en principio, no utilizar los servicios de los casinos en l\u00ednea.<\/p>\n<p><img decoding=\"async\" class=\"aligncenter size-large wp-image-593\" src=\"https:\/\/wolf-gold-slot-review.com\/wp-content\/uploads\/2023\/02\/registration-biamo-1024x369.jpg\" alt=\"registro biamo\" width=\"1024\" height=\"369\" srcset=\"\/\/wolf-gold-slot-review.com\/wp-content\/uploads\/2023\/02\/registration-biamo-1024x369.jpg 1024w, \/\/wolf-gold-slot-review.com\/wp-content\/uploads\/2023\/02\/registration-biamo-300x108.jpg 300w, \/\/wolf-gold-slot-review.com\/wp-content\/uploads\/2023\/02\/registration-biamo-150x54.jpg 150w, \/\/wolf-gold-slot-review.com\/wp-content\/uploads\/2023\/02\/registration-biamo-768x277.jpg 768w, \/\/wolf-gold-slot-review.com\/wp-content\/uploads\/2023\/02\/registration-biamo-1536x553.jpg 1536w, \/\/wolf-gold-slot-review.com\/wp-content\/uploads\/2023\/02\/registration-biamo-18x6.jpg 18w, \/\/wolf-gold-slot-review.com\/wp-content\/uploads\/2023\/02\/registration-biamo.jpg 1807w\" sizes=\"(max-width: 1024px) 100vw, 1024px\" \/><\/p>\n<p>Biamo es una gran opci\u00f3n para los principiantes. Tiene muchas ventajas y casi ninguna desventaja. Sin embargo, la evaluaci\u00f3n de todas las caracter\u00edsticas del club ser\u00e1 posible s\u00f3lo despu\u00e9s del registro. El procedimiento para crear una cuenta es por etapas. Para ponerlo en pr\u00e1ctica se necesita:<\/p>\n<ul>\n<li>Inicie el portal principal o el portal espejo.<\/li>\n<li>Haga clic en el bot\u00f3n \"Inscribirse\".<\/li>\n<li>Introduzca la informaci\u00f3n solicitada en los campos correspondientes.<\/li>\n<li>Confirme la acci\u00f3n y espere a que se procese la solicitud.<\/li>\n<\/ul>\n<p style=\"text-align: center;\"><a class=\"fasc-button fasc-size-large fasc-type-glossy fasc-rounded-medium fasc-style-bold\" style=\"background-color: #33809e; color: #ffffff;\" target=\"_blank\" rel=\"nofollow noopener\" href=\"https:\/\/wolf-gold-slot-review.com\/es\/biamo-offer-direct\/\">Jugar a Wolf Gold Biamo<\/a><\/p>\n<p>La solicitud se procesa r\u00e1pidamente. La plataforma se comunica con el servidor, los datos especificados se comparan con los disponibles en la base de datos. Despu\u00e9s, el jugador recibe una cuenta personal o se le pide que cambie la informaci\u00f3n.<\/p>\n<p>Cada jugador s\u00f3lo puede obtener una cuenta una vez. Por lo tanto, la informaci\u00f3n introducida se coteja con la informaci\u00f3n disponible en la base de datos.<\/p>\n<h3 style=\"text-align: center;\"><strong>C\u00f3mo hacer un ingreso en Biamo<\/strong><\/h3>\n<p>La funcionalidad completa s\u00f3lo estar\u00e1 disponible para los usuarios registrados. Podr\u00e1n recibir bonificaciones y jugar por dinero. Antes de realizar apuestas por dinero real es necesario realizar un dep\u00f3sito. El dep\u00f3sito se permite a trav\u00e9s del portal principal o m\u00f3vil. Para realizar la transacci\u00f3n es necesario:<\/p>\n<ol>\n<li>Ve al armario personal.<\/li>\n<li>Seleccione la secci\u00f3n correspondiente en el men\u00fa.<\/li>\n<li>Especifique c\u00f3mo desea ingresar el dinero.<\/li>\n<li>Rellene la informaci\u00f3n necesaria.<\/li>\n<li>De acuerdo con el procedimiento.<\/li>\n<\/ol>\n<p><img decoding=\"async\" class=\"aligncenter size-large wp-image-596\" src=\"https:\/\/wolf-gold-slot-review.com\/wp-content\/uploads\/2023\/02\/deposit-bonus-biamo-1024x255.jpg\" alt=\"bono de dep\u00f3sito biamo\" width=\"1024\" height=\"255\" srcset=\"\/\/wolf-gold-slot-review.com\/wp-content\/uploads\/2023\/02\/deposit-bonus-biamo-1024x255.jpg 1024w, \/\/wolf-gold-slot-review.com\/wp-content\/uploads\/2023\/02\/deposit-bonus-biamo-300x75.jpg 300w, \/\/wolf-gold-slot-review.com\/wp-content\/uploads\/2023\/02\/deposit-bonus-biamo-150x37.jpg 150w, \/\/wolf-gold-slot-review.com\/wp-content\/uploads\/2023\/02\/deposit-bonus-biamo-768x191.jpg 768w, \/\/wolf-gold-slot-review.com\/wp-content\/uploads\/2023\/02\/deposit-bonus-biamo-18x4.jpg 18w, \/\/wolf-gold-slot-review.com\/wp-content\/uploads\/2023\/02\/deposit-bonus-biamo.jpg 1482w\" sizes=\"(max-width: 1024px) 100vw, 1024px\" \/><\/p>\n<p>En esta fase, el casino en l\u00ednea no exige confirmaci\u00f3n de identidad o afiliaci\u00f3n del medio de pago. Sin embargo, es posible depositar dinero s\u00f3lo a trav\u00e9s de su propia tarjeta o monedero de Internet. En el futuro, el servicio de seguridad comprobar\u00e1 a qui\u00e9n pertenecen los medios de ingreso. La violaci\u00f3n revelada conduce a menudo al bloqueo.<\/p>\n<h3 style=\"text-align: center;\"><strong>Las 5 razones principales para jugar a WolfGold en Biamo Casino<\/strong><\/h3>\n<p>Biamo es un proyecto relativamente joven. Sin embargo, durante su existencia, la empresa ya se ha creado cierta reputaci\u00f3n. Aconsejamos jugar a WolfGold en este sitio en particular por varias razones:<\/p>\n<ol>\n<li>Grandes premios. Los clubes \"frescos\" suelen ofrecer buenos premios.<\/li>\n<li>Una reputaci\u00f3n consolidada. El operador ha recibido muchas cr\u00edticas positivas.<\/li>\n<li>Fiabilidad probada de las m\u00e1quinas. La marca es auditada anualmente por organizaciones de pruebas de terceros.<\/li>\n<li>Posibilidad de apostar desde distintos dispositivos. Es posible jugar en un PC, o dispositivo m\u00f3vil.<\/li>\n<li>Sofisticada pol\u00edtica de bonificaciones. Se ofrece ayuda para el primer dep\u00f3sito, el juego activo y otras opciones promocionales.<\/li>\n<\/ol>\n<p><img decoding=\"async\" class=\"aligncenter size-large wp-image-595\" src=\"https:\/\/wolf-gold-slot-review.com\/wp-content\/uploads\/2023\/02\/promotions-biamo-1024x258.jpg\" alt=\"promociones biamo\" width=\"1024\" height=\"258\" srcset=\"\/\/wolf-gold-slot-review.com\/wp-content\/uploads\/2023\/02\/promotions-biamo-1024x258.jpg 1024w, \/\/wolf-gold-slot-review.com\/wp-content\/uploads\/2023\/02\/promotions-biamo-300x76.jpg 300w, \/\/wolf-gold-slot-review.com\/wp-content\/uploads\/2023\/02\/promotions-biamo-150x38.jpg 150w, \/\/wolf-gold-slot-review.com\/wp-content\/uploads\/2023\/02\/promotions-biamo-768x193.jpg 768w, \/\/wolf-gold-slot-review.com\/wp-content\/uploads\/2023\/02\/promotions-biamo-18x5.jpg 18w, \/\/wolf-gold-slot-review.com\/wp-content\/uploads\/2023\/02\/promotions-biamo.jpg 1489w\" sizes=\"(max-width: 1024px) 100vw, 1024px\" \/><\/p>\n<p style=\"text-align: center;\"><a class=\"fasc-button fasc-size-large fasc-type-glossy fasc-rounded-medium fasc-style-bold\" style=\"background-color: #33809e; color: #ffffff;\" target=\"_blank\" rel=\"nofollow noopener\" href=\"https:\/\/wolf-gold-slot-review.com\/es\/biamo-offer-direct\/\">Jugar a Wolf Gold Biamo<\/a><\/p>\n<p>Hay muchas ventajas. La principal es la capacidad demostrada para retirar ganancias. El departamento financiero procesa las solicitudes con una rapidez envidiable. Entre la formaci\u00f3n de una solicitud de retirada y la recepci\u00f3n de dinero en el equilibrio a veces no pasa 20-30 minutos.<\/p>","protected":false},"excerpt":{"rendered":"<p>Play Wolf Gold slot Biamo online casino for real money New online casino brands emerge with a fair amount of frequency. Some brands fail to win the interest of the public, while others manage to develop in a competitive market. Biamo can be referred to as the last type. The brand appeared relatively recently, but &hellip;<\/p>\n<p class=\"read-more\"> <a class=\"\" href=\"https:\/\/wolf-gold-slot-review.com\/es\/play-lobo-oro-biamo\/\"> <span class=\"screen-reader-text\">Jugar a Wolf Gold Biamo<\/span> Leer m\u00e1s &raquo;<\/a><\/p>","protected":false},"author":1,"featured_media":609,"parent":0,"menu_order":0,"comment_status":"closed","ping_status":"closed","template":"","meta":{"site-sidebar-layout":"default","site-content-layout":"default","ast-global-header-display":"","ast-main-header-display":"","ast-hfb-above-header-display":"","ast-hfb-below-header-display":"","ast-hfb-mobile-header-display":"","site-post-title":"disabled","ast-breadcrumbs-content":"","ast-featured-img":"disabled","footer-sml-layout":"","theme-transparent-header-meta":"default","adv-header-id-meta":"","stick-header-meta":"","header-above-stick-meta":"","header-main-stick-meta":"","header-below-stick-meta":"","footnotes":""},"class_list":["post-528","page","type-page","status-publish","has-post-thumbnail","hentry"],"yoast_head":"<!-- This site is optimized with the Yoast SEO Premium plugin v19.5 (Yoast SEO v19.10) - https:\/\/yoast.com\/wordpress\/plugins\/seo\/ -->\n<title>Play Wolf Gold slot Biamo online casino for real money<\/title>\n<meta name=\"description\" content=\"Play the popular slot Wolf Gold in online casino Biamo for money. The advantages of playing Wolf Gold at Biamo\" \/>\n<meta name=\"robots\" content=\"index, follow, max-snippet:-1, max-image-preview:large, max-video-preview:-1\" \/>\n<link rel=\"canonical\" href=\"https:\/\/wolf-gold-slot-review.com\/es\/play-lobo-oro-biamo\/\" \/>\n<meta property=\"og:locale\" content=\"es_ES\" \/>\n<meta property=\"og:type\" content=\"article\" \/>\n<meta property=\"og:title\" content=\"Play Wolf Gold Biamo\" \/>\n<meta property=\"og:description\" content=\"Play Wolf Gold slot Biamo online casino for real money New online casino brands emerge with a fair amount of frequency. Some brands fail to win the\" \/>\n<meta property=\"og:url\" content=\"https:\/\/wolf-gold-slot-review.com\/es\/play-lobo-oro-biamo\/\" \/>\n<meta property=\"og:site_name\" content=\"Wolf Gold Slot in Australia - Play game online for money\" \/>\n<meta property=\"article:modified_time\" content=\"2025-02-04T17:02:23+00:00\" \/>\n<meta property=\"og:image\" content=\"https:\/\/wolf-gold-slot-review.com\/wp-content\/uploads\/2023\/02\/biamo-wolf-gold-site.jpg\" \/>\n\t<meta property=\"og:image:width\" content=\"900\" \/>\n\t<meta property=\"og:image:height\" content=\"900\" \/>\n\t<meta property=\"og:image:type\" content=\"image\/jpeg\" \/>\n<meta name=\"twitter:card\" content=\"summary_large_image\" \/>\n<meta name=\"twitter:label1\" content=\"Tiempo de lectura\" \/>\n\t<meta name=\"twitter:data1\" content=\"4 minutos\" \/>\n<!-- \/ Yoast SEO Premium plugin. -->","yoast_head_json":{"title":"Play Wolf Gold slot Biamo online casino for real money","description":"Play the popular slot Wolf Gold in online casino Biamo for money. The advantages of playing Wolf Gold at Biamo","robots":{"index":"index","follow":"follow","max-snippet":"max-snippet:-1","max-image-preview":"max-image-preview:large","max-video-preview":"max-video-preview:-1"},"canonical":"https:\/\/wolf-gold-slot-review.com\/es\/play-lobo-oro-biamo\/","og_locale":"es_ES","og_type":"article","og_title":"Play Wolf Gold Biamo","og_description":"Play Wolf Gold slot Biamo online casino for real money New online casino brands emerge with a fair amount of frequency. Some brands fail to win the","og_url":"https:\/\/wolf-gold-slot-review.com\/es\/play-lobo-oro-biamo\/","og_site_name":"Wolf Gold Slot in Australia - Play game online for money","article_modified_time":"2025-02-04T17:02:23+00:00","og_image":[{"width":900,"height":900,"url":"https:\/\/wolf-gold-slot-review.com\/wp-content\/uploads\/2023\/02\/biamo-wolf-gold-site.jpg","type":"image\/jpeg"}],"twitter_card":"summary_large_image","twitter_misc":{"Tiempo de lectura":"4 minutos"},"schema":{"@context":"https:\/\/schema.org","@graph":[{"@type":"WebPage","@id":"https:\/\/wolf-gold-slot-review.com\/play-wolf-gold-biamo\/","url":"https:\/\/wolf-gold-slot-review.com\/play-wolf-gold-biamo\/","name":"Play Wolf Gold slot Biamo online casino for real money","isPartOf":{"@id":"https:\/\/wolf-gold-slot-review.com\/#website"},"datePublished":"2023-02-18T19:55:50+00:00","dateModified":"2025-02-04T17:02:23+00:00","description":"Play the popular slot Wolf Gold in online casino Biamo for money. The advantages of playing Wolf Gold at Biamo","breadcrumb":{"@id":"https:\/\/wolf-gold-slot-review.com\/play-wolf-gold-biamo\/#breadcrumb"},"inLanguage":"es","potentialAction":[{"@type":"ReadAction","target":["https:\/\/wolf-gold-slot-review.com\/play-wolf-gold-biamo\/"]}]},{"@type":"BreadcrumbList","@id":"https:\/\/wolf-gold-slot-review.com\/play-wolf-gold-biamo\/#breadcrumb","itemListElement":[{"@type":"ListItem","position":1,"name":"Home","item":"https:\/\/wolf-gold-slot-review.com\/"},{"@type":"ListItem","position":2,"name":"Play Wolf Gold Biamo"}]},{"@type":"WebSite","@id":"https:\/\/wolf-gold-slot-review.com\/#website","url":"https:\/\/wolf-gold-slot-review.com\/","name":"Wolf Gold Slot in Australia - Play game online for money","description":"Wolf Gold Slot - Official site in Australia","publisher":{"@id":"https:\/\/wolf-gold-slot-review.com\/#organization"},"alternateName":"Wolf Gold Slot","potentialAction":[{"@type":"SearchAction","target":{"@type":"EntryPoint","urlTemplate":"https:\/\/wolf-gold-slot-review.com\/?s={search_term_string}"},"query-input":"required name=search_term_string"}],"inLanguage":"es"},{"@type":"Organization","@id":"https:\/\/wolf-gold-slot-review.com\/#organization","name":"Wolf Gold Slot in Australia - Play game online for money","alternateName":"Wolf Gold Slot","url":"https:\/\/wolf-gold-slot-review.com\/","logo":{"@type":"ImageObject","inLanguage":"es","@id":"https:\/\/wolf-gold-slot-review.com\/#\/schema\/logo\/image\/","url":"https:\/\/wolf-gold-slot-review.com\/wp-content\/uploads\/2022\/11\/cropped-logowolf.png","contentUrl":"https:\/\/wolf-gold-slot-review.com\/wp-content\/uploads\/2022\/11\/cropped-logowolf.png","width":265,"height":100,"caption":"Wolf Gold Slot in Australia - Play game online for money"},"image":{"@id":"https:\/\/wolf-gold-slot-review.com\/#\/schema\/logo\/image\/"}}]}},"_links":{"self":[{"href":"https:\/\/wolf-gold-slot-review.com\/es\/wp-json\/wp\/v2\/pages\/528","targetHints":{"allow":["GET"]}}],"collection":[{"href":"https:\/\/wolf-gold-slot-review.com\/es\/wp-json\/wp\/v2\/pages"}],"about":[{"href":"https:\/\/wolf-gold-slot-review.com\/es\/wp-json\/wp\/v2\/types\/page"}],"author":[{"embeddable":true,"href":"https:\/\/wolf-gold-slot-review.com\/es\/wp-json\/wp\/v2\/users\/1"}],"replies":[{"embeddable":true,"href":"https:\/\/wolf-gold-slot-review.com\/es\/wp-json\/wp\/v2\/comments?post=528"}],"version-history":[{"count":7,"href":"https:\/\/wolf-gold-slot-review.com\/es\/wp-json\/wp\/v2\/pages\/528\/revisions"}],"predecessor-version":[{"id":678,"href":"https:\/\/wolf-gold-slot-review.com\/es\/wp-json\/wp\/v2\/pages\/528\/revisions\/678"}],"wp:featuredmedia":[{"embeddable":true,"href":"https:\/\/wolf-gold-slot-review.com\/es\/wp-json\/wp\/v2\/media\/609"}],"wp:attachment":[{"href":"https:\/\/wolf-gold-slot-review.com\/es\/wp-json\/wp\/v2\/media?parent=528"}],"curies":[{"name":"wp","href":"https:\/\/api.w.org\/{rel}","templated":true}]}}