{"id":530,"date":"2023-02-18T20:05:43","date_gmt":"2023-02-18T20:05:43","guid":{"rendered":"https:\/\/wolf-gold-slot-review.com\/?page_id=530"},"modified":"2025-02-04T17:04:08","modified_gmt":"2025-02-04T17:04:08","slug":"play-wolf-gold-pin-up","status":"publish","type":"page","link":"https:\/\/wolf-gold-slot-review.com\/es\/play-wolf-gold-pin-up\/","title":{"rendered":"Jugar al PIN-UP de Wolf Gold"},"content":{"rendered":"<h1 style=\"text-align: center;\"><strong>Juega a la tragaperras Wolf Gold PIN-UP casino online con dinero real<\/strong><\/h1>\n<p>Wolf Gold es una tragaperras del popular fabricante de juegos PragmaticPlay. El juego ofrece 25 l\u00edneas ganadoras y un rendimiento te\u00f3rico de 96%. El dise\u00f1o colorido, los altos pagos estables y la jugabilidad clara han hecho que este desarrollo sea incre\u00edblemente popular entre los clientes. \u00bfQuieres sumergirte en la naturaleza de Norteam\u00e9rica y llevarte impresionantes premios? Reg\u00edstrate en Pin-Up y empieza a apostar.<\/p>\n<p style=\"text-align: center;\"><a class=\"fasc-button fasc-size-large fasc-type-glossy fasc-rounded-medium fasc-style-bold\" style=\"background-color: #33809e; color: #ffffff;\" target=\"_blank\" rel=\"nofollow noopener\" href=\"https:\/\/wolf-gold-slot-review.com\/es\/pinup-offer-direct\/\">Jugar al PIN-UP de Wolf Gold<\/a><\/p>\n<h2 style=\"text-align: center;\"><strong>C\u00f3mo inscribirse en Pin-Up<\/strong><\/h2>\n<p>Los visitantes del sitio pueden utilizar la versi\u00f3n gratuita de la tragaperras. Con su ayuda, se puede probar la m\u00e1quina, para desarrollar una estrategia ganadora. Despu\u00e9s de eso, todo lo que tienes que hacer es crear una cuenta, depositar dinero en la cuenta, y volver a por ganancias reales. Puede obtener un perfil en el enlace espejo y en la p\u00e1gina web principal. En este \u00faltimo caso, tiene que rellenar un cuestionario impresionante y especificar su direcci\u00f3n residencial, informaci\u00f3n de contacto e informaci\u00f3n personal.<\/p>\n<p><img decoding=\"async\" class=\"aligncenter size-large wp-image-602\" src=\"https:\/\/wolf-gold-slot-review.com\/wp-content\/uploads\/2023\/02\/pinup-wolf-gold-slots-1024x250.jpg\" alt=\"pinup wolf gold slots\" width=\"1024\" height=\"250\" srcset=\"\/\/wolf-gold-slot-review.com\/wp-content\/uploads\/2023\/02\/pinup-wolf-gold-slots-1024x250.jpg 1024w, \/\/wolf-gold-slot-review.com\/wp-content\/uploads\/2023\/02\/pinup-wolf-gold-slots-300x73.jpg 300w, \/\/wolf-gold-slot-review.com\/wp-content\/uploads\/2023\/02\/pinup-wolf-gold-slots-150x37.jpg 150w, \/\/wolf-gold-slot-review.com\/wp-content\/uploads\/2023\/02\/pinup-wolf-gold-slots-768x187.jpg 768w, \/\/wolf-gold-slot-review.com\/wp-content\/uploads\/2023\/02\/pinup-wolf-gold-slots-1536x375.jpg 1536w, \/\/wolf-gold-slot-review.com\/wp-content\/uploads\/2023\/02\/pinup-wolf-gold-slots-18x4.jpg 18w, \/\/wolf-gold-slot-review.com\/wp-content\/uploads\/2023\/02\/pinup-wolf-gold-slots.jpg 1902w\" sizes=\"(max-width: 1024px) 100vw, 1024px\" \/><\/p>\n<p>El procedimiento para obtener una cuenta a trav\u00e9s del espejo es algo m\u00e1s sencillo. El cliente necesita:<\/p>\n<ul>\n<li>Abrir una p\u00e1gina duplicada.<\/li>\n<li>Haga clic en \"Registro\".<\/li>\n<li>Elija una opci\u00f3n (por tel\u00e9fono o correo electr\u00f3nico).<\/li>\n<li>Introduzca la informaci\u00f3n solicitada.<\/li>\n<li>Env\u00ede la solicitud para su revisi\u00f3n.<\/li>\n<\/ul>\n<p>El procesamiento de la solicitud no dura m\u00e1s de 5-6 segundos. Despu\u00e9s, el jugador puede pasar al siguiente paso.<\/p>\n<p style=\"text-align: center;\"><a class=\"fasc-button fasc-size-large fasc-type-glossy fasc-rounded-medium fasc-style-bold\" style=\"background-color: #33809e; color: #ffffff;\" target=\"_blank\" rel=\"nofollow noopener\" href=\"https:\/\/wolf-gold-slot-review.com\/es\/pinup-offer-direct\/\">Jugar al PIN-UP de Wolf Gold<\/a><\/p>\n<p>Lo mejor es registrarse a trav\u00e9s de una direcci\u00f3n PinUp duplicada. No es necesario activar medios t\u00e9cnicos para eludir el bloqueo. Encontrar un espejo del BK lleva menos de 1-2 minutos. Puede encontrar un enlace que funcione en nuestro portal.<\/p>\n<p>Los perfiles obtenidos en distintas plataformas son equivalentes. Los jugadores tienen acceso a las mismas opciones de bonificaci\u00f3n y tipos de m\u00e1quinas. El club no establece diferencias entre las opciones de dep\u00f3sito.<\/p>\n<h3 style=\"text-align: center;\"><strong>C\u00f3mo hacer un ingreso en PIN-UP<\/strong><\/h3>\n<p>Hacer un dep\u00f3sito es el segundo paso para apostar dinero en el juego Wolf Gold. Puede realizar un dep\u00f3sito de m\u00e1s de 10 formas. La casa de apuestas acepta criptodivisas, pagos a trav\u00e9s de tarjetas bancarias (cr\u00e9dito y d\u00e9bito) y monederos de Internet. El n\u00famero de opciones disponibles cambia constantemente, puedes leer sobre todos los esquemas actuales en la secci\u00f3n correspondiente del sitio.<\/p>\n<p><img decoding=\"async\" class=\"aligncenter size-large wp-image-600\" src=\"https:\/\/wolf-gold-slot-review.com\/wp-content\/uploads\/2023\/02\/pinup-binuses-1024x231.jpg\" alt=\"Pinup binuses\" width=\"1024\" height=\"231\" srcset=\"\/\/wolf-gold-slot-review.com\/wp-content\/uploads\/2023\/02\/pinup-binuses-1024x231.jpg 1024w, \/\/wolf-gold-slot-review.com\/wp-content\/uploads\/2023\/02\/pinup-binuses-300x68.jpg 300w, \/\/wolf-gold-slot-review.com\/wp-content\/uploads\/2023\/02\/pinup-binuses-150x34.jpg 150w, \/\/wolf-gold-slot-review.com\/wp-content\/uploads\/2023\/02\/pinup-binuses-768x173.jpg 768w, \/\/wolf-gold-slot-review.com\/wp-content\/uploads\/2023\/02\/pinup-binuses-1536x347.jpg 1536w, \/\/wolf-gold-slot-review.com\/wp-content\/uploads\/2023\/02\/pinup-binuses-18x4.jpg 18w, \/\/wolf-gold-slot-review.com\/wp-content\/uploads\/2023\/02\/pinup-binuses.jpg 1603w\" sizes=\"(max-width: 1024px) 100vw, 1024px\" \/><\/p>\n<p>La reposici\u00f3n tarda un par de instantes. Los desarrolladores han simplificado al m\u00e1ximo el servicio:<\/p>\n<ol>\n<li>Autorizar en su gabinete personal.<\/li>\n<li>Haga clic en \"Reponer\".<\/li>\n<li>Elija la variante necesaria.<\/li>\n<li>Rellene los requisitos.<\/li>\n<li>Env\u00ede una solicitud de consideraci\u00f3n.<\/li>\n<\/ol>\n<p>Eso es todo. El servicio procesa la solicitud y abona el saldo. Las ventajas absolutas son transferencias instant\u00e1neas y sin comisiones. Pagar tasas adicionales no tendr\u00e1n que pagar en principio.<\/p>\n<h3 style=\"text-align: center;\"><strong>Las 5 razones principales para jugar a Wolf Gold en el casino PIN-UP<\/strong><\/h3>\n<p>A la hora de elegir un casino, es mejor centrarse en empresas con buena reputaci\u00f3n. Tal marca se convirti\u00f3 en PinUp. La oficina est\u00e1 desarrollando con \u00e9xito en los mercados de la CEI, el desarrollo gradual de los pa\u00edses extranjeros.<\/p>\n<p>Los jugadores pueden utilizar una versi\u00f3n de prueba de la tragaperras. Es decir, usted puede probar la estrategia, para entender la mec\u00e1nica del juego de forma gratuita. Hacer apuestas en el dinero real que pueda despu\u00e9s de una comprensi\u00f3n completa de las caracter\u00edsticas espec\u00edficas del juego.<\/p>\n<p>Pin Up es famoso entre los usuarios por su elaborado programa de fidelizaci\u00f3n. Dispone de diferentes formatos de recompensas:<\/p>\n<ol>\n<li>Para el primer dep\u00f3sito.<\/li>\n<li>Para participar en los concursos.<\/li>\n<li>Promociones personales.<\/li>\n<li>Cashback y otras bonificaciones.<\/li>\n<li>Sistema Pincoins<\/li>\n<\/ol>\n<p style=\"text-align: center;\"><a class=\"fasc-button fasc-size-large fasc-type-glossy fasc-rounded-medium fasc-style-bold\" style=\"background-color: #33809e; color: #ffffff;\" target=\"_blank\" rel=\"nofollow noopener\" href=\"https:\/\/wolf-gold-slot-review.com\/es\/pinup-offer-direct\/\">Jugar al PIN-UP de Wolf Gold<\/a><\/p>\n<p class=\"pu-pincoins__paragraph pu-pincoins__paragraph_description\"><strong>Pincoins (PNC)<\/strong> son una moneda que los jugadores pueden ganar.<\/p>\n<div class=\"pu-pincoins__list-wrapper\">\n<p class=\"pu-pincoins__paragraph pu-pincoins__paragraph_medium\">Puedes conseguir PNC para:<\/p>\n<ul class=\"pu-pincoins__list\">\n<li class=\"pu-pincoins__list-item pu-pincoins__paragraph\">juego por dinero<\/li>\n<li class=\"pu-pincoins__list-item pu-pincoins__paragraph\">rellenar un perfil<\/li>\n<li class=\"pu-pincoins__list-item pu-pincoins__paragraph\">email de confirmaci\u00f3n<\/li>\n<li class=\"pu-pincoins__list-item pu-pincoins__paragraph\">verificaci\u00f3n de cuenta<\/li>\n<li class=\"pu-pincoins__list-item pu-pincoins__paragraph\">apertura Caja regalo<\/li>\n<\/ul>\n<p><img decoding=\"async\" class=\"aligncenter size-large wp-image-599\" src=\"https:\/\/wolf-gold-slot-review.com\/wp-content\/uploads\/2023\/02\/pincoins-pinup-1024x316.jpg\" alt=\"pincoins pinup\" width=\"1024\" height=\"316\" srcset=\"\/\/wolf-gold-slot-review.com\/wp-content\/uploads\/2023\/02\/pincoins-pinup-1024x316.jpg 1024w, \/\/wolf-gold-slot-review.com\/wp-content\/uploads\/2023\/02\/pincoins-pinup-300x93.jpg 300w, \/\/wolf-gold-slot-review.com\/wp-content\/uploads\/2023\/02\/pincoins-pinup-150x46.jpg 150w, \/\/wolf-gold-slot-review.com\/wp-content\/uploads\/2023\/02\/pincoins-pinup-768x237.jpg 768w, \/\/wolf-gold-slot-review.com\/wp-content\/uploads\/2023\/02\/pincoins-pinup-1536x475.jpg 1536w, \/\/wolf-gold-slot-review.com\/wp-content\/uploads\/2023\/02\/pincoins-pinup-18x6.jpg 18w, \/\/wolf-gold-slot-review.com\/wp-content\/uploads\/2023\/02\/pincoins-pinup.jpg 1602w\" sizes=\"(max-width: 1024px) 100vw, 1024px\" \/><\/p>\n<\/div>\n<p>Una ventaja indudable puede considerarse una colecci\u00f3n creada por la empresa. Miles de ranuras de docenas de estudios est\u00e1n disponibles para usted. Aburrido a la espera de nuevos productos no tendr\u00e1. Los desarrolladores a\u00f1aden nuevos simuladores semanalmente. Para los aficionados a las apuestas hay una secci\u00f3n con apuestas sobre deportes. Los clientes pueden utilizar una sola cuenta. No hay necesidad de obtener un perfil adicional.<\/p>","protected":false},"excerpt":{"rendered":"<p>Play Wolf Gold slot PIN-UP online casino for real money Wolf Gold is a slot from the popular game manufacturer PragmaticPlay. The game offers 25 winning lines and a theoretical return of 96%. Colorful design, stable high payouts, and clear gameplay have made this development incredibly popular among customers. Do you want to plunge into &hellip;<\/p>\n<p class=\"read-more\"> <a class=\"\" href=\"https:\/\/wolf-gold-slot-review.com\/es\/play-wolf-gold-pin-up\/\"> <span class=\"screen-reader-text\">Jugar al PIN-UP de Wolf Gold<\/span> Leer m\u00e1s &raquo;<\/a><\/p>","protected":false},"author":1,"featured_media":611,"parent":0,"menu_order":0,"comment_status":"closed","ping_status":"closed","template":"","meta":{"site-sidebar-layout":"default","site-content-layout":"default","ast-global-header-display":"","ast-main-header-display":"","ast-hfb-above-header-display":"","ast-hfb-below-header-display":"","ast-hfb-mobile-header-display":"","site-post-title":"disabled","ast-breadcrumbs-content":"","ast-featured-img":"disabled","footer-sml-layout":"","theme-transparent-header-meta":"default","adv-header-id-meta":"","stick-header-meta":"","header-above-stick-meta":"","header-main-stick-meta":"","header-below-stick-meta":"","footnotes":""},"class_list":["post-530","page","type-page","status-publish","has-post-thumbnail","hentry"],"yoast_head":"<!-- This site is optimized with the Yoast SEO Premium plugin v19.5 (Yoast SEO v19.10) - https:\/\/yoast.com\/wordpress\/plugins\/seo\/ -->\n<title>Play Wolf Gold slot PIN-UP online casino for real money<\/title>\n<meta name=\"description\" content=\"Play the popular slot Wolf Gold in online casino PINUP for money. The advantages of playing Wolf Gold at PIN-UP casino\" \/>\n<meta name=\"robots\" content=\"index, follow, max-snippet:-1, max-image-preview:large, max-video-preview:-1\" \/>\n<link rel=\"canonical\" href=\"https:\/\/wolf-gold-slot-review.com\/es\/play-wolf-gold-pin-up\/\" \/>\n<meta property=\"og:locale\" content=\"es_ES\" \/>\n<meta property=\"og:type\" content=\"article\" \/>\n<meta property=\"og:title\" content=\"Play Wolf Gold PIN-UP\" \/>\n<meta property=\"og:description\" content=\"Play Wolf Gold slot PIN-UP online casino for real money Wolf Gold is a slot from the popular game manufacturer PragmaticPlay. The game offers 25 winning\" \/>\n<meta property=\"og:url\" content=\"https:\/\/wolf-gold-slot-review.com\/es\/play-wolf-gold-pin-up\/\" \/>\n<meta property=\"og:site_name\" content=\"Wolf Gold Slot in Australia - Play game online for money\" \/>\n<meta property=\"article:modified_time\" content=\"2025-02-04T17:04:08+00:00\" \/>\n<meta property=\"og:image\" content=\"https:\/\/wolf-gold-slot-review.com\/wp-content\/uploads\/2023\/02\/pinup-wolf-gold-site.jpg\" \/>\n\t<meta property=\"og:image:width\" content=\"900\" \/>\n\t<meta property=\"og:image:height\" content=\"900\" \/>\n\t<meta property=\"og:image:type\" content=\"image\/jpeg\" \/>\n<meta name=\"twitter:card\" content=\"summary_large_image\" \/>\n<meta name=\"twitter:label1\" content=\"Tiempo de lectura\" \/>\n\t<meta name=\"twitter:data1\" content=\"5 minutos\" \/>\n<!-- \/ Yoast SEO Premium plugin. -->","yoast_head_json":{"title":"Play Wolf Gold slot PIN-UP online casino for real money","description":"Play the popular slot Wolf Gold in online casino PINUP for money. The advantages of playing Wolf Gold at PIN-UP casino","robots":{"index":"index","follow":"follow","max-snippet":"max-snippet:-1","max-image-preview":"max-image-preview:large","max-video-preview":"max-video-preview:-1"},"canonical":"https:\/\/wolf-gold-slot-review.com\/es\/play-wolf-gold-pin-up\/","og_locale":"es_ES","og_type":"article","og_title":"Play Wolf Gold PIN-UP","og_description":"Play Wolf Gold slot PIN-UP online casino for real money Wolf Gold is a slot from the popular game manufacturer PragmaticPlay. The game offers 25 winning","og_url":"https:\/\/wolf-gold-slot-review.com\/es\/play-wolf-gold-pin-up\/","og_site_name":"Wolf Gold Slot in Australia - Play game online for money","article_modified_time":"2025-02-04T17:04:08+00:00","og_image":[{"width":900,"height":900,"url":"https:\/\/wolf-gold-slot-review.com\/wp-content\/uploads\/2023\/02\/pinup-wolf-gold-site.jpg","type":"image\/jpeg"}],"twitter_card":"summary_large_image","twitter_misc":{"Tiempo de lectura":"5 minutos"},"schema":{"@context":"https:\/\/schema.org","@graph":[{"@type":"WebPage","@id":"https:\/\/wolf-gold-slot-review.com\/play-wolf-gold-pin-up\/","url":"https:\/\/wolf-gold-slot-review.com\/play-wolf-gold-pin-up\/","name":"Play Wolf Gold slot PIN-UP online casino for real money","isPartOf":{"@id":"https:\/\/wolf-gold-slot-review.com\/#website"},"datePublished":"2023-02-18T20:05:43+00:00","dateModified":"2025-02-04T17:04:08+00:00","description":"Play the popular slot Wolf Gold in online casino PINUP for money. The advantages of playing Wolf Gold at PIN-UP casino","breadcrumb":{"@id":"https:\/\/wolf-gold-slot-review.com\/play-wolf-gold-pin-up\/#breadcrumb"},"inLanguage":"es","potentialAction":[{"@type":"ReadAction","target":["https:\/\/wolf-gold-slot-review.com\/play-wolf-gold-pin-up\/"]}]},{"@type":"BreadcrumbList","@id":"https:\/\/wolf-gold-slot-review.com\/play-wolf-gold-pin-up\/#breadcrumb","itemListElement":[{"@type":"ListItem","position":1,"name":"Home","item":"https:\/\/wolf-gold-slot-review.com\/"},{"@type":"ListItem","position":2,"name":"Play Wolf Gold PIN-UP"}]},{"@type":"WebSite","@id":"https:\/\/wolf-gold-slot-review.com\/#website","url":"https:\/\/wolf-gold-slot-review.com\/","name":"Wolf Gold Slot in Australia - Play game online for money","description":"Wolf Gold Slot - Official site in Australia","publisher":{"@id":"https:\/\/wolf-gold-slot-review.com\/#organization"},"alternateName":"Wolf Gold Slot","potentialAction":[{"@type":"SearchAction","target":{"@type":"EntryPoint","urlTemplate":"https:\/\/wolf-gold-slot-review.com\/?s={search_term_string}"},"query-input":"required name=search_term_string"}],"inLanguage":"es"},{"@type":"Organization","@id":"https:\/\/wolf-gold-slot-review.com\/#organization","name":"Wolf Gold Slot in Australia - Play game online for money","alternateName":"Wolf Gold Slot","url":"https:\/\/wolf-gold-slot-review.com\/","logo":{"@type":"ImageObject","inLanguage":"es","@id":"https:\/\/wolf-gold-slot-review.com\/#\/schema\/logo\/image\/","url":"https:\/\/wolf-gold-slot-review.com\/wp-content\/uploads\/2022\/11\/cropped-logowolf.png","contentUrl":"https:\/\/wolf-gold-slot-review.com\/wp-content\/uploads\/2022\/11\/cropped-logowolf.png","width":265,"height":100,"caption":"Wolf Gold Slot in Australia - Play game online for money"},"image":{"@id":"https:\/\/wolf-gold-slot-review.com\/#\/schema\/logo\/image\/"}}]}},"_links":{"self":[{"href":"https:\/\/wolf-gold-slot-review.com\/es\/wp-json\/wp\/v2\/pages\/530","targetHints":{"allow":["GET"]}}],"collection":[{"href":"https:\/\/wolf-gold-slot-review.com\/es\/wp-json\/wp\/v2\/pages"}],"about":[{"href":"https:\/\/wolf-gold-slot-review.com\/es\/wp-json\/wp\/v2\/types\/page"}],"author":[{"embeddable":true,"href":"https:\/\/wolf-gold-slot-review.com\/es\/wp-json\/wp\/v2\/users\/1"}],"replies":[{"embeddable":true,"href":"https:\/\/wolf-gold-slot-review.com\/es\/wp-json\/wp\/v2\/comments?post=530"}],"version-history":[{"count":6,"href":"https:\/\/wolf-gold-slot-review.com\/es\/wp-json\/wp\/v2\/pages\/530\/revisions"}],"predecessor-version":[{"id":680,"href":"https:\/\/wolf-gold-slot-review.com\/es\/wp-json\/wp\/v2\/pages\/530\/revisions\/680"}],"wp:featuredmedia":[{"embeddable":true,"href":"https:\/\/wolf-gold-slot-review.com\/es\/wp-json\/wp\/v2\/media\/611"}],"wp:attachment":[{"href":"https:\/\/wolf-gold-slot-review.com\/es\/wp-json\/wp\/v2\/media?parent=530"}],"curies":[{"name":"wp","href":"https:\/\/api.w.org\/{rel}","templated":true}]}}