{"id":532,"date":"2023-02-18T20:13:01","date_gmt":"2023-02-18T20:13:01","guid":{"rendered":"https:\/\/wolf-gold-slot-review.com\/?page_id=532"},"modified":"2025-02-04T17:04:15","modified_gmt":"2025-02-04T17:04:15","slug":"play-wolf-gold-parimatch","status":"publish","type":"page","link":"https:\/\/wolf-gold-slot-review.com\/es\/play-wolf-gold-parimatch\/","title":{"rendered":"Jugar a Wolf Gold Parimatch"},"content":{"rendered":"<h1 style=\"text-align: center;\"><strong>Juega a la tragaperras Wolf Gold del casino online Parimatch con dinero real<\/strong><\/h1>\n<p>El casino en l\u00ednea Parimatch ofrece a sus clientes miles de tragaperras diferentes. Se puede apostar en \u00e9xitos probados y novedades exclusivas. La marca lleva m\u00e1s de 10 a\u00f1os trabajando en la industria del juego. Durante este tiempo, la empresa ha formado una impresionante base de clientes y ha creado una biblioteca de juegos \u00fanica. En su biblioteca no faltan los mejores desarrollos de estudios famosos. Wolf Gold de PragmaticPlay - es un ejemplo de una tragaperras perfectamente equilibrada.<\/p>\n<p style=\"text-align: center;\"><a class=\"fasc-button fasc-size-large fasc-type-glossy fasc-rounded-medium fasc-style-bold\" style=\"background-color: #33809e; color: #ffffff;\" target=\"_blank\" rel=\"nofollow noopener\" href=\"https:\/\/wolf-gold-slot-review.com\/es\/parimatch-offer-direct\/\">Jugar a Wolf Gold Parimatch<\/a><\/p>\n<h2 style=\"text-align: center;\"><strong>C\u00f3mo inscribirse en Parimatch<\/strong><\/h2>\n<p>El simulador presentado est\u00e1 hecho sobre el tema de la vida salvaje. Te permitir\u00e1 sumergirte en el mundo animal, sentirte como un naturalista curioso, hambriento de aventuras reales y adrenalina. Naturalmente, los desarrolladores no se han olvidado de los premios. Emulador paga 96% del dinero puesto en forma de ganancias. Los premios ser\u00e1n frecuentes, a menudo la m\u00e1quina da recompensas impresionantes.<\/p>\n<p><img decoding=\"async\" class=\"aligncenter size-large wp-image-590\" src=\"https:\/\/wolf-gold-slot-review.com\/wp-content\/uploads\/2023\/02\/wolf-gold-parimatch-1024x427.jpg\" alt=\"lobo oro parimatch\" width=\"1024\" height=\"427\" srcset=\"\/\/wolf-gold-slot-review.com\/wp-content\/uploads\/2023\/02\/wolf-gold-parimatch-1024x427.jpg 1024w, \/\/wolf-gold-slot-review.com\/wp-content\/uploads\/2023\/02\/wolf-gold-parimatch-300x125.jpg 300w, \/\/wolf-gold-slot-review.com\/wp-content\/uploads\/2023\/02\/wolf-gold-parimatch-150x63.jpg 150w, \/\/wolf-gold-slot-review.com\/wp-content\/uploads\/2023\/02\/wolf-gold-parimatch-768x320.jpg 768w, \/\/wolf-gold-slot-review.com\/wp-content\/uploads\/2023\/02\/wolf-gold-parimatch-18x8.jpg 18w, \/\/wolf-gold-slot-review.com\/wp-content\/uploads\/2023\/02\/wolf-gold-parimatch.jpg 1348w\" sizes=\"(max-width: 1024px) 100vw, 1024px\" \/><\/p>\n<p>Esta tragaperras es ideal para clientes con diferente disposici\u00f3n al riesgo. \u00c9l es adecuado para aquellos que quieren relajar el equilibrio. El juego tambi\u00e9n puede utilizar los amantes de las grandes ganancias. Sin embargo, para apostar por dinero real es necesario registrarse. La empresa Parimatch ha ido hacia los usuarios y simplificado al m\u00e1ximo el procedimiento para crear una cuenta:<\/p>\n<ol>\n<li>Usted lanza el recurso del casino en l\u00ednea.<\/li>\n<li>Pulse el bot\u00f3n para registrarse.<\/li>\n<li>Rellene el formulario.<\/li>\n<li>Env\u00ede la solicitud para su consideraci\u00f3n.<\/li>\n<\/ol>\n<p style=\"text-align: center;\"><a class=\"fasc-button fasc-size-large fasc-type-glossy fasc-rounded-medium fasc-style-bold\" style=\"background-color: #33809e; color: #ffffff;\" target=\"_blank\" rel=\"nofollow noopener\" href=\"https:\/\/wolf-gold-slot-review.com\/es\/parimatch-offer-direct\/\">Jugar a Wolf Gold Parimatch<\/a><\/p>\n<p>El sitio procesar\u00e1 la solicitud del cliente. Si los datos que ha especificado en el sistema no se han utilizado antes, obtendr\u00e1 una cuenta y podr\u00e1 utilizar todos los servicios del club. En caso contrario, se le pedir\u00e1 que realice ajustes.<\/p>\n<h3 style=\"text-align: center;\"><strong>C\u00f3mo hacer un ingreso en Parimatch<\/strong><\/h3>\n<p>Apostar por dinero real es imposible sin hacer un dep\u00f3sito. Los desarrolladores han simplificado al m\u00e1ximo el dise\u00f1o de la cuenta personal. Por lo tanto, en principio no surgir\u00e1n problemas para encontrar los botones adecuados. Para hacer un dep\u00f3sito debe:<\/p>\n<ol>\n<li>Pasa por autorizaci\u00f3n.<\/li>\n<li>Elija la secci\u00f3n con las operaciones de caja.<\/li>\n<li>Marque la forma de ingreso deseada.<\/li>\n<li>Rellene la informaci\u00f3n solicitada.<\/li>\n<li>Confirme la acci\u00f3n.<\/li>\n<\/ol>\n<p>El procesamiento de la solicitud no dura m\u00e1s de 1-2 segundos. Despu\u00e9s de eso, los fondos se acreditan, se obtiene la oportunidad de apostar y ganar.<\/p>\n<p><img decoding=\"async\" class=\"aligncenter size-full wp-image-591\" src=\"https:\/\/wolf-gold-slot-review.com\/wp-content\/uploads\/2023\/02\/welcome-bonus-parimatch.jpg\" alt=\"bono de bienvenida parimatch\" width=\"729\" height=\"312\" srcset=\"\/\/wolf-gold-slot-review.com\/wp-content\/uploads\/2023\/02\/welcome-bonus-parimatch.jpg 729w, \/\/wolf-gold-slot-review.com\/wp-content\/uploads\/2023\/02\/welcome-bonus-parimatch-300x128.jpg 300w, \/\/wolf-gold-slot-review.com\/wp-content\/uploads\/2023\/02\/welcome-bonus-parimatch-150x64.jpg 150w, \/\/wolf-gold-slot-review.com\/wp-content\/uploads\/2023\/02\/welcome-bonus-parimatch-18x8.jpg 18w\" sizes=\"(max-width: 729px) 100vw, 729px\" \/><\/p>\n<p>Antes de realizar el procedimiento, es necesario tener en cuenta algunos requisitos de la oficina. El casino en l\u00ednea ofrece reglas est\u00e1ndar. El jugador s\u00f3lo puede depositar dinero dentro de los l\u00edmites establecidos. Las restricciones son individuales para cada m\u00e9todo utilizado. Usted puede hacer un dep\u00f3sito por medios personales de pago. El uso de tarjetas o monederos online de amigos o familiares no est\u00e1 permitido.<\/p>\n<h3 style=\"text-align: center;\"><strong>Principales razones para jugar a Wolf Gold en el casino Parimatch<\/strong><\/h3>\n<p>La tragaperras Wolf Gold es una gran opci\u00f3n para divertirse y ganar dinero. Este juego tiene una gran demanda entre los clientes de casino. Entre la variedad de sitios de juego para detener la atenci\u00f3n en el Parimatch por una serie de razones:<\/p>\n<ul>\n<li>M\u00e1s de 10 a\u00f1os de trabajo impecable en el mercado.<\/li>\n<li>M\u00e1s de 1000 simuladores de distintos g\u00e9neros.<\/li>\n<li>Colaboraci\u00f3n con m\u00e1s de 30 productores de juegos.<\/li>\n<li>Interesante y rentable para los programas de fidelizaci\u00f3n de los clientes.<\/li>\n<li>Buena reputaci\u00f3n entre los jugadores.<\/li>\n<li>Ofertas adicionales: salas en directo, secciones de apuestas.<\/li>\n<li>Reposici\u00f3n peri\u00f3dica de la sala de juegos.<\/li>\n<\/ul>\n<p style=\"text-align: center;\"><a class=\"fasc-button fasc-size-large fasc-type-glossy fasc-rounded-medium fasc-style-bold\" style=\"background-color: #33809e; color: #ffffff;\" target=\"_blank\" rel=\"nofollow noopener\" href=\"https:\/\/wolf-gold-slot-review.com\/es\/parimatch-offer-direct\/\">Jugar a Wolf Gold Parimatch<\/a><\/p>\n<p>Las retiradas de ganancias son r\u00e1pidas. En el 95% de los casos, la tramitaci\u00f3n de la solicitud dura 1-2 horas como m\u00e1ximo. Usted no tiene que esperar la transacci\u00f3n durante veinticuatro horas.<\/p>","protected":false},"excerpt":{"rendered":"<p>Play Wolf Gold slot Parimatch online casino for real money Online casino Parimatch offers customers thousands of different slots. You can bet on time-tested hits and exclusive novelties. The brand has been working in the gambling industry for over 10 years. During this time, the company has formed an impressive customer base and created a &hellip;<\/p>\n<p class=\"read-more\"> <a class=\"\" href=\"https:\/\/wolf-gold-slot-review.com\/es\/play-wolf-gold-parimatch\/\"> <span class=\"screen-reader-text\">Jugar a Wolf Gold Parimatch<\/span> Leer m\u00e1s &raquo;<\/a><\/p>","protected":false},"author":1,"featured_media":610,"parent":0,"menu_order":0,"comment_status":"closed","ping_status":"closed","template":"","meta":{"site-sidebar-layout":"default","site-content-layout":"default","ast-global-header-display":"","ast-main-header-display":"","ast-hfb-above-header-display":"","ast-hfb-below-header-display":"","ast-hfb-mobile-header-display":"","site-post-title":"disabled","ast-breadcrumbs-content":"","ast-featured-img":"disabled","footer-sml-layout":"","theme-transparent-header-meta":"default","adv-header-id-meta":"","stick-header-meta":"","header-above-stick-meta":"","header-main-stick-meta":"","header-below-stick-meta":"","footnotes":""},"class_list":["post-532","page","type-page","status-publish","has-post-thumbnail","hentry"],"yoast_head":"<!-- This site is optimized with the Yoast SEO Premium plugin v19.5 (Yoast SEO v19.10) - https:\/\/yoast.com\/wordpress\/plugins\/seo\/ -->\n<title>Play Wolf Gold slot Parimatch online casino for real money<\/title>\n<meta name=\"description\" content=\"Play the popular slot Wolf Gold in online casino Parimatch for money. The advantages of playing Wolf Gold at Parimatch casino\" \/>\n<meta name=\"robots\" content=\"index, follow, max-snippet:-1, max-image-preview:large, max-video-preview:-1\" \/>\n<link rel=\"canonical\" href=\"https:\/\/wolf-gold-slot-review.com\/es\/play-wolf-gold-parimatch\/\" \/>\n<meta property=\"og:locale\" content=\"es_ES\" \/>\n<meta property=\"og:type\" content=\"article\" \/>\n<meta property=\"og:title\" content=\"Play Wolf Gold Parimatch\" \/>\n<meta property=\"og:description\" content=\"Play Wolf Gold slot Parimatch online casino for real money Online casino Parimatch offers customers thousands of different slots. You can bet on\" \/>\n<meta property=\"og:url\" content=\"https:\/\/wolf-gold-slot-review.com\/es\/play-wolf-gold-parimatch\/\" \/>\n<meta property=\"og:site_name\" content=\"Wolf Gold Slot in Australia - Play game online for money\" \/>\n<meta property=\"article:modified_time\" content=\"2025-02-04T17:04:15+00:00\" \/>\n<meta property=\"og:image\" content=\"https:\/\/wolf-gold-slot-review.com\/wp-content\/uploads\/2023\/02\/parimatch-wolf-gold-site.jpg\" \/>\n\t<meta property=\"og:image:width\" content=\"900\" \/>\n\t<meta property=\"og:image:height\" content=\"900\" \/>\n\t<meta property=\"og:image:type\" content=\"image\/jpeg\" \/>\n<meta name=\"twitter:card\" content=\"summary_large_image\" \/>\n<meta name=\"twitter:label1\" content=\"Tiempo de lectura\" \/>\n\t<meta name=\"twitter:data1\" content=\"4 minutos\" \/>\n<!-- \/ Yoast SEO Premium plugin. -->","yoast_head_json":{"title":"Play Wolf Gold slot Parimatch online casino for real money","description":"Play the popular slot Wolf Gold in online casino Parimatch for money. The advantages of playing Wolf Gold at Parimatch casino","robots":{"index":"index","follow":"follow","max-snippet":"max-snippet:-1","max-image-preview":"max-image-preview:large","max-video-preview":"max-video-preview:-1"},"canonical":"https:\/\/wolf-gold-slot-review.com\/es\/play-wolf-gold-parimatch\/","og_locale":"es_ES","og_type":"article","og_title":"Play Wolf Gold Parimatch","og_description":"Play Wolf Gold slot Parimatch online casino for real money Online casino Parimatch offers customers thousands of different slots. You can bet on","og_url":"https:\/\/wolf-gold-slot-review.com\/es\/play-wolf-gold-parimatch\/","og_site_name":"Wolf Gold Slot in Australia - Play game online for money","article_modified_time":"2025-02-04T17:04:15+00:00","og_image":[{"width":900,"height":900,"url":"https:\/\/wolf-gold-slot-review.com\/wp-content\/uploads\/2023\/02\/parimatch-wolf-gold-site.jpg","type":"image\/jpeg"}],"twitter_card":"summary_large_image","twitter_misc":{"Tiempo de lectura":"4 minutos"},"schema":{"@context":"https:\/\/schema.org","@graph":[{"@type":"WebPage","@id":"https:\/\/wolf-gold-slot-review.com\/play-wolf-gold-parimatch\/","url":"https:\/\/wolf-gold-slot-review.com\/play-wolf-gold-parimatch\/","name":"Play Wolf Gold slot Parimatch online casino for real money","isPartOf":{"@id":"https:\/\/wolf-gold-slot-review.com\/#website"},"datePublished":"2023-02-18T20:13:01+00:00","dateModified":"2025-02-04T17:04:15+00:00","description":"Play the popular slot Wolf Gold in online casino Parimatch for money. The advantages of playing Wolf Gold at Parimatch casino","breadcrumb":{"@id":"https:\/\/wolf-gold-slot-review.com\/play-wolf-gold-parimatch\/#breadcrumb"},"inLanguage":"es","potentialAction":[{"@type":"ReadAction","target":["https:\/\/wolf-gold-slot-review.com\/play-wolf-gold-parimatch\/"]}]},{"@type":"BreadcrumbList","@id":"https:\/\/wolf-gold-slot-review.com\/play-wolf-gold-parimatch\/#breadcrumb","itemListElement":[{"@type":"ListItem","position":1,"name":"Home","item":"https:\/\/wolf-gold-slot-review.com\/"},{"@type":"ListItem","position":2,"name":"Play Wolf Gold Parimatch"}]},{"@type":"WebSite","@id":"https:\/\/wolf-gold-slot-review.com\/#website","url":"https:\/\/wolf-gold-slot-review.com\/","name":"Wolf Gold Slot in Australia - Play game online for money","description":"Wolf Gold Slot - Official site in Australia","publisher":{"@id":"https:\/\/wolf-gold-slot-review.com\/#organization"},"alternateName":"Wolf Gold Slot","potentialAction":[{"@type":"SearchAction","target":{"@type":"EntryPoint","urlTemplate":"https:\/\/wolf-gold-slot-review.com\/?s={search_term_string}"},"query-input":"required name=search_term_string"}],"inLanguage":"es"},{"@type":"Organization","@id":"https:\/\/wolf-gold-slot-review.com\/#organization","name":"Wolf Gold Slot in Australia - Play game online for money","alternateName":"Wolf Gold Slot","url":"https:\/\/wolf-gold-slot-review.com\/","logo":{"@type":"ImageObject","inLanguage":"es","@id":"https:\/\/wolf-gold-slot-review.com\/#\/schema\/logo\/image\/","url":"https:\/\/wolf-gold-slot-review.com\/wp-content\/uploads\/2022\/11\/cropped-logowolf.png","contentUrl":"https:\/\/wolf-gold-slot-review.com\/wp-content\/uploads\/2022\/11\/cropped-logowolf.png","width":265,"height":100,"caption":"Wolf Gold Slot in Australia - Play game online for money"},"image":{"@id":"https:\/\/wolf-gold-slot-review.com\/#\/schema\/logo\/image\/"}}]}},"_links":{"self":[{"href":"https:\/\/wolf-gold-slot-review.com\/es\/wp-json\/wp\/v2\/pages\/532","targetHints":{"allow":["GET"]}}],"collection":[{"href":"https:\/\/wolf-gold-slot-review.com\/es\/wp-json\/wp\/v2\/pages"}],"about":[{"href":"https:\/\/wolf-gold-slot-review.com\/es\/wp-json\/wp\/v2\/types\/page"}],"author":[{"embeddable":true,"href":"https:\/\/wolf-gold-slot-review.com\/es\/wp-json\/wp\/v2\/users\/1"}],"replies":[{"embeddable":true,"href":"https:\/\/wolf-gold-slot-review.com\/es\/wp-json\/wp\/v2\/comments?post=532"}],"version-history":[{"count":6,"href":"https:\/\/wolf-gold-slot-review.com\/es\/wp-json\/wp\/v2\/pages\/532\/revisions"}],"predecessor-version":[{"id":679,"href":"https:\/\/wolf-gold-slot-review.com\/es\/wp-json\/wp\/v2\/pages\/532\/revisions\/679"}],"wp:featuredmedia":[{"embeddable":true,"href":"https:\/\/wolf-gold-slot-review.com\/es\/wp-json\/wp\/v2\/media\/610"}],"wp:attachment":[{"href":"https:\/\/wolf-gold-slot-review.com\/es\/wp-json\/wp\/v2\/media?parent=532"}],"curies":[{"name":"wp","href":"https:\/\/api.w.org\/{rel}","templated":true}]}}