{"id":619,"date":"2023-02-21T00:29:20","date_gmt":"2023-02-21T00:29:20","guid":{"rendered":"https:\/\/wolf-gold-slot-review.com\/?page_id=619"},"modified":"2025-02-04T17:03:46","modified_gmt":"2025-02-04T17:03:46","slug":"wolf-gold-1-million","status":"publish","type":"page","link":"https:\/\/wolf-gold-slot-review.com\/es\/lobo-oro-1-millon\/","title":{"rendered":"Lobo Oro 1 mill\u00f3n"},"content":{"rendered":"<h1 style=\"text-align: center;\"><strong>Tragaperras Wolf Gold 1 Million - juega online con dinero real<\/strong><\/h1>\n<p>Wolf Gold 1 Million es una tragaperras muy atractiva y gratificante que promete a los jugadores una experiencia de juego inolvidable. Obtenga m\u00e1s informaci\u00f3n sobre este juego y c\u00f3mo puede maximizar sus ganancias.<\/p>\n<p style=\"text-align: center;\"><a class=\"fasc-button fasc-size-large fasc-type-glossy fasc-rounded-medium\" style=\"background-color: #33809e; color: #ffffff;\" href=\"https:\/\/wolf-gold-slot-review.com\/es\/play-wolf-gold-pin-up\/\">Jugar a Wolf Gold PinUp<\/a> &nbsp;<a class=\"fasc-button fasc-size-large fasc-type-glossy fasc-rounded-medium\" style=\"background-color: #33809e; color: #ffffff;\" href=\"https:\/\/wolf-gold-slot-review.com\/es\/jugar-lobo-oro-1ganar\/\">Jugar Wolf Gold 1win<\/a> &nbsp;<a class=\"fasc-button fasc-size-large fasc-type-glossy fasc-rounded-medium\" style=\"background-color: #33809e; color: #ffffff;\" href=\"https:\/\/wolf-gold-slot-review.com\/es\/play-wolf-gold-parimatch\/\">Jugar a Wolf Gold Parimatch <\/a>&nbsp; <a class=\"fasc-button fasc-size-large fasc-type-glossy fasc-rounded-medium\" style=\"background-color: #33809e; color: #ffffff;\" href=\"https:\/\/wolf-gold-slot-review.com\/es\/demo-wolf-gold-slot\/\">Juega a la demo de Wolf Gold<\/a>&nbsp;<\/p>\n<p>Wolf Gold 1 Million es una tragaperras online que ha arrasado en la industria del juego. Con sus emocionantes caracter\u00edsticas y sus impresionantes pagos, el juego se ha convertido en uno de los favoritos de los jugadores. El juego tiene un dise\u00f1o de 5\u00d74 con 1.000.000 de l\u00edneas de pago, lo que da a los jugadores la oportunidad de ganar a lo grande.<\/p>\n<h2 style=\"text-align: center;\"><strong>Wolf Gold 1 Million: Una visi\u00f3n general<\/strong><\/h2>\n<p>Wolf Gold 1 Million es un producto de Pragmatic Play, un proveedor de software de renombre en la industria del juego. El juego se lanz\u00f3 en 2020 y desde entonces ha ganado popularidad entre los entusiastas de los juegos de tragaperras.<\/p>\n<p><img decoding=\"async\" class=\"aligncenter wp-image-623\" src=\"https:\/\/wolf-gold-slot-review.com\/wp-content\/uploads\/2023\/02\/wolf-gold-1-million-slot-1024x509.jpg\" alt=\"Tragaperras Wolf Gold 1 Million\" width=\"680\" height=\"338\" srcset=\"\/\/wolf-gold-slot-review.com\/wp-content\/uploads\/2023\/02\/wolf-gold-1-million-slot-1024x509.jpg 1024w, \/\/wolf-gold-slot-review.com\/wp-content\/uploads\/2023\/02\/wolf-gold-1-million-slot-300x149.jpg 300w, \/\/wolf-gold-slot-review.com\/wp-content\/uploads\/2023\/02\/wolf-gold-1-million-slot-150x75.jpg 150w, \/\/wolf-gold-slot-review.com\/wp-content\/uploads\/2023\/02\/wolf-gold-1-million-slot-768x382.jpg 768w, \/\/wolf-gold-slot-review.com\/wp-content\/uploads\/2023\/02\/wolf-gold-1-million-slot-18x9.jpg 18w, \/\/wolf-gold-slot-review.com\/wp-content\/uploads\/2023\/02\/wolf-gold-1-million-slot.jpg 1094w\" sizes=\"(max-width: 680px) 100vw, 680px\" \/><\/p>\n<p>El tema del juego gira en torno a la naturaleza salvaje, y en los rodillos aparecen s\u00edmbolos como lobos, \u00e1guilas, b\u00fafalos y caballos. El juego tiene una RTP de 96,5%, que es bastante impresionante, y viene con una volatilidad media.<\/p>\n<h3 style=\"text-align: center;\"><strong>Caracter\u00edsticas de Wolf Gold 1 Million<\/strong><\/h3>\n<p>Wolf Gold 1 Million cuenta con varias caracter\u00edsticas que lo hacen destacar de otros juegos de tragaperras. Estas caracter\u00edsticas incluyen:<\/p>\n<ol>\n<li>S\u00edmbolos Scatter y Wild: El s\u00edmbolo Scatter est\u00e1 representado por un atrapasue\u00f1os y puede activar la funci\u00f3n de tiradas gratuitas. El s\u00edmbolo Wild est\u00e1 representado por el lobo y puede sustituir a cualquier otro s\u00edmbolo excepto al Scatter.<\/li>\n<li>Funci\u00f3n de tiradas gratuitas: Tres o m\u00e1s s\u00edmbolos Scatter activan la funci\u00f3n de tiradas gratuitas, que puede concederte hasta 15 tiradas gratuitas.<\/li>\n<li>Funci\u00f3n Money Re-Spin: Conseguir seis o m\u00e1s s\u00edmbolos de dinero en los rodillos activa esta funci\u00f3n. Los s\u00edmbolos de dinero permanecer\u00e1n en los rodillos y tendr\u00e1s tres repeticiones de tirada para intentar conseguir m\u00e1s s\u00edmbolos de dinero. Cada nuevo s\u00edmbolo que consigas reiniciar\u00e1 el contador de re-giros a tres.<\/li>\n<\/ol>\n<p><img decoding=\"async\" class=\"aligncenter wp-image-625\" src=\"https:\/\/wolf-gold-slot-review.com\/wp-content\/uploads\/2023\/02\/wolf-gold-1-million-bonus.jpg\" alt=\"Bonificaci\u00f3n de 1 mill\u00f3n de Wolf Gold\" width=\"680\" height=\"381\" srcset=\"\/\/wolf-gold-slot-review.com\/wp-content\/uploads\/2023\/02\/wolf-gold-1-million-bonus.jpg 738w, \/\/wolf-gold-slot-review.com\/wp-content\/uploads\/2023\/02\/wolf-gold-1-million-bonus-300x168.jpg 300w, \/\/wolf-gold-slot-review.com\/wp-content\/uploads\/2023\/02\/wolf-gold-1-million-bonus-150x84.jpg 150w, \/\/wolf-gold-slot-review.com\/wp-content\/uploads\/2023\/02\/wolf-gold-1-million-bonus-18x10.jpg 18w\" sizes=\"(max-width: 680px) 100vw, 680px\" \/><\/p>\n<h3 style=\"text-align: center;\"><strong>\u00bfC\u00f3mo jugar a Wolf Gold 1 Million?<\/strong><\/h3>\n<p>Jugar a Wolf Gold 1 Million es f\u00e1cil y sencillo. El juego tiene una interfaz f\u00e1cil de usar que permite a los jugadores hacer sus apuestas y girar los rodillos. Aqu\u00ed tienes una gu\u00eda paso a paso sobre c\u00f3mo jugar:<\/p>\n<ol>\n<li>Elija el tama\u00f1o de su apuesta: Utilice los botones \"+\" y \"-\" para aumentar o disminuir el tama\u00f1o de su apuesta. La apuesta m\u00ednima es de $0,20, mientras que la apuesta m\u00e1xima es de $100.<\/li>\n<li>Gire los rodillos: Haga clic en el bot\u00f3n \"Girar\" para iniciar el juego. Tambi\u00e9n puede utilizar la funci\u00f3n \"Partida autom\u00e1tica\" para hacer girar los rodillos autom\u00e1ticamente.<\/li>\n<li>Gana: Si consigue s\u00edmbolos iguales en los rodillos, ganar\u00e1. La cantidad ganada depende del s\u00edmbolo y del importe de la apuesta.<\/li>\n<\/ol>\n<h3 style=\"text-align: center;\"><strong>Maximice sus ganancias en Wolf Gold 1 Million<\/strong><\/h3>\n<p>Para maximizar sus ganancias en Wolf Gold 1 Million, necesita entender las caracter\u00edsticas del juego y c\u00f3mo usarlas a su favor. Aqu\u00ed tienes algunos consejos que te ayudar\u00e1n a maximizar tus ganancias:<\/p>\n<ol>\n<li>Utilice la funci\u00f3n de tiradas gratuitas: La funci\u00f3n de tiradas gratuitas puede aumentar tus posibilidades de ganar a lo grande, especialmente si consigues el s\u00edmbolo Wild durante las tiradas gratuitas.<\/li>\n<li>Aproveche la funci\u00f3n de repetici\u00f3n de tiradas: La funci\u00f3n Money Re-Spin puede ser lucrativa si consigues los s\u00edmbolos correctos. Sigue jugando hasta que consigas tantos s\u00edmbolos de dinero como sea posible.<\/li>\n<li>Gestione sus fondos: Fija un presupuesto y c\u00ed\u00f1ete a \u00e9l. No gastes m\u00e1s de lo que puedas permitirte perder y evita perseguir las p\u00e9rdidas.<\/li>\n<\/ol>\n<p><img decoding=\"async\" class=\"aligncenter size-full wp-image-624\" src=\"https:\/\/wolf-gold-slot-review.com\/wp-content\/uploads\/2023\/02\/wolf-gold-1-million-scratch.jpg\" alt=\"Rasca y Gana Wolf Gold 1 Million\" width=\"680\" height=\"337\" srcset=\"\/\/wolf-gold-slot-review.com\/wp-content\/uploads\/2023\/02\/wolf-gold-1-million-scratch.jpg 680w, \/\/wolf-gold-slot-review.com\/wp-content\/uploads\/2023\/02\/wolf-gold-1-million-scratch-300x149.jpg 300w, \/\/wolf-gold-slot-review.com\/wp-content\/uploads\/2023\/02\/wolf-gold-1-million-scratch-150x74.jpg 150w, \/\/wolf-gold-slot-review.com\/wp-content\/uploads\/2023\/02\/wolf-gold-1-million-scratch-18x9.jpg 18w\" sizes=\"(max-width: 680px) 100vw, 680px\" \/><\/p>\n<h5 style=\"text-align: center;\"><strong>Conclusi\u00f3n<\/strong><\/h5>\n<p>En conclusi\u00f3n, Wolf Gold 1 Million es una tragaperras emocionante y atractiva que promete a los jugadores una experiencia de juego inolvidable. Con sus impresionantes caracter\u00edsticas y pagos, el juego vale la pena jugar, especialmente si eres un fan de los juegos de tragamonedas.<\/p>\n<p>Para maximizar sus ganancias en el juego, debe comprender las caracter\u00edsticas del juego y c\u00f3mo utilizarlas en su beneficio. Y recuerda jugar siempre de forma responsable y dentro de tus posibilidades.<\/p>\n<p>As\u00ed que, \u00a1desata la emoci\u00f3n de Wolf Gold 1 Million y ten la oportunidad de ganar a lo grande!<\/p>\n<p>Juegue con la apuesta m\u00e1xima: Wolf Gold 1 Million tiene 1.000.000 de l\u00edneas de pago, lo que significa que cuantas m\u00e1s l\u00edneas de pago active, mayores ser\u00e1n sus posibilidades de ganar. Si juegas la apuesta m\u00e1xima activar\u00e1s todas las l\u00edneas de pago y aumentar\u00e1s tus posibilidades de conseguir una gran ganancia.<\/p>\n<p>&nbsp;<\/p>\n<h4 style=\"text-align: center;\"><strong>Preguntas frecuentes sobre Wolf Gold 1 Million<\/strong><\/h4>\n<style>#sp-ea-620 .spcollapsing { height: 0; overflow: hidden; transition-property: height;transition-duration: 300ms;}#sp-ea-620{ position: relative; }#sp-ea-620 .ea-card{ opacity: 0;}#eap-preloader-620{ position: absolute; left: 0; top: 0; height: 100%;width: 100%; text-align: center;display: flex; align-items: center;justify-content: center;}#sp-ea-620.sp-easy-accordion>.sp-ea-single {margin-bottom: 10px; border: 1px solid #e2e2e2; }#sp-ea-620.sp-easy-accordion>.sp-ea-single>.ea-header a {color: #444;}#sp-ea-620.sp-easy-accordion>.sp-ea-single>.sp-collapse>.ea-body {background: #fff; color: #444;}#sp-ea-620.sp-easy-accordion>.sp-ea-single {background: #eee;}#sp-ea-620.sp-easy-accordion>.sp-ea-single>.ea-header a .ea-expand-icon { float: left; color: #444;font-size: 16px;}<\/style><div id=\"sp_easy_accordion-1776418454\">\n<div id=\"sp-ea-620\" class=\"sp-ea-one sp-easy-accordion\" data-ea-active=\"ea-click\" data-ea-mode=\"vertical\" data-preloader=\"1\" data-scroll-active-item=\"\" data-offset-to-scroll=\"0\">\n\n\t<div id=\"eap-preloader-620\" class=\"accordion-preloader\">\n\t\t<img decoding=\"async\" src=\"https:\/\/wolf-gold-slot-review.com\/wp-content\/plugins\/easy-accordion-free\/public\/assets\/ea_loader.svg\" alt=\"Imagen del cargador\"\/>\n\t<\/div>\n\t<!-- Start accordion card div. -->\n<div class=\"ea-card ea-expand sp-ea-single\">\n\t<!-- Start accordion header. -->\n\t<h3 class=\"ea-header\">\n\t\t<!-- Add anchor tag for header. -->\n\t\t<a class=\"collapsed\" id=\"ea-header-6200\" role=\"button\" data-sptoggle=\"spcollapse\" data-sptarget=\"#collapse6200\" aria-controls=\"collapse6200\" href=\"#\"  aria-expanded=\"true\" tabindex=\"0\">\n\t\t<i aria-hidden=\"true\" role=\"presentation\" class=\"ea-expand-icon eap-icon-ea-expand-minus\"><\/i> \u00bfEs Wolf Gold 1 Million un juego leg\u00edtimo?\t\t<\/a> <!-- Close anchor tag for header. -->\n\t<\/h3>\t<!-- Close header tag. -->\n\t<!-- Start collapsible content div. -->\n\t<div class=\"sp-collapse spcollapse collapsed show\" id=\"collapse6200\" data-parent=\"#sp-ea-620\" role=\"region\" aria-labelledby=\"ea-header-6200\">  <!-- Content div. -->\n\t\t<div class=\"ea-body\">\n\t\t<p><em>S\u00ed, Wolf Gold 1 Million es un juego leg\u00edtimo producido por Pragmatic Play, un proveedor de software de buena reputaci\u00f3n en la industria del juego.<\/em><\/p>\n\t\t<\/div> <!-- Close content div. -->\n\t<\/div> <!-- Close collapse div. -->\n<\/div> <!-- Close card div. -->\n<!-- Start accordion card div. -->\n<div class=\"ea-card ea-expand sp-ea-single\">\n\t<!-- Start accordion header. -->\n\t<h3 class=\"ea-header\">\n\t\t<!-- Add anchor tag for header. -->\n\t\t<a class=\"collapsed\" id=\"ea-header-6201\" role=\"button\" data-sptoggle=\"spcollapse\" data-sptarget=\"#collapse6201\" aria-controls=\"collapse6201\" href=\"#\"  aria-expanded=\"true\" tabindex=\"0\">\n\t\t<i aria-hidden=\"true\" role=\"presentation\" class=\"ea-expand-icon eap-icon-ea-expand-minus\"><\/i> \u00bfEst\u00e1 disponible Wolf Gold 1 Million para dispositivos m\u00f3viles?\t\t<\/a> <!-- Close anchor tag for header. -->\n\t<\/h3>\t<!-- Close header tag. -->\n\t<!-- Start collapsible content div. -->\n\t<div class=\"sp-collapse spcollapse collapsed show\" id=\"collapse6201\" data-parent=\"#sp-ea-620\" role=\"region\" aria-labelledby=\"ea-header-6201\">  <!-- Content div. -->\n\t\t<div class=\"ea-body\">\n\t\t<p><em>S\u00ed, puedes jugar a Wolf Gold 1 Million en tus dispositivos m\u00f3viles. El juego est\u00e1 optimizado tanto para dispositivos Android como iOS.<\/em><\/p>\n\t\t<\/div> <!-- Close content div. -->\n\t<\/div> <!-- Close collapse div. -->\n<\/div> <!-- Close card div. -->\n<!-- Start accordion card div. -->\n<div class=\"ea-card ea-expand sp-ea-single\">\n\t<!-- Start accordion header. -->\n\t<h3 class=\"ea-header\">\n\t\t<!-- Add anchor tag for header. -->\n\t\t<a class=\"collapsed\" id=\"ea-header-6202\" role=\"button\" data-sptoggle=\"spcollapse\" data-sptarget=\"#collapse6202\" aria-controls=\"collapse6202\" href=\"#\"  aria-expanded=\"true\" tabindex=\"0\">\n\t\t<i aria-hidden=\"true\" role=\"presentation\" class=\"ea-expand-icon eap-icon-ea-expand-minus\"><\/i> \u00bfPuedo jugar gratis a Wolf Gold 1 Million?\t\t<\/a> <!-- Close anchor tag for header. -->\n\t<\/h3>\t<!-- Close header tag. -->\n\t<!-- Start collapsible content div. -->\n\t<div class=\"sp-collapse spcollapse collapsed show\" id=\"collapse6202\" data-parent=\"#sp-ea-620\" role=\"region\" aria-labelledby=\"ea-header-6202\">  <!-- Content div. -->\n\t\t<div class=\"ea-body\">\n\t\t<p><em>S\u00ed, puedes jugar a Wolf Gold 1 Million gratis en varios casinos online. Jugar a la versi\u00f3n demo te dar\u00e1 la oportunidad de probar las caracter\u00edsticas del juego y familiarizarte con su jugabilidad.<\/em><\/p>\n\t\t<\/div> <!-- Close content div. -->\n\t<\/div> <!-- Close collapse div. -->\n<\/div> <!-- Close card div. -->\n<!-- Start accordion card div. -->\n<div class=\"ea-card ea-expand sp-ea-single\">\n\t<!-- Start accordion header. -->\n\t<h3 class=\"ea-header\">\n\t\t<!-- Add anchor tag for header. -->\n\t\t<a class=\"collapsed\" id=\"ea-header-6203\" role=\"button\" data-sptoggle=\"spcollapse\" data-sptarget=\"#collapse6203\" aria-controls=\"collapse6203\" href=\"#\"  aria-expanded=\"true\" tabindex=\"0\">\n\t\t<i aria-hidden=\"true\" role=\"presentation\" class=\"ea-expand-icon eap-icon-ea-expand-minus\"><\/i> \u00bfC\u00f3mo gano en Wolf Gold 1 Million?\t\t<\/a> <!-- Close anchor tag for header. -->\n\t<\/h3>\t<!-- Close header tag. -->\n\t<!-- Start collapsible content div. -->\n\t<div class=\"sp-collapse spcollapse collapsed show\" id=\"collapse6203\" data-parent=\"#sp-ea-620\" role=\"region\" aria-labelledby=\"ea-header-6203\">  <!-- Content div. -->\n\t\t<div class=\"ea-body\">\n\t\t<p><em>El resultado de la ronda en <span class=\"search-highlight\">Lobo dorado<\/span>\u00a01 Mill\u00f3n est\u00e1 determinado por algoritmos matem\u00e1ticos que permiten ganar a todos los jugadores. En consecuencia, para obtener el pago, es necesario hacer girar los rodillos y esperar que haya suerte. Al jugar en un casino probado, las posibilidades de ganar ser\u00e1n las mismas para todos los usuarios.<\/em><\/p>\n\t\t<\/div> <!-- Close content div. -->\n\t<\/div> <!-- Close collapse div. -->\n<\/div> <!-- Close card div. -->\n<!-- Start accordion card div. -->\n<div class=\"ea-card ea-expand sp-ea-single\">\n\t<!-- Start accordion header. -->\n\t<h3 class=\"ea-header\">\n\t\t<!-- Add anchor tag for header. -->\n\t\t<a class=\"collapsed\" id=\"ea-header-6204\" role=\"button\" data-sptoggle=\"spcollapse\" data-sptarget=\"#collapse6204\" aria-controls=\"collapse6204\" href=\"#\"  aria-expanded=\"true\" tabindex=\"0\">\n\t\t<i aria-hidden=\"true\" role=\"presentation\" class=\"ea-expand-icon eap-icon-ea-expand-minus\"><\/i> \u00bfCu\u00e1l es el RTP de Wolf Gold?\t\t<\/a> <!-- Close anchor tag for header. -->\n\t<\/h3>\t<!-- Close header tag. -->\n\t<!-- Start collapsible content div. -->\n\t<div class=\"sp-collapse spcollapse collapsed show\" id=\"collapse6204\" data-parent=\"#sp-ea-620\" role=\"region\" aria-labelledby=\"ea-header-6204\">  <!-- Content div. -->\n\t\t<div class=\"ea-body\">\n\t\t<p><em>Lobo dorado <b>La tasa RTP es de 96,01%<\/b>. Es bastante normal para una tragaperras de v\u00eddeo en l\u00ednea. Obtendr\u00e1 combinaciones ganadoras con bastante frecuencia, pero los m\u00e1s grandes vendr\u00e1n en las 2 funciones de bonificaci\u00f3n.<\/em><\/p>\n\t\t<\/div> <!-- Close content div. -->\n\t<\/div> <!-- Close collapse div. -->\n<\/div> <!-- Close card div. -->\n<script type=\"application\/ld+json\">{\n    \"@context\": \"https:\\\/\\\/schema.org\",\n    \"@type\": \"FAQPage\",\n    \"mainEntity\": [\n        {\n            \"@type\": \"Question\",\n            \"name\": \"Is Wolf Gold 1 Million a legitimate game?\",\n            \"acceptedAnswer\": {\n                \"@type\": \"Answer\",\n                \"text\": \"<em>Yes, Wolf Gold 1 Million is a legitimate game produced by Pragmatic Play, a reputable software provider in the gaming industry.<\\\/em>\"\n            }\n        },\n        {\n            \"@type\": \"Question\",\n            \"name\": \"Is Wolf Gold 1 Million available for mobile devices?\",\n            \"acceptedAnswer\": {\n                \"@type\": \"Answer\",\n                \"text\": \"<em>Yes, you can play Wolf Gold 1 Million on your mobile devices. The game is optimized for both Android and iOS devices.<\\\/em>\"\n            }\n        },\n        {\n            \"@type\": \"Question\",\n            \"name\": \"Can I play Wolf Gold 1 Million for free?\",\n            \"acceptedAnswer\": {\n                \"@type\": \"Answer\",\n                \"text\": \"<em>Yes, you can play Wolf Gold 1 Million for free at several online casinos. Playing the demo version will give you a chance to test the game's features and familiarize yourself with its gameplay.<\\\/em>\"\n            }\n        },\n        {\n            \"@type\": \"Question\",\n            \"name\": \"How do I win at Wolf Gold 1 Million?\",\n            \"acceptedAnswer\": {\n                \"@type\": \"Answer\",\n                \"text\": \"<em>The outcome of the round in Wolf Gold\\u00a01 Million is determined by mathematical algorithms that allow all players to win. Accordingly, to get the payout, you need to spin the reels and hope for luck. When playing in a proven casino, the chances of winning will be the same for all users.<\\\/em>\"\n            }\n        },\n        {\n            \"@type\": \"Question\",\n            \"name\": \"What is the Wolf Gold RTP?\",\n            \"acceptedAnswer\": {\n                \"@type\": \"Answer\",\n                \"text\": \"<em>Wolf Gold<b>RTP rate is 96.01%<\\\/b>. This is pretty average for an online video slot. You will get winning combinations pretty frequently but bigger ones will come in the 2 bonus features.<\\\/em>\"\n            }\n        }\n    ]\n}<\/script><\/div>\n<\/div>","protected":false},"excerpt":{"rendered":"<p>Wolf Gold 1 Million slot &#8211; play online for real money online Wolf Gold 1 Million is a highly engaging and rewarding slot game that promises players an unforgettable gaming experience. Learn more about this game and how you can maximize your winnings. Play Wolf Gold PinUp &nbsp;Play Wolf Gold 1win &nbsp;Play Wolf Gold Parimatch &hellip;<\/p>\n<p class=\"read-more\"> <a class=\"\" href=\"https:\/\/wolf-gold-slot-review.com\/es\/lobo-oro-1-millon\/\"> <span class=\"screen-reader-text\">Lobo Oro 1 mill\u00f3n<\/span> Leer m\u00e1s &raquo;<\/a><\/p>","protected":false},"author":1,"featured_media":626,"parent":0,"menu_order":0,"comment_status":"closed","ping_status":"closed","template":"","meta":{"site-sidebar-layout":"default","site-content-layout":"default","ast-global-header-display":"","ast-main-header-display":"","ast-hfb-above-header-display":"","ast-hfb-below-header-display":"","ast-hfb-mobile-header-display":"","site-post-title":"disabled","ast-breadcrumbs-content":"","ast-featured-img":"disabled","footer-sml-layout":"","theme-transparent-header-meta":"default","adv-header-id-meta":"","stick-header-meta":"","header-above-stick-meta":"","header-main-stick-meta":"","header-below-stick-meta":"","footnotes":""},"class_list":["post-619","page","type-page","status-publish","has-post-thumbnail","hentry"],"yoast_head":"<!-- This site is optimized with the Yoast SEO Premium plugin v19.5 (Yoast SEO v19.10) - https:\/\/yoast.com\/wordpress\/plugins\/seo\/ -->\n<title>Wolf Gold 1 Million slot - play online for real money online<\/title>\n<meta name=\"description\" content=\"Wolf Gold 1 Million is a highly engaging and rewarding slot game that promises players an unforgettable gaming experience. Get your bonus now\" \/>\n<meta name=\"robots\" content=\"index, follow, max-snippet:-1, max-image-preview:large, max-video-preview:-1\" \/>\n<link rel=\"canonical\" href=\"https:\/\/wolf-gold-slot-review.com\/es\/lobo-oro-1-millon\/\" \/>\n<meta property=\"og:locale\" content=\"es_ES\" \/>\n<meta property=\"og:type\" content=\"article\" \/>\n<meta property=\"og:title\" content=\"Wolf Gold 1 Million\" \/>\n<meta property=\"og:description\" content=\"Wolf Gold 1 Million slot - play online for real money online Wolf Gold 1 Million is a highly engaging and rewarding slot game that promises players an\" \/>\n<meta property=\"og:url\" content=\"https:\/\/wolf-gold-slot-review.com\/es\/lobo-oro-1-millon\/\" \/>\n<meta property=\"og:site_name\" content=\"Wolf Gold Slot in Australia - Play game online for money\" \/>\n<meta property=\"article:modified_time\" content=\"2025-02-04T17:03:46+00:00\" \/>\n<meta property=\"og:image\" content=\"https:\/\/wolf-gold-slot-review.com\/wp-content\/uploads\/2023\/02\/wolf-gold-1-million-site.jpg\" \/>\n\t<meta property=\"og:image:width\" content=\"900\" \/>\n\t<meta property=\"og:image:height\" content=\"900\" \/>\n\t<meta property=\"og:image:type\" content=\"image\/jpeg\" \/>\n<meta name=\"twitter:card\" content=\"summary_large_image\" \/>\n<meta name=\"twitter:label1\" content=\"Tiempo de lectura\" \/>\n\t<meta name=\"twitter:data1\" content=\"5 minutos\" \/>\n<!-- \/ Yoast SEO Premium plugin. -->","yoast_head_json":{"title":"Wolf Gold 1 Million slot - play online for real money online","description":"Wolf Gold 1 Million is a highly engaging and rewarding slot game that promises players an unforgettable gaming experience. Get your bonus now","robots":{"index":"index","follow":"follow","max-snippet":"max-snippet:-1","max-image-preview":"max-image-preview:large","max-video-preview":"max-video-preview:-1"},"canonical":"https:\/\/wolf-gold-slot-review.com\/es\/lobo-oro-1-millon\/","og_locale":"es_ES","og_type":"article","og_title":"Wolf Gold 1 Million","og_description":"Wolf Gold 1 Million slot - play online for real money online Wolf Gold 1 Million is a highly engaging and rewarding slot game that promises players an","og_url":"https:\/\/wolf-gold-slot-review.com\/es\/lobo-oro-1-millon\/","og_site_name":"Wolf Gold Slot in Australia - Play game online for money","article_modified_time":"2025-02-04T17:03:46+00:00","og_image":[{"width":900,"height":900,"url":"https:\/\/wolf-gold-slot-review.com\/wp-content\/uploads\/2023\/02\/wolf-gold-1-million-site.jpg","type":"image\/jpeg"}],"twitter_card":"summary_large_image","twitter_misc":{"Tiempo de lectura":"5 minutos"},"schema":{"@context":"https:\/\/schema.org","@graph":[{"@type":"WebPage","@id":"https:\/\/wolf-gold-slot-review.com\/wolf-gold-1-million\/","url":"https:\/\/wolf-gold-slot-review.com\/wolf-gold-1-million\/","name":"Wolf Gold 1 Million slot - play online for real money online","isPartOf":{"@id":"https:\/\/wolf-gold-slot-review.com\/#website"},"datePublished":"2023-02-21T00:29:20+00:00","dateModified":"2025-02-04T17:03:46+00:00","description":"Wolf Gold 1 Million is a highly engaging and rewarding slot game that promises players an unforgettable gaming experience. Get your bonus now","breadcrumb":{"@id":"https:\/\/wolf-gold-slot-review.com\/wolf-gold-1-million\/#breadcrumb"},"inLanguage":"es","potentialAction":[{"@type":"ReadAction","target":["https:\/\/wolf-gold-slot-review.com\/wolf-gold-1-million\/"]}]},{"@type":"BreadcrumbList","@id":"https:\/\/wolf-gold-slot-review.com\/wolf-gold-1-million\/#breadcrumb","itemListElement":[{"@type":"ListItem","position":1,"name":"Home","item":"https:\/\/wolf-gold-slot-review.com\/"},{"@type":"ListItem","position":2,"name":"Wolf Gold 1 Million"}]},{"@type":"WebSite","@id":"https:\/\/wolf-gold-slot-review.com\/#website","url":"https:\/\/wolf-gold-slot-review.com\/","name":"Wolf Gold Slot in Australia - Play game online for money","description":"Wolf Gold Slot - Official site in Australia","publisher":{"@id":"https:\/\/wolf-gold-slot-review.com\/#organization"},"alternateName":"Wolf Gold Slot","potentialAction":[{"@type":"SearchAction","target":{"@type":"EntryPoint","urlTemplate":"https:\/\/wolf-gold-slot-review.com\/?s={search_term_string}"},"query-input":"required name=search_term_string"}],"inLanguage":"es"},{"@type":"Organization","@id":"https:\/\/wolf-gold-slot-review.com\/#organization","name":"Wolf Gold Slot in Australia - Play game online for money","alternateName":"Wolf Gold Slot","url":"https:\/\/wolf-gold-slot-review.com\/","logo":{"@type":"ImageObject","inLanguage":"es","@id":"https:\/\/wolf-gold-slot-review.com\/#\/schema\/logo\/image\/","url":"https:\/\/wolf-gold-slot-review.com\/wp-content\/uploads\/2022\/11\/cropped-logowolf.png","contentUrl":"https:\/\/wolf-gold-slot-review.com\/wp-content\/uploads\/2022\/11\/cropped-logowolf.png","width":265,"height":100,"caption":"Wolf Gold Slot in Australia - Play game online for money"},"image":{"@id":"https:\/\/wolf-gold-slot-review.com\/#\/schema\/logo\/image\/"}}]}},"_links":{"self":[{"href":"https:\/\/wolf-gold-slot-review.com\/es\/wp-json\/wp\/v2\/pages\/619","targetHints":{"allow":["GET"]}}],"collection":[{"href":"https:\/\/wolf-gold-slot-review.com\/es\/wp-json\/wp\/v2\/pages"}],"about":[{"href":"https:\/\/wolf-gold-slot-review.com\/es\/wp-json\/wp\/v2\/types\/page"}],"author":[{"embeddable":true,"href":"https:\/\/wolf-gold-slot-review.com\/es\/wp-json\/wp\/v2\/users\/1"}],"replies":[{"embeddable":true,"href":"https:\/\/wolf-gold-slot-review.com\/es\/wp-json\/wp\/v2\/comments?post=619"}],"version-history":[{"count":4,"href":"https:\/\/wolf-gold-slot-review.com\/es\/wp-json\/wp\/v2\/pages\/619\/revisions"}],"predecessor-version":[{"id":683,"href":"https:\/\/wolf-gold-slot-review.com\/es\/wp-json\/wp\/v2\/pages\/619\/revisions\/683"}],"wp:featuredmedia":[{"embeddable":true,"href":"https:\/\/wolf-gold-slot-review.com\/es\/wp-json\/wp\/v2\/media\/626"}],"wp:attachment":[{"href":"https:\/\/wolf-gold-slot-review.com\/es\/wp-json\/wp\/v2\/media?parent=619"}],"curies":[{"name":"wp","href":"https:\/\/api.w.org\/{rel}","templated":true}]}}