{"id":14,"date":"2022-11-19T15:21:57","date_gmt":"2022-11-19T15:21:57","guid":{"rendered":"https:\/\/wolf-gold-slot-review.com\/?page_id=14"},"modified":"2023-02-21T13:58:19","modified_gmt":"2023-02-21T13:58:19","slug":"download-wolf-gold-apk","status":"publish","type":"page","link":"https:\/\/wolf-gold-slot-review.com\/fr\/telecharger-loup-or-apk\/","title":{"rendered":"T\u00e9l\u00e9charger Wolf Gold"},"content":{"rendered":"<h1 style=\"text-align: center;\"><strong>T\u00e9l\u00e9chargez l'application Wolf Gold sur votre t\u00e9l\u00e9phone andro\u00efde, votre iPhone ou votre PC.<\/strong><\/h1>\n<p>T\u00e9l\u00e9charger l'application Wolf Gold - tr\u00e8s facile, elle vous donnera la possibilit\u00e9 de jouer \u00e0 votre machine \u00e0 sous pr\u00e9f\u00e9r\u00e9e sur votre smartphone partout et \u00e0 tout moment. La technologie moderne vous permet de profiter des jeux d'argent directement sur votre appareil mobile. T\u00e9l\u00e9chargez l'application, ou utilisez le site officiel du casino via votre navigateur, et effectuez une recherche par nom pour trouver la machine \u00e0 sous que vous souhaitez. Dans les deux cas, vous aurez acc\u00e8s \u00e0 toutes les fonctionnalit\u00e9s de la marque choisie.<\/p>\n<p style=\"text-align: center;\"><a class=\"fasc-button fasc-size-large fasc-type-glossy fasc-rounded-medium\" style=\"background-color: #33809e; color: #ffffff;\" href=\"https:\/\/wolf-gold-slot-review.com\/fr\/jeu-loup-or-1win\/\">Jouer \u00e0 la pin-up Wolf Gold<\/a> &nbsp;<a class=\"fasc-button fasc-size-large fasc-type-glossy fasc-rounded-medium\" style=\"background-color: #33809e; color: #ffffff;\" href=\"https:\/\/wolf-gold-slot-review.com\/fr\/jeu-loup-or-1win\/\">Jouer \u00e0 Wolf Gold 1win<\/a> &nbsp;<a class=\"fasc-button fasc-size-large fasc-type-glossy fasc-rounded-medium\" style=\"background-color: #33809e; color: #ffffff;\" href=\"https:\/\/wolf-gold-slot-review.com\/fr\/play-wolf-gold-parimatch\/\">Jouez \u00e0 Wolf Gold Parimatch <\/a>&nbsp; <a class=\"fasc-button fasc-size-large fasc-type-glossy fasc-rounded-medium\" style=\"background-color: #33809e; color: #ffffff;\" href=\"https:\/\/wolf-gold-slot-review.com\/fr\/demo-wolf-gold-slot\/\">Jouer \u00e0 la d\u00e9mo de Wolf Gold<\/a>&nbsp;<\/p>\n<p>Les utilisateurs de casinos en ligne pr\u00e9f\u00e8rent de plus en plus jouer via leur t\u00e9l\u00e9phone. Il suffit de t\u00e9l\u00e9charger l'application Wolf Gold ou d'autres machines \u00e0 sous sur votre smartphone via les magasins officiels Android Play Market, App Store pour iOS. Une autre option pour les utilisateurs d'android est de t\u00e9l\u00e9charger le fichier APK du jeu sur internet ou sur le site du casino en ligne. La version mobile n'est pas diff\u00e9rente de la version informatique, et une interface conviviale permettra m\u00eame aux propri\u00e9taires de gadgets faibles de v\u00e9rifier leur chance. Rien ne vous emp\u00eachera de vous plonger dans le jeu et d'avoir une r\u00e9elle chance de gagner de l'argent.<\/p>\n<h2 style=\"text-align: center;\"><strong>Comment t\u00e9l\u00e9charger l'application Wolf Gold sur un t\u00e9l\u00e9phone portable ?<\/strong><\/h2>\n<p>Pour t\u00e9l\u00e9charger Wolf Gold sur Android ou iOS, vous devrez vous rendre sur le site du casino en ligne et s\u00e9lectionner la section appropri\u00e9e. La plupart des clubs de jeux proposent aux clients une application mobile, qui permet de jouer confortablement sur n'importe quel smartphone.<\/p>\n<p><img decoding=\"async\" class=\"aligncenter wp-image-427\" src=\"https:\/\/wolf-gold-slot-review.com\/wp-content\/uploads\/2022\/11\/wolf-gold-android-1.jpg\" alt=\"Wolf Gold Android\" width=\"532\" height=\"336\" srcset=\"\/\/wolf-gold-slot-review.com\/wp-content\/uploads\/2022\/11\/wolf-gold-android-1.jpg 720w, \/\/wolf-gold-slot-review.com\/wp-content\/uploads\/2022\/11\/wolf-gold-android-1-300x190.jpg 300w, \/\/wolf-gold-slot-review.com\/wp-content\/uploads\/2022\/11\/wolf-gold-android-1-150x95.jpg 150w\" sizes=\"(max-width: 532px) 100vw, 532px\" \/><\/p>\n<p>La proc\u00e9dure de t\u00e9l\u00e9chargement et d'installation de l'application Wolf Gold est aussi simple que possible et sera compr\u00e9hensible m\u00eame pour un d\u00e9butant. Dans la plupart des cas, l'administration du casino montre des instructions d\u00e9taill\u00e9es. Vous n'aurez certainement aucun probl\u00e8me pour savoir comment faire tourner les rouleaux depuis votre t\u00e9l\u00e9phone. Ce n'est pas diff\u00e9rent si vous avez d\u00e9cid\u00e9 de jouer sur un ordinateur.<\/p>\n<h3 style=\"text-align: center;\"><strong>T\u00e9l\u00e9charger une version de d\u00e9monstration de la machine \u00e0 sous Wolf Gold<\/strong><\/h3>\n<p>Vous pouvez t\u00e9l\u00e9charger le jeu gratuitement pour jouer au mode d\u00e9mo de Wolf Gold sur votre t\u00e9l\u00e9phone mobile. Il s'agit d'une version enti\u00e8rement gratuite de la machine \u00e0 sous, qui est disponible sans inscription ni d\u00e9p\u00f4t. Par cons\u00e9quent, les joueurs n'auront pas \u00e0 d\u00e9penser de l'argent r\u00e9el et \u00e0 prendre des risques. Cependant, vous ne pourrez pas non plus gagner quoi que ce soit, mais ce sera un excellent moyen d'acqu\u00e9rir de l'exp\u00e9rience afin de pouvoir l'utiliser plus tard pour des paris r\u00e9els.<\/p>\n<p><img decoding=\"async\" class=\"aligncenter wp-image-424 size-full\" src=\"https:\/\/wolf-gold-slot-review.com\/wp-content\/uploads\/2022\/11\/wolfgold-demo.jpg\" alt=\"wolf gold demo\" width=\"300\" height=\"422\" srcset=\"\/\/wolf-gold-slot-review.com\/wp-content\/uploads\/2022\/11\/wolfgold-demo.jpg 300w, \/\/wolf-gold-slot-review.com\/wp-content\/uploads\/2022\/11\/wolfgold-demo-213x300.jpg 213w, \/\/wolf-gold-slot-review.com\/wp-content\/uploads\/2022\/11\/wolfgold-demo-107x150.jpg 107w\" sizes=\"(max-width: 300px) 100vw, 300px\" \/><\/p>\n<h3 style=\"text-align: center;\"><strong>T\u00e9l\u00e9charger le fichier APK de Wolf Gold<\/strong><\/h3>\n<p>Les utilisateurs d'appareils Android peuvent t\u00e9l\u00e9charger le fichier APK avec le jeu Wolf Gold. Le fichier peut \u00eatre trouv\u00e9 sur le site du casino officiel dans la section \"T\u00e9l\u00e9charger\". Nous ne vous conseillons pas de t\u00e9l\u00e9charger des fichiers APK tiers sur Internet. Apr\u00e8s avoir install\u00e9 le fichier APK avec le jeu, vous aurez l'application habituelle sur votre appareil.<\/p>\n<ol>\n<li>T\u00e9l\u00e9chargez le fichier APK du jeu sur le site officiel du casino en ligne ;<\/li>\n<li>Autorisez l'installation de l'application sur votre appareil ;<\/li>\n<li>Inscrivez-vous ou connectez-vous \u00e0 votre compte de casino ;<\/li>\n<li>Rechargez votre solde ;<\/li>\n<li>Trouvez l'emplacement souhait\u00e9 par le biais de la recherche ;<\/li>\n<li>Faire un pari<\/li>\n<\/ol>\n<p><img decoding=\"async\" class=\"aligncenter wp-image-428 size-full\" src=\"https:\/\/wolf-gold-slot-review.com\/wp-content\/uploads\/2022\/11\/wolfgold-apk-en-e1669739317160.jpg\" alt=\"wolfgold apk fr\" width=\"406\" height=\"433\" srcset=\"\/\/wolf-gold-slot-review.com\/wp-content\/uploads\/2022\/11\/wolfgold-apk-en-e1669739317160.jpg 406w, \/\/wolf-gold-slot-review.com\/wp-content\/uploads\/2022\/11\/wolfgold-apk-en-e1669739317160-281x300.jpg 281w, \/\/wolf-gold-slot-review.com\/wp-content\/uploads\/2022\/11\/wolfgold-apk-en-e1669739317160-141x150.jpg 141w\" sizes=\"(max-width: 406px) 100vw, 406px\" \/><span style=\"font-size: 16px;\">Avant de t\u00e9l\u00e9charger l'application WolfGold, vous devez choisir un casino en ligne appropri\u00e9. Privil\u00e9giez les marques sous licence qui op\u00e8rent depuis plusieurs ann\u00e9es et offrent des bonus int\u00e9ressants, tels que :<\/span>100% sur le premier d\u00e9p\u00f4t ;<\/p>\n<ul>\n<li>15% cashback ;<\/li>\n<li>Promotions hebdomadaires ;<\/li>\n<li>Des bonus sans d\u00e9p\u00f4t et bien plus encore.<\/li>\n<\/ul>\n<p>Vous trouverez ci-dessous une liste de casinos en ligne officiels et recommand\u00e9s :<\/p>\n<p>1win casino - est un casino en ligne l\u00e9gal et populaire.<br \/>\nPinUp casino - un grand bookmaker de casino en ligne qui a dans sa structure.<br \/>\nParimatch casino - est l'une des plus grandes soci\u00e9t\u00e9s de casinos et de paris en ligne au monde.<\/p>\n<h3 style=\"text-align: center;\"><strong>Quel est le meilleur endroit pour jouer \u00e0 Wolf Gold - une application sur un smartphone ou un PC ?<\/strong><\/h3>\n<p>Une question de go\u00fbt. La version de bureau via le navigateur est plus adapt\u00e9e pour jouer \u00e0 la maison dans une atmosph\u00e8re calme, avec un verre de d\u00e9licieuse bi\u00e8re. Avec l'application, vous pouvez profiter du jeu \u00e0 tout moment et en tout lieu. Avec l'application, il est facile de passer le temps dans le m\u00e9tro, dans la file d'attente, ou m\u00eame au travail. Essayez les deux options et choisissez celle que vous pr\u00e9f\u00e9rez. La chance sera avec vous !<\/p>","protected":false},"excerpt":{"rendered":"<p>Download Wolf Gold app on your android phone, iPhone or PC Download app Wolf Gold &#8211; very easy, it will give you the opportunity to play your favorite slot machine on your smartphone anywhere and any time. Modern technology allows you to enjoy gambling right on your mobile device. Download the app, or use the &hellip;<\/p>\n<p class=\"read-more\"> <a class=\"\" href=\"https:\/\/wolf-gold-slot-review.com\/fr\/telecharger-loup-or-apk\/\"> <span class=\"screen-reader-text\">T\u00e9l\u00e9charger Wolf Gold<\/span> Lire la suite\u00a0\u00bb<\/a><\/p>","protected":false},"author":1,"featured_media":606,"parent":0,"menu_order":0,"comment_status":"closed","ping_status":"closed","template":"","meta":{"site-sidebar-layout":"default","site-content-layout":"default","ast-global-header-display":"","ast-main-header-display":"","ast-hfb-above-header-display":"","ast-hfb-below-header-display":"","ast-hfb-mobile-header-display":"","site-post-title":"disabled","ast-breadcrumbs-content":"","ast-featured-img":"disabled","footer-sml-layout":"","theme-transparent-header-meta":"default","adv-header-id-meta":"","stick-header-meta":"","header-above-stick-meta":"","header-main-stick-meta":"","header-below-stick-meta":"","footnotes":""},"class_list":["post-14","page","type-page","status-publish","has-post-thumbnail","hentry"],"yoast_head":"<!-- This site is optimized with the Yoast SEO Premium plugin v19.5 (Yoast SEO v19.10) - https:\/\/yoast.com\/wordpress\/plugins\/seo\/ -->\n<title>Download Wolf Gold Slot app on your phone or computer free<\/title>\n<meta name=\"description\" content=\"How to download the game Wolf Gold for iPhone, Android, PC. Download Wolf Gold app to play for real money using our site and get your bonus.\" \/>\n<meta name=\"robots\" content=\"index, follow, max-snippet:-1, max-image-preview:large, max-video-preview:-1\" \/>\n<link rel=\"canonical\" href=\"https:\/\/wolf-gold-slot-review.com\/fr\/telecharger-loup-or-apk\/\" \/>\n<meta property=\"og:locale\" content=\"fr_FR\" \/>\n<meta property=\"og:type\" content=\"article\" \/>\n<meta property=\"og:title\" content=\"Download Wolf Gold\" \/>\n<meta property=\"og:description\" content=\"Download Wolf Gold app on your android phone, iPhone or PC Download app Wolf Gold - very easy, it will give you the opportunity to play your favorite slot\" \/>\n<meta property=\"og:url\" content=\"https:\/\/wolf-gold-slot-review.com\/fr\/telecharger-loup-or-apk\/\" \/>\n<meta property=\"og:site_name\" content=\"Wolf Gold Slot in Australia - Play game online for money\" \/>\n<meta property=\"article:modified_time\" content=\"2023-02-21T13:58:19+00:00\" \/>\n<meta property=\"og:image\" content=\"https:\/\/wolf-gold-slot-review.com\/wp-content\/uploads\/2023\/02\/download-app-wolf-gold.jpg\" \/>\n\t<meta property=\"og:image:width\" content=\"900\" \/>\n\t<meta property=\"og:image:height\" content=\"900\" \/>\n\t<meta property=\"og:image:type\" content=\"image\/jpeg\" \/>\n<meta name=\"twitter:card\" content=\"summary_large_image\" \/>\n<meta name=\"twitter:label1\" content=\"Dur\u00e9e de lecture estim\u00e9e\" \/>\n\t<meta name=\"twitter:data1\" content=\"5 minutes\" \/>\n<!-- \/ Yoast SEO Premium plugin. -->","yoast_head_json":{"title":"Download Wolf Gold Slot app on your phone or computer free","description":"How to download the game Wolf Gold for iPhone, Android, PC. Download Wolf Gold app to play for real money using our site and get your bonus.","robots":{"index":"index","follow":"follow","max-snippet":"max-snippet:-1","max-image-preview":"max-image-preview:large","max-video-preview":"max-video-preview:-1"},"canonical":"https:\/\/wolf-gold-slot-review.com\/fr\/telecharger-loup-or-apk\/","og_locale":"fr_FR","og_type":"article","og_title":"Download Wolf Gold","og_description":"Download Wolf Gold app on your android phone, iPhone or PC Download app Wolf Gold - very easy, it will give you the opportunity to play your favorite slot","og_url":"https:\/\/wolf-gold-slot-review.com\/fr\/telecharger-loup-or-apk\/","og_site_name":"Wolf Gold Slot in Australia - Play game online for money","article_modified_time":"2023-02-21T13:58:19+00:00","og_image":[{"width":900,"height":900,"url":"https:\/\/wolf-gold-slot-review.com\/wp-content\/uploads\/2023\/02\/download-app-wolf-gold.jpg","type":"image\/jpeg"}],"twitter_card":"summary_large_image","twitter_misc":{"Dur\u00e9e de lecture estim\u00e9e":"5 minutes"},"schema":{"@context":"https:\/\/schema.org","@graph":[{"@type":"WebPage","@id":"https:\/\/wolf-gold-slot-review.com\/download-wolf-gold-apk\/","url":"https:\/\/wolf-gold-slot-review.com\/download-wolf-gold-apk\/","name":"Download Wolf Gold Slot app on your phone or computer free","isPartOf":{"@id":"https:\/\/wolf-gold-slot-review.com\/#website"},"datePublished":"2022-11-19T15:21:57+00:00","dateModified":"2023-02-21T13:58:19+00:00","description":"How to download the game Wolf Gold for iPhone, Android, PC. Download Wolf Gold app to play for real money using our site and get your bonus.","breadcrumb":{"@id":"https:\/\/wolf-gold-slot-review.com\/download-wolf-gold-apk\/#breadcrumb"},"inLanguage":"fr-FR","potentialAction":[{"@type":"ReadAction","target":["https:\/\/wolf-gold-slot-review.com\/download-wolf-gold-apk\/"]}]},{"@type":"BreadcrumbList","@id":"https:\/\/wolf-gold-slot-review.com\/download-wolf-gold-apk\/#breadcrumb","itemListElement":[{"@type":"ListItem","position":1,"name":"Home","item":"https:\/\/wolf-gold-slot-review.com\/"},{"@type":"ListItem","position":2,"name":"Download Wolf Gold"}]},{"@type":"WebSite","@id":"https:\/\/wolf-gold-slot-review.com\/#website","url":"https:\/\/wolf-gold-slot-review.com\/","name":"Wolf Gold Slot in Australia - Play game online for money","description":"Wolf Gold Slot - Official site in Australia","publisher":{"@id":"https:\/\/wolf-gold-slot-review.com\/#organization"},"alternateName":"Wolf Gold Slot","potentialAction":[{"@type":"SearchAction","target":{"@type":"EntryPoint","urlTemplate":"https:\/\/wolf-gold-slot-review.com\/?s={search_term_string}"},"query-input":"required name=search_term_string"}],"inLanguage":"fr-FR"},{"@type":"Organization","@id":"https:\/\/wolf-gold-slot-review.com\/#organization","name":"Wolf Gold Slot in Australia - Play game online for money","alternateName":"Wolf Gold Slot","url":"https:\/\/wolf-gold-slot-review.com\/","logo":{"@type":"ImageObject","inLanguage":"fr-FR","@id":"https:\/\/wolf-gold-slot-review.com\/#\/schema\/logo\/image\/","url":"https:\/\/wolf-gold-slot-review.com\/wp-content\/uploads\/2022\/11\/cropped-logowolf.png","contentUrl":"https:\/\/wolf-gold-slot-review.com\/wp-content\/uploads\/2022\/11\/cropped-logowolf.png","width":265,"height":100,"caption":"Wolf Gold Slot in Australia - Play game online for money"},"image":{"@id":"https:\/\/wolf-gold-slot-review.com\/#\/schema\/logo\/image\/"}}]}},"_links":{"self":[{"href":"https:\/\/wolf-gold-slot-review.com\/fr\/wp-json\/wp\/v2\/pages\/14","targetHints":{"allow":["GET"]}}],"collection":[{"href":"https:\/\/wolf-gold-slot-review.com\/fr\/wp-json\/wp\/v2\/pages"}],"about":[{"href":"https:\/\/wolf-gold-slot-review.com\/fr\/wp-json\/wp\/v2\/types\/page"}],"author":[{"embeddable":true,"href":"https:\/\/wolf-gold-slot-review.com\/fr\/wp-json\/wp\/v2\/users\/1"}],"replies":[{"embeddable":true,"href":"https:\/\/wolf-gold-slot-review.com\/fr\/wp-json\/wp\/v2\/comments?post=14"}],"version-history":[{"count":11,"href":"https:\/\/wolf-gold-slot-review.com\/fr\/wp-json\/wp\/v2\/pages\/14\/revisions"}],"predecessor-version":[{"id":675,"href":"https:\/\/wolf-gold-slot-review.com\/fr\/wp-json\/wp\/v2\/pages\/14\/revisions\/675"}],"wp:featuredmedia":[{"embeddable":true,"href":"https:\/\/wolf-gold-slot-review.com\/fr\/wp-json\/wp\/v2\/media\/606"}],"wp:attachment":[{"href":"https:\/\/wolf-gold-slot-review.com\/fr\/wp-json\/wp\/v2\/media?parent=14"}],"curies":[{"name":"wp","href":"https:\/\/api.w.org\/{rel}","templated":true}]}}