{"id":22,"date":"2022-11-19T15:39:37","date_gmt":"2022-11-19T15:39:37","guid":{"rendered":"https:\/\/wolf-gold-slot-review.com\/?page_id=22"},"modified":"2023-02-21T14:01:50","modified_gmt":"2023-02-21T14:01:50","slug":"how-to-play-wolf-gold","status":"publish","type":"page","link":"https:\/\/wolf-gold-slot-review.com\/fr\/comment-jouer-au-loup-or\/","title":{"rendered":"Comment jouer \u00e0 Wolf Gold"},"content":{"rendered":"<h1 style=\"text-align: center;\"><strong>Wolf Gold - comment gagner de l'argent au jeu<\/strong><\/h1>\n<p>Wolf Gold est une machine \u00e0 sous de Pragmatic Play, disponible sur les ordinateurs et les appareils mobiles. Profitez du gameplay peut tout le monde. Il vous suffit de choisir l'un des casinos en ligne propos\u00e9s, si vous voulez jouer pour de l'argent r\u00e9el et de suivre les instructions. La strat\u00e9gie de jeu de Wolf Gold vous aidera \u00e0 minimiser les risques et \u00e0 comprendre les nuances du jeu.<\/p>\n<p style=\"text-align: center;\"><a class=\"fasc-button fasc-size-large fasc-type-glossy fasc-rounded-medium\" style=\"background-color: #33809e; color: #ffffff;\" href=\"https:\/\/wolf-gold-slot-review.com\/fr\/play-wolf-gold-pin-up\/\">Jouer \u00e0 la pin-up Wolf Gold<\/a> &nbsp;<a class=\"fasc-button fasc-size-large fasc-type-glossy fasc-rounded-medium\" style=\"background-color: #33809e; color: #ffffff;\" href=\"https:\/\/wolf-gold-slot-review.com\/fr\/jeu-loup-or-1win\/\">Jouer \u00e0 Wolf Gold 1win<\/a> &nbsp;<a class=\"fasc-button fasc-size-large fasc-type-glossy fasc-rounded-medium\" style=\"background-color: #33809e; color: #ffffff;\" href=\"https:\/\/wolf-gold-slot-review.com\/fr\/play-wolf-gold-parimatch\/\">Jouez \u00e0 Wolf Gold Parimatch <\/a>&nbsp; <a class=\"fasc-button fasc-size-large fasc-type-glossy fasc-rounded-medium\" style=\"background-color: #33809e; color: #ffffff;\" href=\"https:\/\/wolf-gold-slot-review.com\/fr\/demo-wolf-gold-slot\/\">Jouer \u00e0 la d\u00e9mo de Wolf Gold<\/a>&nbsp;<\/p>\n<h2 style=\"text-align: center;\"><strong>Nombre de lignes et taille des paris<\/strong><\/h2>\n<p>Le tour principal de Wolf Gold se d\u00e9roule sur 5 rouleaux et 25 lignes de paiement. Vous ne pouvez pas choisir le nombre de lignes, le gameplay est bas\u00e9 sur des param\u00e8tres fixes. Et la mise est automatiquement multipli\u00e9e par 25. Pour certains, le manque de variation peut \u00eatre un moins, mais il est conseill\u00e9 aux joueurs exp\u00e9riment\u00e9s d'utiliser toutes les lignes. Pour obtenir la probabilit\u00e9 maximale de gagner.<\/p>\n<p><img decoding=\"async\" class=\"aligncenter size-full wp-image-515\" src=\"https:\/\/wolf-gold-slot-review.com\/wp-content\/uploads\/2023\/02\/wolf-gold-slot-online-casino.jpg\" alt=\"wolf gold slot online casino\" width=\"900\" height=\"483\" srcset=\"\/\/wolf-gold-slot-review.com\/wp-content\/uploads\/2023\/02\/wolf-gold-slot-online-casino.jpg 900w, \/\/wolf-gold-slot-review.com\/wp-content\/uploads\/2023\/02\/wolf-gold-slot-online-casino-300x161.jpg 300w, \/\/wolf-gold-slot-review.com\/wp-content\/uploads\/2023\/02\/wolf-gold-slot-online-casino-150x81.jpg 150w, \/\/wolf-gold-slot-review.com\/wp-content\/uploads\/2023\/02\/wolf-gold-slot-online-casino-768x412.jpg 768w, \/\/wolf-gold-slot-review.com\/wp-content\/uploads\/2023\/02\/wolf-gold-slot-online-casino-18x10.jpg 18w\" sizes=\"(max-width: 900px) 100vw, 900px\" \/><\/p>\n<p>La mise dans Wolf Gold d\u00e9pend du casino que vous choisissez. Dans de nombreux cas, les clubs de jeux permettent de parier \u00e0 partir de 0,25 $. Par cons\u00e9quent, m\u00eame un d\u00e9butant absolu pourra commencer \u00e0 jouer, et il n'est pas n\u00e9cessaire de d\u00e9penser beaucoup d'argent. La mise est s\u00e9lectionn\u00e9e par les boutons appropri\u00e9s.<\/p>\n<p>Sur le panneau de contr\u00f4le, vous pouvez s\u00e9lectionner le nombre de pi\u00e8ces et leur d\u00e9nomination. Vous pouvez utiliser jusqu'\u00e0 10 pi\u00e8ces d'une valeur de 0,5 $ ou plus. La mise maximale d\u00e9pend \u00e9galement du casino o\u00f9 vous jouez, ainsi que de la devise s\u00e9lectionn\u00e9e. \u00c0 partir de ces \u00e9l\u00e9ments, les utilisateurs pourront d\u00e9terminer le sch\u00e9ma du jeu et \u00e9laborer leurs propres strat\u00e9gies.<\/p>\n<h3 style=\"text-align: center;\"><strong>Tours de bonus de Wolf Gold<\/strong><\/h3>\n<p>Avant de jouer \u00e0 Wolf Gold, les utilisateurs doivent se familiariser avec les options de bonus, car elles offrent le maximum d'avantages. Le plus gros gain pour une combinaison (vous devez r\u00e9unir plus de trois images identiques sur la ligne) est de x20 \u00e0 la mise. Mais avec les fonctions bonus, ce coefficient peut augmenter de plusieurs fois. Parmi les options suppl\u00e9mentaires, on peut noter :<\/p>\n<p><img decoding=\"async\" class=\"aligncenter size-full wp-image-580\" src=\"https:\/\/wolf-gold-slot-review.com\/wp-content\/uploads\/2023\/02\/wolf-gold-bonus-round.jpg\" alt=\"Tour de bonus de l&#039;or du loup\" width=\"800\" height=\"448\" srcset=\"\/\/wolf-gold-slot-review.com\/wp-content\/uploads\/2023\/02\/wolf-gold-bonus-round.jpg 800w, \/\/wolf-gold-slot-review.com\/wp-content\/uploads\/2023\/02\/wolf-gold-bonus-round-300x168.jpg 300w, \/\/wolf-gold-slot-review.com\/wp-content\/uploads\/2023\/02\/wolf-gold-bonus-round-150x84.jpg 150w, \/\/wolf-gold-slot-review.com\/wp-content\/uploads\/2023\/02\/wolf-gold-bonus-round-768x430.jpg 768w, \/\/wolf-gold-slot-review.com\/wp-content\/uploads\/2023\/02\/wolf-gold-bonus-round-18x10.jpg 18w\" sizes=\"(max-width: 800px) 100vw, 800px\" \/><\/p>\n<p><strong>Wild<\/strong> - loup. Le symbole se substitue \u00e0 d'autres images.<br \/>\n<strong>Diffuser<\/strong> - canyon. Le symbole scatter, lorsqu'il combine trois images, d\u00e9clenche des tours gratuits.<br \/>\n<strong>Symbole de l'argent<\/strong> - lune. Donne des paiements suppl\u00e9mentaires et peut apporter au joueur un jackpot de plusieurs centaines de milliers de dollars.<\/p>\n<h4 style=\"text-align: center;\"><strong>Strat\u00e9gie et tactique dans Wolf Gold<\/strong><\/h4>\n<p>Tout d'abord, il convient de noter qu'il n'existe pas de strat\u00e9gie 100% pour jouer \u00e0 Wolf Gold pour de l'argent. Le r\u00e9sultat du tour d\u00e9pend des algorithmes math\u00e9matiques. Les tactiques de jeu doivent \u00eatre choisies par vous-m\u00eame car la responsabilit\u00e9 repose uniquement sur vous. En cas de perte, vous ne pouvez pas r\u00e9cup\u00e9rer votre argent.<\/p>\n<p>Wolf Gold ne vous permet pas de modifier le nombre de lignes de paiement et d'autres d\u00e9tails du jeu. Influencer les param\u00e8tres l'utilisateur ne peut pas. Il reste \u00e0 choisir la mise judicieusement pour qu'en cas de perte la perte ne soit pas trop dure.<\/p>\n<p>Consid\u00e9rez les jeux d'argent comme un divertissement, afin de pouvoir profiter du jeu. D\u00e8s que le joueur gagne une grosse somme d'argent, il est bon de penser \u00e0 arr\u00eater le jeu. Apr\u00e8s tout, il arrive tr\u00e8s souvent que les joueurs s'adonnent au jeu et perdent tout leur solde \u00e0 la recherche d'encore plus d'argent.<\/p>\n<h4 style=\"text-align: center;\"><strong>Conseils des acteurs de premier plan<\/strong><\/h4>\n<p>Les joueurs exp\u00e9riment\u00e9s donnent des conseils utiles pour vous aider \u00e0 gagner plus \u00e0 Wolf Gold :<\/p>\n<ul>\n<li>Ne choisissez que des casinos sous licence. Un projet disposant d'une licence Cura\u00e7ao ou d'autres certifications constitue une garantie suppl\u00e9mentaire d'\u00e9quit\u00e9 du jeu, de sorte que vous n'aurez aucun doute sur la qualit\u00e9 du jeu.<\/li>\n<li>Profitez des bonus de casino. De nombreuses enseignes offrent des bonus de bienvenue aux nouveaux joueurs. Les clients peuvent obtenir 100% sur leur premier d\u00e9p\u00f4t et de nombreuses autres r\u00e9compenses en fonction du casino qu'ils choisissent.<\/li>\n<li>Ne faites pas de grosses mises. Un nouveau venu ne doit pas d\u00e9penser beaucoup d'argent au d\u00e9but de la partie. La solution id\u00e9ale serait de diviser le solde en plusieurs parties et de ne pas miser au-del\u00e0 de cette marque pour un tour. Ainsi, vous aurez la possibilit\u00e9 de regagner de l'argent si le dernier tour a \u00e9t\u00e9 infructueux.<\/li>\n<\/ul>\n<h4 style=\"text-align: center;\"><strong>Ne faites pas confiance aux tricheurs<\/strong><\/h4>\n<p>Il existe de nombreux conseils et strat\u00e9gies en ligne qui vous diront comment gagner \u00e0 Wolf Gold et \u00e0 d'autres machines \u00e0 sous. Vous devez vous m\u00e9fier de ces utilisateurs et v\u00e9rifier soigneusement les informations fournies. Au mieux, l'utilisateur n'obtiendra aucun r\u00e9sultat, au pire, il enverra l'argent aux malfaiteurs.<\/p>\n<p>N'oubliez pas que le r\u00e9sultat du tour dans Wolf Gold et d'autres machines \u00e0 sous est d\u00e9termin\u00e9 par un g\u00e9n\u00e9rateur de nombres al\u00e9atoires. Les d\u00e9veloppeurs cr\u00e9ent des algorithmes math\u00e9matiques qui offrent la m\u00eame chance de gagner \u00e0 chaque client. Par cons\u00e9quent, influencer le r\u00e9sultat du jeu ne peut pas m\u00eame l'administration du casino.<\/p>\n<p>Ne confiez pas votre argent \u00e0 des utilisateurs tiers. Ils peuvent vous proposer de d\u00e9bloquer votre compte ou vous vendre un syst\u00e8me unique qui vous permettra de gagner \u00e0 coup s\u00fbr. Les paiements d\u00e9pendent uniquement de votre chance, les clients sont laiss\u00e9s \u00e0 eux-m\u00eames pour faire tourner les rouleaux et esp\u00e9rer leur fortune. N'utilisez que des casinos en ligne ayant fait leurs preuves et poss\u00e9dant une licence. C'est la seule fa\u00e7on d'avoir une r\u00e9elle opportunit\u00e9 de gagner de l'argent.<\/p>","protected":false},"excerpt":{"rendered":"<p>Wolf Gold &#8211; how to win the game for money Wolf Gold is a slot machine from Pragmatic Play, available on computers and mobile devices. Enjoy the gameplay can anyone. You only need to choose one of the proposed online casinos, if you&#8217;re going to play for real money and follow the instructions. The strategy &hellip;<\/p>\n<p class=\"read-more\"> <a class=\"\" href=\"https:\/\/wolf-gold-slot-review.com\/fr\/comment-jouer-au-loup-or\/\"> <span class=\"screen-reader-text\">Comment jouer \u00e0 Wolf Gold<\/span> Lire la suite\u00a0\u00bb<\/a><\/p>","protected":false},"author":1,"featured_media":607,"parent":0,"menu_order":0,"comment_status":"closed","ping_status":"closed","template":"","meta":{"site-sidebar-layout":"default","site-content-layout":"default","ast-global-header-display":"","ast-main-header-display":"","ast-hfb-above-header-display":"","ast-hfb-below-header-display":"","ast-hfb-mobile-header-display":"","site-post-title":"disabled","ast-breadcrumbs-content":"","ast-featured-img":"disabled","footer-sml-layout":"","theme-transparent-header-meta":"default","adv-header-id-meta":"","stick-header-meta":"","header-above-stick-meta":"","header-main-stick-meta":"","header-below-stick-meta":"","footnotes":""},"class_list":["post-22","page","type-page","status-publish","has-post-thumbnail","hentry"],"yoast_head":"<!-- This site is optimized with the Yoast SEO Premium plugin v19.5 (Yoast SEO v19.10) - https:\/\/yoast.com\/wordpress\/plugins\/seo\/ -->\n<title>How to play Wolf Gold slot for money in online casinos. Get bonus<\/title>\n<meta name=\"description\" content=\"Step by step instructions on how to start playing Wolf Gold slot for real money in a reliable online casino. Get your bonus online now\" \/>\n<meta name=\"robots\" content=\"index, follow, max-snippet:-1, max-image-preview:large, max-video-preview:-1\" \/>\n<link rel=\"canonical\" href=\"https:\/\/wolf-gold-slot-review.com\/fr\/comment-jouer-au-loup-or\/\" \/>\n<meta property=\"og:locale\" content=\"fr_FR\" \/>\n<meta property=\"og:type\" content=\"article\" \/>\n<meta property=\"og:title\" content=\"How to play Wolf Gold\" \/>\n<meta property=\"og:description\" content=\"Wolf Gold - how to win the game for money Wolf Gold is a slot machine from Pragmatic Play, available on computers and mobile devices. Enjoy the gameplay\" \/>\n<meta property=\"og:url\" content=\"https:\/\/wolf-gold-slot-review.com\/fr\/comment-jouer-au-loup-or\/\" \/>\n<meta property=\"og:site_name\" content=\"Wolf Gold Slot in Australia - Play game online for money\" \/>\n<meta property=\"article:modified_time\" content=\"2023-02-21T14:01:50+00:00\" \/>\n<meta property=\"og:image\" content=\"https:\/\/wolf-gold-slot-review.com\/wp-content\/uploads\/2023\/02\/how-to-play-wolf-gold.jpg\" \/>\n\t<meta property=\"og:image:width\" content=\"900\" \/>\n\t<meta property=\"og:image:height\" content=\"900\" \/>\n\t<meta property=\"og:image:type\" content=\"image\/jpeg\" \/>\n<meta name=\"twitter:card\" content=\"summary_large_image\" \/>\n<meta name=\"twitter:label1\" content=\"Dur\u00e9e de lecture estim\u00e9e\" \/>\n\t<meta name=\"twitter:data1\" content=\"5 minutes\" \/>\n<!-- \/ Yoast SEO Premium plugin. -->","yoast_head_json":{"title":"How to play Wolf Gold slot for money in online casinos. Get bonus","description":"Step by step instructions on how to start playing Wolf Gold slot for real money in a reliable online casino. Get your bonus online now","robots":{"index":"index","follow":"follow","max-snippet":"max-snippet:-1","max-image-preview":"max-image-preview:large","max-video-preview":"max-video-preview:-1"},"canonical":"https:\/\/wolf-gold-slot-review.com\/fr\/comment-jouer-au-loup-or\/","og_locale":"fr_FR","og_type":"article","og_title":"How to play Wolf Gold","og_description":"Wolf Gold - how to win the game for money Wolf Gold is a slot machine from Pragmatic Play, available on computers and mobile devices. Enjoy the gameplay","og_url":"https:\/\/wolf-gold-slot-review.com\/fr\/comment-jouer-au-loup-or\/","og_site_name":"Wolf Gold Slot in Australia - Play game online for money","article_modified_time":"2023-02-21T14:01:50+00:00","og_image":[{"width":900,"height":900,"url":"https:\/\/wolf-gold-slot-review.com\/wp-content\/uploads\/2023\/02\/how-to-play-wolf-gold.jpg","type":"image\/jpeg"}],"twitter_card":"summary_large_image","twitter_misc":{"Dur\u00e9e de lecture estim\u00e9e":"5 minutes"},"schema":{"@context":"https:\/\/schema.org","@graph":[{"@type":"WebPage","@id":"https:\/\/wolf-gold-slot-review.com\/how-to-play-wolf-gold\/","url":"https:\/\/wolf-gold-slot-review.com\/how-to-play-wolf-gold\/","name":"How to play Wolf Gold slot for money in online casinos. Get bonus","isPartOf":{"@id":"https:\/\/wolf-gold-slot-review.com\/#website"},"datePublished":"2022-11-19T15:39:37+00:00","dateModified":"2023-02-21T14:01:50+00:00","description":"Step by step instructions on how to start playing Wolf Gold slot for real money in a reliable online casino. Get your bonus online now","breadcrumb":{"@id":"https:\/\/wolf-gold-slot-review.com\/how-to-play-wolf-gold\/#breadcrumb"},"inLanguage":"fr-FR","potentialAction":[{"@type":"ReadAction","target":["https:\/\/wolf-gold-slot-review.com\/how-to-play-wolf-gold\/"]}]},{"@type":"BreadcrumbList","@id":"https:\/\/wolf-gold-slot-review.com\/how-to-play-wolf-gold\/#breadcrumb","itemListElement":[{"@type":"ListItem","position":1,"name":"Home","item":"https:\/\/wolf-gold-slot-review.com\/"},{"@type":"ListItem","position":2,"name":"How to play Wolf Gold"}]},{"@type":"WebSite","@id":"https:\/\/wolf-gold-slot-review.com\/#website","url":"https:\/\/wolf-gold-slot-review.com\/","name":"Wolf Gold Slot in Australia - Play game online for money","description":"Wolf Gold Slot - Official site in Australia","publisher":{"@id":"https:\/\/wolf-gold-slot-review.com\/#organization"},"alternateName":"Wolf Gold Slot","potentialAction":[{"@type":"SearchAction","target":{"@type":"EntryPoint","urlTemplate":"https:\/\/wolf-gold-slot-review.com\/?s={search_term_string}"},"query-input":"required name=search_term_string"}],"inLanguage":"fr-FR"},{"@type":"Organization","@id":"https:\/\/wolf-gold-slot-review.com\/#organization","name":"Wolf Gold Slot in Australia - Play game online for money","alternateName":"Wolf Gold Slot","url":"https:\/\/wolf-gold-slot-review.com\/","logo":{"@type":"ImageObject","inLanguage":"fr-FR","@id":"https:\/\/wolf-gold-slot-review.com\/#\/schema\/logo\/image\/","url":"https:\/\/wolf-gold-slot-review.com\/wp-content\/uploads\/2022\/11\/cropped-logowolf.png","contentUrl":"https:\/\/wolf-gold-slot-review.com\/wp-content\/uploads\/2022\/11\/cropped-logowolf.png","width":265,"height":100,"caption":"Wolf Gold Slot in Australia - Play game online for money"},"image":{"@id":"https:\/\/wolf-gold-slot-review.com\/#\/schema\/logo\/image\/"}}]}},"_links":{"self":[{"href":"https:\/\/wolf-gold-slot-review.com\/fr\/wp-json\/wp\/v2\/pages\/22","targetHints":{"allow":["GET"]}}],"collection":[{"href":"https:\/\/wolf-gold-slot-review.com\/fr\/wp-json\/wp\/v2\/pages"}],"about":[{"href":"https:\/\/wolf-gold-slot-review.com\/fr\/wp-json\/wp\/v2\/types\/page"}],"author":[{"embeddable":true,"href":"https:\/\/wolf-gold-slot-review.com\/fr\/wp-json\/wp\/v2\/users\/1"}],"replies":[{"embeddable":true,"href":"https:\/\/wolf-gold-slot-review.com\/fr\/wp-json\/wp\/v2\/comments?post=22"}],"version-history":[{"count":8,"href":"https:\/\/wolf-gold-slot-review.com\/fr\/wp-json\/wp\/v2\/pages\/22\/revisions"}],"predecessor-version":[{"id":676,"href":"https:\/\/wolf-gold-slot-review.com\/fr\/wp-json\/wp\/v2\/pages\/22\/revisions\/676"}],"wp:featuredmedia":[{"embeddable":true,"href":"https:\/\/wolf-gold-slot-review.com\/fr\/wp-json\/wp\/v2\/media\/607"}],"wp:attachment":[{"href":"https:\/\/wolf-gold-slot-review.com\/fr\/wp-json\/wp\/v2\/media?parent=22"}],"curies":[{"name":"wp","href":"https:\/\/api.w.org\/{rel}","templated":true}]}}