{"id":526,"date":"2023-02-18T19:47:56","date_gmt":"2023-02-18T19:47:56","guid":{"rendered":"https:\/\/wolf-gold-slot-review.com\/?page_id=526"},"modified":"2025-02-04T17:01:49","modified_gmt":"2025-02-04T17:01:49","slug":"play-wolf-gold-1win","status":"publish","type":"page","link":"https:\/\/wolf-gold-slot-review.com\/fr\/jeu-loup-or-1win\/","title":{"rendered":"Jouer \u00e0 Wolf Gold 1WIN"},"content":{"rendered":"<h1 style=\"text-align: center;\"><strong>Jouer \u00e0 la machine \u00e0 sous Wolf Gold au casino en ligne 1WIN<\/strong><\/h1>\n<p>Le jeu Wolf Gold est une excellente option de machine \u00e0 sous pour les d\u00e9butants. La simulation vous donnera l'occasion de vous familiariser avec la nature de l'Am\u00e9rique du Nord et de gagner de l'argent. Sans prix, vous ne pourrez pas vous en sortir. Le studio PragmaticP lay a \u00e9tabli un taux de retour de 96%. Sur chaque 100$ charg\u00e9, le client obtient 96$ sous forme de gains. Cette machine \u00e0 sous est populaire, elle est donc pr\u00e9sent\u00e9e sur les sites de nombreux casinos en ligne. Les joueurs d\u00e9butants ont int\u00e9r\u00eat \u00e0 parier sur 1Win.<\/p>\n<p style=\"text-align: center;\"><a class=\"fasc-button fasc-size-large fasc-type-glossy fasc-rounded-medium fasc-style-bold\" style=\"background-color: #33809e; color: #ffffff;\" target=\"_blank\" rel=\"nofollow noopener\" href=\"https:\/\/wolf-gold-slot-review.com\/fr\/1-win-offer-direct\/\">Jouer \u00e0 Wolf Gold 1WIN<\/a><\/p>\n<h2 style=\"text-align: center;\"><strong>Comment s'inscrire \u00e0 1Win<\/strong><\/h2>\n<p>V\u00e9rifier les possibilit\u00e9s de \"Wolf Gold\" sans cr\u00e9er de compte n'est possible que pendant la p\u00e9riode d'essai. La d\u00e9mo vous permettra de vous familiariser avec les m\u00e9canismes d'accumulation des gains, de lire le r\u00e8glement, de faire des essais sur les rouleaux et d'\u00e9laborer une strat\u00e9gie de pari. Toutefois, les prix r\u00e9els ne peuvent \u00eatre que r\u00eav\u00e9s. Sur le profil de l'invit\u00e9, ils n'arrivent pas. Pour ceux qui sont d\u00e9j\u00e0 pr\u00eats \u00e0 s'immerger totalement dans l'aventure et la chasse au tr\u00e9sor, il est pr\u00e9f\u00e9rable de mettre de l'argent r\u00e9el.<\/p>\n<p><img decoding=\"async\" class=\"aligncenter size-full wp-image-586\" src=\"https:\/\/wolf-gold-slot-review.com\/wp-content\/uploads\/2023\/02\/1win-bonuses.jpg\" alt=\"Bonus de 1WIN\" width=\"984\" height=\"306\" srcset=\"\/\/wolf-gold-slot-review.com\/wp-content\/uploads\/2023\/02\/1win-bonuses.jpg 984w, \/\/wolf-gold-slot-review.com\/wp-content\/uploads\/2023\/02\/1win-bonuses-300x93.jpg 300w, \/\/wolf-gold-slot-review.com\/wp-content\/uploads\/2023\/02\/1win-bonuses-150x47.jpg 150w, \/\/wolf-gold-slot-review.com\/wp-content\/uploads\/2023\/02\/1win-bonuses-768x239.jpg 768w, \/\/wolf-gold-slot-review.com\/wp-content\/uploads\/2023\/02\/1win-bonuses-18x6.jpg 18w\" sizes=\"(max-width: 984px) 100vw, 984px\" \/><\/p>\n<p>Pour de l'argent r\u00e9el, vous ne pouvez jouer qu'apr\u00e8s vous \u00eatre inscrit. Les joueurs qui utilisent le miroir 1Win pourront cr\u00e9er un compte en 1 clic. Pour ce faire, vous devez :<\/p>\n<ul>\n<li>Ouvrir un lien dupliqu\u00e9.<\/li>\n<li>Cliquez sur \"Inscription\".<\/li>\n<li>Confirmez l'action.<\/li>\n<\/ul>\n<p>Le site cr\u00e9era automatiquement un mot de passe et vous permettra de vous connecter. Vous pouvez les enregistrer avec une photo ou les \u00e9crire sur papier. La devise sera d\u00e9finie par l'adresse IP de l'ordinateur. Si vous le souhaitez, vous pouvez mettre d'autres options pour les unit\u00e9s de compte.<\/p>\n<p>Dans le formulaire d'inscription, vous pouvez \u00e9galement indiquer un code promotionnel. Il est n\u00e9cessaire de cliquer sur le bouton appropri\u00e9 dans un nouveau champ pour saisir la combinaison disponible.<\/p>\n<p>Les moyens \u00e9num\u00e9r\u00e9s pour cr\u00e9er un compte conviennent \u00e0 ceux qui cr\u00e9ent un compte par le biais de liens miroir. L'obtention d'un profil sur le site principal s'effectue par d'autres m\u00e9canismes :<\/p>\n<ul>\n<li>Vous lancez le projet.<\/li>\n<li>Vous cliquez sur \"Inscription\".<\/li>\n<li>Choisissez une option (via les r\u00e9seaux sociaux ou en remplissant un formulaire).<\/li>\n<li>Saisissez les informations demand\u00e9es.<\/li>\n<\/ul>\n<p style=\"text-align: center;\"><a class=\"fasc-button fasc-size-large fasc-type-glossy fasc-rounded-medium fasc-style-bold\" style=\"background-color: #33809e; color: #ffffff;\" target=\"_blank\" rel=\"nofollow noopener\" href=\"https:\/\/wolf-gold-slot-review.com\/fr\/1-win-offer-direct\/\">Jouer \u00e0 Wolf Gold 1WIN<\/a><\/p>\n<p>Ensuite, le syst\u00e8me \u00e9valuera l'exactitude des donn\u00e9es sp\u00e9cifi\u00e9es. Vous ne pouvez cr\u00e9er un compte qu'une seule fois. La violation de la r\u00e8gle entra\u00eenera un blocage temporaire ou permanent.<\/p>\n<h3 style=\"text-align: center;\"><strong>Comment effectuer un d\u00e9p\u00f4t sur 1win<\/strong><\/h3>\n<p>Cr\u00e9er un profil pour parier de l'argent chez Wolf Gold n'est pas suffisant. Il faut \u00e9galement penser \u00e0 r\u00e9approvisionner son compte. Le d\u00e9p\u00f4t de fonds n'est possible qu'\u00e0 distance. La soci\u00e9t\u00e9 accepte :<\/p>\n<ul>\n<li>Cartes bancaires de cr\u00e9dit et de d\u00e9bit.<\/li>\n<li>Portefeuilles Internet.<\/li>\n<li>Options de crypto-monnaies populaires.<\/li>\n<li>Remboursement 10%<\/li>\n<\/ul>\n<p><img decoding=\"async\" class=\"aligncenter size-full wp-image-584\" src=\"https:\/\/wolf-gold-slot-review.com\/wp-content\/uploads\/2023\/02\/1win-cashback.jpg\" alt=\"Remboursement de 1win\" width=\"988\" height=\"306\" srcset=\"\/\/wolf-gold-slot-review.com\/wp-content\/uploads\/2023\/02\/1win-cashback.jpg 988w, \/\/wolf-gold-slot-review.com\/wp-content\/uploads\/2023\/02\/1win-cashback-300x93.jpg 300w, \/\/wolf-gold-slot-review.com\/wp-content\/uploads\/2023\/02\/1win-cashback-150x46.jpg 150w, \/\/wolf-gold-slot-review.com\/wp-content\/uploads\/2023\/02\/1win-cashback-768x238.jpg 768w, \/\/wolf-gold-slot-review.com\/wp-content\/uploads\/2023\/02\/1win-cashback-18x6.jpg 18w\" sizes=\"(max-width: 988px) 100vw, 988px\" \/><\/p>\n<p>Pour ex\u00e9cuter la demande, vous devez cliquer sur \"R\u00e9approvisionner\", s\u00e9lectionner l'option, \u00e9crire les d\u00e9tails. Il reste \u00e0 confirmer l'action et \u00e0 attendre l'ex\u00e9cution de la demande. L'op\u00e9ration est ex\u00e9cut\u00e9e imm\u00e9diatement. Les retards sont exclus.<\/p>\n<h3 style=\"text-align: center;\"><strong>Les meilleures raisons de jouer au casino GoldWolf 1win.<\/strong><\/h3>\n<p>Casino 1win est un projet fiable. La soci\u00e9t\u00e9 travaille dans le secteur des jeux d'argent depuis plusieurs ann\u00e9es. L'activit\u00e9 est officielle, le gouvernement de Cura\u00e7ao accorde une licence \u00e0 la marque. Toutes les machines \u00e0 sous sont test\u00e9es p\u00e9riodiquement, ce qui exclut la correction des algorithmes.<\/p>\n<p style=\"text-align: center;\"><a class=\"fasc-button fasc-size-large fasc-type-glossy fasc-rounded-medium fasc-style-bold\" style=\"background-color: #33809e; color: #ffffff;\" target=\"_blank\" rel=\"nofollow noopener\" href=\"https:\/\/wolf-gold-slot-review.com\/fr\/1-win-offer-direct\/\">Jouer \u00e0 Wolf Gold 1WIN<\/a><\/p>\n<p>L'avantage du bureau peut sans aucun doute \u00eatre consid\u00e9r\u00e9 comme une vari\u00e9t\u00e9 de politiques de bonus. Les joueurs peuvent obtenir des r\u00e9compenses pour le premier d\u00e9p\u00f4t, le t\u00e9l\u00e9chargement et l'installation de l'application, et l'acceptation de recevoir des notifications du site. Le cashback et d'autres options promotionnelles fonctionnent. Les d\u00e9butants et les joueurs exp\u00e9riment\u00e9s sont autoris\u00e9s \u00e0 participer \u00e0 des tournois. Des prix sont vers\u00e9s pour les plus gros gains, le chiffre d'affaires et d'autres actions.<\/p>\n<p><img decoding=\"async\" class=\"aligncenter size-full wp-image-587\" src=\"https:\/\/wolf-gold-slot-review.com\/wp-content\/uploads\/2023\/02\/1win-bonus-install-the-app.jpg\" alt=\"1WIN Bonus installer l&#039;application\" width=\"980\" height=\"309\" srcset=\"\/\/wolf-gold-slot-review.com\/wp-content\/uploads\/2023\/02\/1win-bonus-install-the-app.jpg 980w, \/\/wolf-gold-slot-review.com\/wp-content\/uploads\/2023\/02\/1win-bonus-install-the-app-300x95.jpg 300w, \/\/wolf-gold-slot-review.com\/wp-content\/uploads\/2023\/02\/1win-bonus-install-the-app-150x47.jpg 150w, \/\/wolf-gold-slot-review.com\/wp-content\/uploads\/2023\/02\/1win-bonus-install-the-app-768x242.jpg 768w, \/\/wolf-gold-slot-review.com\/wp-content\/uploads\/2023\/02\/1win-bonus-install-the-app-18x6.jpg 18w\" sizes=\"(max-width: 980px) 100vw, 980px\" \/><\/p>\n<p>Le bureau est fiable, car il ne retarde pas la proc\u00e9dure de retrait. La demande est trait\u00e9e rapidement, g\u00e9n\u00e9ralement, les joueurs re\u00e7oivent de l'argent dans les 30 \u00e0 60 minutes apr\u00e8s la demande. Le site offre des limites importantes.<\/p>\n<p>L'offre g\u00e9n\u00e9r\u00e9e \u00e9tait \u00e9galement un plus. La biblioth\u00e8que de machines \u00e0 sous se compose de milliers de titres. Si vous le souhaitez, vous pouvez parier sur des \u00e9v\u00e9nements sportifs.<\/p>","protected":false},"excerpt":{"rendered":"<p>Play Wolf Gold slot at the 1WIN online casino The game Wolf Gold is a great slot option for beginners. The simulation will give you the opportunity to get acquainted with the nature of North America and earn good money. Without prizes will not get away. PragmaticP lay studio has established a return rate of &hellip;<\/p>\n<p class=\"read-more\"> <a class=\"\" href=\"https:\/\/wolf-gold-slot-review.com\/fr\/jeu-loup-or-1win\/\"> <span class=\"screen-reader-text\">Jouer \u00e0 Wolf Gold 1WIN<\/span> Lire la suite\u00a0\u00bb<\/a><\/p>","protected":false},"author":1,"featured_media":608,"parent":0,"menu_order":0,"comment_status":"closed","ping_status":"closed","template":"","meta":{"site-sidebar-layout":"default","site-content-layout":"default","ast-global-header-display":"","ast-main-header-display":"","ast-hfb-above-header-display":"","ast-hfb-below-header-display":"","ast-hfb-mobile-header-display":"","site-post-title":"disabled","ast-breadcrumbs-content":"","ast-featured-img":"disabled","footer-sml-layout":"","theme-transparent-header-meta":"default","adv-header-id-meta":"","stick-header-meta":"","header-above-stick-meta":"","header-main-stick-meta":"","header-below-stick-meta":"","footnotes":""},"class_list":["post-526","page","type-page","status-publish","has-post-thumbnail","hentry"],"yoast_head":"<!-- This site is optimized with the Yoast SEO Premium plugin v19.5 (Yoast SEO v19.10) - https:\/\/yoast.com\/wordpress\/plugins\/seo\/ -->\n<title>Play Wolf Gold slot at the 1WIN online casino fo real money<\/title>\n<meta name=\"description\" content=\"Play the popular slot Wolf Gold slot in online casinos 1WIN for money. The advantages of playing Wolf Gold game at 1WIN\" \/>\n<meta name=\"robots\" content=\"index, follow, max-snippet:-1, max-image-preview:large, max-video-preview:-1\" \/>\n<link rel=\"canonical\" href=\"https:\/\/wolf-gold-slot-review.com\/fr\/jeu-loup-or-1win\/\" \/>\n<meta property=\"og:locale\" content=\"fr_FR\" \/>\n<meta property=\"og:type\" content=\"article\" \/>\n<meta property=\"og:title\" content=\"Play Wolf Gold 1WIN\" \/>\n<meta property=\"og:description\" content=\"Play Wolf Gold slot at the 1WIN online casino The game Wolf Gold is a great slot option for beginners. The simulation will give you the opportunity to get\" \/>\n<meta property=\"og:url\" content=\"https:\/\/wolf-gold-slot-review.com\/fr\/jeu-loup-or-1win\/\" \/>\n<meta property=\"og:site_name\" content=\"Wolf Gold Slot in Australia - Play game online for money\" \/>\n<meta property=\"article:modified_time\" content=\"2025-02-04T17:01:49+00:00\" \/>\n<meta property=\"og:image\" content=\"https:\/\/wolf-gold-slot-review.com\/wp-content\/uploads\/2023\/02\/1win-wolf-gold-site.jpg\" \/>\n\t<meta property=\"og:image:width\" content=\"900\" \/>\n\t<meta property=\"og:image:height\" content=\"900\" \/>\n\t<meta property=\"og:image:type\" content=\"image\/jpeg\" \/>\n<meta name=\"twitter:card\" content=\"summary_large_image\" \/>\n<meta name=\"twitter:label1\" content=\"Dur\u00e9e de lecture estim\u00e9e\" \/>\n\t<meta name=\"twitter:data1\" content=\"5 minutes\" \/>\n<!-- \/ Yoast SEO Premium plugin. -->","yoast_head_json":{"title":"Play Wolf Gold slot at the 1WIN online casino fo real money","description":"Play the popular slot Wolf Gold slot in online casinos 1WIN for money. The advantages of playing Wolf Gold game at 1WIN","robots":{"index":"index","follow":"follow","max-snippet":"max-snippet:-1","max-image-preview":"max-image-preview:large","max-video-preview":"max-video-preview:-1"},"canonical":"https:\/\/wolf-gold-slot-review.com\/fr\/jeu-loup-or-1win\/","og_locale":"fr_FR","og_type":"article","og_title":"Play Wolf Gold 1WIN","og_description":"Play Wolf Gold slot at the 1WIN online casino The game Wolf Gold is a great slot option for beginners. The simulation will give you the opportunity to get","og_url":"https:\/\/wolf-gold-slot-review.com\/fr\/jeu-loup-or-1win\/","og_site_name":"Wolf Gold Slot in Australia - Play game online for money","article_modified_time":"2025-02-04T17:01:49+00:00","og_image":[{"width":900,"height":900,"url":"https:\/\/wolf-gold-slot-review.com\/wp-content\/uploads\/2023\/02\/1win-wolf-gold-site.jpg","type":"image\/jpeg"}],"twitter_card":"summary_large_image","twitter_misc":{"Dur\u00e9e de lecture estim\u00e9e":"5 minutes"},"schema":{"@context":"https:\/\/schema.org","@graph":[{"@type":"WebPage","@id":"https:\/\/wolf-gold-slot-review.com\/play-wolf-gold-1win\/","url":"https:\/\/wolf-gold-slot-review.com\/play-wolf-gold-1win\/","name":"Play Wolf Gold slot at the 1WIN online casino fo real money","isPartOf":{"@id":"https:\/\/wolf-gold-slot-review.com\/#website"},"datePublished":"2023-02-18T19:47:56+00:00","dateModified":"2025-02-04T17:01:49+00:00","description":"Play the popular slot Wolf Gold slot in online casinos 1WIN for money. The advantages of playing Wolf Gold game at 1WIN","breadcrumb":{"@id":"https:\/\/wolf-gold-slot-review.com\/play-wolf-gold-1win\/#breadcrumb"},"inLanguage":"fr-FR","potentialAction":[{"@type":"ReadAction","target":["https:\/\/wolf-gold-slot-review.com\/play-wolf-gold-1win\/"]}]},{"@type":"BreadcrumbList","@id":"https:\/\/wolf-gold-slot-review.com\/play-wolf-gold-1win\/#breadcrumb","itemListElement":[{"@type":"ListItem","position":1,"name":"Home","item":"https:\/\/wolf-gold-slot-review.com\/"},{"@type":"ListItem","position":2,"name":"Play Wolf Gold 1WIN"}]},{"@type":"WebSite","@id":"https:\/\/wolf-gold-slot-review.com\/#website","url":"https:\/\/wolf-gold-slot-review.com\/","name":"Wolf Gold Slot in Australia - Play game online for money","description":"Wolf Gold Slot - Official site in Australia","publisher":{"@id":"https:\/\/wolf-gold-slot-review.com\/#organization"},"alternateName":"Wolf Gold Slot","potentialAction":[{"@type":"SearchAction","target":{"@type":"EntryPoint","urlTemplate":"https:\/\/wolf-gold-slot-review.com\/?s={search_term_string}"},"query-input":"required name=search_term_string"}],"inLanguage":"fr-FR"},{"@type":"Organization","@id":"https:\/\/wolf-gold-slot-review.com\/#organization","name":"Wolf Gold Slot in Australia - Play game online for money","alternateName":"Wolf Gold Slot","url":"https:\/\/wolf-gold-slot-review.com\/","logo":{"@type":"ImageObject","inLanguage":"fr-FR","@id":"https:\/\/wolf-gold-slot-review.com\/#\/schema\/logo\/image\/","url":"https:\/\/wolf-gold-slot-review.com\/wp-content\/uploads\/2022\/11\/cropped-logowolf.png","contentUrl":"https:\/\/wolf-gold-slot-review.com\/wp-content\/uploads\/2022\/11\/cropped-logowolf.png","width":265,"height":100,"caption":"Wolf Gold Slot in Australia - Play game online for money"},"image":{"@id":"https:\/\/wolf-gold-slot-review.com\/#\/schema\/logo\/image\/"}}]}},"_links":{"self":[{"href":"https:\/\/wolf-gold-slot-review.com\/fr\/wp-json\/wp\/v2\/pages\/526","targetHints":{"allow":["GET"]}}],"collection":[{"href":"https:\/\/wolf-gold-slot-review.com\/fr\/wp-json\/wp\/v2\/pages"}],"about":[{"href":"https:\/\/wolf-gold-slot-review.com\/fr\/wp-json\/wp\/v2\/types\/page"}],"author":[{"embeddable":true,"href":"https:\/\/wolf-gold-slot-review.com\/fr\/wp-json\/wp\/v2\/users\/1"}],"replies":[{"embeddable":true,"href":"https:\/\/wolf-gold-slot-review.com\/fr\/wp-json\/wp\/v2\/comments?post=526"}],"version-history":[{"count":8,"href":"https:\/\/wolf-gold-slot-review.com\/fr\/wp-json\/wp\/v2\/pages\/526\/revisions"}],"predecessor-version":[{"id":677,"href":"https:\/\/wolf-gold-slot-review.com\/fr\/wp-json\/wp\/v2\/pages\/526\/revisions\/677"}],"wp:featuredmedia":[{"embeddable":true,"href":"https:\/\/wolf-gold-slot-review.com\/fr\/wp-json\/wp\/v2\/media\/608"}],"wp:attachment":[{"href":"https:\/\/wolf-gold-slot-review.com\/fr\/wp-json\/wp\/v2\/media?parent=526"}],"curies":[{"name":"wp","href":"https:\/\/api.w.org\/{rel}","templated":true}]}}