{"id":528,"date":"2023-02-18T19:55:50","date_gmt":"2023-02-18T19:55:50","guid":{"rendered":"https:\/\/wolf-gold-slot-review.com\/?page_id=528"},"modified":"2025-02-04T17:02:23","modified_gmt":"2025-02-04T17:02:23","slug":"play-wolf-gold-biamo","status":"publish","type":"page","link":"https:\/\/wolf-gold-slot-review.com\/fr\/play-wolf-gold-biamo\/","title":{"rendered":"Jeu Wolf Gold Biamo"},"content":{"rendered":"<h1 style=\"text-align: center;\">Jouez \u00e0 la machine \u00e0 sous Wolf Gold Biamo dans un casino en ligne pour de l'argent r\u00e9el.<\/h1>\n<p>De nouvelles marques de casino en ligne apparaissent assez fr\u00e9quemment. Certaines marques ne parviennent pas \u00e0 gagner l'int\u00e9r\u00eat du public, tandis que d'autres parviennent \u00e0 se d\u00e9velopper sur un march\u00e9 concurrentiel. Biamo peut \u00eatre consid\u00e9r\u00e9 comme le dernier type. La marque est apparue relativement r\u00e9cemment, mais elle a cr\u00e9\u00e9 une bonne biblioth\u00e8que de divertissements et a r\u00e9ussi \u00e0 tomber amoureuse des joueurs. L'op\u00e9rateur propose des milliers de simulateurs. En plus des exclusivit\u00e9s et des nouveaut\u00e9s, vous pouvez trouver des hits qui ont fait leurs preuves comme Wolf Gold.<\/p>\n<p style=\"text-align: center;\"><a class=\"fasc-button fasc-size-large fasc-type-glossy fasc-rounded-medium fasc-style-bold\" style=\"background-color: #33809e; color: #ffffff;\" target=\"_blank\" rel=\"nofollow noopener\" href=\"https:\/\/wolf-gold-slot-review.com\/fr\/biamo-offer-direct\/\">Jeu Wolf Gold Biamo<\/a><\/p>\n<h2 style=\"text-align: center;\"><strong>Comment s'inscrire \u00e0 Biamo<\/strong><\/h2>\n<p>La machine \u00e0 sous Wolf Gold du studio Pragmatic Play peut \u00eatre recommand\u00e9e aux nouveaux arrivants pour un certain nombre de raisons. Les avantages inconditionnels comprennent :<\/p>\n<ul>\n<li>Un design parfait.<\/li>\n<li>Un gameplay compr\u00e9hensible.<\/li>\n<li>Une russification de haute qualit\u00e9.<\/li>\n<li>Le versement fr\u00e9quent de prix.<\/li>\n<li>Disponibilit\u00e9 d'une version de d\u00e9monstration.<\/li>\n<li>Compatibilit\u00e9 avec les gadgets (t\u00e9l\u00e9phones, tablettes).<\/li>\n<\/ul>\n<p>Comprendre les caract\u00e9ristiques du calcul des prix et d'autres nuances du jeu peut prendre quelques minutes. Elle sera int\u00e9ressante m\u00eame pour ceux qui, en principe, n'utilisaient pas les services des casinos en ligne auparavant.<\/p>\n<p><img decoding=\"async\" class=\"aligncenter size-large wp-image-593\" src=\"https:\/\/wolf-gold-slot-review.com\/wp-content\/uploads\/2023\/02\/registration-biamo-1024x369.jpg\" alt=\"enregistrement biamo\" width=\"1024\" height=\"369\" srcset=\"\/\/wolf-gold-slot-review.com\/wp-content\/uploads\/2023\/02\/registration-biamo-1024x369.jpg 1024w, \/\/wolf-gold-slot-review.com\/wp-content\/uploads\/2023\/02\/registration-biamo-300x108.jpg 300w, \/\/wolf-gold-slot-review.com\/wp-content\/uploads\/2023\/02\/registration-biamo-150x54.jpg 150w, \/\/wolf-gold-slot-review.com\/wp-content\/uploads\/2023\/02\/registration-biamo-768x277.jpg 768w, \/\/wolf-gold-slot-review.com\/wp-content\/uploads\/2023\/02\/registration-biamo-1536x553.jpg 1536w, \/\/wolf-gold-slot-review.com\/wp-content\/uploads\/2023\/02\/registration-biamo-18x6.jpg 18w, \/\/wolf-gold-slot-review.com\/wp-content\/uploads\/2023\/02\/registration-biamo.jpg 1807w\" sizes=\"(max-width: 1024px) 100vw, 1024px\" \/><\/p>\n<p>Biamo est une excellente option pour les d\u00e9butants. Il y a beaucoup d'avantages, il n'y a presque pas d'inconv\u00e9nients. Cependant, l'\u00e9valuation de toutes les fonctionnalit\u00e9s du club ne sera possible qu'apr\u00e8s l'inscription. La proc\u00e9dure de cr\u00e9ation d'un compte se fait par \u00e9tapes. Pour la mettre en \u0153uvre, vous aurez besoin :<\/p>\n<ul>\n<li>Lancez le portail principal ou le portail miroir.<\/li>\n<li>Cliquez sur le bouton \"Sign Up\".<\/li>\n<li>Saisissez les informations demand\u00e9es dans les champs appropri\u00e9s.<\/li>\n<li>Confirmez l'action et attendez que la demande soit trait\u00e9e.<\/li>\n<\/ul>\n<p style=\"text-align: center;\"><a class=\"fasc-button fasc-size-large fasc-type-glossy fasc-rounded-medium fasc-style-bold\" style=\"background-color: #33809e; color: #ffffff;\" target=\"_blank\" rel=\"nofollow noopener\" href=\"https:\/\/wolf-gold-slot-review.com\/fr\/biamo-offer-direct\/\">Jeu Wolf Gold Biamo<\/a><\/p>\n<p>La demande est trait\u00e9e rapidement. La plateforme communique avec le serveur, les donn\u00e9es sp\u00e9cifi\u00e9es sont compar\u00e9es \u00e0 celles disponibles dans la base de donn\u00e9es. Ensuite, le joueur re\u00e7oit un compte personnel ou est invit\u00e9 \u00e0 modifier ses informations.<\/p>\n<p>Chaque joueur n'est autoris\u00e9 \u00e0 obtenir un compte qu'une seule fois. Par cons\u00e9quent, les informations saisies sont v\u00e9rifi\u00e9es par rapport aux informations disponibles dans la base de donn\u00e9es.<\/p>\n<h3 style=\"text-align: center;\"><strong>Comment faire un d\u00e9p\u00f4t dans Biamo<\/strong><\/h3>\n<p>La fonctionnalit\u00e9 compl\u00e8te ne sera disponible que pour les utilisateurs enregistr\u00e9s. Ils sont en mesure de recevoir des bonus et de jouer pour de l'argent. Avant de faire des paris pour de l'argent r\u00e9el, il est n\u00e9cessaire d'effectuer un d\u00e9p\u00f4t. Le d\u00e9p\u00f4t est autoris\u00e9 via le portail principal ou mobile. Pour effectuer la transaction, vous devez :<\/p>\n<ol>\n<li>Allez dans l'armoire personnelle.<\/li>\n<li>Choisissez la section appropri\u00e9e dans le menu.<\/li>\n<li>Indiquez comment vous souhaitez d\u00e9poser de l'argent.<\/li>\n<li>Remplissez les informations n\u00e9cessaires.<\/li>\n<li>Je suis d'accord avec la proc\u00e9dure.<\/li>\n<\/ol>\n<p><img decoding=\"async\" class=\"aligncenter size-large wp-image-596\" src=\"https:\/\/wolf-gold-slot-review.com\/wp-content\/uploads\/2023\/02\/deposit-bonus-biamo-1024x255.jpg\" alt=\"bonus de d\u00e9p\u00f4t biamo\" width=\"1024\" height=\"255\" srcset=\"\/\/wolf-gold-slot-review.com\/wp-content\/uploads\/2023\/02\/deposit-bonus-biamo-1024x255.jpg 1024w, \/\/wolf-gold-slot-review.com\/wp-content\/uploads\/2023\/02\/deposit-bonus-biamo-300x75.jpg 300w, \/\/wolf-gold-slot-review.com\/wp-content\/uploads\/2023\/02\/deposit-bonus-biamo-150x37.jpg 150w, \/\/wolf-gold-slot-review.com\/wp-content\/uploads\/2023\/02\/deposit-bonus-biamo-768x191.jpg 768w, \/\/wolf-gold-slot-review.com\/wp-content\/uploads\/2023\/02\/deposit-bonus-biamo-18x4.jpg 18w, \/\/wolf-gold-slot-review.com\/wp-content\/uploads\/2023\/02\/deposit-bonus-biamo.jpg 1482w\" sizes=\"(max-width: 1024px) 100vw, 1024px\" \/><\/p>\n<p>\u00c0 ce stade, le casino en ligne ne demande pas de confirmation d'identit\u00e9 ou d'affiliation du moyen de paiement. Toutefois, il est possible de d\u00e9poser de l'argent uniquement au moyen de sa propre carte ou de son porte-monnaie \u00e9lectronique. Le service de s\u00e9curit\u00e9 v\u00e9rifiera \u00e0 l'avenir \u00e0 qui appartient le moyen de revenu. La violation r\u00e9v\u00e9l\u00e9e entra\u00eene souvent le blocage.<\/p>\n<h3 style=\"text-align: center;\"><strong>Les 5 meilleures raisons de jouer \u00e0 WolfGold sur Biamo Casino<\/strong><\/h3>\n<p>Biamo est un projet relativement jeune. Cependant, au cours de son existence, il s'est d\u00e9j\u00e0 cr\u00e9\u00e9 une certaine r\u00e9putation. Nous conseillons de jouer WolfGold sur ce site particulier pour plusieurs raisons :<\/p>\n<ol>\n<li>Des gains importants. Les clubs \"frais\" offrent souvent de bons prix.<\/li>\n<li>Une r\u00e9putation bien \u00e9tablie. L'op\u00e9rateur a obtenu de nombreuses critiques positives.<\/li>\n<li>Fiabilit\u00e9 \u00e9prouv\u00e9e des machines. La marque est audit\u00e9e chaque ann\u00e9e par des organismes de test tiers.<\/li>\n<li>La possibilit\u00e9 de parier depuis diff\u00e9rents appareils. Il est possible de jouer sur un PC ou un appareil mobile.<\/li>\n<li>Politique de bonus sophistiqu\u00e9e. Un soutien est offert pour le premier d\u00e9p\u00f4t, le jeu actif et d'autres options promotionnelles.<\/li>\n<\/ol>\n<p><img decoding=\"async\" class=\"aligncenter size-large wp-image-595\" src=\"https:\/\/wolf-gold-slot-review.com\/wp-content\/uploads\/2023\/02\/promotions-biamo-1024x258.jpg\" alt=\"promotions biamo\" width=\"1024\" height=\"258\" srcset=\"\/\/wolf-gold-slot-review.com\/wp-content\/uploads\/2023\/02\/promotions-biamo-1024x258.jpg 1024w, \/\/wolf-gold-slot-review.com\/wp-content\/uploads\/2023\/02\/promotions-biamo-300x76.jpg 300w, \/\/wolf-gold-slot-review.com\/wp-content\/uploads\/2023\/02\/promotions-biamo-150x38.jpg 150w, \/\/wolf-gold-slot-review.com\/wp-content\/uploads\/2023\/02\/promotions-biamo-768x193.jpg 768w, \/\/wolf-gold-slot-review.com\/wp-content\/uploads\/2023\/02\/promotions-biamo-18x5.jpg 18w, \/\/wolf-gold-slot-review.com\/wp-content\/uploads\/2023\/02\/promotions-biamo.jpg 1489w\" sizes=\"(max-width: 1024px) 100vw, 1024px\" \/><\/p>\n<p style=\"text-align: center;\"><a class=\"fasc-button fasc-size-large fasc-type-glossy fasc-rounded-medium fasc-style-bold\" style=\"background-color: #33809e; color: #ffffff;\" target=\"_blank\" rel=\"nofollow noopener\" href=\"https:\/\/wolf-gold-slot-review.com\/fr\/biamo-offer-direct\/\">Jeu Wolf Gold Biamo<\/a><\/p>\n<p>Les avantages sont nombreux. Le principal atout est la possibilit\u00e9 av\u00e9r\u00e9e de retirer les gains. Le service financier traite les demandes avec une rapidit\u00e9 enviable. Entre la formation d'une demande de retrait et la r\u00e9ception de l'argent sur le solde, il ne se passe parfois pas 20-30 minutes.<\/p>","protected":false},"excerpt":{"rendered":"<p>Play Wolf Gold slot Biamo online casino for real money New online casino brands emerge with a fair amount of frequency. Some brands fail to win the interest of the public, while others manage to develop in a competitive market. Biamo can be referred to as the last type. The brand appeared relatively recently, but &hellip;<\/p>\n<p class=\"read-more\"> <a class=\"\" href=\"https:\/\/wolf-gold-slot-review.com\/fr\/play-wolf-gold-biamo\/\"> <span class=\"screen-reader-text\">Jeu Wolf Gold Biamo<\/span> Lire la suite\u00a0\u00bb<\/a><\/p>","protected":false},"author":1,"featured_media":609,"parent":0,"menu_order":0,"comment_status":"closed","ping_status":"closed","template":"","meta":{"site-sidebar-layout":"default","site-content-layout":"default","ast-global-header-display":"","ast-main-header-display":"","ast-hfb-above-header-display":"","ast-hfb-below-header-display":"","ast-hfb-mobile-header-display":"","site-post-title":"disabled","ast-breadcrumbs-content":"","ast-featured-img":"disabled","footer-sml-layout":"","theme-transparent-header-meta":"default","adv-header-id-meta":"","stick-header-meta":"","header-above-stick-meta":"","header-main-stick-meta":"","header-below-stick-meta":"","footnotes":""},"class_list":["post-528","page","type-page","status-publish","has-post-thumbnail","hentry"],"yoast_head":"<!-- This site is optimized with the Yoast SEO Premium plugin v19.5 (Yoast SEO v19.10) - https:\/\/yoast.com\/wordpress\/plugins\/seo\/ -->\n<title>Play Wolf Gold slot Biamo online casino for real money<\/title>\n<meta name=\"description\" content=\"Play the popular slot Wolf Gold in online casino Biamo for money. The advantages of playing Wolf Gold at Biamo\" \/>\n<meta name=\"robots\" content=\"index, follow, max-snippet:-1, max-image-preview:large, max-video-preview:-1\" \/>\n<link rel=\"canonical\" href=\"https:\/\/wolf-gold-slot-review.com\/fr\/play-wolf-gold-biamo\/\" \/>\n<meta property=\"og:locale\" content=\"fr_FR\" \/>\n<meta property=\"og:type\" content=\"article\" \/>\n<meta property=\"og:title\" content=\"Play Wolf Gold Biamo\" \/>\n<meta property=\"og:description\" content=\"Play Wolf Gold slot Biamo online casino for real money New online casino brands emerge with a fair amount of frequency. Some brands fail to win the\" \/>\n<meta property=\"og:url\" content=\"https:\/\/wolf-gold-slot-review.com\/fr\/play-wolf-gold-biamo\/\" \/>\n<meta property=\"og:site_name\" content=\"Wolf Gold Slot in Australia - Play game online for money\" \/>\n<meta property=\"article:modified_time\" content=\"2025-02-04T17:02:23+00:00\" \/>\n<meta property=\"og:image\" content=\"https:\/\/wolf-gold-slot-review.com\/wp-content\/uploads\/2023\/02\/biamo-wolf-gold-site.jpg\" \/>\n\t<meta property=\"og:image:width\" content=\"900\" \/>\n\t<meta property=\"og:image:height\" content=\"900\" \/>\n\t<meta property=\"og:image:type\" content=\"image\/jpeg\" \/>\n<meta name=\"twitter:card\" content=\"summary_large_image\" \/>\n<meta name=\"twitter:label1\" content=\"Dur\u00e9e de lecture estim\u00e9e\" \/>\n\t<meta name=\"twitter:data1\" content=\"4 minutes\" \/>\n<!-- \/ Yoast SEO Premium plugin. -->","yoast_head_json":{"title":"Play Wolf Gold slot Biamo online casino for real money","description":"Play the popular slot Wolf Gold in online casino Biamo for money. The advantages of playing Wolf Gold at Biamo","robots":{"index":"index","follow":"follow","max-snippet":"max-snippet:-1","max-image-preview":"max-image-preview:large","max-video-preview":"max-video-preview:-1"},"canonical":"https:\/\/wolf-gold-slot-review.com\/fr\/play-wolf-gold-biamo\/","og_locale":"fr_FR","og_type":"article","og_title":"Play Wolf Gold Biamo","og_description":"Play Wolf Gold slot Biamo online casino for real money New online casino brands emerge with a fair amount of frequency. Some brands fail to win the","og_url":"https:\/\/wolf-gold-slot-review.com\/fr\/play-wolf-gold-biamo\/","og_site_name":"Wolf Gold Slot in Australia - Play game online for money","article_modified_time":"2025-02-04T17:02:23+00:00","og_image":[{"width":900,"height":900,"url":"https:\/\/wolf-gold-slot-review.com\/wp-content\/uploads\/2023\/02\/biamo-wolf-gold-site.jpg","type":"image\/jpeg"}],"twitter_card":"summary_large_image","twitter_misc":{"Dur\u00e9e de lecture estim\u00e9e":"4 minutes"},"schema":{"@context":"https:\/\/schema.org","@graph":[{"@type":"WebPage","@id":"https:\/\/wolf-gold-slot-review.com\/play-wolf-gold-biamo\/","url":"https:\/\/wolf-gold-slot-review.com\/play-wolf-gold-biamo\/","name":"Play Wolf Gold slot Biamo online casino for real money","isPartOf":{"@id":"https:\/\/wolf-gold-slot-review.com\/#website"},"datePublished":"2023-02-18T19:55:50+00:00","dateModified":"2025-02-04T17:02:23+00:00","description":"Play the popular slot Wolf Gold in online casino Biamo for money. The advantages of playing Wolf Gold at Biamo","breadcrumb":{"@id":"https:\/\/wolf-gold-slot-review.com\/play-wolf-gold-biamo\/#breadcrumb"},"inLanguage":"fr-FR","potentialAction":[{"@type":"ReadAction","target":["https:\/\/wolf-gold-slot-review.com\/play-wolf-gold-biamo\/"]}]},{"@type":"BreadcrumbList","@id":"https:\/\/wolf-gold-slot-review.com\/play-wolf-gold-biamo\/#breadcrumb","itemListElement":[{"@type":"ListItem","position":1,"name":"Home","item":"https:\/\/wolf-gold-slot-review.com\/"},{"@type":"ListItem","position":2,"name":"Play Wolf Gold Biamo"}]},{"@type":"WebSite","@id":"https:\/\/wolf-gold-slot-review.com\/#website","url":"https:\/\/wolf-gold-slot-review.com\/","name":"Wolf Gold Slot in Australia - Play game online for money","description":"Wolf Gold Slot - Official site in Australia","publisher":{"@id":"https:\/\/wolf-gold-slot-review.com\/#organization"},"alternateName":"Wolf Gold Slot","potentialAction":[{"@type":"SearchAction","target":{"@type":"EntryPoint","urlTemplate":"https:\/\/wolf-gold-slot-review.com\/?s={search_term_string}"},"query-input":"required name=search_term_string"}],"inLanguage":"fr-FR"},{"@type":"Organization","@id":"https:\/\/wolf-gold-slot-review.com\/#organization","name":"Wolf Gold Slot in Australia - Play game online for money","alternateName":"Wolf Gold Slot","url":"https:\/\/wolf-gold-slot-review.com\/","logo":{"@type":"ImageObject","inLanguage":"fr-FR","@id":"https:\/\/wolf-gold-slot-review.com\/#\/schema\/logo\/image\/","url":"https:\/\/wolf-gold-slot-review.com\/wp-content\/uploads\/2022\/11\/cropped-logowolf.png","contentUrl":"https:\/\/wolf-gold-slot-review.com\/wp-content\/uploads\/2022\/11\/cropped-logowolf.png","width":265,"height":100,"caption":"Wolf Gold Slot in Australia - Play game online for money"},"image":{"@id":"https:\/\/wolf-gold-slot-review.com\/#\/schema\/logo\/image\/"}}]}},"_links":{"self":[{"href":"https:\/\/wolf-gold-slot-review.com\/fr\/wp-json\/wp\/v2\/pages\/528","targetHints":{"allow":["GET"]}}],"collection":[{"href":"https:\/\/wolf-gold-slot-review.com\/fr\/wp-json\/wp\/v2\/pages"}],"about":[{"href":"https:\/\/wolf-gold-slot-review.com\/fr\/wp-json\/wp\/v2\/types\/page"}],"author":[{"embeddable":true,"href":"https:\/\/wolf-gold-slot-review.com\/fr\/wp-json\/wp\/v2\/users\/1"}],"replies":[{"embeddable":true,"href":"https:\/\/wolf-gold-slot-review.com\/fr\/wp-json\/wp\/v2\/comments?post=528"}],"version-history":[{"count":7,"href":"https:\/\/wolf-gold-slot-review.com\/fr\/wp-json\/wp\/v2\/pages\/528\/revisions"}],"predecessor-version":[{"id":678,"href":"https:\/\/wolf-gold-slot-review.com\/fr\/wp-json\/wp\/v2\/pages\/528\/revisions\/678"}],"wp:featuredmedia":[{"embeddable":true,"href":"https:\/\/wolf-gold-slot-review.com\/fr\/wp-json\/wp\/v2\/media\/609"}],"wp:attachment":[{"href":"https:\/\/wolf-gold-slot-review.com\/fr\/wp-json\/wp\/v2\/media?parent=528"}],"curies":[{"name":"wp","href":"https:\/\/api.w.org\/{rel}","templated":true}]}}