{"id":530,"date":"2023-02-18T20:05:43","date_gmt":"2023-02-18T20:05:43","guid":{"rendered":"https:\/\/wolf-gold-slot-review.com\/?page_id=530"},"modified":"2025-02-04T17:04:08","modified_gmt":"2025-02-04T17:04:08","slug":"play-wolf-gold-pin-up","status":"publish","type":"page","link":"https:\/\/wolf-gold-slot-review.com\/fr\/play-wolf-gold-pin-up\/","title":{"rendered":"Jouez \u00e0 Wolf Gold PIN-UP"},"content":{"rendered":"<h1 style=\"text-align: center;\"><strong>Jouer \u00e0 la machine \u00e0 sous Wolf Gold PIN-UP casino en ligne pour de l'argent r\u00e9el<\/strong><\/h1>\n<p>Wolf Gold est une machine \u00e0 sous du populaire fabricant de jeux PragmaticPlay. Le jeu offre 25 lignes gagnantes et un rendement th\u00e9orique de 96%. Un design color\u00e9, des gains \u00e9lev\u00e9s stables et un gameplay clair ont rendu ce d\u00e9veloppement incroyablement populaire parmi les clients. Voulez-vous plonger dans la nature de l'Am\u00e9rique du Nord et remporter des prix impressionnants ? Inscrivez-vous \u00e0 Pin-Up et commencez \u00e0 parier.<\/p>\n<p style=\"text-align: center;\"><a class=\"fasc-button fasc-size-large fasc-type-glossy fasc-rounded-medium fasc-style-bold\" style=\"background-color: #33809e; color: #ffffff;\" target=\"_blank\" rel=\"nofollow noopener\" href=\"https:\/\/wolf-gold-slot-review.com\/fr\/pinup-offer-direct\/\">Jouez \u00e0 Wolf Gold PIN-UP<\/a><\/p>\n<h2 style=\"text-align: center;\"><strong>Comment s'inscrire \u00e0 Pin-Up<\/strong><\/h2>\n<p>Les visiteurs du site sont autoris\u00e9s \u00e0 utiliser la version gratuite de la machine \u00e0 sous. Avec son aide, vous pouvez tester la machine, pour d\u00e9velopper une strat\u00e9gie gagnante. Apr\u00e8s cela, tout ce que vous avez \u00e0 faire est de cr\u00e9er un compte, de d\u00e9poser de l'argent sur le compte et de revenir pour gagner des gains r\u00e9els. Vous pouvez obtenir un profil sur le lien miroir et sur la page Web principale. Dans ce dernier cas, vous devez remplir un questionnaire impressionnant et pr\u00e9ciser votre adresse de r\u00e9sidence, vos coordonn\u00e9es et vos informations personnelles.<\/p>\n<p><img decoding=\"async\" class=\"aligncenter size-large wp-image-602\" src=\"https:\/\/wolf-gold-slot-review.com\/wp-content\/uploads\/2023\/02\/pinup-wolf-gold-slots-1024x250.jpg\" alt=\"pinup wolf gold slots\" width=\"1024\" height=\"250\" srcset=\"\/\/wolf-gold-slot-review.com\/wp-content\/uploads\/2023\/02\/pinup-wolf-gold-slots-1024x250.jpg 1024w, \/\/wolf-gold-slot-review.com\/wp-content\/uploads\/2023\/02\/pinup-wolf-gold-slots-300x73.jpg 300w, \/\/wolf-gold-slot-review.com\/wp-content\/uploads\/2023\/02\/pinup-wolf-gold-slots-150x37.jpg 150w, \/\/wolf-gold-slot-review.com\/wp-content\/uploads\/2023\/02\/pinup-wolf-gold-slots-768x187.jpg 768w, \/\/wolf-gold-slot-review.com\/wp-content\/uploads\/2023\/02\/pinup-wolf-gold-slots-1536x375.jpg 1536w, \/\/wolf-gold-slot-review.com\/wp-content\/uploads\/2023\/02\/pinup-wolf-gold-slots-18x4.jpg 18w, \/\/wolf-gold-slot-review.com\/wp-content\/uploads\/2023\/02\/pinup-wolf-gold-slots.jpg 1902w\" sizes=\"(max-width: 1024px) 100vw, 1024px\" \/><\/p>\n<p>La proc\u00e9dure d'obtention d'un compte par le biais du miroir est un peu plus simple. Le client a besoin :<\/p>\n<ul>\n<li>Ouvrez une page dupliqu\u00e9e.<\/li>\n<li>Cliquez sur \"Inscription\".<\/li>\n<li>Choisissez une option (par t\u00e9l\u00e9phone ou par courriel).<\/li>\n<li>Saisissez les informations demand\u00e9es.<\/li>\n<li>Soumettez la demande de r\u00e9vision.<\/li>\n<\/ul>\n<p>Le traitement de la demande ne dure pas plus de 5-6 secondes. Apr\u00e8s cela, le joueur peut passer \u00e0 l'\u00e9tape suivante.<\/p>\n<p style=\"text-align: center;\"><a class=\"fasc-button fasc-size-large fasc-type-glossy fasc-rounded-medium fasc-style-bold\" style=\"background-color: #33809e; color: #ffffff;\" target=\"_blank\" rel=\"nofollow noopener\" href=\"https:\/\/wolf-gold-slot-review.com\/fr\/pinup-offer-direct\/\">Jouez \u00e0 Wolf Gold PIN-UP<\/a><\/p>\n<p>Il est pr\u00e9f\u00e9rable de s'inscrire par le biais d'une adresse PinUp dupliqu\u00e9e. Vous n'avez pas besoin d'activer des moyens techniques pour contourner le blocage. Trouver un miroir du BK prend moins de 1 \u00e0 2 minutes. Vous pouvez trouver un lien fonctionnel sur notre portail.<\/p>\n<p>Les profils obtenus sur diff\u00e9rentes plateformes sont \u00e9quivalents. Les joueurs ont acc\u00e8s aux m\u00eames options de bonus, et aux m\u00eames types de machines. Le club ne fait pas de diff\u00e9rence entre les options de d\u00e9p\u00f4t.<\/p>\n<h3 style=\"text-align: center;\"><strong>Comment effectuer un d\u00e9p\u00f4t dans PIN-UP<\/strong><\/h3>\n<p>Effectuer un d\u00e9p\u00f4t est la deuxi\u00e8me \u00e9tape pour miser de l'argent dans le jeu Wolf Gold. Vous pouvez effectuer un d\u00e9p\u00f4t de plus de 10 fa\u00e7ons. Le bookmaker accepte les crypto-monnaies, les paiements par carte bancaire (cr\u00e9dit et d\u00e9bit) et les portefeuilles Internet. Le nombre d'options disponibles est en constante \u00e9volution, vous pouvez lire tous les sch\u00e9mas actuels dans la section correspondante du site.<\/p>\n<p><img decoding=\"async\" class=\"aligncenter size-large wp-image-600\" src=\"https:\/\/wolf-gold-slot-review.com\/wp-content\/uploads\/2023\/02\/pinup-binuses-1024x231.jpg\" alt=\"Pinup binuses\" width=\"1024\" height=\"231\" srcset=\"\/\/wolf-gold-slot-review.com\/wp-content\/uploads\/2023\/02\/pinup-binuses-1024x231.jpg 1024w, \/\/wolf-gold-slot-review.com\/wp-content\/uploads\/2023\/02\/pinup-binuses-300x68.jpg 300w, \/\/wolf-gold-slot-review.com\/wp-content\/uploads\/2023\/02\/pinup-binuses-150x34.jpg 150w, \/\/wolf-gold-slot-review.com\/wp-content\/uploads\/2023\/02\/pinup-binuses-768x173.jpg 768w, \/\/wolf-gold-slot-review.com\/wp-content\/uploads\/2023\/02\/pinup-binuses-1536x347.jpg 1536w, \/\/wolf-gold-slot-review.com\/wp-content\/uploads\/2023\/02\/pinup-binuses-18x4.jpg 18w, \/\/wolf-gold-slot-review.com\/wp-content\/uploads\/2023\/02\/pinup-binuses.jpg 1603w\" sizes=\"(max-width: 1024px) 100vw, 1024px\" \/><\/p>\n<p>Le r\u00e9approvisionnement ne prend que quelques instants. Les d\u00e9veloppeurs ont rendu le service aussi simple que possible :<\/p>\n<ol>\n<li>Autoriser dans votre cabinet personnel.<\/li>\n<li>Cliquez sur \"R\u00e9approvisionner\".<\/li>\n<li>Choisissez la variante n\u00e9cessaire.<\/li>\n<li>Remplissez les conditions requises.<\/li>\n<li>Envoyez une demande d'examen.<\/li>\n<\/ol>\n<p>C'est tout. Le service traite la demande et cr\u00e9dite le solde. Les avantages absolus sont les transferts instantan\u00e9s et l'absence de commissions. Il n'y a pas de frais suppl\u00e9mentaires \u00e0 payer en principe.<\/p>\n<h3 style=\"text-align: center;\"><strong>Les 5 meilleures raisons de jouer \u00e0 Wolf Gold au casino PIN-UP<\/strong><\/h3>\n<p>Lorsque l'on choisit un casino, il est pr\u00e9f\u00e9rable de se concentrer sur les entreprises ayant une bonne r\u00e9putation. Une telle marque est devenue PinUp. Elle se d\u00e9veloppe avec succ\u00e8s sur les march\u00e9s de la CEI et se d\u00e9veloppe progressivement dans les pays \u00e9trangers.<\/p>\n<p>Les joueurs sont autoris\u00e9s \u00e0 utiliser une version d'essai de la machine \u00e0 sous. Cela signifie que vous pouvez tester la strat\u00e9gie et comprendre les m\u00e9canismes du jeu gratuitement. Faites des paris sur l'argent r\u00e9el que vous pouvez apr\u00e8s une compr\u00e9hension compl\u00e8te des sp\u00e9cificit\u00e9s du jeu.<\/p>\n<p>Pin Up est c\u00e9l\u00e8bre parmi les utilisateurs pour son programme de fid\u00e9lit\u00e9 \u00e9labor\u00e9. Diff\u00e9rents formats de r\u00e9compenses sont disponibles :<\/p>\n<ol>\n<li>Pour le premier d\u00e9p\u00f4t.<\/li>\n<li>Pour la participation aux quiz.<\/li>\n<li>Promos personnelles.<\/li>\n<li>Cashback et autres bonus.<\/li>\n<li>Le syst\u00e8me Pincoins<\/li>\n<\/ol>\n<p style=\"text-align: center;\"><a class=\"fasc-button fasc-size-large fasc-type-glossy fasc-rounded-medium fasc-style-bold\" style=\"background-color: #33809e; color: #ffffff;\" target=\"_blank\" rel=\"nofollow noopener\" href=\"https:\/\/wolf-gold-slot-review.com\/fr\/pinup-offer-direct\/\">Jouez \u00e0 Wolf Gold PIN-UP<\/a><\/p>\n<p class=\"pu-pincoins__paragraph pu-pincoins__paragraph_description\"><strong>Pincoins (PNC)<\/strong> sont une monnaie que les joueurs peuvent gagner.<\/p>\n<div class=\"pu-pincoins__list-wrapper\">\n<p class=\"pu-pincoins__paragraph pu-pincoins__paragraph_medium\">Vous pouvez obtenir PNC pour :<\/p>\n<ul class=\"pu-pincoins__list\">\n<li class=\"pu-pincoins__list-item pu-pincoins__paragraph\">jeu pour l'argent<\/li>\n<li class=\"pu-pincoins__list-item pu-pincoins__paragraph\">remplir un profil<\/li>\n<li class=\"pu-pincoins__list-item pu-pincoins__paragraph\">confirmation par courriel<\/li>\n<li class=\"pu-pincoins__list-item pu-pincoins__paragraph\">v\u00e9rification des comptes<\/li>\n<li class=\"pu-pincoins__list-item pu-pincoins__paragraph\">ouverture bo\u00eete cadeau<\/li>\n<\/ul>\n<p><img decoding=\"async\" class=\"aligncenter size-large wp-image-599\" src=\"https:\/\/wolf-gold-slot-review.com\/wp-content\/uploads\/2023\/02\/pincoins-pinup-1024x316.jpg\" alt=\"pincoins pinup\" width=\"1024\" height=\"316\" srcset=\"\/\/wolf-gold-slot-review.com\/wp-content\/uploads\/2023\/02\/pincoins-pinup-1024x316.jpg 1024w, \/\/wolf-gold-slot-review.com\/wp-content\/uploads\/2023\/02\/pincoins-pinup-300x93.jpg 300w, \/\/wolf-gold-slot-review.com\/wp-content\/uploads\/2023\/02\/pincoins-pinup-150x46.jpg 150w, \/\/wolf-gold-slot-review.com\/wp-content\/uploads\/2023\/02\/pincoins-pinup-768x237.jpg 768w, \/\/wolf-gold-slot-review.com\/wp-content\/uploads\/2023\/02\/pincoins-pinup-1536x475.jpg 1536w, \/\/wolf-gold-slot-review.com\/wp-content\/uploads\/2023\/02\/pincoins-pinup-18x6.jpg 18w, \/\/wolf-gold-slot-review.com\/wp-content\/uploads\/2023\/02\/pincoins-pinup.jpg 1602w\" sizes=\"(max-width: 1024px) 100vw, 1024px\" \/><\/p>\n<\/div>\n<p>Un avantage ind\u00e9niable peut \u00eatre consid\u00e9r\u00e9 comme une collection cr\u00e9\u00e9e par la soci\u00e9t\u00e9. Des milliers de cr\u00e9neaux provenant de dizaines de studios sont \u00e0 votre disposition. Vous n'aurez pas \u00e0 vous ennuyer en attendant les nouveaux produits. Les d\u00e9veloppeurs ajoutent de nouveaux simulateurs chaque semaine. Pour les fans de paris, il y a une section avec des paris sur les sports. Les clients sont autoris\u00e9s \u00e0 utiliser un seul compte. Il n'est pas n\u00e9cessaire d'obtenir un profil suppl\u00e9mentaire.<\/p>","protected":false},"excerpt":{"rendered":"<p>Play Wolf Gold slot PIN-UP online casino for real money Wolf Gold is a slot from the popular game manufacturer PragmaticPlay. The game offers 25 winning lines and a theoretical return of 96%. Colorful design, stable high payouts, and clear gameplay have made this development incredibly popular among customers. Do you want to plunge into &hellip;<\/p>\n<p class=\"read-more\"> <a class=\"\" href=\"https:\/\/wolf-gold-slot-review.com\/fr\/play-wolf-gold-pin-up\/\"> <span class=\"screen-reader-text\">Jouez \u00e0 Wolf Gold PIN-UP<\/span> Lire la suite\u00a0\u00bb<\/a><\/p>","protected":false},"author":1,"featured_media":611,"parent":0,"menu_order":0,"comment_status":"closed","ping_status":"closed","template":"","meta":{"site-sidebar-layout":"default","site-content-layout":"default","ast-global-header-display":"","ast-main-header-display":"","ast-hfb-above-header-display":"","ast-hfb-below-header-display":"","ast-hfb-mobile-header-display":"","site-post-title":"disabled","ast-breadcrumbs-content":"","ast-featured-img":"disabled","footer-sml-layout":"","theme-transparent-header-meta":"default","adv-header-id-meta":"","stick-header-meta":"","header-above-stick-meta":"","header-main-stick-meta":"","header-below-stick-meta":"","footnotes":""},"class_list":["post-530","page","type-page","status-publish","has-post-thumbnail","hentry"],"yoast_head":"<!-- This site is optimized with the Yoast SEO Premium plugin v19.5 (Yoast SEO v19.10) - https:\/\/yoast.com\/wordpress\/plugins\/seo\/ -->\n<title>Play Wolf Gold slot PIN-UP online casino for real money<\/title>\n<meta name=\"description\" content=\"Play the popular slot Wolf Gold in online casino PINUP for money. The advantages of playing Wolf Gold at PIN-UP casino\" \/>\n<meta name=\"robots\" content=\"index, follow, max-snippet:-1, max-image-preview:large, max-video-preview:-1\" \/>\n<link rel=\"canonical\" href=\"https:\/\/wolf-gold-slot-review.com\/fr\/play-wolf-gold-pin-up\/\" \/>\n<meta property=\"og:locale\" content=\"fr_FR\" \/>\n<meta property=\"og:type\" content=\"article\" \/>\n<meta property=\"og:title\" content=\"Play Wolf Gold PIN-UP\" \/>\n<meta property=\"og:description\" content=\"Play Wolf Gold slot PIN-UP online casino for real money Wolf Gold is a slot from the popular game manufacturer PragmaticPlay. The game offers 25 winning\" \/>\n<meta property=\"og:url\" content=\"https:\/\/wolf-gold-slot-review.com\/fr\/play-wolf-gold-pin-up\/\" \/>\n<meta property=\"og:site_name\" content=\"Wolf Gold Slot in Australia - Play game online for money\" \/>\n<meta property=\"article:modified_time\" content=\"2025-02-04T17:04:08+00:00\" \/>\n<meta property=\"og:image\" content=\"https:\/\/wolf-gold-slot-review.com\/wp-content\/uploads\/2023\/02\/pinup-wolf-gold-site.jpg\" \/>\n\t<meta property=\"og:image:width\" content=\"900\" \/>\n\t<meta property=\"og:image:height\" content=\"900\" \/>\n\t<meta property=\"og:image:type\" content=\"image\/jpeg\" \/>\n<meta name=\"twitter:card\" content=\"summary_large_image\" \/>\n<meta name=\"twitter:label1\" content=\"Dur\u00e9e de lecture estim\u00e9e\" \/>\n\t<meta name=\"twitter:data1\" content=\"5 minutes\" \/>\n<!-- \/ Yoast SEO Premium plugin. -->","yoast_head_json":{"title":"Play Wolf Gold slot PIN-UP online casino for real money","description":"Play the popular slot Wolf Gold in online casino PINUP for money. The advantages of playing Wolf Gold at PIN-UP casino","robots":{"index":"index","follow":"follow","max-snippet":"max-snippet:-1","max-image-preview":"max-image-preview:large","max-video-preview":"max-video-preview:-1"},"canonical":"https:\/\/wolf-gold-slot-review.com\/fr\/play-wolf-gold-pin-up\/","og_locale":"fr_FR","og_type":"article","og_title":"Play Wolf Gold PIN-UP","og_description":"Play Wolf Gold slot PIN-UP online casino for real money Wolf Gold is a slot from the popular game manufacturer PragmaticPlay. The game offers 25 winning","og_url":"https:\/\/wolf-gold-slot-review.com\/fr\/play-wolf-gold-pin-up\/","og_site_name":"Wolf Gold Slot in Australia - Play game online for money","article_modified_time":"2025-02-04T17:04:08+00:00","og_image":[{"width":900,"height":900,"url":"https:\/\/wolf-gold-slot-review.com\/wp-content\/uploads\/2023\/02\/pinup-wolf-gold-site.jpg","type":"image\/jpeg"}],"twitter_card":"summary_large_image","twitter_misc":{"Dur\u00e9e de lecture estim\u00e9e":"5 minutes"},"schema":{"@context":"https:\/\/schema.org","@graph":[{"@type":"WebPage","@id":"https:\/\/wolf-gold-slot-review.com\/play-wolf-gold-pin-up\/","url":"https:\/\/wolf-gold-slot-review.com\/play-wolf-gold-pin-up\/","name":"Play Wolf Gold slot PIN-UP online casino for real money","isPartOf":{"@id":"https:\/\/wolf-gold-slot-review.com\/#website"},"datePublished":"2023-02-18T20:05:43+00:00","dateModified":"2025-02-04T17:04:08+00:00","description":"Play the popular slot Wolf Gold in online casino PINUP for money. The advantages of playing Wolf Gold at PIN-UP casino","breadcrumb":{"@id":"https:\/\/wolf-gold-slot-review.com\/play-wolf-gold-pin-up\/#breadcrumb"},"inLanguage":"fr-FR","potentialAction":[{"@type":"ReadAction","target":["https:\/\/wolf-gold-slot-review.com\/play-wolf-gold-pin-up\/"]}]},{"@type":"BreadcrumbList","@id":"https:\/\/wolf-gold-slot-review.com\/play-wolf-gold-pin-up\/#breadcrumb","itemListElement":[{"@type":"ListItem","position":1,"name":"Home","item":"https:\/\/wolf-gold-slot-review.com\/"},{"@type":"ListItem","position":2,"name":"Play Wolf Gold PIN-UP"}]},{"@type":"WebSite","@id":"https:\/\/wolf-gold-slot-review.com\/#website","url":"https:\/\/wolf-gold-slot-review.com\/","name":"Wolf Gold Slot in Australia - Play game online for money","description":"Wolf Gold Slot - Official site in Australia","publisher":{"@id":"https:\/\/wolf-gold-slot-review.com\/#organization"},"alternateName":"Wolf Gold Slot","potentialAction":[{"@type":"SearchAction","target":{"@type":"EntryPoint","urlTemplate":"https:\/\/wolf-gold-slot-review.com\/?s={search_term_string}"},"query-input":"required name=search_term_string"}],"inLanguage":"fr-FR"},{"@type":"Organization","@id":"https:\/\/wolf-gold-slot-review.com\/#organization","name":"Wolf Gold Slot in Australia - Play game online for money","alternateName":"Wolf Gold Slot","url":"https:\/\/wolf-gold-slot-review.com\/","logo":{"@type":"ImageObject","inLanguage":"fr-FR","@id":"https:\/\/wolf-gold-slot-review.com\/#\/schema\/logo\/image\/","url":"https:\/\/wolf-gold-slot-review.com\/wp-content\/uploads\/2022\/11\/cropped-logowolf.png","contentUrl":"https:\/\/wolf-gold-slot-review.com\/wp-content\/uploads\/2022\/11\/cropped-logowolf.png","width":265,"height":100,"caption":"Wolf Gold Slot in Australia - Play game online for money"},"image":{"@id":"https:\/\/wolf-gold-slot-review.com\/#\/schema\/logo\/image\/"}}]}},"_links":{"self":[{"href":"https:\/\/wolf-gold-slot-review.com\/fr\/wp-json\/wp\/v2\/pages\/530","targetHints":{"allow":["GET"]}}],"collection":[{"href":"https:\/\/wolf-gold-slot-review.com\/fr\/wp-json\/wp\/v2\/pages"}],"about":[{"href":"https:\/\/wolf-gold-slot-review.com\/fr\/wp-json\/wp\/v2\/types\/page"}],"author":[{"embeddable":true,"href":"https:\/\/wolf-gold-slot-review.com\/fr\/wp-json\/wp\/v2\/users\/1"}],"replies":[{"embeddable":true,"href":"https:\/\/wolf-gold-slot-review.com\/fr\/wp-json\/wp\/v2\/comments?post=530"}],"version-history":[{"count":6,"href":"https:\/\/wolf-gold-slot-review.com\/fr\/wp-json\/wp\/v2\/pages\/530\/revisions"}],"predecessor-version":[{"id":680,"href":"https:\/\/wolf-gold-slot-review.com\/fr\/wp-json\/wp\/v2\/pages\/530\/revisions\/680"}],"wp:featuredmedia":[{"embeddable":true,"href":"https:\/\/wolf-gold-slot-review.com\/fr\/wp-json\/wp\/v2\/media\/611"}],"wp:attachment":[{"href":"https:\/\/wolf-gold-slot-review.com\/fr\/wp-json\/wp\/v2\/media?parent=530"}],"curies":[{"name":"wp","href":"https:\/\/api.w.org\/{rel}","templated":true}]}}