{"id":532,"date":"2023-02-18T20:13:01","date_gmt":"2023-02-18T20:13:01","guid":{"rendered":"https:\/\/wolf-gold-slot-review.com\/?page_id=532"},"modified":"2025-02-04T17:04:15","modified_gmt":"2025-02-04T17:04:15","slug":"play-wolf-gold-parimatch","status":"publish","type":"page","link":"https:\/\/wolf-gold-slot-review.com\/fr\/play-wolf-gold-parimatch\/","title":{"rendered":"Jouez \u00e0 Wolf Gold Parimatch"},"content":{"rendered":"<h1 style=\"text-align: center;\"><strong>Jouez \u00e0 la machine \u00e0 sous Wolf Gold dans le casino en ligne Parimatch pour de l'argent r\u00e9el.<\/strong><\/h1>\n<p>Le casino en ligne Parimatch propose \u00e0 ses clients des milliers de machines \u00e0 sous diff\u00e9rentes. Vous pouvez parier sur des succ\u00e8s \u00e9prouv\u00e9s et des nouveaut\u00e9s exclusives. La marque travaille dans l'industrie du jeu depuis plus de 10 ans. Au cours de cette p\u00e9riode, la soci\u00e9t\u00e9 a constitu\u00e9 une base de clients impressionnante et a cr\u00e9\u00e9 une biblioth\u00e8que de jeux unique. La biblioth\u00e8que du club n'est pas d\u00e9pourvue du meilleur d\u00e9veloppement de studios c\u00e9l\u00e8bres. Wolf Gold de PragmaticPlay - est un exemple de machine \u00e0 sous parfaitement \u00e9quilibr\u00e9e.<\/p>\n<p style=\"text-align: center;\"><a class=\"fasc-button fasc-size-large fasc-type-glossy fasc-rounded-medium fasc-style-bold\" style=\"background-color: #33809e; color: #ffffff;\" target=\"_blank\" rel=\"nofollow noopener\" href=\"https:\/\/wolf-gold-slot-review.com\/fr\/parimatch-offer-direct\/\">Jouez \u00e0 Wolf Gold Parimatch<\/a><\/p>\n<h2 style=\"text-align: center;\"><strong>Comment s'inscrire \u00e0 Parimatch<\/strong><\/h2>\n<p>Le simulateur pr\u00e9sent\u00e9 est r\u00e9alis\u00e9 sur le th\u00e8me de la vie sauvage. Il vous permettra de plonger dans le monde animal, de vous sentir comme un naturaliste curieux, avide de vraies aventures et d'adr\u00e9naline. Bien entendu, les d\u00e9veloppeurs n'ont pas oubli\u00e9 les gains. L'\u00e9mulateur verse 96% de l'argent mis sous forme de gains. Les prix seront fr\u00e9quents, souvent la machine donne des r\u00e9compenses impressionnantes.<\/p>\n<p><img decoding=\"async\" class=\"aligncenter size-large wp-image-590\" src=\"https:\/\/wolf-gold-slot-review.com\/wp-content\/uploads\/2023\/02\/wolf-gold-parimatch-1024x427.jpg\" alt=\"loup or parimatch\" width=\"1024\" height=\"427\" srcset=\"\/\/wolf-gold-slot-review.com\/wp-content\/uploads\/2023\/02\/wolf-gold-parimatch-1024x427.jpg 1024w, \/\/wolf-gold-slot-review.com\/wp-content\/uploads\/2023\/02\/wolf-gold-parimatch-300x125.jpg 300w, \/\/wolf-gold-slot-review.com\/wp-content\/uploads\/2023\/02\/wolf-gold-parimatch-150x63.jpg 150w, \/\/wolf-gold-slot-review.com\/wp-content\/uploads\/2023\/02\/wolf-gold-parimatch-768x320.jpg 768w, \/\/wolf-gold-slot-review.com\/wp-content\/uploads\/2023\/02\/wolf-gold-parimatch-18x8.jpg 18w, \/\/wolf-gold-slot-review.com\/wp-content\/uploads\/2023\/02\/wolf-gold-parimatch.jpg 1348w\" sizes=\"(max-width: 1024px) 100vw, 1024px\" \/><\/p>\n<p>Cette machine \u00e0 sous est id\u00e9ale pour les clients ayant un go\u00fbt diff\u00e9rent pour le risque. Il convient \u00e0 ceux qui veulent se d\u00e9fouler. Le jeu peut \u00e9galement servir aux amateurs de gros gains. Cependant, pour parier de l'argent r\u00e9el, vous devez vous inscrire. La soci\u00e9t\u00e9 Parimatch s'est tourn\u00e9e vers les utilisateurs et a simplifi\u00e9 au maximum la proc\u00e9dure de cr\u00e9ation d'un compte :<\/p>\n<ol>\n<li>Vous lancez la ressource du casino en ligne.<\/li>\n<li>Cliquez sur le bouton pour vous inscrire.<\/li>\n<li>Remplissez le formulaire.<\/li>\n<li>Envoyez le dossier de candidature pour examen.<\/li>\n<\/ol>\n<p style=\"text-align: center;\"><a class=\"fasc-button fasc-size-large fasc-type-glossy fasc-rounded-medium fasc-style-bold\" style=\"background-color: #33809e; color: #ffffff;\" target=\"_blank\" rel=\"nofollow noopener\" href=\"https:\/\/wolf-gold-slot-review.com\/fr\/parimatch-offer-direct\/\">Jouez \u00e0 Wolf Gold Parimatch<\/a><\/p>\n<p>Le site traitera la demande du client. Si les donn\u00e9es indiqu\u00e9es dans le syst\u00e8me n'ont pas \u00e9t\u00e9 utilis\u00e9es auparavant, le joueur obtiendra un compte et pourra utiliser tous les services du club. Dans le cas contraire, le joueur sera invit\u00e9 \u00e0 proc\u00e9der \u00e0 des ajustements.<\/p>\n<h3 style=\"text-align: center;\"><strong>Comment effectuer un d\u00e9p\u00f4t sur Parimatch<\/strong><\/h3>\n<p>Il est impossible de parier de l'argent r\u00e9el sans effectuer un d\u00e9p\u00f4t. Les d\u00e9veloppeurs ont simplifi\u00e9 au maximum la conception du compte personnel. Par cons\u00e9quent, les probl\u00e8mes pour trouver les bons boutons ne se poseront pas en principe. Pour effectuer un d\u00e9p\u00f4t, vous devez :<\/p>\n<ol>\n<li>Passez par l'autorisation.<\/li>\n<li>Choisissez la section avec les op\u00e9rations de tr\u00e9sorerie.<\/li>\n<li>Cochez le mode de d\u00e9p\u00f4t souhait\u00e9.<\/li>\n<li>Remplissez les informations demand\u00e9es.<\/li>\n<li>Confirmez l'action.<\/li>\n<\/ol>\n<p>Le traitement de la demande ne dure pas plus de 1 \u00e0 2 secondes. Apr\u00e8s cela, les fonds sont cr\u00e9dit\u00e9s, vous avez la possibilit\u00e9 de parier et de gagner.<\/p>\n<p><img decoding=\"async\" class=\"aligncenter size-full wp-image-591\" src=\"https:\/\/wolf-gold-slot-review.com\/wp-content\/uploads\/2023\/02\/welcome-bonus-parimatch.jpg\" alt=\"bonus de bienvenue parimatch\" width=\"729\" height=\"312\" srcset=\"\/\/wolf-gold-slot-review.com\/wp-content\/uploads\/2023\/02\/welcome-bonus-parimatch.jpg 729w, \/\/wolf-gold-slot-review.com\/wp-content\/uploads\/2023\/02\/welcome-bonus-parimatch-300x128.jpg 300w, \/\/wolf-gold-slot-review.com\/wp-content\/uploads\/2023\/02\/welcome-bonus-parimatch-150x64.jpg 150w, \/\/wolf-gold-slot-review.com\/wp-content\/uploads\/2023\/02\/welcome-bonus-parimatch-18x8.jpg 18w\" sizes=\"(max-width: 729px) 100vw, 729px\" \/><\/p>\n<p>Avant d'effectuer la proc\u00e9dure, il est n\u00e9cessaire de prendre en compte certaines exigences du bureau. Le casino en ligne propose des r\u00e8gles standard. Le joueur est autoris\u00e9 \u00e0 d\u00e9poser de l'argent uniquement dans les limites \u00e9tablies. Les restrictions sont individuelles pour chaque m\u00e9thode utilis\u00e9e. Vous pouvez effectuer un d\u00e9p\u00f4t par des moyens de paiement personnels. L'utilisation de cartes ou de portefeuilles en ligne d'amis ou de parents n'est pas autoris\u00e9e.<\/p>\n<h3 style=\"text-align: center;\"><strong>Principales raisons de jouer \u00e0 Wolf Gold au casino Parimatch<\/strong><\/h3>\n<p>La machine \u00e0 sous Wolf Gold est une excellente option pour s'amuser et gagner de l'argent. Ce jeu est tr\u00e8s demand\u00e9 par les clients des casinos. Parmi la vari\u00e9t\u00e9 de sites de jeu pour arr\u00eater l'attention sur le Parimatch pour un certain nombre de raisons :<\/p>\n<ul>\n<li>Plus de 10 ans de travail impeccable sur le march\u00e9.<\/li>\n<li>Plus de 1000 simulateurs de diff\u00e9rents genres.<\/li>\n<li>Collaboration avec plus de 30 producteurs de jeux.<\/li>\n<li>Int\u00e9ressant et rentable pour les programmes de fid\u00e9lit\u00e9 des clients.<\/li>\n<li>Bonne r\u00e9putation parmi les joueurs.<\/li>\n<li>Offres suppl\u00e9mentaires : salles de spectacle, sections de paris.<\/li>\n<li>R\u00e9approvisionnement r\u00e9gulier de la salle de jeux.<\/li>\n<\/ul>\n<p style=\"text-align: center;\"><a class=\"fasc-button fasc-size-large fasc-type-glossy fasc-rounded-medium fasc-style-bold\" style=\"background-color: #33809e; color: #ffffff;\" target=\"_blank\" rel=\"nofollow noopener\" href=\"https:\/\/wolf-gold-slot-review.com\/fr\/parimatch-offer-direct\/\">Jouez \u00e0 Wolf Gold Parimatch<\/a><\/p>\n<p>Les retraits de gains sont rapides. Dans 95% des cas, le traitement de la demande dure au maximum 1 \u00e0 2 heures. Vous n'avez pas besoin d'attendre la transaction pendant vingt-quatre heures.<\/p>","protected":false},"excerpt":{"rendered":"<p>Play Wolf Gold slot Parimatch online casino for real money Online casino Parimatch offers customers thousands of different slots. You can bet on time-tested hits and exclusive novelties. The brand has been working in the gambling industry for over 10 years. During this time, the company has formed an impressive customer base and created a &hellip;<\/p>\n<p class=\"read-more\"> <a class=\"\" href=\"https:\/\/wolf-gold-slot-review.com\/fr\/play-wolf-gold-parimatch\/\"> <span class=\"screen-reader-text\">Jouez \u00e0 Wolf Gold Parimatch<\/span> Lire la suite\u00a0\u00bb<\/a><\/p>","protected":false},"author":1,"featured_media":610,"parent":0,"menu_order":0,"comment_status":"closed","ping_status":"closed","template":"","meta":{"site-sidebar-layout":"default","site-content-layout":"default","ast-global-header-display":"","ast-main-header-display":"","ast-hfb-above-header-display":"","ast-hfb-below-header-display":"","ast-hfb-mobile-header-display":"","site-post-title":"disabled","ast-breadcrumbs-content":"","ast-featured-img":"disabled","footer-sml-layout":"","theme-transparent-header-meta":"default","adv-header-id-meta":"","stick-header-meta":"","header-above-stick-meta":"","header-main-stick-meta":"","header-below-stick-meta":"","footnotes":""},"class_list":["post-532","page","type-page","status-publish","has-post-thumbnail","hentry"],"yoast_head":"<!-- This site is optimized with the Yoast SEO Premium plugin v19.5 (Yoast SEO v19.10) - https:\/\/yoast.com\/wordpress\/plugins\/seo\/ -->\n<title>Play Wolf Gold slot Parimatch online casino for real money<\/title>\n<meta name=\"description\" content=\"Play the popular slot Wolf Gold in online casino Parimatch for money. The advantages of playing Wolf Gold at Parimatch casino\" \/>\n<meta name=\"robots\" content=\"index, follow, max-snippet:-1, max-image-preview:large, max-video-preview:-1\" \/>\n<link rel=\"canonical\" href=\"https:\/\/wolf-gold-slot-review.com\/fr\/play-wolf-gold-parimatch\/\" \/>\n<meta property=\"og:locale\" content=\"fr_FR\" \/>\n<meta property=\"og:type\" content=\"article\" \/>\n<meta property=\"og:title\" content=\"Play Wolf Gold Parimatch\" \/>\n<meta property=\"og:description\" content=\"Play Wolf Gold slot Parimatch online casino for real money Online casino Parimatch offers customers thousands of different slots. You can bet on\" \/>\n<meta property=\"og:url\" content=\"https:\/\/wolf-gold-slot-review.com\/fr\/play-wolf-gold-parimatch\/\" \/>\n<meta property=\"og:site_name\" content=\"Wolf Gold Slot in Australia - Play game online for money\" \/>\n<meta property=\"article:modified_time\" content=\"2025-02-04T17:04:15+00:00\" \/>\n<meta property=\"og:image\" content=\"https:\/\/wolf-gold-slot-review.com\/wp-content\/uploads\/2023\/02\/parimatch-wolf-gold-site.jpg\" \/>\n\t<meta property=\"og:image:width\" content=\"900\" \/>\n\t<meta property=\"og:image:height\" content=\"900\" \/>\n\t<meta property=\"og:image:type\" content=\"image\/jpeg\" \/>\n<meta name=\"twitter:card\" content=\"summary_large_image\" \/>\n<meta name=\"twitter:label1\" content=\"Dur\u00e9e de lecture estim\u00e9e\" \/>\n\t<meta name=\"twitter:data1\" content=\"4 minutes\" \/>\n<!-- \/ Yoast SEO Premium plugin. -->","yoast_head_json":{"title":"Play Wolf Gold slot Parimatch online casino for real money","description":"Play the popular slot Wolf Gold in online casino Parimatch for money. The advantages of playing Wolf Gold at Parimatch casino","robots":{"index":"index","follow":"follow","max-snippet":"max-snippet:-1","max-image-preview":"max-image-preview:large","max-video-preview":"max-video-preview:-1"},"canonical":"https:\/\/wolf-gold-slot-review.com\/fr\/play-wolf-gold-parimatch\/","og_locale":"fr_FR","og_type":"article","og_title":"Play Wolf Gold Parimatch","og_description":"Play Wolf Gold slot Parimatch online casino for real money Online casino Parimatch offers customers thousands of different slots. You can bet on","og_url":"https:\/\/wolf-gold-slot-review.com\/fr\/play-wolf-gold-parimatch\/","og_site_name":"Wolf Gold Slot in Australia - Play game online for money","article_modified_time":"2025-02-04T17:04:15+00:00","og_image":[{"width":900,"height":900,"url":"https:\/\/wolf-gold-slot-review.com\/wp-content\/uploads\/2023\/02\/parimatch-wolf-gold-site.jpg","type":"image\/jpeg"}],"twitter_card":"summary_large_image","twitter_misc":{"Dur\u00e9e de lecture estim\u00e9e":"4 minutes"},"schema":{"@context":"https:\/\/schema.org","@graph":[{"@type":"WebPage","@id":"https:\/\/wolf-gold-slot-review.com\/play-wolf-gold-parimatch\/","url":"https:\/\/wolf-gold-slot-review.com\/play-wolf-gold-parimatch\/","name":"Play Wolf Gold slot Parimatch online casino for real money","isPartOf":{"@id":"https:\/\/wolf-gold-slot-review.com\/#website"},"datePublished":"2023-02-18T20:13:01+00:00","dateModified":"2025-02-04T17:04:15+00:00","description":"Play the popular slot Wolf Gold in online casino Parimatch for money. The advantages of playing Wolf Gold at Parimatch casino","breadcrumb":{"@id":"https:\/\/wolf-gold-slot-review.com\/play-wolf-gold-parimatch\/#breadcrumb"},"inLanguage":"fr-FR","potentialAction":[{"@type":"ReadAction","target":["https:\/\/wolf-gold-slot-review.com\/play-wolf-gold-parimatch\/"]}]},{"@type":"BreadcrumbList","@id":"https:\/\/wolf-gold-slot-review.com\/play-wolf-gold-parimatch\/#breadcrumb","itemListElement":[{"@type":"ListItem","position":1,"name":"Home","item":"https:\/\/wolf-gold-slot-review.com\/"},{"@type":"ListItem","position":2,"name":"Play Wolf Gold Parimatch"}]},{"@type":"WebSite","@id":"https:\/\/wolf-gold-slot-review.com\/#website","url":"https:\/\/wolf-gold-slot-review.com\/","name":"Wolf Gold Slot in Australia - Play game online for money","description":"Wolf Gold Slot - Official site in Australia","publisher":{"@id":"https:\/\/wolf-gold-slot-review.com\/#organization"},"alternateName":"Wolf Gold Slot","potentialAction":[{"@type":"SearchAction","target":{"@type":"EntryPoint","urlTemplate":"https:\/\/wolf-gold-slot-review.com\/?s={search_term_string}"},"query-input":"required name=search_term_string"}],"inLanguage":"fr-FR"},{"@type":"Organization","@id":"https:\/\/wolf-gold-slot-review.com\/#organization","name":"Wolf Gold Slot in Australia - Play game online for money","alternateName":"Wolf Gold Slot","url":"https:\/\/wolf-gold-slot-review.com\/","logo":{"@type":"ImageObject","inLanguage":"fr-FR","@id":"https:\/\/wolf-gold-slot-review.com\/#\/schema\/logo\/image\/","url":"https:\/\/wolf-gold-slot-review.com\/wp-content\/uploads\/2022\/11\/cropped-logowolf.png","contentUrl":"https:\/\/wolf-gold-slot-review.com\/wp-content\/uploads\/2022\/11\/cropped-logowolf.png","width":265,"height":100,"caption":"Wolf Gold Slot in Australia - Play game online for money"},"image":{"@id":"https:\/\/wolf-gold-slot-review.com\/#\/schema\/logo\/image\/"}}]}},"_links":{"self":[{"href":"https:\/\/wolf-gold-slot-review.com\/fr\/wp-json\/wp\/v2\/pages\/532","targetHints":{"allow":["GET"]}}],"collection":[{"href":"https:\/\/wolf-gold-slot-review.com\/fr\/wp-json\/wp\/v2\/pages"}],"about":[{"href":"https:\/\/wolf-gold-slot-review.com\/fr\/wp-json\/wp\/v2\/types\/page"}],"author":[{"embeddable":true,"href":"https:\/\/wolf-gold-slot-review.com\/fr\/wp-json\/wp\/v2\/users\/1"}],"replies":[{"embeddable":true,"href":"https:\/\/wolf-gold-slot-review.com\/fr\/wp-json\/wp\/v2\/comments?post=532"}],"version-history":[{"count":6,"href":"https:\/\/wolf-gold-slot-review.com\/fr\/wp-json\/wp\/v2\/pages\/532\/revisions"}],"predecessor-version":[{"id":679,"href":"https:\/\/wolf-gold-slot-review.com\/fr\/wp-json\/wp\/v2\/pages\/532\/revisions\/679"}],"wp:featuredmedia":[{"embeddable":true,"href":"https:\/\/wolf-gold-slot-review.com\/fr\/wp-json\/wp\/v2\/media\/610"}],"wp:attachment":[{"href":"https:\/\/wolf-gold-slot-review.com\/fr\/wp-json\/wp\/v2\/media?parent=532"}],"curies":[{"name":"wp","href":"https:\/\/api.w.org\/{rel}","templated":true}]}}