{"id":619,"date":"2023-02-21T00:29:20","date_gmt":"2023-02-21T00:29:20","guid":{"rendered":"https:\/\/wolf-gold-slot-review.com\/?page_id=619"},"modified":"2025-02-04T17:03:46","modified_gmt":"2025-02-04T17:03:46","slug":"wolf-gold-1-million","status":"publish","type":"page","link":"https:\/\/wolf-gold-slot-review.com\/fr\/loup-or-1-million\/","title":{"rendered":"Loup d'or 1 million"},"content":{"rendered":"<h1 style=\"text-align: center;\"><strong>Machine \u00e0 sous Wolf Gold 1 Million - jouer en ligne pour de l'argent r\u00e9el<\/strong><\/h1>\n<p>Wolf Gold 1 Million est une machine \u00e0 sous tr\u00e8s engageante et gratifiante qui promet aux joueurs une exp\u00e9rience de jeu inoubliable. Apprenez-en plus sur ce jeu et sur la fa\u00e7on dont vous pouvez maximiser vos gains.<\/p>\n<p style=\"text-align: center;\"><a class=\"fasc-button fasc-size-large fasc-type-glossy fasc-rounded-medium\" style=\"background-color: #33809e; color: #ffffff;\" href=\"https:\/\/wolf-gold-slot-review.com\/fr\/play-wolf-gold-pin-up\/\">Jouer \u00e0 la pin-up Wolf Gold<\/a> &nbsp;<a class=\"fasc-button fasc-size-large fasc-type-glossy fasc-rounded-medium\" style=\"background-color: #33809e; color: #ffffff;\" href=\"https:\/\/wolf-gold-slot-review.com\/fr\/jeu-loup-or-1win\/\">Jouer \u00e0 Wolf Gold 1win<\/a> &nbsp;<a class=\"fasc-button fasc-size-large fasc-type-glossy fasc-rounded-medium\" style=\"background-color: #33809e; color: #ffffff;\" href=\"https:\/\/wolf-gold-slot-review.com\/fr\/play-wolf-gold-parimatch\/\">Jouez \u00e0 Wolf Gold Parimatch <\/a>&nbsp; <a class=\"fasc-button fasc-size-large fasc-type-glossy fasc-rounded-medium\" style=\"background-color: #33809e; color: #ffffff;\" href=\"https:\/\/wolf-gold-slot-review.com\/fr\/demo-wolf-gold-slot\/\">Jouer \u00e0 la d\u00e9mo de Wolf Gold<\/a>&nbsp;<\/p>\n<p>Wolf Gold 1 Million est une machine \u00e0 sous en ligne qui a pris d'assaut l'industrie du jeu. Avec ses caract\u00e9ristiques palpitantes et ses gains impressionnants, le jeu est devenu le favori des joueurs. Le jeu a une disposition 5\u00d74 avec 1 000 000 de lignes de paiement, ce qui donne aux joueurs une chance de gagner gros.<\/p>\n<h2 style=\"text-align: center;\"><strong>Wolf Gold 1 Million : Une vue d'ensemble<\/strong><\/h2>\n<p>Wolf Gold 1 Million est un produit de Pragmatic Play, un fournisseur de logiciels renomm\u00e9 dans l'industrie du jeu. Le jeu a \u00e9t\u00e9 lanc\u00e9 en 2020 et a depuis gagn\u00e9 en popularit\u00e9 aupr\u00e8s des amateurs de jeux de machines \u00e0 sous.<\/p>\n<p><img decoding=\"async\" class=\"aligncenter wp-image-623\" src=\"https:\/\/wolf-gold-slot-review.com\/wp-content\/uploads\/2023\/02\/wolf-gold-1-million-slot-1024x509.jpg\" alt=\"Machine \u00e0 sous Wolf Gold 1 Million\" width=\"680\" height=\"338\" srcset=\"\/\/wolf-gold-slot-review.com\/wp-content\/uploads\/2023\/02\/wolf-gold-1-million-slot-1024x509.jpg 1024w, \/\/wolf-gold-slot-review.com\/wp-content\/uploads\/2023\/02\/wolf-gold-1-million-slot-300x149.jpg 300w, \/\/wolf-gold-slot-review.com\/wp-content\/uploads\/2023\/02\/wolf-gold-1-million-slot-150x75.jpg 150w, \/\/wolf-gold-slot-review.com\/wp-content\/uploads\/2023\/02\/wolf-gold-1-million-slot-768x382.jpg 768w, \/\/wolf-gold-slot-review.com\/wp-content\/uploads\/2023\/02\/wolf-gold-1-million-slot-18x9.jpg 18w, \/\/wolf-gold-slot-review.com\/wp-content\/uploads\/2023\/02\/wolf-gold-1-million-slot.jpg 1094w\" sizes=\"(max-width: 680px) 100vw, 680px\" \/><\/p>\n<p>Le th\u00e8me du jeu tourne autour de la nature sauvage, et les rouleaux comportent des symboles tels que des loups, des aigles, des bisons et des chevaux. Le jeu a un RTP de 96.5%, ce qui est assez impressionnant, et il est livr\u00e9 avec une volatilit\u00e9 moyenne.<\/p>\n<h3 style=\"text-align: center;\"><strong>Caract\u00e9ristiques de Wolf Gold 1 Million<\/strong><\/h3>\n<p>Wolf Gold 1 Million poss\u00e8de plusieurs caract\u00e9ristiques qui le distinguent des autres jeux de machines \u00e0 sous. Ces caract\u00e9ristiques comprennent :<\/p>\n<ol>\n<li>Symboles Scatter et Wild : Le symbole Scatter est repr\u00e9sent\u00e9 par un attrapeur de r\u00eaves et peut d\u00e9clencher la fonction tours gratuits. Le symbole Wild est repr\u00e9sent\u00e9 par le loup et peut remplacer n'importe quel autre symbole \u00e0 l'exception du Scatter.<\/li>\n<li>Fonctions de tours gratuits : L'apparition de trois symboles Scatter ou plus d\u00e9clenche la fonction de tours gratuits, qui peut vous r\u00e9compenser jusqu'\u00e0 15 tours gratuits.<\/li>\n<li>Fonction Re-Spin Argent : L'apparition de six symboles d'argent ou plus sur les rouleaux d\u00e9clenche cette fonction. Les symboles d'argent resteront sur les rouleaux et vous aurez droit \u00e0 trois re-spins pour essayer de faire appara\u00eetre d'autres symboles d'argent. Chaque nouveau symbole pos\u00e9 remet le compteur de re-spins \u00e0 trois.<\/li>\n<\/ol>\n<p><img decoding=\"async\" class=\"aligncenter wp-image-625\" src=\"https:\/\/wolf-gold-slot-review.com\/wp-content\/uploads\/2023\/02\/wolf-gold-1-million-bonus.jpg\" alt=\"Bonus de 1 million de Wolf Gold\" width=\"680\" height=\"381\" srcset=\"\/\/wolf-gold-slot-review.com\/wp-content\/uploads\/2023\/02\/wolf-gold-1-million-bonus.jpg 738w, \/\/wolf-gold-slot-review.com\/wp-content\/uploads\/2023\/02\/wolf-gold-1-million-bonus-300x168.jpg 300w, \/\/wolf-gold-slot-review.com\/wp-content\/uploads\/2023\/02\/wolf-gold-1-million-bonus-150x84.jpg 150w, \/\/wolf-gold-slot-review.com\/wp-content\/uploads\/2023\/02\/wolf-gold-1-million-bonus-18x10.jpg 18w\" sizes=\"(max-width: 680px) 100vw, 680px\" \/><\/p>\n<h3 style=\"text-align: center;\"><strong>Comment jouer \u00e0 Wolf Gold 1 Million ?<\/strong><\/h3>\n<p>Jouer \u00e0 Wolf Gold 1 Million est facile et direct. Le jeu poss\u00e8de une interface conviviale qui permet aux joueurs de placer leurs paris et de faire tourner les rouleaux. Voici un guide \u00e9tape par \u00e9tape sur la fa\u00e7on de jouer :<\/p>\n<ol>\n<li>Choisissez la taille de votre mise : Utilisez les boutons \"+\" et \"-\" pour augmenter ou diminuer la taille de votre mise. La mise minimale est de $0.20, tandis que la mise maximale est de $100.<\/li>\n<li>Faites tourner les rouleaux : Cliquez sur le bouton \"Spin\" pour lancer le jeu. Vous pouvez \u00e9galement utiliser la fonction \"Autoplay\" pour faire tourner les rouleaux automatiquement.<\/li>\n<li>Gagner : L'apparition de symboles identiques sur les rouleaux entra\u00eene un gain. Le montant que vous gagnez d\u00e9pend du symbole et de la taille de la mise.<\/li>\n<\/ol>\n<h3 style=\"text-align: center;\"><strong>Maximiser vos gains dans Wolf Gold 1 Million<\/strong><\/h3>\n<p>Pour maximiser vos gains \u00e0 Wolf Gold 1 Million, vous devez comprendre les caract\u00e9ristiques du jeu et savoir comment les utiliser \u00e0 votre avantage. Voici quelques conseils pour vous aider \u00e0 maximiser vos gains :<\/p>\n<ol>\n<li>Utilisez la fonction de tours gratuits : La fonction de tours gratuits peut augmenter vos chances de gagner gros, surtout si vous obtenez le symbole Wild pendant les tours gratuits.<\/li>\n<li>Profitez de la fonction de repositionnement de l'argent : La fonction Money Re-Spin peut \u00eatre lucrative si vous obtenez les bons symboles. Continuez \u00e0 jouer jusqu'\u00e0 ce que vous obteniez autant de symboles d'argent que possible.<\/li>\n<li>G\u00e9rez votre bankroll : Fixez un budget et respectez-le. Ne d\u00e9pensez pas plus que ce que vous pouvez vous permettre de perdre, et \u00e9vitez de courir apr\u00e8s les pertes.<\/li>\n<\/ol>\n<p><img decoding=\"async\" class=\"aligncenter size-full wp-image-624\" src=\"https:\/\/wolf-gold-slot-review.com\/wp-content\/uploads\/2023\/02\/wolf-gold-1-million-scratch.jpg\" alt=\"Wolf Gold 1 Million Scratch\" width=\"680\" height=\"337\" srcset=\"\/\/wolf-gold-slot-review.com\/wp-content\/uploads\/2023\/02\/wolf-gold-1-million-scratch.jpg 680w, \/\/wolf-gold-slot-review.com\/wp-content\/uploads\/2023\/02\/wolf-gold-1-million-scratch-300x149.jpg 300w, \/\/wolf-gold-slot-review.com\/wp-content\/uploads\/2023\/02\/wolf-gold-1-million-scratch-150x74.jpg 150w, \/\/wolf-gold-slot-review.com\/wp-content\/uploads\/2023\/02\/wolf-gold-1-million-scratch-18x9.jpg 18w\" sizes=\"(max-width: 680px) 100vw, 680px\" \/><\/p>\n<h5 style=\"text-align: center;\"><strong>Conclusion<\/strong><\/h5>\n<p>En conclusion, Wolf Gold 1 Million est un jeu de machine \u00e0 sous passionnant et engageant qui promet aux joueurs une exp\u00e9rience de jeu inoubliable. Avec ses caract\u00e9ristiques et ses paiements impressionnants, le jeu vaut la peine d'\u00eatre jou\u00e9, surtout si vous \u00eates un fan des jeux de machines \u00e0 sous.<\/p>\n<p>Pour maximiser vos gains dans le jeu, vous devez comprendre les caract\u00e9ristiques du jeu et savoir comment les utiliser \u00e0 votre avantage. Et n'oubliez pas de toujours jouer de mani\u00e8re responsable et en fonction de vos moyens.<\/p>\n<p>Alors, d\u00e9clenchez le frisson de Wolf Gold 1 Million et obtenez une chance de gagner gros !<\/p>\n<p>Jouez la mise maximale : Wolf Gold 1 Million poss\u00e8de 1 000 000 de lignes de paiement, ce qui signifie que plus vous activez de lignes de paiement, plus vous avez de chances de gagner. En jouant la mise maximale, vous activerez toutes les lignes de paiement et augmenterez vos chances de remporter un gros gain.<\/p>\n<p>&nbsp;<\/p>\n<h4 style=\"text-align: center;\"><strong>Questions fr\u00e9quemment pos\u00e9es sur Wolf Gold 1 Million<\/strong><\/h4>\n<style>#sp-ea-620 .spcollapsing { height: 0; overflow: hidden; transition-property: height;transition-duration: 300ms;}#sp-ea-620{ position: relative; }#sp-ea-620 .ea-card{ opacity: 0;}#eap-preloader-620{ position: absolute; left: 0; top: 0; height: 100%;width: 100%; text-align: center;display: flex; align-items: center;justify-content: center;}#sp-ea-620.sp-easy-accordion>.sp-ea-single {margin-bottom: 10px; border: 1px solid #e2e2e2; }#sp-ea-620.sp-easy-accordion>.sp-ea-single>.ea-header a {color: #444;}#sp-ea-620.sp-easy-accordion>.sp-ea-single>.sp-collapse>.ea-body {background: #fff; color: #444;}#sp-ea-620.sp-easy-accordion>.sp-ea-single {background: #eee;}#sp-ea-620.sp-easy-accordion>.sp-ea-single>.ea-header a .ea-expand-icon { float: left; color: #444;font-size: 16px;}<\/style><div id=\"sp_easy_accordion-1777607595\">\n<div id=\"sp-ea-620\" class=\"sp-ea-one sp-easy-accordion\" data-ea-active=\"ea-click\" data-ea-mode=\"vertical\" data-preloader=\"1\" data-scroll-active-item=\"\" data-offset-to-scroll=\"0\">\n\n\t<div id=\"eap-preloader-620\" class=\"accordion-preloader\">\n\t\t<img decoding=\"async\" src=\"https:\/\/wolf-gold-slot-review.com\/wp-content\/plugins\/easy-accordion-free\/public\/assets\/ea_loader.svg\" alt=\"Image du chargeur\"\/>\n\t<\/div>\n\t<!-- Start accordion card div. -->\n<div class=\"ea-card ea-expand sp-ea-single\">\n\t<!-- Start accordion header. -->\n\t<h3 class=\"ea-header\">\n\t\t<!-- Add anchor tag for header. -->\n\t\t<a class=\"collapsed\" id=\"ea-header-6200\" role=\"button\" data-sptoggle=\"spcollapse\" data-sptarget=\"#collapse6200\" aria-controls=\"collapse6200\" href=\"#\"  aria-expanded=\"true\" tabindex=\"0\">\n\t\t<i aria-hidden=\"true\" role=\"presentation\" class=\"ea-expand-icon eap-icon-ea-expand-minus\"><\/i> Wolf Gold 1 Million est-il un jeu l\u00e9gitime ?\t\t<\/a> <!-- Close anchor tag for header. -->\n\t<\/h3>\t<!-- Close header tag. -->\n\t<!-- Start collapsible content div. -->\n\t<div class=\"sp-collapse spcollapse collapsed show\" id=\"collapse6200\" data-parent=\"#sp-ea-620\" role=\"region\" aria-labelledby=\"ea-header-6200\">  <!-- Content div. -->\n\t\t<div class=\"ea-body\">\n\t\t<p><em>Oui, Wolf Gold 1 Million est un jeu l\u00e9gitime produit par Pragmatic Play, un fournisseur de logiciel r\u00e9put\u00e9 dans l'industrie du jeu.<\/em><\/p>\n\t\t<\/div> <!-- Close content div. -->\n\t<\/div> <!-- Close collapse div. -->\n<\/div> <!-- Close card div. -->\n<!-- Start accordion card div. -->\n<div class=\"ea-card ea-expand sp-ea-single\">\n\t<!-- Start accordion header. -->\n\t<h3 class=\"ea-header\">\n\t\t<!-- Add anchor tag for header. -->\n\t\t<a class=\"collapsed\" id=\"ea-header-6201\" role=\"button\" data-sptoggle=\"spcollapse\" data-sptarget=\"#collapse6201\" aria-controls=\"collapse6201\" href=\"#\"  aria-expanded=\"true\" tabindex=\"0\">\n\t\t<i aria-hidden=\"true\" role=\"presentation\" class=\"ea-expand-icon eap-icon-ea-expand-minus\"><\/i> Wolf Gold 1 Million est-il disponible pour les appareils mobiles ?\t\t<\/a> <!-- Close anchor tag for header. -->\n\t<\/h3>\t<!-- Close header tag. -->\n\t<!-- Start collapsible content div. -->\n\t<div class=\"sp-collapse spcollapse collapsed show\" id=\"collapse6201\" data-parent=\"#sp-ea-620\" role=\"region\" aria-labelledby=\"ea-header-6201\">  <!-- Content div. -->\n\t\t<div class=\"ea-body\">\n\t\t<p><em>Oui, vous pouvez jouer \u00e0 Wolf Gold 1 Million sur vos appareils mobiles. Le jeu est optimis\u00e9 pour les appareils Android et iOS.<\/em><\/p>\n\t\t<\/div> <!-- Close content div. -->\n\t<\/div> <!-- Close collapse div. -->\n<\/div> <!-- Close card div. -->\n<!-- Start accordion card div. -->\n<div class=\"ea-card ea-expand sp-ea-single\">\n\t<!-- Start accordion header. -->\n\t<h3 class=\"ea-header\">\n\t\t<!-- Add anchor tag for header. -->\n\t\t<a class=\"collapsed\" id=\"ea-header-6202\" role=\"button\" data-sptoggle=\"spcollapse\" data-sptarget=\"#collapse6202\" aria-controls=\"collapse6202\" href=\"#\"  aria-expanded=\"true\" tabindex=\"0\">\n\t\t<i aria-hidden=\"true\" role=\"presentation\" class=\"ea-expand-icon eap-icon-ea-expand-minus\"><\/i> Puis-je jouer \u00e0 Wolf Gold 1 Million gratuitement ?\t\t<\/a> <!-- Close anchor tag for header. -->\n\t<\/h3>\t<!-- Close header tag. -->\n\t<!-- Start collapsible content div. -->\n\t<div class=\"sp-collapse spcollapse collapsed show\" id=\"collapse6202\" data-parent=\"#sp-ea-620\" role=\"region\" aria-labelledby=\"ea-header-6202\">  <!-- Content div. -->\n\t\t<div class=\"ea-body\">\n\t\t<p><em>Oui, vous pouvez jouer \u00e0 Wolf Gold 1 Million gratuitement sur plusieurs casinos en ligne. En jouant \u00e0 la version d\u00e9mo, vous aurez la possibilit\u00e9 de tester les fonctionnalit\u00e9s du jeu et de vous familiariser avec son gameplay.<\/em><\/p>\n\t\t<\/div> <!-- Close content div. -->\n\t<\/div> <!-- Close collapse div. -->\n<\/div> <!-- Close card div. -->\n<!-- Start accordion card div. -->\n<div class=\"ea-card ea-expand sp-ea-single\">\n\t<!-- Start accordion header. -->\n\t<h3 class=\"ea-header\">\n\t\t<!-- Add anchor tag for header. -->\n\t\t<a class=\"collapsed\" id=\"ea-header-6203\" role=\"button\" data-sptoggle=\"spcollapse\" data-sptarget=\"#collapse6203\" aria-controls=\"collapse6203\" href=\"#\"  aria-expanded=\"true\" tabindex=\"0\">\n\t\t<i aria-hidden=\"true\" role=\"presentation\" class=\"ea-expand-icon eap-icon-ea-expand-minus\"><\/i> Comment gagner \u00e0 Wolf Gold 1 Million ?\t\t<\/a> <!-- Close anchor tag for header. -->\n\t<\/h3>\t<!-- Close header tag. -->\n\t<!-- Start collapsible content div. -->\n\t<div class=\"sp-collapse spcollapse collapsed show\" id=\"collapse6203\" data-parent=\"#sp-ea-620\" role=\"region\" aria-labelledby=\"ea-header-6203\">  <!-- Content div. -->\n\t\t<div class=\"ea-body\">\n\t\t<p><em>Le r\u00e9sultat du tour en <span class=\"search-highlight\">Loup d'or<\/span>\u00a01 Million est d\u00e9termin\u00e9 par des algorithmes math\u00e9matiques qui permettent \u00e0 tous les joueurs de gagner. Par cons\u00e9quent, pour obtenir le gain, vous devez faire tourner les rouleaux et esp\u00e9rer avoir de la chance. Lorsque vous jouez dans un casino \u00e9prouv\u00e9, les chances de gagner sont les m\u00eames pour tous les utilisateurs.<\/em><\/p>\n\t\t<\/div> <!-- Close content div. -->\n\t<\/div> <!-- Close collapse div. -->\n<\/div> <!-- Close card div. -->\n<!-- Start accordion card div. -->\n<div class=\"ea-card ea-expand sp-ea-single\">\n\t<!-- Start accordion header. -->\n\t<h3 class=\"ea-header\">\n\t\t<!-- Add anchor tag for header. -->\n\t\t<a class=\"collapsed\" id=\"ea-header-6204\" role=\"button\" data-sptoggle=\"spcollapse\" data-sptarget=\"#collapse6204\" aria-controls=\"collapse6204\" href=\"#\"  aria-expanded=\"true\" tabindex=\"0\">\n\t\t<i aria-hidden=\"true\" role=\"presentation\" class=\"ea-expand-icon eap-icon-ea-expand-minus\"><\/i> Quel est le RTP de Wolf Gold ?\t\t<\/a> <!-- Close anchor tag for header. -->\n\t<\/h3>\t<!-- Close header tag. -->\n\t<!-- Start collapsible content div. -->\n\t<div class=\"sp-collapse spcollapse collapsed show\" id=\"collapse6204\" data-parent=\"#sp-ea-620\" role=\"region\" aria-labelledby=\"ea-header-6204\">  <!-- Content div. -->\n\t\t<div class=\"ea-body\">\n\t\t<p><em>Loup d'or <b>Le taux de RTP est de 96,01%.<\/b>. C'est assez moyen pour une machine \u00e0 sous vid\u00e9o en ligne. Vous obtiendrez des combinaisons gagnantes assez fr\u00e9quemment, mais les plus grandes seront obtenues gr\u00e2ce aux deux fonctions bonus.<\/em><\/p>\n\t\t<\/div> <!-- Close content div. -->\n\t<\/div> <!-- Close collapse div. -->\n<\/div> <!-- Close card div. -->\n<script type=\"application\/ld+json\">{\n    \"@context\": \"https:\\\/\\\/schema.org\",\n    \"@type\": \"FAQPage\",\n    \"mainEntity\": [\n        {\n            \"@type\": \"Question\",\n            \"name\": \"Is Wolf Gold 1 Million a legitimate game?\",\n            \"acceptedAnswer\": {\n                \"@type\": \"Answer\",\n                \"text\": \"<em>Yes, Wolf Gold 1 Million is a legitimate game produced by Pragmatic Play, a reputable software provider in the gaming industry.<\\\/em>\"\n            }\n        },\n        {\n            \"@type\": \"Question\",\n            \"name\": \"Is Wolf Gold 1 Million available for mobile devices?\",\n            \"acceptedAnswer\": {\n                \"@type\": \"Answer\",\n                \"text\": \"<em>Yes, you can play Wolf Gold 1 Million on your mobile devices. The game is optimized for both Android and iOS devices.<\\\/em>\"\n            }\n        },\n        {\n            \"@type\": \"Question\",\n            \"name\": \"Can I play Wolf Gold 1 Million for free?\",\n            \"acceptedAnswer\": {\n                \"@type\": \"Answer\",\n                \"text\": \"<em>Yes, you can play Wolf Gold 1 Million for free at several online casinos. Playing the demo version will give you a chance to test the game's features and familiarize yourself with its gameplay.<\\\/em>\"\n            }\n        },\n        {\n            \"@type\": \"Question\",\n            \"name\": \"How do I win at Wolf Gold 1 Million?\",\n            \"acceptedAnswer\": {\n                \"@type\": \"Answer\",\n                \"text\": \"<em>The outcome of the round in Wolf Gold\\u00a01 Million is determined by mathematical algorithms that allow all players to win. Accordingly, to get the payout, you need to spin the reels and hope for luck. When playing in a proven casino, the chances of winning will be the same for all users.<\\\/em>\"\n            }\n        },\n        {\n            \"@type\": \"Question\",\n            \"name\": \"What is the Wolf Gold RTP?\",\n            \"acceptedAnswer\": {\n                \"@type\": \"Answer\",\n                \"text\": \"<em>Wolf Gold<b>RTP rate is 96.01%<\\\/b>. This is pretty average for an online video slot. You will get winning combinations pretty frequently but bigger ones will come in the 2 bonus features.<\\\/em>\"\n            }\n        }\n    ]\n}<\/script><\/div>\n<\/div>","protected":false},"excerpt":{"rendered":"<p>Wolf Gold 1 Million slot &#8211; play online for real money online Wolf Gold 1 Million is a highly engaging and rewarding slot game that promises players an unforgettable gaming experience. Learn more about this game and how you can maximize your winnings. Play Wolf Gold PinUp &nbsp;Play Wolf Gold 1win &nbsp;Play Wolf Gold Parimatch &hellip;<\/p>\n<p class=\"read-more\"> <a class=\"\" href=\"https:\/\/wolf-gold-slot-review.com\/fr\/loup-or-1-million\/\"> <span class=\"screen-reader-text\">Loup d'or 1 million<\/span> Lire la suite\u00a0\u00bb<\/a><\/p>","protected":false},"author":1,"featured_media":626,"parent":0,"menu_order":0,"comment_status":"closed","ping_status":"closed","template":"","meta":{"site-sidebar-layout":"default","site-content-layout":"default","ast-global-header-display":"","ast-main-header-display":"","ast-hfb-above-header-display":"","ast-hfb-below-header-display":"","ast-hfb-mobile-header-display":"","site-post-title":"disabled","ast-breadcrumbs-content":"","ast-featured-img":"disabled","footer-sml-layout":"","theme-transparent-header-meta":"default","adv-header-id-meta":"","stick-header-meta":"","header-above-stick-meta":"","header-main-stick-meta":"","header-below-stick-meta":"","footnotes":""},"class_list":["post-619","page","type-page","status-publish","has-post-thumbnail","hentry"],"yoast_head":"<!-- This site is optimized with the Yoast SEO Premium plugin v19.5 (Yoast SEO v19.10) - https:\/\/yoast.com\/wordpress\/plugins\/seo\/ -->\n<title>Wolf Gold 1 Million slot - play online for real money online<\/title>\n<meta name=\"description\" content=\"Wolf Gold 1 Million is a highly engaging and rewarding slot game that promises players an unforgettable gaming experience. Get your bonus now\" \/>\n<meta name=\"robots\" content=\"index, follow, max-snippet:-1, max-image-preview:large, max-video-preview:-1\" \/>\n<link rel=\"canonical\" href=\"https:\/\/wolf-gold-slot-review.com\/fr\/loup-or-1-million\/\" \/>\n<meta property=\"og:locale\" content=\"fr_FR\" \/>\n<meta property=\"og:type\" content=\"article\" \/>\n<meta property=\"og:title\" content=\"Wolf Gold 1 Million\" \/>\n<meta property=\"og:description\" content=\"Wolf Gold 1 Million slot - play online for real money online Wolf Gold 1 Million is a highly engaging and rewarding slot game that promises players an\" \/>\n<meta property=\"og:url\" content=\"https:\/\/wolf-gold-slot-review.com\/fr\/loup-or-1-million\/\" \/>\n<meta property=\"og:site_name\" content=\"Wolf Gold Slot in Australia - Play game online for money\" \/>\n<meta property=\"article:modified_time\" content=\"2025-02-04T17:03:46+00:00\" \/>\n<meta property=\"og:image\" content=\"https:\/\/wolf-gold-slot-review.com\/wp-content\/uploads\/2023\/02\/wolf-gold-1-million-site.jpg\" \/>\n\t<meta property=\"og:image:width\" content=\"900\" \/>\n\t<meta property=\"og:image:height\" content=\"900\" \/>\n\t<meta property=\"og:image:type\" content=\"image\/jpeg\" \/>\n<meta name=\"twitter:card\" content=\"summary_large_image\" \/>\n<meta name=\"twitter:label1\" content=\"Dur\u00e9e de lecture estim\u00e9e\" \/>\n\t<meta name=\"twitter:data1\" content=\"5 minutes\" \/>\n<!-- \/ Yoast SEO Premium plugin. -->","yoast_head_json":{"title":"Wolf Gold 1 Million slot - play online for real money online","description":"Wolf Gold 1 Million is a highly engaging and rewarding slot game that promises players an unforgettable gaming experience. Get your bonus now","robots":{"index":"index","follow":"follow","max-snippet":"max-snippet:-1","max-image-preview":"max-image-preview:large","max-video-preview":"max-video-preview:-1"},"canonical":"https:\/\/wolf-gold-slot-review.com\/fr\/loup-or-1-million\/","og_locale":"fr_FR","og_type":"article","og_title":"Wolf Gold 1 Million","og_description":"Wolf Gold 1 Million slot - play online for real money online Wolf Gold 1 Million is a highly engaging and rewarding slot game that promises players an","og_url":"https:\/\/wolf-gold-slot-review.com\/fr\/loup-or-1-million\/","og_site_name":"Wolf Gold Slot in Australia - Play game online for money","article_modified_time":"2025-02-04T17:03:46+00:00","og_image":[{"width":900,"height":900,"url":"https:\/\/wolf-gold-slot-review.com\/wp-content\/uploads\/2023\/02\/wolf-gold-1-million-site.jpg","type":"image\/jpeg"}],"twitter_card":"summary_large_image","twitter_misc":{"Dur\u00e9e de lecture estim\u00e9e":"5 minutes"},"schema":{"@context":"https:\/\/schema.org","@graph":[{"@type":"WebPage","@id":"https:\/\/wolf-gold-slot-review.com\/wolf-gold-1-million\/","url":"https:\/\/wolf-gold-slot-review.com\/wolf-gold-1-million\/","name":"Wolf Gold 1 Million slot - play online for real money online","isPartOf":{"@id":"https:\/\/wolf-gold-slot-review.com\/#website"},"datePublished":"2023-02-21T00:29:20+00:00","dateModified":"2025-02-04T17:03:46+00:00","description":"Wolf Gold 1 Million is a highly engaging and rewarding slot game that promises players an unforgettable gaming experience. Get your bonus now","breadcrumb":{"@id":"https:\/\/wolf-gold-slot-review.com\/wolf-gold-1-million\/#breadcrumb"},"inLanguage":"fr-FR","potentialAction":[{"@type":"ReadAction","target":["https:\/\/wolf-gold-slot-review.com\/wolf-gold-1-million\/"]}]},{"@type":"BreadcrumbList","@id":"https:\/\/wolf-gold-slot-review.com\/wolf-gold-1-million\/#breadcrumb","itemListElement":[{"@type":"ListItem","position":1,"name":"Home","item":"https:\/\/wolf-gold-slot-review.com\/"},{"@type":"ListItem","position":2,"name":"Wolf Gold 1 Million"}]},{"@type":"WebSite","@id":"https:\/\/wolf-gold-slot-review.com\/#website","url":"https:\/\/wolf-gold-slot-review.com\/","name":"Wolf Gold Slot in Australia - Play game online for money","description":"Wolf Gold Slot - Official site in Australia","publisher":{"@id":"https:\/\/wolf-gold-slot-review.com\/#organization"},"alternateName":"Wolf Gold Slot","potentialAction":[{"@type":"SearchAction","target":{"@type":"EntryPoint","urlTemplate":"https:\/\/wolf-gold-slot-review.com\/?s={search_term_string}"},"query-input":"required name=search_term_string"}],"inLanguage":"fr-FR"},{"@type":"Organization","@id":"https:\/\/wolf-gold-slot-review.com\/#organization","name":"Wolf Gold Slot in Australia - Play game online for money","alternateName":"Wolf Gold Slot","url":"https:\/\/wolf-gold-slot-review.com\/","logo":{"@type":"ImageObject","inLanguage":"fr-FR","@id":"https:\/\/wolf-gold-slot-review.com\/#\/schema\/logo\/image\/","url":"https:\/\/wolf-gold-slot-review.com\/wp-content\/uploads\/2022\/11\/cropped-logowolf.png","contentUrl":"https:\/\/wolf-gold-slot-review.com\/wp-content\/uploads\/2022\/11\/cropped-logowolf.png","width":265,"height":100,"caption":"Wolf Gold Slot in Australia - Play game online for money"},"image":{"@id":"https:\/\/wolf-gold-slot-review.com\/#\/schema\/logo\/image\/"}}]}},"_links":{"self":[{"href":"https:\/\/wolf-gold-slot-review.com\/fr\/wp-json\/wp\/v2\/pages\/619","targetHints":{"allow":["GET"]}}],"collection":[{"href":"https:\/\/wolf-gold-slot-review.com\/fr\/wp-json\/wp\/v2\/pages"}],"about":[{"href":"https:\/\/wolf-gold-slot-review.com\/fr\/wp-json\/wp\/v2\/types\/page"}],"author":[{"embeddable":true,"href":"https:\/\/wolf-gold-slot-review.com\/fr\/wp-json\/wp\/v2\/users\/1"}],"replies":[{"embeddable":true,"href":"https:\/\/wolf-gold-slot-review.com\/fr\/wp-json\/wp\/v2\/comments?post=619"}],"version-history":[{"count":4,"href":"https:\/\/wolf-gold-slot-review.com\/fr\/wp-json\/wp\/v2\/pages\/619\/revisions"}],"predecessor-version":[{"id":683,"href":"https:\/\/wolf-gold-slot-review.com\/fr\/wp-json\/wp\/v2\/pages\/619\/revisions\/683"}],"wp:featuredmedia":[{"embeddable":true,"href":"https:\/\/wolf-gold-slot-review.com\/fr\/wp-json\/wp\/v2\/media\/626"}],"wp:attachment":[{"href":"https:\/\/wolf-gold-slot-review.com\/fr\/wp-json\/wp\/v2\/media?parent=619"}],"curies":[{"name":"wp","href":"https:\/\/api.w.org\/{rel}","templated":true}]}}