{"id":14,"date":"2022-11-19T15:21:57","date_gmt":"2022-11-19T15:21:57","guid":{"rendered":"https:\/\/wolf-gold-slot-review.com\/?page_id=14"},"modified":"2023-02-21T13:58:19","modified_gmt":"2023-02-21T13:58:19","slug":"download-wolf-gold-apk","status":"publish","type":"page","link":"https:\/\/wolf-gold-slot-review.com\/it\/scaricare-wolf-gold-apk\/","title":{"rendered":"Scaricare Wolf Gold"},"content":{"rendered":"<h1 style=\"text-align: center;\"><strong>Scaricate l'applicazione Wolf Gold sul vostro telefono Android, iPhone o PC.<\/strong><\/h1>\n<p>Scaricare l'app Wolf Gold - molto semplice, vi dar\u00e0 l'opportunit\u00e0 di giocare alla vostra slot machine preferita sul vostro smartphone ovunque e in qualsiasi momento. La moderna tecnologia vi permette di divertirvi con il gioco d'azzardo direttamente sul vostro dispositivo mobile. Scaricate l'app o utilizzate il sito ufficiale del casin\u00f2 attraverso il vostro browser e cercate il nome della slot che desiderate. In entrambi i casi, avrete accesso a tutte le caratteristiche del marchio scelto.<\/p>\n<p style=\"text-align: center;\"><a class=\"fasc-button fasc-size-large fasc-type-glossy fasc-rounded-medium\" style=\"background-color: #33809e; color: #ffffff;\" href=\"https:\/\/wolf-gold-slot-review.com\/it\/gioco-lupo-oro-1win\/\">Gioca a Wolf Gold PinUp<\/a> &nbsp;<a class=\"fasc-button fasc-size-large fasc-type-glossy fasc-rounded-medium\" style=\"background-color: #33809e; color: #ffffff;\" href=\"https:\/\/wolf-gold-slot-review.com\/it\/gioco-lupo-oro-1win\/\">Gioca a Wolf Gold 1win<\/a> &nbsp;<a class=\"fasc-button fasc-size-large fasc-type-glossy fasc-rounded-medium\" style=\"background-color: #33809e; color: #ffffff;\" href=\"https:\/\/wolf-gold-slot-review.com\/it\/gioco-lupo-oro-parimatch\/\">Giocare a Wolf Gold Parimatch <\/a>&nbsp; <a class=\"fasc-button fasc-size-large fasc-type-glossy fasc-rounded-medium\" style=\"background-color: #33809e; color: #ffffff;\" href=\"https:\/\/wolf-gold-slot-review.com\/it\/demo-lupo-oro-slot\/\">Gioca la demo di Wolf Gold<\/a>&nbsp;<\/p>\n<p>Gli utenti dei casin\u00f2 online preferiscono sempre pi\u00f9 giocare attraverso il telefono. \u00c8 sufficiente scaricare l'app Wolf Gold o altre slot sul proprio smartphone attraverso i negozi ufficiali Android Play Market e App Store per iOS. Un'altra opzione per gli utenti Android \u00e8 quella di scaricare il file APK del gioco su internet o sul sito del casin\u00f2 online. La versione mobile non \u00e8 diversa da quella per computer, e un'interfaccia user-friendly permetter\u00e0 anche ai possessori di gadget deboli di controllare la propria fortuna. Nulla vi impedir\u00e0 di immergervi nel gioco e di avere una reale possibilit\u00e0 di vincere denaro.<\/p>\n<h2 style=\"text-align: center;\"><strong>Come scaricare l'applicazione Wolf Gold sul cellulare?<\/strong><\/h2>\n<p>Per scaricare Wolf Gold su Android o iOS, \u00e8 necessario andare sul sito del casin\u00f2 online e selezionare la sezione appropriata. La maggior parte delle societ\u00e0 di gioco offre ai clienti un'applicazione mobile, che consente di giocare comodamente su qualsiasi smartphone.<\/p>\n<p><img decoding=\"async\" class=\"aligncenter wp-image-427\" src=\"https:\/\/wolf-gold-slot-review.com\/wp-content\/uploads\/2022\/11\/wolf-gold-android-1.jpg\" alt=\"Lupo d&#039;oro Android\" width=\"532\" height=\"336\" srcset=\"\/\/wolf-gold-slot-review.com\/wp-content\/uploads\/2022\/11\/wolf-gold-android-1.jpg 720w, \/\/wolf-gold-slot-review.com\/wp-content\/uploads\/2022\/11\/wolf-gold-android-1-300x190.jpg 300w, \/\/wolf-gold-slot-review.com\/wp-content\/uploads\/2022\/11\/wolf-gold-android-1-150x95.jpg 150w\" sizes=\"(max-width: 532px) 100vw, 532px\" \/><\/p>\n<p>La procedura per scaricare e installare l'applicazione Wolf Gold \u00e8 la pi\u00f9 semplice possibile e sar\u00e0 comprensibile anche a un principiante. Nella maggior parte dei casi, l'amministrazione del casin\u00f2 mostra istruzioni dettagliate. Non avrete sicuramente problemi a far girare i rulli dal vostro telefono. Non \u00e8 diverso se si decide di giocare su un computer.<\/p>\n<h3 style=\"text-align: center;\"><strong>Scarica una versione demo della slot Wolf Gold<\/strong><\/h3>\n<p>\u00c8 possibile scaricare gratuitamente il gioco per giocare in modalit\u00e0 demo a Wolf Gold sul proprio cellulare. Si tratta di una versione completamente gratuita della slot machine, disponibile senza registrazione e deposito. Di conseguenza, i giocatori non dovranno spendere denaro reale e non dovranno correre rischi. Tuttavia, non sar\u00e0 possibile vincere nulla, ma sar\u00e0 un ottimo modo per acquisire esperienza e poterla utilizzare in seguito per le scommesse reali.<\/p>\n<p><img decoding=\"async\" class=\"aligncenter wp-image-424 size-full\" src=\"https:\/\/wolf-gold-slot-review.com\/wp-content\/uploads\/2022\/11\/wolfgold-demo.jpg\" alt=\"demo dell&#039;oro del lupo\" width=\"300\" height=\"422\" srcset=\"\/\/wolf-gold-slot-review.com\/wp-content\/uploads\/2022\/11\/wolfgold-demo.jpg 300w, \/\/wolf-gold-slot-review.com\/wp-content\/uploads\/2022\/11\/wolfgold-demo-213x300.jpg 213w, \/\/wolf-gold-slot-review.com\/wp-content\/uploads\/2022\/11\/wolfgold-demo-107x150.jpg 107w\" sizes=\"(max-width: 300px) 100vw, 300px\" \/><\/p>\n<h3 style=\"text-align: center;\"><strong>Scarica il file APK di Wolf Gold<\/strong><\/h3>\n<p>Gli utenti di dispositivi Android possono scaricare il file APK del gioco Wolf Gold. Il file si trova sul sito web del casin\u00f2 ufficiale nella sezione \"Download\". Non consigliamo di scaricare file APK di terze parti da Internet. Dopo aver installato il file APK con il gioco, avrete la solita applicazione sul vostro dispositivo.<\/p>\n<ol>\n<li>Scaricate il file APK del gioco sul sito ufficiale del casin\u00f2 online;<\/li>\n<li>Consentire l'installazione dell'applicazione sul dispositivo;<\/li>\n<li>Registratevi o accedete al vostro conto del casin\u00f2;<\/li>\n<li>Ricaricare il saldo;<\/li>\n<li>Trovare lo slot desiderato tramite la ricerca;<\/li>\n<li>Scommettere<\/li>\n<\/ol>\n<p><img decoding=\"async\" class=\"aligncenter wp-image-428 size-full\" src=\"https:\/\/wolf-gold-slot-review.com\/wp-content\/uploads\/2022\/11\/wolfgold-apk-en-e1669739317160.jpg\" alt=\"wolfgold apk it\" width=\"406\" height=\"433\" srcset=\"\/\/wolf-gold-slot-review.com\/wp-content\/uploads\/2022\/11\/wolfgold-apk-en-e1669739317160.jpg 406w, \/\/wolf-gold-slot-review.com\/wp-content\/uploads\/2022\/11\/wolfgold-apk-en-e1669739317160-281x300.jpg 281w, \/\/wolf-gold-slot-review.com\/wp-content\/uploads\/2022\/11\/wolfgold-apk-en-e1669739317160-141x150.jpg 141w\" sizes=\"(max-width: 406px) 100vw, 406px\" \/><span style=\"font-size: 16px;\">Prima di scaricare l'app WolfGold, \u00e8 necessario scegliere un casin\u00f2 online adatto. Date la preferenza ai marchi autorizzati che operano da diversi anni e che offrono bonus interessanti, come ad esempio:<\/span>100% sul primo deposito;<\/p>\n<ul>\n<li>15% cashback;<\/li>\n<li>Promozioni settimanali;<\/li>\n<li>Bonus senza deposito e molto altro ancora.<\/li>\n<\/ul>\n<p>Di seguito forniamo un elenco di casin\u00f2 online ufficiali e raccomandati:<\/p>\n<p>1win casino - \u00e8 un popolare casin\u00f2 online legale.<br \/>\nPinUp casino - un grande bookmaker di casin\u00f2 online che ha come parte della sua struttura.<br \/>\nCasin\u00f2 Parimatch - \u00e8 una delle pi\u00f9 grandi societ\u00e0 di casin\u00f2 e scommesse online del mondo.<\/p>\n<h3 style=\"text-align: center;\"><strong>Qual \u00e8 il posto migliore per giocare a Wolf Gold: un'app su smartphone o un PC?<\/strong><\/h3>\n<p>Una questione di gusti. La versione desktop tramite browser \u00e8 pi\u00f9 adatta per giocare a casa in un'atmosfera tranquilla, con un bicchiere di ottima birra. Con l'app, invece, si pu\u00f2 giocare in qualsiasi momento e ovunque. Con l'app \u00e8 facile passare il tempo in metropolitana, in coda o anche al lavoro. Provate entrambe le opzioni e scegliete quella che preferite. La fortuna sar\u00e0 sicuramente con voi!<\/p>","protected":false},"excerpt":{"rendered":"<p>Download Wolf Gold app on your android phone, iPhone or PC Download app Wolf Gold &#8211; very easy, it will give you the opportunity to play your favorite slot machine on your smartphone anywhere and any time. Modern technology allows you to enjoy gambling right on your mobile device. Download the app, or use the &hellip;<\/p>\n<p class=\"read-more\"> <a class=\"\" href=\"https:\/\/wolf-gold-slot-review.com\/it\/scaricare-wolf-gold-apk\/\"> <span class=\"screen-reader-text\">Scaricare Wolf Gold<\/span> Leggi altro &raquo;<\/a><\/p>","protected":false},"author":1,"featured_media":606,"parent":0,"menu_order":0,"comment_status":"closed","ping_status":"closed","template":"","meta":{"site-sidebar-layout":"default","site-content-layout":"default","ast-global-header-display":"","ast-main-header-display":"","ast-hfb-above-header-display":"","ast-hfb-below-header-display":"","ast-hfb-mobile-header-display":"","site-post-title":"disabled","ast-breadcrumbs-content":"","ast-featured-img":"disabled","footer-sml-layout":"","theme-transparent-header-meta":"default","adv-header-id-meta":"","stick-header-meta":"","header-above-stick-meta":"","header-main-stick-meta":"","header-below-stick-meta":"","footnotes":""},"class_list":["post-14","page","type-page","status-publish","has-post-thumbnail","hentry"],"yoast_head":"<!-- This site is optimized with the Yoast SEO Premium plugin v19.5 (Yoast SEO v19.10) - https:\/\/yoast.com\/wordpress\/plugins\/seo\/ -->\n<title>Download Wolf Gold Slot app on your phone or computer free<\/title>\n<meta name=\"description\" content=\"How to download the game Wolf Gold for iPhone, Android, PC. Download Wolf Gold app to play for real money using our site and get your bonus.\" \/>\n<meta name=\"robots\" content=\"index, follow, max-snippet:-1, max-image-preview:large, max-video-preview:-1\" \/>\n<link rel=\"canonical\" href=\"https:\/\/wolf-gold-slot-review.com\/it\/scaricare-wolf-gold-apk\/\" \/>\n<meta property=\"og:locale\" content=\"it_IT\" \/>\n<meta property=\"og:type\" content=\"article\" \/>\n<meta property=\"og:title\" content=\"Download Wolf Gold\" \/>\n<meta property=\"og:description\" content=\"Download Wolf Gold app on your android phone, iPhone or PC Download app Wolf Gold - very easy, it will give you the opportunity to play your favorite slot\" \/>\n<meta property=\"og:url\" content=\"https:\/\/wolf-gold-slot-review.com\/it\/scaricare-wolf-gold-apk\/\" \/>\n<meta property=\"og:site_name\" content=\"Wolf Gold Slot in Australia - Play game online for money\" \/>\n<meta property=\"article:modified_time\" content=\"2023-02-21T13:58:19+00:00\" \/>\n<meta property=\"og:image\" content=\"https:\/\/wolf-gold-slot-review.com\/wp-content\/uploads\/2023\/02\/download-app-wolf-gold.jpg\" \/>\n\t<meta property=\"og:image:width\" content=\"900\" \/>\n\t<meta property=\"og:image:height\" content=\"900\" \/>\n\t<meta property=\"og:image:type\" content=\"image\/jpeg\" \/>\n<meta name=\"twitter:card\" content=\"summary_large_image\" \/>\n<meta name=\"twitter:label1\" content=\"Tempo di lettura stimato\" \/>\n\t<meta name=\"twitter:data1\" content=\"5 minuti\" \/>\n<!-- \/ Yoast SEO Premium plugin. -->","yoast_head_json":{"title":"Download Wolf Gold Slot app on your phone or computer free","description":"How to download the game Wolf Gold for iPhone, Android, PC. Download Wolf Gold app to play for real money using our site and get your bonus.","robots":{"index":"index","follow":"follow","max-snippet":"max-snippet:-1","max-image-preview":"max-image-preview:large","max-video-preview":"max-video-preview:-1"},"canonical":"https:\/\/wolf-gold-slot-review.com\/it\/scaricare-wolf-gold-apk\/","og_locale":"it_IT","og_type":"article","og_title":"Download Wolf Gold","og_description":"Download Wolf Gold app on your android phone, iPhone or PC Download app Wolf Gold - very easy, it will give you the opportunity to play your favorite slot","og_url":"https:\/\/wolf-gold-slot-review.com\/it\/scaricare-wolf-gold-apk\/","og_site_name":"Wolf Gold Slot in Australia - Play game online for money","article_modified_time":"2023-02-21T13:58:19+00:00","og_image":[{"width":900,"height":900,"url":"https:\/\/wolf-gold-slot-review.com\/wp-content\/uploads\/2023\/02\/download-app-wolf-gold.jpg","type":"image\/jpeg"}],"twitter_card":"summary_large_image","twitter_misc":{"Tempo di lettura stimato":"5 minuti"},"schema":{"@context":"https:\/\/schema.org","@graph":[{"@type":"WebPage","@id":"https:\/\/wolf-gold-slot-review.com\/download-wolf-gold-apk\/","url":"https:\/\/wolf-gold-slot-review.com\/download-wolf-gold-apk\/","name":"Download Wolf Gold Slot app on your phone or computer free","isPartOf":{"@id":"https:\/\/wolf-gold-slot-review.com\/#website"},"datePublished":"2022-11-19T15:21:57+00:00","dateModified":"2023-02-21T13:58:19+00:00","description":"How to download the game Wolf Gold for iPhone, Android, PC. Download Wolf Gold app to play for real money using our site and get your bonus.","breadcrumb":{"@id":"https:\/\/wolf-gold-slot-review.com\/download-wolf-gold-apk\/#breadcrumb"},"inLanguage":"it-IT","potentialAction":[{"@type":"ReadAction","target":["https:\/\/wolf-gold-slot-review.com\/download-wolf-gold-apk\/"]}]},{"@type":"BreadcrumbList","@id":"https:\/\/wolf-gold-slot-review.com\/download-wolf-gold-apk\/#breadcrumb","itemListElement":[{"@type":"ListItem","position":1,"name":"Home","item":"https:\/\/wolf-gold-slot-review.com\/"},{"@type":"ListItem","position":2,"name":"Download Wolf Gold"}]},{"@type":"WebSite","@id":"https:\/\/wolf-gold-slot-review.com\/#website","url":"https:\/\/wolf-gold-slot-review.com\/","name":"Wolf Gold Slot in Australia - Play game online for money","description":"Wolf Gold Slot - Official site in Australia","publisher":{"@id":"https:\/\/wolf-gold-slot-review.com\/#organization"},"alternateName":"Wolf Gold Slot","potentialAction":[{"@type":"SearchAction","target":{"@type":"EntryPoint","urlTemplate":"https:\/\/wolf-gold-slot-review.com\/?s={search_term_string}"},"query-input":"required name=search_term_string"}],"inLanguage":"it-IT"},{"@type":"Organization","@id":"https:\/\/wolf-gold-slot-review.com\/#organization","name":"Wolf Gold Slot in Australia - Play game online for money","alternateName":"Wolf Gold Slot","url":"https:\/\/wolf-gold-slot-review.com\/","logo":{"@type":"ImageObject","inLanguage":"it-IT","@id":"https:\/\/wolf-gold-slot-review.com\/#\/schema\/logo\/image\/","url":"https:\/\/wolf-gold-slot-review.com\/wp-content\/uploads\/2022\/11\/cropped-logowolf.png","contentUrl":"https:\/\/wolf-gold-slot-review.com\/wp-content\/uploads\/2022\/11\/cropped-logowolf.png","width":265,"height":100,"caption":"Wolf Gold Slot in Australia - Play game online for money"},"image":{"@id":"https:\/\/wolf-gold-slot-review.com\/#\/schema\/logo\/image\/"}}]}},"_links":{"self":[{"href":"https:\/\/wolf-gold-slot-review.com\/it\/wp-json\/wp\/v2\/pages\/14","targetHints":{"allow":["GET"]}}],"collection":[{"href":"https:\/\/wolf-gold-slot-review.com\/it\/wp-json\/wp\/v2\/pages"}],"about":[{"href":"https:\/\/wolf-gold-slot-review.com\/it\/wp-json\/wp\/v2\/types\/page"}],"author":[{"embeddable":true,"href":"https:\/\/wolf-gold-slot-review.com\/it\/wp-json\/wp\/v2\/users\/1"}],"replies":[{"embeddable":true,"href":"https:\/\/wolf-gold-slot-review.com\/it\/wp-json\/wp\/v2\/comments?post=14"}],"version-history":[{"count":11,"href":"https:\/\/wolf-gold-slot-review.com\/it\/wp-json\/wp\/v2\/pages\/14\/revisions"}],"predecessor-version":[{"id":675,"href":"https:\/\/wolf-gold-slot-review.com\/it\/wp-json\/wp\/v2\/pages\/14\/revisions\/675"}],"wp:featuredmedia":[{"embeddable":true,"href":"https:\/\/wolf-gold-slot-review.com\/it\/wp-json\/wp\/v2\/media\/606"}],"wp:attachment":[{"href":"https:\/\/wolf-gold-slot-review.com\/it\/wp-json\/wp\/v2\/media?parent=14"}],"curies":[{"name":"wp","href":"https:\/\/api.w.org\/{rel}","templated":true}]}}