{"id":18,"date":"2022-11-19T15:29:08","date_gmt":"2022-11-19T15:29:08","guid":{"rendered":"https:\/\/wolf-gold-slot-review.com\/?page_id=18"},"modified":"2025-02-04T17:04:00","modified_gmt":"2025-02-04T17:04:00","slug":"strategies-and-tactics","status":"publish","type":"page","link":"https:\/\/wolf-gold-slot-review.com\/it\/strategie-e-tattiche\/","title":{"rendered":"Strategie e tattiche"},"content":{"rendered":"<h1 style=\"text-align: center;\"><strong>Wolf Gold Slot - strategie e tattiche per un gioco popolare<\/strong><\/h1>\n<p>La slot Wolf Gold \u00e8 un gioco popolare dello studio Pragmatic Play. Il gioco offre ai clienti 3 jackpot, che garantiscono un buon tasso di rendimento. Queste caratteristiche della macchina consentono di scegliere metodi di scommessa unici.<\/p>\n<p style=\"text-align: center;\"><a class=\"fasc-button fasc-size-large fasc-type-glossy fasc-rounded-medium\" style=\"background-color: #33809e; color: #ffffff;\" href=\"https:\/\/wolf-gold-slot-review.com\/it\/giocare-al-lupo-oro-pin-up\/\">Gioca a Wolf Gold PinUp<\/a> &nbsp;<a class=\"fasc-button fasc-size-large fasc-type-glossy fasc-rounded-medium\" style=\"background-color: #33809e; color: #ffffff;\" href=\"https:\/\/wolf-gold-slot-review.com\/it\/gioco-lupo-oro-1win\/\">Gioca a Wolf Gold 1win<\/a> &nbsp;<a class=\"fasc-button fasc-size-large fasc-type-glossy fasc-rounded-medium\" style=\"background-color: #33809e; color: #ffffff;\" href=\"https:\/\/wolf-gold-slot-review.com\/it\/gioco-lupo-oro-parimatch\/\">Giocare a Wolf Gold Parimatch <\/a>&nbsp; <a class=\"fasc-button fasc-size-large fasc-type-glossy fasc-rounded-medium\" style=\"background-color: #33809e; color: #ffffff;\" href=\"https:\/\/wolf-gold-slot-review.com\/it\/demo-lupo-oro-slot\/\">Gioca la demo di Wolf Gold<\/a>&nbsp;<\/p>\n<h2 style=\"text-align: center;\"><strong>Caratteristiche tecniche della slot WolfGold<\/strong><\/h2>\n<p>Prima di parlare di tattiche e metodi di scommessa convenienti, \u00e8 necessario conoscere le caratteristiche principali della slot machine. La simulazione offre agli utenti 25 linee di pagamento fisse. Ci\u00f2 significa che rinunciare a qualsiasi carta non funzioner\u00e0. Il gioco presenta 8 simboli di denaro. Convenzionalmente possono essere suddivisi in 2 tipi. I pi\u00f9 costosi includono immagini di animali:<\/p>\n<table style=\"border-collapse: collapse; width: 100%;\">\n<tbody>\n<tr>\n<td style=\"width: 50%;\"><img decoding=\"async\" class=\"aligncenter size-full wp-image-567\" src=\"https:\/\/wolf-gold-slot-review.com\/wp-content\/uploads\/2023\/02\/horse.png\" alt=\"simbolo del cavallo\" width=\"100\" height=\"83\" srcset=\"\/\/wolf-gold-slot-review.com\/wp-content\/uploads\/2023\/02\/horse.png 100w, \/\/wolf-gold-slot-review.com\/wp-content\/uploads\/2023\/02\/horse-14x12.png 14w\" sizes=\"(max-width: 100px) 100vw, 100px\" \/><\/td>\n<td style=\"width: 50%; text-align: center;\">Cavallo<\/td>\n<\/tr>\n<tr>\n<td style=\"width: 50%;\"><img decoding=\"async\" class=\"aligncenter size-full wp-image-568\" src=\"https:\/\/wolf-gold-slot-review.com\/wp-content\/uploads\/2023\/02\/cougar.png\" alt=\"simbolo del puma\" width=\"100\" height=\"83\" srcset=\"\/\/wolf-gold-slot-review.com\/wp-content\/uploads\/2023\/02\/cougar.png 100w, \/\/wolf-gold-slot-review.com\/wp-content\/uploads\/2023\/02\/cougar-14x12.png 14w\" sizes=\"(max-width: 100px) 100vw, 100px\" \/><\/td>\n<td style=\"width: 50%; text-align: center;\">Cougar<\/td>\n<\/tr>\n<tr>\n<td style=\"width: 50%;\"><img decoding=\"async\" class=\"aligncenter size-full wp-image-569\" src=\"https:\/\/wolf-gold-slot-review.com\/wp-content\/uploads\/2023\/02\/eagle.png\" alt=\"simbolo dell&#039;aquila\" width=\"100\" height=\"83\" srcset=\"\/\/wolf-gold-slot-review.com\/wp-content\/uploads\/2023\/02\/eagle.png 100w, \/\/wolf-gold-slot-review.com\/wp-content\/uploads\/2023\/02\/eagle-14x12.png 14w\" sizes=\"(max-width: 100px) 100vw, 100px\" \/><\/td>\n<td style=\"width: 50%; text-align: center;\">Aquila<\/td>\n<\/tr>\n<tr>\n<td style=\"width: 50%; text-align: center;\"><img decoding=\"async\" class=\"aligncenter size-full wp-image-570\" src=\"https:\/\/wolf-gold-slot-review.com\/wp-content\/uploads\/2023\/02\/buffalo.png\" alt=\"simbolo del bufalo\" width=\"100\" height=\"83\" srcset=\"\/\/wolf-gold-slot-review.com\/wp-content\/uploads\/2023\/02\/buffalo.png 100w, \/\/wolf-gold-slot-review.com\/wp-content\/uploads\/2023\/02\/buffalo-14x12.png 14w\" sizes=\"(max-width: 100px) 100vw, 100px\" \/><\/td>\n<td style=\"width: 50%; text-align: center;\">Bufalo<\/td>\n<\/tr>\n<\/tbody>\n<\/table>\n<p>Meno redditizi sono i simboli delle carte. Pragmatic Play per aumentare l'interesse nel gioco ha installato la Wild-image. La sua funzione \u00e8 svolta dall'immagine di un lupo. Cambia uno qualsiasi dei simboli di denaro elencati. Il lupo pu\u00f2 anche distribuire autonomamente le vincite. L'accesso ai premi sar\u00e0 possibile con un rullo di 3, 4 o 5 immagini in linea. I moltiplicatori corrispondono all'immagine pi\u00f9 costosa della slot: il bufalo.<\/p>\n<p>I giocatori possono contare su un giro di giri gratuiti. Per farlo, devono raccogliere sul rullo 3 immagini con pilastri di pietra. Per un tale numero di immagini Scatter, la macchina addebita all'utente 5 giri gratuiti.<\/p>\n<p><img decoding=\"async\" class=\"aligncenter size-full wp-image-582\" src=\"https:\/\/wolf-gold-slot-review.com\/wp-content\/uploads\/2023\/02\/wolf-gold-strategy-bonus.jpg\" alt=\"bonus di strategia dell&#039;oro del lupo\" width=\"800\" height=\"443\" srcset=\"\/\/wolf-gold-slot-review.com\/wp-content\/uploads\/2023\/02\/wolf-gold-strategy-bonus.jpg 800w, \/\/wolf-gold-slot-review.com\/wp-content\/uploads\/2023\/02\/wolf-gold-strategy-bonus-300x166.jpg 300w, \/\/wolf-gold-slot-review.com\/wp-content\/uploads\/2023\/02\/wolf-gold-strategy-bonus-150x83.jpg 150w, \/\/wolf-gold-slot-review.com\/wp-content\/uploads\/2023\/02\/wolf-gold-strategy-bonus-768x425.jpg 768w, \/\/wolf-gold-slot-review.com\/wp-content\/uploads\/2023\/02\/wolf-gold-strategy-bonus-18x10.jpg 18w\" sizes=\"(max-width: 800px) 100vw, 800px\" \/><\/p>\n<p>Inoltre, gli sviluppatori di Wolf Gold hanno creato il simbolo del denaro. Con un rullo di 6 immagini della luna si avvia un re-spin. In questa funzione \u00e8 possibile vincere il Grand Jackpot.<\/p>\n<p>Lo studio ha rilasciato un'unit\u00e0 con un RTP di 96%. La volatilit\u00e0 della slot \u00e8 media. Non dovrete aspettare a lungo per ottenere delle vincite. I pagamenti sono buoni. Le combinazioni di premi sono spesso formate dalle immagini pi\u00f9 costose.<\/p>\n<p>Una caratteristica fondamentale della slot \u00e8 la presenza di 3 jackpot fissi. Pragmatic Play attraverso Wolf Gold prevede le seguenti opzioni di superpremi:<\/p>\n<ul>\n<li>Mini - x30 della dimensione della scommessa effettuata.<\/li>\n<li>Maggiore - x100 del valore della puntata.<\/li>\n<li>Mega - x1000 del prezzo del giro.<\/li>\n<\/ul>\n<p>Tutte queste caratteristiche devono essere utilizzate quando si formulano le tattiche di gioco nella slot. Vediamo nel dettaglio le principali strategie.<\/p>\n<h2 style=\"text-align: center;\"><strong>Quali strategie e tattiche esistono in Wolf Gold<\/strong><\/h2>\n<p>Questo gioco di Pragmatic Play \u00e8 diventato un successo sicuro tra gli utenti. Per questo motivo gli scommettitori hanno proposto diverse varianti di strategie e tattiche. Ci occuperemo delle opzioni principali, ma prima gli utenti devono prendere in considerazione 3 punti.<\/p>\n<p>La scelta di un sistema di scommesse deve essere correlata a una serie di fattori aggiuntivi. \u00c8 necessario considerare:<\/p>\n<ol>\n<li>1. La propria propensione al rischio. Alcuni clienti preferiscono opzioni conservative. Altri amano giocare in modo pi\u00f9 rischioso.&nbsp;<\/li>\n<li>La dimensione del banco. L'importo del saldo \u00e8 un fattore importante quando si sceglie un'opzione di scommessa. A volte \u00e8 proprio questo a determinare quali tecniche per il Lupo d'Oro sia meglio utilizzare. Alcuni modelli sono adatti a grandi depositi, ma non hanno senso per un misero investimento iniziale.<\/li>\n<li>Combinare i sistemi. Durante le scommesse, \u00e8 meglio cambiare periodicamente le tattiche. In questo modo si diversificher\u00e0 il gioco e si potr\u00e0 contare su un reddito pi\u00f9 consistente.<\/li>\n<\/ol>\n<p>\u00c8 importante che i giocatori considerino la regola standard. Non esistono tecniche con vincite garantite. Tutti i modelli di scommessa presentano un certo livello di rischio. Spesso, la probabilit\u00e0 di vincere o perdere dipende solo dalla fortuna del singolo.<\/p>\n<p>Su Internet \u00e8 possibile trovare offerte di vendita del software di hacking Wolf Gold. Sconsigliamo di utilizzare tali prodotti. Il pi\u00f9 delle volte \u00e8 cos\u00ec che si diffondono i virus. Il giocatore pensa di scaricare un programma unico, ma in realt\u00e0 installa un malware sul suo PC. Di conseguenza, perde denaro e informazioni riservate.<\/p>\n<p>Ora vale la pena di conoscere le principali tattiche di scommessa. Esistono 3 varianti TOP:<\/p>\n<ul>\n<li>Modello conservativo.<\/li>\n<li>Tenendo conto delle peculiarit\u00e0 della fessura.<\/li>\n<li>Strategia rischiosa.<\/li>\n<\/ul>\n<p>Tutte queste tattiche hanno i loro vantaggi e svantaggi. Vediamo gli esempi in dettaglio.<\/p>\n<p><em><strong>Il modello conservatore del gioco<\/strong><\/em><br \/>\nQuesto schema di scommesse in Wolf Gold ha un grande vantaggio. Consente di salvare il banco anche in caso di una serie di perdite. Il cliente del casin\u00f2 ha bisogno di:<\/p>\n<ol>\n<li>Impostare la puntata minima. Il gioco consente di puntare un minimo di 0,25 centesimi.<\/li>\n<li>Avviare la rotazione.<\/li>\n<li>Riprodurre fino a quando l'uscita \u00e8 un pi\u00f9 stabile.<\/li>\n<\/ol>\n<p>Se necessario, \u00e8 possibile automatizzare il processo. Per fare ci\u00f2, \u00e8 necessario inserire l'autoplay e dedicarsi alle proprie attivit\u00e0. Lo schema funziona perch\u00e9 la macchina ha un RTP di 96%. Andare in vantaggio con questi giochi \u00e8 reale. Nella tattica, molto dipende dalla fortuna dell'utente. Spesso Wolf Gold regala una serie di grandi vincite. Ma ci sono anche fasi di perdita.<\/p>\n<p>Questo modello di gioco \u00e8 adatto a chi vuole solo divertirsi. Pu\u00f2 dare un profitto, ma in caso di perdite permette di godersi i propri giochi preferiti il pi\u00f9 a lungo possibile.<\/p>\n<p><em><strong>Considerando le caratteristiche della slot.<\/strong><\/em><br \/>\nQuesta strategia di gioco appare pi\u00f9 attraente. Tiene conto delle caratteristiche tecniche della macchina. Pertanto, pu\u00f2 potenzialmente dare un buon profitto. Per utilizzarla, \u00e8 necessario:<\/p>\n<ol>\n<li>Impostare la puntata minima.<\/li>\n<li>Iniziare il gioco.<\/li>\n<li>Aspettare 3-4 sconfitte di fila.<\/li>\n<li>Aumentare la dimensione della puntata di un importo confortevole.<\/li>\n<\/ol>\n<p>Su 5-6 giri la macchina \u00e8 sicura di fornire una combinazione vincente. Il giocatore recuperer\u00e0 le perdite passate e guadagner\u00e0. La tattica si basa sulla varianza media della simulazione. Tali slot non pagano vincite molto spesso, ma le combinazioni di premi sono spesso formate dalle immagini pi\u00f9 costose.<br \/>\nI problemi sorgono se il giocatore subisce una serie di 8-10 perdite consecutive. In questo caso, si consiglia di aumentare l'entit\u00e0 delle puntate. Dopo 10 perdite la slot offre di solito un ottimo moltiplicatore. Un forte aumento del valore della puntata permetter\u00e0 di guadagnare e di dimenticare le perdite passate.<\/p>\n<p><em><strong>Strategia rischiosa<\/strong><\/em><br \/>\nIl nome di questa tattica di Wolf Gold parla da s\u00e9. Il giocatore deve impostare la puntata massima di 125 euro per giro e avviare il gioco. L'obiettivo principale \u00e8 vincere uno dei jackpot. Pragmatic Play paga spesso super premi. Lo studio ha reso ricche migliaia di persone in tutto il mondo. Pertanto, i jackpot di Wolf Gold appaiono con una certa regolarit\u00e0.<\/p>\n<p>Questo modello di scommessa \u00e8 adatto ai giocatori di alto livello. I clienti con un saldo ridotto non dovrebbero utilizzarlo. Spesso non \u00e8 necessario contare sul superpremio nemmeno dopo 30-50 puntate. Durante questo periodo, i giocatori possono perdere tutto il loro denaro.<\/p>\n<h4 style=\"text-align: center;\"><strong>Importanti sfumature del gioco<\/strong><\/h4>\n<p>Ci sono alcuni elementi da considerare prima di scegliere una tattica. Esse renderanno il gioco pi\u00f9 facile e sicuro. I fattori chiave sono:<\/p>\n<ul>\n<li>La possibilit\u00e0 di giocare da dispositivi mobili. Pragmatic Play ha ottimizzato il software per gli smartphone. Il gioco funzioner\u00e0 su qualsiasi dispositivo con Android e iOS. Lo studio non modifica le caratteristiche tecniche del modello. Pertanto, le tattiche sopra elencate sono adatte anche al gioco da smartphone.<\/li>\n<li>Solo il denaro extra pu\u00f2 essere utilizzato per le scommesse. Non \u00e8 possibile giocare sugli ultimi fondi. Questo approccio \u00e8 una via diretta alle perdite.<\/li>\n<li>\u00c8 necessario dimenticare il tentativo di rivincita. \u00c8 meglio rimediare alla sconfitta e rimandare la partita. In caso contrario, aumenteranno notevolmente i rischi finali.<\/li>\n<\/ul>\n<p>Il rispetto di questi requisiti render\u00e0 il gioco al Wolf Gold il pi\u00f9 confortevole possibile. Il casin\u00f2 dovrebbe essere percepito come un passatempo. \u00c8 possibile vincere e rimanere in attivo a distanza. Tuttavia, non si deve contare su un reddito permanente dal gioco d'azzardo.<\/p>","protected":false},"excerpt":{"rendered":"<p>Wolf Gold Slot &#8211; strategies and tactics for a popular game Wolf Gold slot is a popular game from the Pragmatic Play studio. The game offers customers 3 jackpots, which gives a good rate of return. These features of the machine allow you to choose unique methods of betting. Play Wolf Gold PinUp &nbsp;Play Wolf &hellip;<\/p>\n<p class=\"read-more\"> <a class=\"\" href=\"https:\/\/wolf-gold-slot-review.com\/it\/strategie-e-tattiche\/\"> <span class=\"screen-reader-text\">Strategie e tattiche<\/span> Leggi altro &raquo;<\/a><\/p>","protected":false},"author":1,"featured_media":614,"parent":0,"menu_order":0,"comment_status":"closed","ping_status":"closed","template":"","meta":{"site-sidebar-layout":"default","site-content-layout":"default","ast-global-header-display":"","ast-main-header-display":"","ast-hfb-above-header-display":"","ast-hfb-below-header-display":"","ast-hfb-mobile-header-display":"","site-post-title":"disabled","ast-breadcrumbs-content":"","ast-featured-img":"disabled","footer-sml-layout":"","theme-transparent-header-meta":"default","adv-header-id-meta":"","stick-header-meta":"","header-above-stick-meta":"","header-main-stick-meta":"","header-below-stick-meta":"","footnotes":""},"class_list":["post-18","page","type-page","status-publish","has-post-thumbnail","hentry"],"yoast_head":"<!-- This site is optimized with the Yoast SEO Premium plugin v19.5 (Yoast SEO v19.10) - https:\/\/yoast.com\/wordpress\/plugins\/seo\/ -->\n<title>Strategies and secret tactics of playing the popular slot Wolf Gold<\/title>\n<meta name=\"description\" content=\"In this article you will learn about strategies and tactics for playing the popular slot Wolf Gold for money. Get your bonus at site now\" \/>\n<meta name=\"robots\" content=\"index, follow, max-snippet:-1, max-image-preview:large, max-video-preview:-1\" \/>\n<link rel=\"canonical\" href=\"https:\/\/wolf-gold-slot-review.com\/it\/strategie-e-tattiche\/\" \/>\n<meta property=\"og:locale\" content=\"it_IT\" \/>\n<meta property=\"og:type\" content=\"article\" \/>\n<meta property=\"og:title\" content=\"Strategies and tactics\" \/>\n<meta property=\"og:description\" content=\"Wolf Gold Slot - strategies and tactics for a popular game Wolf Gold slot is a popular game from the Pragmatic Play studio. The game offers customers 3\" \/>\n<meta property=\"og:url\" content=\"https:\/\/wolf-gold-slot-review.com\/it\/strategie-e-tattiche\/\" \/>\n<meta property=\"og:site_name\" content=\"Wolf Gold Slot in Australia - Play game online for money\" \/>\n<meta property=\"article:modified_time\" content=\"2025-02-04T17:04:00+00:00\" \/>\n<meta property=\"og:image\" content=\"https:\/\/wolf-gold-slot-review.com\/wp-content\/uploads\/2023\/02\/strategies-and-tactics-wolf-gold.jpg\" \/>\n\t<meta property=\"og:image:width\" content=\"900\" \/>\n\t<meta property=\"og:image:height\" content=\"900\" \/>\n\t<meta property=\"og:image:type\" content=\"image\/jpeg\" \/>\n<meta name=\"twitter:card\" content=\"summary_large_image\" \/>\n<meta name=\"twitter:label1\" content=\"Tempo di lettura stimato\" \/>\n\t<meta name=\"twitter:data1\" content=\"9 minuti\" \/>\n<!-- \/ Yoast SEO Premium plugin. -->","yoast_head_json":{"title":"Strategies and secret tactics of playing the popular slot Wolf Gold","description":"In this article you will learn about strategies and tactics for playing the popular slot Wolf Gold for money. Get your bonus at site now","robots":{"index":"index","follow":"follow","max-snippet":"max-snippet:-1","max-image-preview":"max-image-preview:large","max-video-preview":"max-video-preview:-1"},"canonical":"https:\/\/wolf-gold-slot-review.com\/it\/strategie-e-tattiche\/","og_locale":"it_IT","og_type":"article","og_title":"Strategies and tactics","og_description":"Wolf Gold Slot - strategies and tactics for a popular game Wolf Gold slot is a popular game from the Pragmatic Play studio. The game offers customers 3","og_url":"https:\/\/wolf-gold-slot-review.com\/it\/strategie-e-tattiche\/","og_site_name":"Wolf Gold Slot in Australia - Play game online for money","article_modified_time":"2025-02-04T17:04:00+00:00","og_image":[{"width":900,"height":900,"url":"https:\/\/wolf-gold-slot-review.com\/wp-content\/uploads\/2023\/02\/strategies-and-tactics-wolf-gold.jpg","type":"image\/jpeg"}],"twitter_card":"summary_large_image","twitter_misc":{"Tempo di lettura stimato":"9 minuti"},"schema":{"@context":"https:\/\/schema.org","@graph":[{"@type":"WebPage","@id":"https:\/\/wolf-gold-slot-review.com\/strategies-and-tactics\/","url":"https:\/\/wolf-gold-slot-review.com\/strategies-and-tactics\/","name":"Strategies and secret tactics of playing the popular slot Wolf Gold","isPartOf":{"@id":"https:\/\/wolf-gold-slot-review.com\/#website"},"datePublished":"2022-11-19T15:29:08+00:00","dateModified":"2025-02-04T17:04:00+00:00","description":"In this article you will learn about strategies and tactics for playing the popular slot Wolf Gold for money. Get your bonus at site now","breadcrumb":{"@id":"https:\/\/wolf-gold-slot-review.com\/strategies-and-tactics\/#breadcrumb"},"inLanguage":"it-IT","potentialAction":[{"@type":"ReadAction","target":["https:\/\/wolf-gold-slot-review.com\/strategies-and-tactics\/"]}]},{"@type":"BreadcrumbList","@id":"https:\/\/wolf-gold-slot-review.com\/strategies-and-tactics\/#breadcrumb","itemListElement":[{"@type":"ListItem","position":1,"name":"Home","item":"https:\/\/wolf-gold-slot-review.com\/"},{"@type":"ListItem","position":2,"name":"Strategies and tactics"}]},{"@type":"WebSite","@id":"https:\/\/wolf-gold-slot-review.com\/#website","url":"https:\/\/wolf-gold-slot-review.com\/","name":"Wolf Gold Slot in Australia - Play game online for money","description":"Wolf Gold Slot - Official site in Australia","publisher":{"@id":"https:\/\/wolf-gold-slot-review.com\/#organization"},"alternateName":"Wolf Gold Slot","potentialAction":[{"@type":"SearchAction","target":{"@type":"EntryPoint","urlTemplate":"https:\/\/wolf-gold-slot-review.com\/?s={search_term_string}"},"query-input":"required name=search_term_string"}],"inLanguage":"it-IT"},{"@type":"Organization","@id":"https:\/\/wolf-gold-slot-review.com\/#organization","name":"Wolf Gold Slot in Australia - Play game online for money","alternateName":"Wolf Gold Slot","url":"https:\/\/wolf-gold-slot-review.com\/","logo":{"@type":"ImageObject","inLanguage":"it-IT","@id":"https:\/\/wolf-gold-slot-review.com\/#\/schema\/logo\/image\/","url":"https:\/\/wolf-gold-slot-review.com\/wp-content\/uploads\/2022\/11\/cropped-logowolf.png","contentUrl":"https:\/\/wolf-gold-slot-review.com\/wp-content\/uploads\/2022\/11\/cropped-logowolf.png","width":265,"height":100,"caption":"Wolf Gold Slot in Australia - Play game online for money"},"image":{"@id":"https:\/\/wolf-gold-slot-review.com\/#\/schema\/logo\/image\/"}}]}},"_links":{"self":[{"href":"https:\/\/wolf-gold-slot-review.com\/it\/wp-json\/wp\/v2\/pages\/18","targetHints":{"allow":["GET"]}}],"collection":[{"href":"https:\/\/wolf-gold-slot-review.com\/it\/wp-json\/wp\/v2\/pages"}],"about":[{"href":"https:\/\/wolf-gold-slot-review.com\/it\/wp-json\/wp\/v2\/types\/page"}],"author":[{"embeddable":true,"href":"https:\/\/wolf-gold-slot-review.com\/it\/wp-json\/wp\/v2\/users\/1"}],"replies":[{"embeddable":true,"href":"https:\/\/wolf-gold-slot-review.com\/it\/wp-json\/wp\/v2\/comments?post=18"}],"version-history":[{"count":9,"href":"https:\/\/wolf-gold-slot-review.com\/it\/wp-json\/wp\/v2\/pages\/18\/revisions"}],"predecessor-version":[{"id":682,"href":"https:\/\/wolf-gold-slot-review.com\/it\/wp-json\/wp\/v2\/pages\/18\/revisions\/682"}],"wp:featuredmedia":[{"embeddable":true,"href":"https:\/\/wolf-gold-slot-review.com\/it\/wp-json\/wp\/v2\/media\/614"}],"wp:attachment":[{"href":"https:\/\/wolf-gold-slot-review.com\/it\/wp-json\/wp\/v2\/media?parent=18"}],"curies":[{"name":"wp","href":"https:\/\/api.w.org\/{rel}","templated":true}]}}