{"id":22,"date":"2022-11-19T15:39:37","date_gmt":"2022-11-19T15:39:37","guid":{"rendered":"https:\/\/wolf-gold-slot-review.com\/?page_id=22"},"modified":"2023-02-21T14:01:50","modified_gmt":"2023-02-21T14:01:50","slug":"how-to-play-wolf-gold","status":"publish","type":"page","link":"https:\/\/wolf-gold-slot-review.com\/it\/come-giocare-alloro-dei-lupi\/","title":{"rendered":"Come giocare a Wolf Gold"},"content":{"rendered":"<h1 style=\"text-align: center;\"><strong>Lupo d'oro - come vincere il gioco per denaro<\/strong><\/h1>\n<p>Wolf Gold \u00e8 una slot machine di Pragmatic Play, disponibile su computer e dispositivi mobili. Il gioco pu\u00f2 essere goduto da chiunque. \u00c8 sufficiente scegliere uno dei casin\u00f2 online proposti, se si intende giocare con denaro reale, e seguire le istruzioni. La strategia di gioco di Wolf Gold vi aiuter\u00e0 a minimizzare i rischi e a comprendere le sfumature del gioco.<\/p>\n<p style=\"text-align: center;\"><a class=\"fasc-button fasc-size-large fasc-type-glossy fasc-rounded-medium\" style=\"background-color: #33809e; color: #ffffff;\" href=\"https:\/\/wolf-gold-slot-review.com\/it\/giocare-al-lupo-oro-pin-up\/\">Gioca a Wolf Gold PinUp<\/a> &nbsp;<a class=\"fasc-button fasc-size-large fasc-type-glossy fasc-rounded-medium\" style=\"background-color: #33809e; color: #ffffff;\" href=\"https:\/\/wolf-gold-slot-review.com\/it\/gioco-lupo-oro-1win\/\">Gioca a Wolf Gold 1win<\/a> &nbsp;<a class=\"fasc-button fasc-size-large fasc-type-glossy fasc-rounded-medium\" style=\"background-color: #33809e; color: #ffffff;\" href=\"https:\/\/wolf-gold-slot-review.com\/it\/gioco-lupo-oro-parimatch\/\">Giocare a Wolf Gold Parimatch <\/a>&nbsp; <a class=\"fasc-button fasc-size-large fasc-type-glossy fasc-rounded-medium\" style=\"background-color: #33809e; color: #ffffff;\" href=\"https:\/\/wolf-gold-slot-review.com\/it\/demo-lupo-oro-slot\/\">Gioca la demo di Wolf Gold<\/a>&nbsp;<\/p>\n<h2 style=\"text-align: center;\"><strong>Numero di linee e dimensioni delle puntate<\/strong><\/h2>\n<p>Il giro principale di Wolf Gold si svolge su 5 rulli e 25 linee di pagamento. Non \u00e8 possibile scegliere il numero di linee, il gioco si basa su impostazioni fisse. E la puntata viene automaticamente moltiplicata per 25. Per alcuni, la mancanza di variazioni pu\u00f2 essere un punto a sfavore, ma ai giocatori esperti si consiglia di utilizzare tutte le linee. Per ottenere la massima probabilit\u00e0 di vincita.<\/p>\n<p><img decoding=\"async\" class=\"aligncenter size-full wp-image-515\" src=\"https:\/\/wolf-gold-slot-review.com\/wp-content\/uploads\/2023\/02\/wolf-gold-slot-online-casino.jpg\" alt=\"slot wolf gold casin\u00f2 online\" width=\"900\" height=\"483\" srcset=\"\/\/wolf-gold-slot-review.com\/wp-content\/uploads\/2023\/02\/wolf-gold-slot-online-casino.jpg 900w, \/\/wolf-gold-slot-review.com\/wp-content\/uploads\/2023\/02\/wolf-gold-slot-online-casino-300x161.jpg 300w, \/\/wolf-gold-slot-review.com\/wp-content\/uploads\/2023\/02\/wolf-gold-slot-online-casino-150x81.jpg 150w, \/\/wolf-gold-slot-review.com\/wp-content\/uploads\/2023\/02\/wolf-gold-slot-online-casino-768x412.jpg 768w, \/\/wolf-gold-slot-review.com\/wp-content\/uploads\/2023\/02\/wolf-gold-slot-online-casino-18x10.jpg 18w\" sizes=\"(max-width: 900px) 100vw, 900px\" \/><\/p>\n<p>La puntata in Wolf Gold dipende dal casin\u00f2 scelto. In molti casi, i club di gioco permettono di scommettere a partire da 0,25 $. Di conseguenza, anche un principiante assoluto potr\u00e0 iniziare a giocare e non \u00e8 necessario spendere molto denaro. La puntata viene selezionata tramite gli appositi pulsanti.<\/p>\n<p>Sul pannello di controllo \u00e8 possibile selezionare il numero di monete e la loro denominazione. \u00c8 consentito utilizzare fino a 10 monete del valore di 0,5 $ o pi\u00f9. La puntata massima dipende anche dal casin\u00f2 in cui si gioca, oltre che dalla valuta selezionata. Da questo gli utenti potranno determinare lo schema di gioco e costruire le proprie strategie.<\/p>\n<h3 style=\"text-align: center;\"><strong>Giri bonus dell'oro del lupo<\/strong><\/h3>\n<p>Prima di giocare a Wolf Gold, gli utenti dovrebbero familiarizzare con le opzioni bonus, perch\u00e9 danno il massimo beneficio. La vincita pi\u00f9 alta per una combinazione (\u00e8 necessario raccogliere pi\u00f9 di tre immagini uguali sulla linea) \u00e8 di x20 sulla puntata. Ma con le funzioni bonus, questo coefficiente pu\u00f2 aumentare di diverse volte. Tra le opzioni aggiuntive si possono citare:<\/p>\n<p><img decoding=\"async\" class=\"aligncenter size-full wp-image-580\" src=\"https:\/\/wolf-gold-slot-review.com\/wp-content\/uploads\/2023\/02\/wolf-gold-bonus-round.jpg\" alt=\"Giro bonus dell&#039;oro del lupo\" width=\"800\" height=\"448\" srcset=\"\/\/wolf-gold-slot-review.com\/wp-content\/uploads\/2023\/02\/wolf-gold-bonus-round.jpg 800w, \/\/wolf-gold-slot-review.com\/wp-content\/uploads\/2023\/02\/wolf-gold-bonus-round-300x168.jpg 300w, \/\/wolf-gold-slot-review.com\/wp-content\/uploads\/2023\/02\/wolf-gold-bonus-round-150x84.jpg 150w, \/\/wolf-gold-slot-review.com\/wp-content\/uploads\/2023\/02\/wolf-gold-bonus-round-768x430.jpg 768w, \/\/wolf-gold-slot-review.com\/wp-content\/uploads\/2023\/02\/wolf-gold-bonus-round-18x10.jpg 18w\" sizes=\"(max-width: 800px) 100vw, 800px\" \/><\/p>\n<p><strong>Selvaggio<\/strong> - lupo. Il simbolo sostituisce altre immagini.<br \/>\n<strong>Spargimento<\/strong> - canyon. Il simbolo scatter, combinando tre immagini, d\u00e0 inizio ai giri gratuiti.<br \/>\n<strong>Simbolo del denaro<\/strong> - luna. Fornisce pagamenti aggiuntivi e pu\u00f2 portare al giocatore un jackpot di diverse centinaia di migliaia di dollari.<\/p>\n<h4 style=\"text-align: center;\"><strong>Strategia e tattica in Wolf Gold<\/strong><\/h4>\n<p>Prima di tutto, va notato che non esiste una strategia 100% per giocare a Wolf Gold per soldi. Il risultato del round dipende dagli algoritmi matematici. Le tattiche di gioco devono essere scelte da soli, perch\u00e9 la responsabilit\u00e0 ricade esclusivamente su di voi. In caso di perdita, non \u00e8 possibile ottenere il rimborso del denaro.<\/p>\n<p>Wolf Gold non consente di modificare il numero di linee di pagamento e altri dettagli di gioco. Influenzare le impostazioni non \u00e8 possibile per l'utente. Resta da scegliere la puntata con saggezza, in modo che in caso di perdita la perdita non sia troppo pesante.<\/p>\n<p>Trattate il gioco d'azzardo come un intrattenimento, in modo da godervi il gioco. Non appena il giocatore vince una grossa somma di denaro, \u00e8 opportuno pensare di interrompere il gioco. Dopo tutto, molto spesso i giocatori sono soggetti al gioco d'azzardo e perdono l'intero saldo alla ricerca di una somma ancora maggiore.<\/p>\n<h4 style=\"text-align: center;\"><strong>Suggerimenti dai giocatori di potere<\/strong><\/h4>\n<p>I giocatori esperti danno consigli utili per aiutarvi a vincere di pi\u00f9 a Wolf Gold:<\/p>\n<ul>\n<li>Scegliete solo casin\u00f2 con licenza. Un progetto con licenza di Curacao o altre certificazioni fornisce un'ulteriore garanzia di gioco corretto, per cui non avrete dubbi sulla qualit\u00e0 del gioco.<\/li>\n<li>Approfittate dei bonus dei casin\u00f2. Molti marchi offrono bonus di benvenuto ai nuovi giocatori. I clienti possono ottenere 100% per il loro primo deposito e molti altri premi a seconda del casin\u00f2 scelto.<\/li>\n<li>Non fare grandi scommesse. Un principiante non dovrebbe spendere molti soldi all'inizio del gioco. La soluzione ideale sarebbe quella di dividere il saldo in pi\u00f9 parti e di non puntare pi\u00f9 di tanto per un solo giro. In questo modo si avr\u00e0 l'opportunit\u00e0 di recuperare se l'ultimo giro non \u00e8 andato a buon fine.<\/li>\n<\/ul>\n<h4 style=\"text-align: center;\"><strong>Non fidatevi degli imbroglioni<\/strong><\/h4>\n<p>Ci sono molti consigli e strategie online che vi diranno come vincere a Wolf Gold e ad altre slot. Dovreste diffidare di questi utenti e controllare attentamente le informazioni fornite. Nella migliore delle ipotesi, l'utente non otterr\u00e0 alcun risultato, nella peggiore invier\u00e0 il denaro ai malfattori.<\/p>\n<p>Ricordate che il risultato del giro in Wolf Gold e in altre slot machine \u00e8 determinato da un generatore di numeri casuali. Gli sviluppatori creano algoritmi matematici che forniscono la stessa opportunit\u00e0 di vincita a ogni cliente. Di conseguenza, a influenzare l'esito del gioco non pu\u00f2 essere nemmeno l'amministrazione del casin\u00f2.<\/p>\n<p>Non affidate il vostro denaro a utenti terzi. Potrebbero offrirvi di sbloccare il vostro conto o di vendere uno schema unico che vi dar\u00e0 sicuramente delle vincite. I pagamenti dipendono solo dalla vostra fortuna, i clienti sono lasciati a girare i rulli e a sperare nella loro fortuna. Utilizzate solo casin\u00f2 online di provata efficacia e con licenza. Solo in questo modo avrete una reale opportunit\u00e0 di vincere denaro.<\/p>","protected":false},"excerpt":{"rendered":"<p>Wolf Gold &#8211; how to win the game for money Wolf Gold is a slot machine from Pragmatic Play, available on computers and mobile devices. Enjoy the gameplay can anyone. You only need to choose one of the proposed online casinos, if you&#8217;re going to play for real money and follow the instructions. The strategy &hellip;<\/p>\n<p class=\"read-more\"> <a class=\"\" href=\"https:\/\/wolf-gold-slot-review.com\/it\/come-giocare-alloro-dei-lupi\/\"> <span class=\"screen-reader-text\">Come giocare a Wolf Gold<\/span> Leggi altro &raquo;<\/a><\/p>","protected":false},"author":1,"featured_media":607,"parent":0,"menu_order":0,"comment_status":"closed","ping_status":"closed","template":"","meta":{"site-sidebar-layout":"default","site-content-layout":"default","ast-global-header-display":"","ast-main-header-display":"","ast-hfb-above-header-display":"","ast-hfb-below-header-display":"","ast-hfb-mobile-header-display":"","site-post-title":"disabled","ast-breadcrumbs-content":"","ast-featured-img":"disabled","footer-sml-layout":"","theme-transparent-header-meta":"default","adv-header-id-meta":"","stick-header-meta":"","header-above-stick-meta":"","header-main-stick-meta":"","header-below-stick-meta":"","footnotes":""},"class_list":["post-22","page","type-page","status-publish","has-post-thumbnail","hentry"],"yoast_head":"<!-- This site is optimized with the Yoast SEO Premium plugin v19.5 (Yoast SEO v19.10) - https:\/\/yoast.com\/wordpress\/plugins\/seo\/ -->\n<title>How to play Wolf Gold slot for money in online casinos. Get bonus<\/title>\n<meta name=\"description\" content=\"Step by step instructions on how to start playing Wolf Gold slot for real money in a reliable online casino. Get your bonus online now\" \/>\n<meta name=\"robots\" content=\"index, follow, max-snippet:-1, max-image-preview:large, max-video-preview:-1\" \/>\n<link rel=\"canonical\" href=\"https:\/\/wolf-gold-slot-review.com\/it\/come-giocare-alloro-dei-lupi\/\" \/>\n<meta property=\"og:locale\" content=\"it_IT\" \/>\n<meta property=\"og:type\" content=\"article\" \/>\n<meta property=\"og:title\" content=\"How to play Wolf Gold\" \/>\n<meta property=\"og:description\" content=\"Wolf Gold - how to win the game for money Wolf Gold is a slot machine from Pragmatic Play, available on computers and mobile devices. Enjoy the gameplay\" \/>\n<meta property=\"og:url\" content=\"https:\/\/wolf-gold-slot-review.com\/it\/come-giocare-alloro-dei-lupi\/\" \/>\n<meta property=\"og:site_name\" content=\"Wolf Gold Slot in Australia - Play game online for money\" \/>\n<meta property=\"article:modified_time\" content=\"2023-02-21T14:01:50+00:00\" \/>\n<meta property=\"og:image\" content=\"https:\/\/wolf-gold-slot-review.com\/wp-content\/uploads\/2023\/02\/how-to-play-wolf-gold.jpg\" \/>\n\t<meta property=\"og:image:width\" content=\"900\" \/>\n\t<meta property=\"og:image:height\" content=\"900\" \/>\n\t<meta property=\"og:image:type\" content=\"image\/jpeg\" \/>\n<meta name=\"twitter:card\" content=\"summary_large_image\" \/>\n<meta name=\"twitter:label1\" content=\"Tempo di lettura stimato\" \/>\n\t<meta name=\"twitter:data1\" content=\"5 minuti\" \/>\n<!-- \/ Yoast SEO Premium plugin. -->","yoast_head_json":{"title":"How to play Wolf Gold slot for money in online casinos. Get bonus","description":"Step by step instructions on how to start playing Wolf Gold slot for real money in a reliable online casino. Get your bonus online now","robots":{"index":"index","follow":"follow","max-snippet":"max-snippet:-1","max-image-preview":"max-image-preview:large","max-video-preview":"max-video-preview:-1"},"canonical":"https:\/\/wolf-gold-slot-review.com\/it\/come-giocare-alloro-dei-lupi\/","og_locale":"it_IT","og_type":"article","og_title":"How to play Wolf Gold","og_description":"Wolf Gold - how to win the game for money Wolf Gold is a slot machine from Pragmatic Play, available on computers and mobile devices. Enjoy the gameplay","og_url":"https:\/\/wolf-gold-slot-review.com\/it\/come-giocare-alloro-dei-lupi\/","og_site_name":"Wolf Gold Slot in Australia - Play game online for money","article_modified_time":"2023-02-21T14:01:50+00:00","og_image":[{"width":900,"height":900,"url":"https:\/\/wolf-gold-slot-review.com\/wp-content\/uploads\/2023\/02\/how-to-play-wolf-gold.jpg","type":"image\/jpeg"}],"twitter_card":"summary_large_image","twitter_misc":{"Tempo di lettura stimato":"5 minuti"},"schema":{"@context":"https:\/\/schema.org","@graph":[{"@type":"WebPage","@id":"https:\/\/wolf-gold-slot-review.com\/how-to-play-wolf-gold\/","url":"https:\/\/wolf-gold-slot-review.com\/how-to-play-wolf-gold\/","name":"How to play Wolf Gold slot for money in online casinos. Get bonus","isPartOf":{"@id":"https:\/\/wolf-gold-slot-review.com\/#website"},"datePublished":"2022-11-19T15:39:37+00:00","dateModified":"2023-02-21T14:01:50+00:00","description":"Step by step instructions on how to start playing Wolf Gold slot for real money in a reliable online casino. Get your bonus online now","breadcrumb":{"@id":"https:\/\/wolf-gold-slot-review.com\/how-to-play-wolf-gold\/#breadcrumb"},"inLanguage":"it-IT","potentialAction":[{"@type":"ReadAction","target":["https:\/\/wolf-gold-slot-review.com\/how-to-play-wolf-gold\/"]}]},{"@type":"BreadcrumbList","@id":"https:\/\/wolf-gold-slot-review.com\/how-to-play-wolf-gold\/#breadcrumb","itemListElement":[{"@type":"ListItem","position":1,"name":"Home","item":"https:\/\/wolf-gold-slot-review.com\/"},{"@type":"ListItem","position":2,"name":"How to play Wolf Gold"}]},{"@type":"WebSite","@id":"https:\/\/wolf-gold-slot-review.com\/#website","url":"https:\/\/wolf-gold-slot-review.com\/","name":"Wolf Gold Slot in Australia - Play game online for money","description":"Wolf Gold Slot - Official site in Australia","publisher":{"@id":"https:\/\/wolf-gold-slot-review.com\/#organization"},"alternateName":"Wolf Gold Slot","potentialAction":[{"@type":"SearchAction","target":{"@type":"EntryPoint","urlTemplate":"https:\/\/wolf-gold-slot-review.com\/?s={search_term_string}"},"query-input":"required name=search_term_string"}],"inLanguage":"it-IT"},{"@type":"Organization","@id":"https:\/\/wolf-gold-slot-review.com\/#organization","name":"Wolf Gold Slot in Australia - Play game online for money","alternateName":"Wolf Gold Slot","url":"https:\/\/wolf-gold-slot-review.com\/","logo":{"@type":"ImageObject","inLanguage":"it-IT","@id":"https:\/\/wolf-gold-slot-review.com\/#\/schema\/logo\/image\/","url":"https:\/\/wolf-gold-slot-review.com\/wp-content\/uploads\/2022\/11\/cropped-logowolf.png","contentUrl":"https:\/\/wolf-gold-slot-review.com\/wp-content\/uploads\/2022\/11\/cropped-logowolf.png","width":265,"height":100,"caption":"Wolf Gold Slot in Australia - Play game online for money"},"image":{"@id":"https:\/\/wolf-gold-slot-review.com\/#\/schema\/logo\/image\/"}}]}},"_links":{"self":[{"href":"https:\/\/wolf-gold-slot-review.com\/it\/wp-json\/wp\/v2\/pages\/22","targetHints":{"allow":["GET"]}}],"collection":[{"href":"https:\/\/wolf-gold-slot-review.com\/it\/wp-json\/wp\/v2\/pages"}],"about":[{"href":"https:\/\/wolf-gold-slot-review.com\/it\/wp-json\/wp\/v2\/types\/page"}],"author":[{"embeddable":true,"href":"https:\/\/wolf-gold-slot-review.com\/it\/wp-json\/wp\/v2\/users\/1"}],"replies":[{"embeddable":true,"href":"https:\/\/wolf-gold-slot-review.com\/it\/wp-json\/wp\/v2\/comments?post=22"}],"version-history":[{"count":8,"href":"https:\/\/wolf-gold-slot-review.com\/it\/wp-json\/wp\/v2\/pages\/22\/revisions"}],"predecessor-version":[{"id":676,"href":"https:\/\/wolf-gold-slot-review.com\/it\/wp-json\/wp\/v2\/pages\/22\/revisions\/676"}],"wp:featuredmedia":[{"embeddable":true,"href":"https:\/\/wolf-gold-slot-review.com\/it\/wp-json\/wp\/v2\/media\/607"}],"wp:attachment":[{"href":"https:\/\/wolf-gold-slot-review.com\/it\/wp-json\/wp\/v2\/media?parent=22"}],"curies":[{"name":"wp","href":"https:\/\/api.w.org\/{rel}","templated":true}]}}