{"id":526,"date":"2023-02-18T19:47:56","date_gmt":"2023-02-18T19:47:56","guid":{"rendered":"https:\/\/wolf-gold-slot-review.com\/?page_id=526"},"modified":"2025-02-04T17:01:49","modified_gmt":"2025-02-04T17:01:49","slug":"play-wolf-gold-1win","status":"publish","type":"page","link":"https:\/\/wolf-gold-slot-review.com\/it\/gioco-lupo-oro-1win\/","title":{"rendered":"Gioca a Wolf Gold 1WIN"},"content":{"rendered":"<h1 style=\"text-align: center;\"><strong>Gioca alla slot Wolf Gold al casin\u00f2 online 1WIN<\/strong><\/h1>\n<p>Il gioco Wolf Gold \u00e8 un'ottima opzione di slot per i principianti. La simulazione vi dar\u00e0 l'opportunit\u00e0 di familiarizzare con la natura del Nord America e di guadagnare bene. Senza premi non si scappa. Lo studio PragmaticP lay ha stabilito un tasso di ritorno di 96%. Su ogni 100$ caricato il cliente ottiene 96$ sotto forma di vincite. La slot \u00e8 popolare, quindi \u00e8 presente sui siti di molti casin\u00f2 online. Per i giocatori principianti \u00e8 meglio puntare su 1Win.<\/p>\n<p style=\"text-align: center;\"><a class=\"fasc-button fasc-size-large fasc-type-glossy fasc-rounded-medium fasc-style-bold\" style=\"background-color: #33809e; color: #ffffff;\" target=\"_blank\" rel=\"nofollow noopener\" href=\"https:\/\/wolf-gold-slot-review.com\/it\/1-win-offer-direct\/\">Gioca a Wolf Gold 1WIN<\/a><\/p>\n<h2 style=\"text-align: center;\"><strong>Come registrarsi a 1Win<\/strong><\/h2>\n<p>Verificare le possibilit\u00e0 di \"Wolf Gold\" senza creare un conto \u00e8 possibile solo durante il periodo di prova. La demo vi permetter\u00e0 di familiarizzare con i meccanismi di accumulo dei premi, di leggere il regolamento, di fare dei giri di prova sui rulli e di sviluppare una strategia di scommessa. Tuttavia, i premi reali possono essere solo sognati. Sul profilo dell'ospite non si ottengono. Per coloro che sono gi\u00e0 pronti a immergersi completamente nell'avventura e nella caccia al tesoro, \u00e8 meglio investire denaro reale.<\/p>\n<p><img decoding=\"async\" class=\"aligncenter size-full wp-image-586\" src=\"https:\/\/wolf-gold-slot-review.com\/wp-content\/uploads\/2023\/02\/1win-bonuses.jpg\" alt=\"Bonus 1WIN\" width=\"984\" height=\"306\" srcset=\"\/\/wolf-gold-slot-review.com\/wp-content\/uploads\/2023\/02\/1win-bonuses.jpg 984w, \/\/wolf-gold-slot-review.com\/wp-content\/uploads\/2023\/02\/1win-bonuses-300x93.jpg 300w, \/\/wolf-gold-slot-review.com\/wp-content\/uploads\/2023\/02\/1win-bonuses-150x47.jpg 150w, \/\/wolf-gold-slot-review.com\/wp-content\/uploads\/2023\/02\/1win-bonuses-768x239.jpg 768w, \/\/wolf-gold-slot-review.com\/wp-content\/uploads\/2023\/02\/1win-bonuses-18x6.jpg 18w\" sizes=\"(max-width: 984px) 100vw, 984px\" \/><\/p>\n<p>Per il denaro reale, \u00e8 possibile giocare solo dopo la registrazione. I giocatori che utilizzano il mirror 1Win potranno creare un conto in un solo clic. Per farlo, \u00e8 necessario:<\/p>\n<ul>\n<li>Aprire un collegamento duplicato.<\/li>\n<li>Cliccare su \"Registrazione\".<\/li>\n<li>Confermare l'azione.<\/li>\n<\/ul>\n<p>Il sito creer\u00e0 automaticamente una password e un login. \u00c8 possibile salvarle con un'immagine o scriverle su carta. La valuta sar\u00e0 impostata dall'indirizzo IP del computer. Se si desidera, \u00e8 possibile inserire qualsiasi altra opzione per le unit\u00e0 di conto.<\/p>\n<p>Nel modulo di registrazione \u00e8 possibile specificare un codice promozionale. \u00c8 necessario fare clic sul pulsante appropriato in un nuovo campo per inserire la combinazione disponibile.<\/p>\n<p>Le modalit\u00e0 elencate per creare un account sono adatte a coloro che creano un account attraverso i link mirror. L'ottenimento di un profilo sul sito principale avviene attraverso altri meccanismi:<\/p>\n<ul>\n<li>Si avvia il progetto.<\/li>\n<li>Cliccate su \"Registrazione\".<\/li>\n<li>Scegliete un'opzione (attraverso i social network o compilando un modulo).<\/li>\n<li>Immettere le informazioni richieste.<\/li>\n<\/ul>\n<p style=\"text-align: center;\"><a class=\"fasc-button fasc-size-large fasc-type-glossy fasc-rounded-medium fasc-style-bold\" style=\"background-color: #33809e; color: #ffffff;\" target=\"_blank\" rel=\"nofollow noopener\" href=\"https:\/\/wolf-gold-slot-review.com\/it\/1-win-offer-direct\/\">Gioca a Wolf Gold 1WIN<\/a><\/p>\n<p>Successivamente, il sistema valuter\u00e0 la correttezza dei dati specificati. \u00c8 possibile creare un account solo una volta. La violazione della regola comporter\u00e0 il blocco temporaneo o permanente.<\/p>\n<h3 style=\"text-align: center;\"><strong>Come effettuare un deposito su 1win<\/strong><\/h3>\n<p>Creare un profilo per scommettere su Wolf Gold non \u00e8 sufficiente. \u00c8 anche necessario pensare alla ricarica del conto. Il deposito di fondi \u00e8 possibile solo a distanza. La societ\u00e0 accetta:<\/p>\n<ul>\n<li>Carte di credito e di debito.<\/li>\n<li>Portafogli Internet.<\/li>\n<li>Opzioni di criptovalute popolari.<\/li>\n<li>Cashback 10%<\/li>\n<\/ul>\n<p><img decoding=\"async\" class=\"aligncenter size-full wp-image-584\" src=\"https:\/\/wolf-gold-slot-review.com\/wp-content\/uploads\/2023\/02\/1win-cashback.jpg\" alt=\"1win Cashback\" width=\"988\" height=\"306\" srcset=\"\/\/wolf-gold-slot-review.com\/wp-content\/uploads\/2023\/02\/1win-cashback.jpg 988w, \/\/wolf-gold-slot-review.com\/wp-content\/uploads\/2023\/02\/1win-cashback-300x93.jpg 300w, \/\/wolf-gold-slot-review.com\/wp-content\/uploads\/2023\/02\/1win-cashback-150x46.jpg 150w, \/\/wolf-gold-slot-review.com\/wp-content\/uploads\/2023\/02\/1win-cashback-768x238.jpg 768w, \/\/wolf-gold-slot-review.com\/wp-content\/uploads\/2023\/02\/1win-cashback-18x6.jpg 18w\" sizes=\"(max-width: 988px) 100vw, 988px\" \/><\/p>\n<p>Per eseguire la richiesta \u00e8 necessario fare clic su \"Rifornimento\", selezionare l'opzione, scrivere i dettagli. Resta da confermare l'azione e attendere l'esecuzione della richiesta. L'operazione viene eseguita immediatamente. I ritardi sono esclusi.<\/p>\n<h3 style=\"text-align: center;\"><strong>I motivi principali per giocare al casin\u00f2 GoldWolf 1win.<\/strong><\/h3>\n<p>Casino 1win \u00e8 un progetto affidabile. La societ\u00e0 opera nel settore del gioco d'azzardo da diversi anni. L'attivit\u00e0 \u00e8 ufficiale, il governo di Curacao concede la licenza al marchio. Tutte le slot vengono testate periodicamente, il che esclude la correzione degli algoritmi.<\/p>\n<p style=\"text-align: center;\"><a class=\"fasc-button fasc-size-large fasc-type-glossy fasc-rounded-medium fasc-style-bold\" style=\"background-color: #33809e; color: #ffffff;\" target=\"_blank\" rel=\"nofollow noopener\" href=\"https:\/\/wolf-gold-slot-review.com\/it\/1-win-offer-direct\/\">Gioca a Wolf Gold 1WIN<\/a><\/p>\n<p>Indubbiamente il vantaggio dell'ufficio pu\u00f2 essere considerato una variet\u00e0 di politiche di bonus. I giocatori possono ottenere premi per il primo deposito, per aver scaricato e installato l'applicazione e per aver accettato di ricevere notifiche dal sito. Opera cashback e altre opzioni promozionali. I principianti e i giocatori con esperienza possono partecipare ai tornei. Vengono pagati premi per le maggiori vincite, per il fatturato e per altre azioni.<\/p>\n<p><img decoding=\"async\" class=\"aligncenter size-full wp-image-587\" src=\"https:\/\/wolf-gold-slot-review.com\/wp-content\/uploads\/2023\/02\/1win-bonus-install-the-app.jpg\" alt=\"1WIN Bonus installare l&#039;applicazione\" width=\"980\" height=\"309\" srcset=\"\/\/wolf-gold-slot-review.com\/wp-content\/uploads\/2023\/02\/1win-bonus-install-the-app.jpg 980w, \/\/wolf-gold-slot-review.com\/wp-content\/uploads\/2023\/02\/1win-bonus-install-the-app-300x95.jpg 300w, \/\/wolf-gold-slot-review.com\/wp-content\/uploads\/2023\/02\/1win-bonus-install-the-app-150x47.jpg 150w, \/\/wolf-gold-slot-review.com\/wp-content\/uploads\/2023\/02\/1win-bonus-install-the-app-768x242.jpg 768w, \/\/wolf-gold-slot-review.com\/wp-content\/uploads\/2023\/02\/1win-bonus-install-the-app-18x6.jpg 18w\" sizes=\"(max-width: 980px) 100vw, 980px\" \/><\/p>\n<p>L'ufficio \u00e8 affidabile, in quanto non ritarda la procedura di prelievo. La richiesta viene elaborata rapidamente, di solito i giocatori ricevono il denaro in 30-60 minuti dopo la richiesta. Il sito offre grandi limiti.<\/p>\n<p>Anche l'offerta generata \u00e8 un vantaggio. La libreria delle slot \u00e8 composta da migliaia di titoli. Se volete, potete scommettere sugli eventi sportivi.<\/p>","protected":false},"excerpt":{"rendered":"<p>Play Wolf Gold slot at the 1WIN online casino The game Wolf Gold is a great slot option for beginners. The simulation will give you the opportunity to get acquainted with the nature of North America and earn good money. Without prizes will not get away. PragmaticP lay studio has established a return rate of &hellip;<\/p>\n<p class=\"read-more\"> <a class=\"\" href=\"https:\/\/wolf-gold-slot-review.com\/it\/gioco-lupo-oro-1win\/\"> <span class=\"screen-reader-text\">Gioca a Wolf Gold 1WIN<\/span> Leggi altro &raquo;<\/a><\/p>","protected":false},"author":1,"featured_media":608,"parent":0,"menu_order":0,"comment_status":"closed","ping_status":"closed","template":"","meta":{"site-sidebar-layout":"default","site-content-layout":"default","ast-global-header-display":"","ast-main-header-display":"","ast-hfb-above-header-display":"","ast-hfb-below-header-display":"","ast-hfb-mobile-header-display":"","site-post-title":"disabled","ast-breadcrumbs-content":"","ast-featured-img":"disabled","footer-sml-layout":"","theme-transparent-header-meta":"default","adv-header-id-meta":"","stick-header-meta":"","header-above-stick-meta":"","header-main-stick-meta":"","header-below-stick-meta":"","footnotes":""},"class_list":["post-526","page","type-page","status-publish","has-post-thumbnail","hentry"],"yoast_head":"<!-- This site is optimized with the Yoast SEO Premium plugin v19.5 (Yoast SEO v19.10) - https:\/\/yoast.com\/wordpress\/plugins\/seo\/ -->\n<title>Play Wolf Gold slot at the 1WIN online casino fo real money<\/title>\n<meta name=\"description\" content=\"Play the popular slot Wolf Gold slot in online casinos 1WIN for money. The advantages of playing Wolf Gold game at 1WIN\" \/>\n<meta name=\"robots\" content=\"index, follow, max-snippet:-1, max-image-preview:large, max-video-preview:-1\" \/>\n<link rel=\"canonical\" href=\"https:\/\/wolf-gold-slot-review.com\/it\/gioco-lupo-oro-1win\/\" \/>\n<meta property=\"og:locale\" content=\"it_IT\" \/>\n<meta property=\"og:type\" content=\"article\" \/>\n<meta property=\"og:title\" content=\"Play Wolf Gold 1WIN\" \/>\n<meta property=\"og:description\" content=\"Play Wolf Gold slot at the 1WIN online casino The game Wolf Gold is a great slot option for beginners. The simulation will give you the opportunity to get\" \/>\n<meta property=\"og:url\" content=\"https:\/\/wolf-gold-slot-review.com\/it\/gioco-lupo-oro-1win\/\" \/>\n<meta property=\"og:site_name\" content=\"Wolf Gold Slot in Australia - Play game online for money\" \/>\n<meta property=\"article:modified_time\" content=\"2025-02-04T17:01:49+00:00\" \/>\n<meta property=\"og:image\" content=\"https:\/\/wolf-gold-slot-review.com\/wp-content\/uploads\/2023\/02\/1win-wolf-gold-site.jpg\" \/>\n\t<meta property=\"og:image:width\" content=\"900\" \/>\n\t<meta property=\"og:image:height\" content=\"900\" \/>\n\t<meta property=\"og:image:type\" content=\"image\/jpeg\" \/>\n<meta name=\"twitter:card\" content=\"summary_large_image\" \/>\n<meta name=\"twitter:label1\" content=\"Tempo di lettura stimato\" \/>\n\t<meta name=\"twitter:data1\" content=\"5 minuti\" \/>\n<!-- \/ Yoast SEO Premium plugin. -->","yoast_head_json":{"title":"Play Wolf Gold slot at the 1WIN online casino fo real money","description":"Play the popular slot Wolf Gold slot in online casinos 1WIN for money. The advantages of playing Wolf Gold game at 1WIN","robots":{"index":"index","follow":"follow","max-snippet":"max-snippet:-1","max-image-preview":"max-image-preview:large","max-video-preview":"max-video-preview:-1"},"canonical":"https:\/\/wolf-gold-slot-review.com\/it\/gioco-lupo-oro-1win\/","og_locale":"it_IT","og_type":"article","og_title":"Play Wolf Gold 1WIN","og_description":"Play Wolf Gold slot at the 1WIN online casino The game Wolf Gold is a great slot option for beginners. The simulation will give you the opportunity to get","og_url":"https:\/\/wolf-gold-slot-review.com\/it\/gioco-lupo-oro-1win\/","og_site_name":"Wolf Gold Slot in Australia - Play game online for money","article_modified_time":"2025-02-04T17:01:49+00:00","og_image":[{"width":900,"height":900,"url":"https:\/\/wolf-gold-slot-review.com\/wp-content\/uploads\/2023\/02\/1win-wolf-gold-site.jpg","type":"image\/jpeg"}],"twitter_card":"summary_large_image","twitter_misc":{"Tempo di lettura stimato":"5 minuti"},"schema":{"@context":"https:\/\/schema.org","@graph":[{"@type":"WebPage","@id":"https:\/\/wolf-gold-slot-review.com\/play-wolf-gold-1win\/","url":"https:\/\/wolf-gold-slot-review.com\/play-wolf-gold-1win\/","name":"Play Wolf Gold slot at the 1WIN online casino fo real money","isPartOf":{"@id":"https:\/\/wolf-gold-slot-review.com\/#website"},"datePublished":"2023-02-18T19:47:56+00:00","dateModified":"2025-02-04T17:01:49+00:00","description":"Play the popular slot Wolf Gold slot in online casinos 1WIN for money. The advantages of playing Wolf Gold game at 1WIN","breadcrumb":{"@id":"https:\/\/wolf-gold-slot-review.com\/play-wolf-gold-1win\/#breadcrumb"},"inLanguage":"it-IT","potentialAction":[{"@type":"ReadAction","target":["https:\/\/wolf-gold-slot-review.com\/play-wolf-gold-1win\/"]}]},{"@type":"BreadcrumbList","@id":"https:\/\/wolf-gold-slot-review.com\/play-wolf-gold-1win\/#breadcrumb","itemListElement":[{"@type":"ListItem","position":1,"name":"Home","item":"https:\/\/wolf-gold-slot-review.com\/"},{"@type":"ListItem","position":2,"name":"Play Wolf Gold 1WIN"}]},{"@type":"WebSite","@id":"https:\/\/wolf-gold-slot-review.com\/#website","url":"https:\/\/wolf-gold-slot-review.com\/","name":"Wolf Gold Slot in Australia - Play game online for money","description":"Wolf Gold Slot - Official site in Australia","publisher":{"@id":"https:\/\/wolf-gold-slot-review.com\/#organization"},"alternateName":"Wolf Gold Slot","potentialAction":[{"@type":"SearchAction","target":{"@type":"EntryPoint","urlTemplate":"https:\/\/wolf-gold-slot-review.com\/?s={search_term_string}"},"query-input":"required name=search_term_string"}],"inLanguage":"it-IT"},{"@type":"Organization","@id":"https:\/\/wolf-gold-slot-review.com\/#organization","name":"Wolf Gold Slot in Australia - Play game online for money","alternateName":"Wolf Gold Slot","url":"https:\/\/wolf-gold-slot-review.com\/","logo":{"@type":"ImageObject","inLanguage":"it-IT","@id":"https:\/\/wolf-gold-slot-review.com\/#\/schema\/logo\/image\/","url":"https:\/\/wolf-gold-slot-review.com\/wp-content\/uploads\/2022\/11\/cropped-logowolf.png","contentUrl":"https:\/\/wolf-gold-slot-review.com\/wp-content\/uploads\/2022\/11\/cropped-logowolf.png","width":265,"height":100,"caption":"Wolf Gold Slot in Australia - Play game online for money"},"image":{"@id":"https:\/\/wolf-gold-slot-review.com\/#\/schema\/logo\/image\/"}}]}},"_links":{"self":[{"href":"https:\/\/wolf-gold-slot-review.com\/it\/wp-json\/wp\/v2\/pages\/526","targetHints":{"allow":["GET"]}}],"collection":[{"href":"https:\/\/wolf-gold-slot-review.com\/it\/wp-json\/wp\/v2\/pages"}],"about":[{"href":"https:\/\/wolf-gold-slot-review.com\/it\/wp-json\/wp\/v2\/types\/page"}],"author":[{"embeddable":true,"href":"https:\/\/wolf-gold-slot-review.com\/it\/wp-json\/wp\/v2\/users\/1"}],"replies":[{"embeddable":true,"href":"https:\/\/wolf-gold-slot-review.com\/it\/wp-json\/wp\/v2\/comments?post=526"}],"version-history":[{"count":8,"href":"https:\/\/wolf-gold-slot-review.com\/it\/wp-json\/wp\/v2\/pages\/526\/revisions"}],"predecessor-version":[{"id":677,"href":"https:\/\/wolf-gold-slot-review.com\/it\/wp-json\/wp\/v2\/pages\/526\/revisions\/677"}],"wp:featuredmedia":[{"embeddable":true,"href":"https:\/\/wolf-gold-slot-review.com\/it\/wp-json\/wp\/v2\/media\/608"}],"wp:attachment":[{"href":"https:\/\/wolf-gold-slot-review.com\/it\/wp-json\/wp\/v2\/media?parent=526"}],"curies":[{"name":"wp","href":"https:\/\/api.w.org\/{rel}","templated":true}]}}