{"id":530,"date":"2023-02-18T20:05:43","date_gmt":"2023-02-18T20:05:43","guid":{"rendered":"https:\/\/wolf-gold-slot-review.com\/?page_id=530"},"modified":"2025-02-04T17:04:08","modified_gmt":"2025-02-04T17:04:08","slug":"play-wolf-gold-pin-up","status":"publish","type":"page","link":"https:\/\/wolf-gold-slot-review.com\/it\/giocare-al-lupo-oro-pin-up\/","title":{"rendered":"Gioca a Wolf Gold PIN-UP"},"content":{"rendered":"<h1 style=\"text-align: center;\"><strong>Gioca alla slot Wolf Gold del casin\u00f2 online PIN-UP per soldi veri<\/strong><\/h1>\n<p>Wolf Gold \u00e8 una slot del popolare produttore di giochi PragmaticPlay. Il gioco offre 25 linee di vincita e un rendimento teorico di 96%. Il design colorato, le vincite elevate e stabili e il gameplay chiaro hanno reso questo gioco incredibilmente popolare tra i clienti. Volete immergervi nella natura del Nord America e raccogliere premi impressionanti? Iscrivetevi a Pin-Up e iniziate a scommettere.<\/p>\n<p style=\"text-align: center;\"><a class=\"fasc-button fasc-size-large fasc-type-glossy fasc-rounded-medium fasc-style-bold\" style=\"background-color: #33809e; color: #ffffff;\" target=\"_blank\" rel=\"nofollow noopener\" href=\"https:\/\/wolf-gold-slot-review.com\/it\/pinup-offer-direct\/\">Gioca a Wolf Gold PIN-UP<\/a><\/p>\n<h2 style=\"text-align: center;\"><strong>Come iscriversi a Pin-Up<\/strong><\/h2>\n<p>Gli ospiti del sito possono utilizzare la versione gratuita della slot. Con il suo aiuto, \u00e8 possibile testare la macchina e sviluppare una strategia di vincita. Dopodich\u00e9, tutto ci\u00f2 che si deve fare \u00e8 creare un conto, depositarvi denaro e tornare per ottenere vincite reali. \u00c8 possibile ottenere un profilo sul link mirror e sulla pagina web principale. In quest'ultimo caso, \u00e8 necessario compilare un questionario di grande effetto e specificare il proprio indirizzo di residenza, le informazioni di contatto e i dati personali.<\/p>\n<p><img decoding=\"async\" class=\"aligncenter size-large wp-image-602\" src=\"https:\/\/wolf-gold-slot-review.com\/wp-content\/uploads\/2023\/02\/pinup-wolf-gold-slots-1024x250.jpg\" alt=\"slot pinup wolf gold\" width=\"1024\" height=\"250\" srcset=\"\/\/wolf-gold-slot-review.com\/wp-content\/uploads\/2023\/02\/pinup-wolf-gold-slots-1024x250.jpg 1024w, \/\/wolf-gold-slot-review.com\/wp-content\/uploads\/2023\/02\/pinup-wolf-gold-slots-300x73.jpg 300w, \/\/wolf-gold-slot-review.com\/wp-content\/uploads\/2023\/02\/pinup-wolf-gold-slots-150x37.jpg 150w, \/\/wolf-gold-slot-review.com\/wp-content\/uploads\/2023\/02\/pinup-wolf-gold-slots-768x187.jpg 768w, \/\/wolf-gold-slot-review.com\/wp-content\/uploads\/2023\/02\/pinup-wolf-gold-slots-1536x375.jpg 1536w, \/\/wolf-gold-slot-review.com\/wp-content\/uploads\/2023\/02\/pinup-wolf-gold-slots-18x4.jpg 18w, \/\/wolf-gold-slot-review.com\/wp-content\/uploads\/2023\/02\/pinup-wolf-gold-slots.jpg 1902w\" sizes=\"(max-width: 1024px) 100vw, 1024px\" \/><\/p>\n<p>La procedura per ottenere un conto attraverso lo specchio \u00e8 un po' pi\u00f9 semplice. Il cliente ha bisogno di:<\/p>\n<ul>\n<li>Aprire una pagina duplicata.<\/li>\n<li>Cliccare su \"Registrazione\".<\/li>\n<li>Scegliete un'opzione (telefono o e-mail).<\/li>\n<li>Immettere le informazioni richieste.<\/li>\n<li>Presentare la richiesta di revisione.<\/li>\n<\/ul>\n<p>L'elaborazione della domanda non dura pi\u00f9 di 5-6 secondi. Dopodich\u00e9, il giocatore pu\u00f2 passare alla fase successiva.<\/p>\n<p style=\"text-align: center;\"><a class=\"fasc-button fasc-size-large fasc-type-glossy fasc-rounded-medium fasc-style-bold\" style=\"background-color: #33809e; color: #ffffff;\" target=\"_blank\" rel=\"nofollow noopener\" href=\"https:\/\/wolf-gold-slot-review.com\/it\/pinup-offer-direct\/\">Gioca a Wolf Gold PIN-UP<\/a><\/p>\n<p>\u00c8 preferibile registrarsi tramite un indirizzo PinUp duplicato. Non \u00e8 necessario attivare mezzi tecnici per aggirare il blocco. Trovare un mirror del BK richiede meno di 1-2 minuti. \u00c8 possibile trovare un link funzionante sul nostro portale.<\/p>\n<p>I profili ottenuti su piattaforme diverse sono equivalenti. I giocatori hanno accesso alle stesse opzioni di bonus e agli stessi tipi di macchine. Il club non fa differenza tra le opzioni di deposito.<\/p>\n<h3 style=\"text-align: center;\"><strong>Come effettuare un deposito in PIN-UP<\/strong><\/h3>\n<p>Effettuare un deposito \u00e8 il secondo passo per scommettere denaro nel gioco Wolf Gold. \u00c8 possibile effettuare un deposito in pi\u00f9 di 10 modi. Il bookmaker accetta criptovalute, pagamenti con carte bancarie (di credito e di debito) e portafogli Internet. Il numero di opzioni disponibili \u00e8 in continua evoluzione; \u00e8 possibile leggere tutti gli schemi attuali nell'apposita sezione del sito.<\/p>\n<p><img decoding=\"async\" class=\"aligncenter size-large wp-image-600\" src=\"https:\/\/wolf-gold-slot-review.com\/wp-content\/uploads\/2023\/02\/pinup-binuses-1024x231.jpg\" alt=\"Binus Pinup\" width=\"1024\" height=\"231\" srcset=\"\/\/wolf-gold-slot-review.com\/wp-content\/uploads\/2023\/02\/pinup-binuses-1024x231.jpg 1024w, \/\/wolf-gold-slot-review.com\/wp-content\/uploads\/2023\/02\/pinup-binuses-300x68.jpg 300w, \/\/wolf-gold-slot-review.com\/wp-content\/uploads\/2023\/02\/pinup-binuses-150x34.jpg 150w, \/\/wolf-gold-slot-review.com\/wp-content\/uploads\/2023\/02\/pinup-binuses-768x173.jpg 768w, \/\/wolf-gold-slot-review.com\/wp-content\/uploads\/2023\/02\/pinup-binuses-1536x347.jpg 1536w, \/\/wolf-gold-slot-review.com\/wp-content\/uploads\/2023\/02\/pinup-binuses-18x4.jpg 18w, \/\/wolf-gold-slot-review.com\/wp-content\/uploads\/2023\/02\/pinup-binuses.jpg 1603w\" sizes=\"(max-width: 1024px) 100vw, 1024px\" \/><\/p>\n<p>Il rifornimento richiede un paio di istanti. Gli sviluppatori hanno reso il servizio il pi\u00f9 semplice possibile:<\/p>\n<ol>\n<li>Autorizzare nell'armadietto personale.<\/li>\n<li>Fare clic su \"Rifornire\".<\/li>\n<li>Scegliere la variante necessaria.<\/li>\n<li>Compilare i requisiti.<\/li>\n<li>Inviare una richiesta di considerazione.<\/li>\n<\/ol>\n<p>Tutto qui. Il servizio elabora la richiesta e accredita il saldo. I vantaggi assoluti sono i trasferimenti istantanei e l'assenza di commissioni. Non \u00e8 necessario pagare commissioni aggiuntive in linea di principio.<\/p>\n<h3 style=\"text-align: center;\"><strong>I 5 motivi principali per giocare a Wolf Gold al casin\u00f2 PIN-UP<\/strong><\/h3>\n<p>Quando si sceglie un casin\u00f2, \u00e8 meglio puntare su societ\u00e0 con una buona reputazione. Un marchio di questo tipo \u00e8 diventato PinUp. L'ufficio si sta sviluppando con successo nei mercati della CSI e sta gradualmente sviluppando i paesi esteri.<\/p>\n<p>I giocatori possono utilizzare una versione di prova della slot. In altre parole, \u00e8 possibile testare la strategia e comprendere le meccaniche di gioco gratuitamente. \u00c8 possibile effettuare scommesse con denaro reale dopo aver compreso appieno le caratteristiche del gioco.<\/p>\n<p>Pin Up \u00e8 famoso tra gli utenti per il suo elaborato programma fedelt\u00e0. Sono disponibili diversi formati di premi:<\/p>\n<ol>\n<li>Per il primo deposito.<\/li>\n<li>Per la partecipazione ai quiz.<\/li>\n<li>Promozioni personali.<\/li>\n<li>Cashback e altri bonus.<\/li>\n<li>Sistema Pincoins<\/li>\n<\/ol>\n<p style=\"text-align: center;\"><a class=\"fasc-button fasc-size-large fasc-type-glossy fasc-rounded-medium fasc-style-bold\" style=\"background-color: #33809e; color: #ffffff;\" target=\"_blank\" rel=\"nofollow noopener\" href=\"https:\/\/wolf-gold-slot-review.com\/it\/pinup-offer-direct\/\">Gioca a Wolf Gold PIN-UP<\/a><\/p>\n<p class=\"pu-pincoins__paragraph pu-pincoins__paragraph_description\"><strong>Pincoin (PNC)<\/strong> sono una valuta che i giocatori possono guadagnare.<\/p>\n<div class=\"pu-pincoins__list-wrapper\">\n<p class=\"pu-pincoins__paragraph pu-pincoins__paragraph_medium\">\u00c8 possibile ottenere PNC per:<\/p>\n<ul class=\"pu-pincoins__list\">\n<li class=\"pu-pincoins__list-item pu-pincoins__paragraph\">gioco a pagamento<\/li>\n<li class=\"pu-pincoins__list-item pu-pincoins__paragraph\">compilare un profilo<\/li>\n<li class=\"pu-pincoins__list-item pu-pincoins__paragraph\">conferma via e-mail<\/li>\n<li class=\"pu-pincoins__list-item pu-pincoins__paragraph\">verifica del conto<\/li>\n<li class=\"pu-pincoins__list-item pu-pincoins__paragraph\">apertura Scatola regalo<\/li>\n<\/ul>\n<p><img decoding=\"async\" class=\"aligncenter size-large wp-image-599\" src=\"https:\/\/wolf-gold-slot-review.com\/wp-content\/uploads\/2023\/02\/pincoins-pinup-1024x316.jpg\" alt=\"pincoins pinup\" width=\"1024\" height=\"316\" srcset=\"\/\/wolf-gold-slot-review.com\/wp-content\/uploads\/2023\/02\/pincoins-pinup-1024x316.jpg 1024w, \/\/wolf-gold-slot-review.com\/wp-content\/uploads\/2023\/02\/pincoins-pinup-300x93.jpg 300w, \/\/wolf-gold-slot-review.com\/wp-content\/uploads\/2023\/02\/pincoins-pinup-150x46.jpg 150w, \/\/wolf-gold-slot-review.com\/wp-content\/uploads\/2023\/02\/pincoins-pinup-768x237.jpg 768w, \/\/wolf-gold-slot-review.com\/wp-content\/uploads\/2023\/02\/pincoins-pinup-1536x475.jpg 1536w, \/\/wolf-gold-slot-review.com\/wp-content\/uploads\/2023\/02\/pincoins-pinup-18x6.jpg 18w, \/\/wolf-gold-slot-review.com\/wp-content\/uploads\/2023\/02\/pincoins-pinup.jpg 1602w\" sizes=\"(max-width: 1024px) 100vw, 1024px\" \/><\/p>\n<\/div>\n<p>Un indubbio vantaggio pu\u00f2 essere considerato la collezione creata dall'azienda. Migliaia di slot di decine di studi sono a vostra disposizione. L'attesa di nuovi prodotti non vi annoier\u00e0. Gli sviluppatori aggiungono nuovi simulatori settimanalmente. Per gli appassionati di scommesse c'\u00e8 una sezione con scommesse sullo sport. I clienti possono utilizzare un unico conto. Non \u00e8 necessario ottenere un profilo aggiuntivo.<\/p>","protected":false},"excerpt":{"rendered":"<p>Play Wolf Gold slot PIN-UP online casino for real money Wolf Gold is a slot from the popular game manufacturer PragmaticPlay. The game offers 25 winning lines and a theoretical return of 96%. Colorful design, stable high payouts, and clear gameplay have made this development incredibly popular among customers. Do you want to plunge into &hellip;<\/p>\n<p class=\"read-more\"> <a class=\"\" href=\"https:\/\/wolf-gold-slot-review.com\/it\/giocare-al-lupo-oro-pin-up\/\"> <span class=\"screen-reader-text\">Gioca a Wolf Gold PIN-UP<\/span> Leggi altro &raquo;<\/a><\/p>","protected":false},"author":1,"featured_media":611,"parent":0,"menu_order":0,"comment_status":"closed","ping_status":"closed","template":"","meta":{"site-sidebar-layout":"default","site-content-layout":"default","ast-global-header-display":"","ast-main-header-display":"","ast-hfb-above-header-display":"","ast-hfb-below-header-display":"","ast-hfb-mobile-header-display":"","site-post-title":"disabled","ast-breadcrumbs-content":"","ast-featured-img":"disabled","footer-sml-layout":"","theme-transparent-header-meta":"default","adv-header-id-meta":"","stick-header-meta":"","header-above-stick-meta":"","header-main-stick-meta":"","header-below-stick-meta":"","footnotes":""},"class_list":["post-530","page","type-page","status-publish","has-post-thumbnail","hentry"],"yoast_head":"<!-- This site is optimized with the Yoast SEO Premium plugin v19.5 (Yoast SEO v19.10) - https:\/\/yoast.com\/wordpress\/plugins\/seo\/ -->\n<title>Play Wolf Gold slot PIN-UP online casino for real money<\/title>\n<meta name=\"description\" content=\"Play the popular slot Wolf Gold in online casino PINUP for money. The advantages of playing Wolf Gold at PIN-UP casino\" \/>\n<meta name=\"robots\" content=\"index, follow, max-snippet:-1, max-image-preview:large, max-video-preview:-1\" \/>\n<link rel=\"canonical\" href=\"https:\/\/wolf-gold-slot-review.com\/it\/giocare-al-lupo-oro-pin-up\/\" \/>\n<meta property=\"og:locale\" content=\"it_IT\" \/>\n<meta property=\"og:type\" content=\"article\" \/>\n<meta property=\"og:title\" content=\"Play Wolf Gold PIN-UP\" \/>\n<meta property=\"og:description\" content=\"Play Wolf Gold slot PIN-UP online casino for real money Wolf Gold is a slot from the popular game manufacturer PragmaticPlay. The game offers 25 winning\" \/>\n<meta property=\"og:url\" content=\"https:\/\/wolf-gold-slot-review.com\/it\/giocare-al-lupo-oro-pin-up\/\" \/>\n<meta property=\"og:site_name\" content=\"Wolf Gold Slot in Australia - Play game online for money\" \/>\n<meta property=\"article:modified_time\" content=\"2025-02-04T17:04:08+00:00\" \/>\n<meta property=\"og:image\" content=\"https:\/\/wolf-gold-slot-review.com\/wp-content\/uploads\/2023\/02\/pinup-wolf-gold-site.jpg\" \/>\n\t<meta property=\"og:image:width\" content=\"900\" \/>\n\t<meta property=\"og:image:height\" content=\"900\" \/>\n\t<meta property=\"og:image:type\" content=\"image\/jpeg\" \/>\n<meta name=\"twitter:card\" content=\"summary_large_image\" \/>\n<meta name=\"twitter:label1\" content=\"Tempo di lettura stimato\" \/>\n\t<meta name=\"twitter:data1\" content=\"5 minuti\" \/>\n<!-- \/ Yoast SEO Premium plugin. -->","yoast_head_json":{"title":"Play Wolf Gold slot PIN-UP online casino for real money","description":"Play the popular slot Wolf Gold in online casino PINUP for money. The advantages of playing Wolf Gold at PIN-UP casino","robots":{"index":"index","follow":"follow","max-snippet":"max-snippet:-1","max-image-preview":"max-image-preview:large","max-video-preview":"max-video-preview:-1"},"canonical":"https:\/\/wolf-gold-slot-review.com\/it\/giocare-al-lupo-oro-pin-up\/","og_locale":"it_IT","og_type":"article","og_title":"Play Wolf Gold PIN-UP","og_description":"Play Wolf Gold slot PIN-UP online casino for real money Wolf Gold is a slot from the popular game manufacturer PragmaticPlay. The game offers 25 winning","og_url":"https:\/\/wolf-gold-slot-review.com\/it\/giocare-al-lupo-oro-pin-up\/","og_site_name":"Wolf Gold Slot in Australia - Play game online for money","article_modified_time":"2025-02-04T17:04:08+00:00","og_image":[{"width":900,"height":900,"url":"https:\/\/wolf-gold-slot-review.com\/wp-content\/uploads\/2023\/02\/pinup-wolf-gold-site.jpg","type":"image\/jpeg"}],"twitter_card":"summary_large_image","twitter_misc":{"Tempo di lettura stimato":"5 minuti"},"schema":{"@context":"https:\/\/schema.org","@graph":[{"@type":"WebPage","@id":"https:\/\/wolf-gold-slot-review.com\/play-wolf-gold-pin-up\/","url":"https:\/\/wolf-gold-slot-review.com\/play-wolf-gold-pin-up\/","name":"Play Wolf Gold slot PIN-UP online casino for real money","isPartOf":{"@id":"https:\/\/wolf-gold-slot-review.com\/#website"},"datePublished":"2023-02-18T20:05:43+00:00","dateModified":"2025-02-04T17:04:08+00:00","description":"Play the popular slot Wolf Gold in online casino PINUP for money. The advantages of playing Wolf Gold at PIN-UP casino","breadcrumb":{"@id":"https:\/\/wolf-gold-slot-review.com\/play-wolf-gold-pin-up\/#breadcrumb"},"inLanguage":"it-IT","potentialAction":[{"@type":"ReadAction","target":["https:\/\/wolf-gold-slot-review.com\/play-wolf-gold-pin-up\/"]}]},{"@type":"BreadcrumbList","@id":"https:\/\/wolf-gold-slot-review.com\/play-wolf-gold-pin-up\/#breadcrumb","itemListElement":[{"@type":"ListItem","position":1,"name":"Home","item":"https:\/\/wolf-gold-slot-review.com\/"},{"@type":"ListItem","position":2,"name":"Play Wolf Gold PIN-UP"}]},{"@type":"WebSite","@id":"https:\/\/wolf-gold-slot-review.com\/#website","url":"https:\/\/wolf-gold-slot-review.com\/","name":"Wolf Gold Slot in Australia - Play game online for money","description":"Wolf Gold Slot - Official site in Australia","publisher":{"@id":"https:\/\/wolf-gold-slot-review.com\/#organization"},"alternateName":"Wolf Gold Slot","potentialAction":[{"@type":"SearchAction","target":{"@type":"EntryPoint","urlTemplate":"https:\/\/wolf-gold-slot-review.com\/?s={search_term_string}"},"query-input":"required name=search_term_string"}],"inLanguage":"it-IT"},{"@type":"Organization","@id":"https:\/\/wolf-gold-slot-review.com\/#organization","name":"Wolf Gold Slot in Australia - Play game online for money","alternateName":"Wolf Gold Slot","url":"https:\/\/wolf-gold-slot-review.com\/","logo":{"@type":"ImageObject","inLanguage":"it-IT","@id":"https:\/\/wolf-gold-slot-review.com\/#\/schema\/logo\/image\/","url":"https:\/\/wolf-gold-slot-review.com\/wp-content\/uploads\/2022\/11\/cropped-logowolf.png","contentUrl":"https:\/\/wolf-gold-slot-review.com\/wp-content\/uploads\/2022\/11\/cropped-logowolf.png","width":265,"height":100,"caption":"Wolf Gold Slot in Australia - Play game online for money"},"image":{"@id":"https:\/\/wolf-gold-slot-review.com\/#\/schema\/logo\/image\/"}}]}},"_links":{"self":[{"href":"https:\/\/wolf-gold-slot-review.com\/it\/wp-json\/wp\/v2\/pages\/530","targetHints":{"allow":["GET"]}}],"collection":[{"href":"https:\/\/wolf-gold-slot-review.com\/it\/wp-json\/wp\/v2\/pages"}],"about":[{"href":"https:\/\/wolf-gold-slot-review.com\/it\/wp-json\/wp\/v2\/types\/page"}],"author":[{"embeddable":true,"href":"https:\/\/wolf-gold-slot-review.com\/it\/wp-json\/wp\/v2\/users\/1"}],"replies":[{"embeddable":true,"href":"https:\/\/wolf-gold-slot-review.com\/it\/wp-json\/wp\/v2\/comments?post=530"}],"version-history":[{"count":6,"href":"https:\/\/wolf-gold-slot-review.com\/it\/wp-json\/wp\/v2\/pages\/530\/revisions"}],"predecessor-version":[{"id":680,"href":"https:\/\/wolf-gold-slot-review.com\/it\/wp-json\/wp\/v2\/pages\/530\/revisions\/680"}],"wp:featuredmedia":[{"embeddable":true,"href":"https:\/\/wolf-gold-slot-review.com\/it\/wp-json\/wp\/v2\/media\/611"}],"wp:attachment":[{"href":"https:\/\/wolf-gold-slot-review.com\/it\/wp-json\/wp\/v2\/media?parent=530"}],"curies":[{"name":"wp","href":"https:\/\/api.w.org\/{rel}","templated":true}]}}