{"id":543,"date":"2023-02-20T19:06:07","date_gmt":"2023-02-20T19:06:07","guid":{"rendered":"https:\/\/wolf-gold-slot-review.com\/?page_id=543"},"modified":"2025-02-04T17:03:52","modified_gmt":"2025-02-04T17:03:52","slug":"wolf-gold-power-jackpot-slot","status":"publish","type":"page","link":"https:\/\/wolf-gold-slot-review.com\/it\/wolf-gold-power-jackpot-slot\/","title":{"rendered":"Jackpot del potere dell'oro del lupo"},"content":{"rendered":"<h1 style=\"text-align: center;\"><strong>La slot Wolf Gold Power Jackpot gioca online per denaro<\/strong><\/h1>\n<p>La slot Wolf Gold Power Jackpot per denaro dello studio Pragmatic Play \u00e8 apparsa sulla base della popolare serie Wolf Gold. Gli sviluppatori non hanno cambiato la trama, ma i clienti hanno una continuazione logica della famosa macchina. I giocatori si aspettano una meccanica eccellente e 4 tipi di jackpot. Facciamo la conoscenza di questo studio di sviluppo in dettaglio.<\/p>\n<p style=\"text-align: center;\"><a class=\"fasc-button fasc-size-large fasc-type-glossy fasc-rounded-medium\" style=\"background-color: #33809e; color: #ffffff;\" href=\"https:\/\/wolf-gold-slot-review.com\/it\/giocare-al-lupo-oro-pin-up\/\">Gioca a Wolf Gold PinUp<\/a> &nbsp;<a class=\"fasc-button fasc-size-large fasc-type-glossy fasc-rounded-medium\" style=\"background-color: #33809e; color: #ffffff;\" href=\"https:\/\/wolf-gold-slot-review.com\/it\/gioco-lupo-oro-1win\/\">Gioca a Wolf Gold 1win<\/a> &nbsp;<a class=\"fasc-button fasc-size-large fasc-type-glossy fasc-rounded-medium\" style=\"background-color: #33809e; color: #ffffff;\" href=\"https:\/\/wolf-gold-slot-review.com\/it\/gioco-lupo-oro-parimatch\/\">Giocare a Wolf Gold Parimatch <\/a>&nbsp; <a class=\"fasc-button fasc-size-large fasc-type-glossy fasc-rounded-medium\" style=\"background-color: #33809e; color: #ffffff;\" href=\"https:\/\/wolf-gold-slot-review.com\/it\/demo-lupo-oro-slot\/\">Gioca la demo di Wolf Gold<\/a>&nbsp;<\/p>\n<h2 style=\"text-align: center;\"><strong>Recensione della slot Wolf Gold Power Jackpot<\/strong><\/h2>\n<p>La recensione del gioco Wolf Gold Power Jackpot dovrebbe iniziare con una descrizione delle caratteristiche principali. Lo studio offre agli utenti la versione classica delle macchine. Il campo di gioco \u00e8 rappresentato da 5 rulli. Ogni elemento \u00e8 suddiviso in tre file. In altre parole, ci sono 15 celle sull'intero settore.<\/p>\n<p>Pragmatic Play ha introdotto il gioco il 1\u00b0 settembre 2022. Le combinazioni vincenti di Wolf Gold Power Jackpot si formano su 25 linee di pagamento. La slot \u00e8 dedicata alla natura del selvaggio West. Animali e uccelli del Nord America sono i protagonisti del gioco. L'effetto complessivo \u00e8 rafforzato dalla calma musica tematica.<br \/>\nLa griglia di gioco occupa la parte principale dello schermo. A sinistra, gli sviluppatori hanno collocato un blocco con la descrizione dei superpremi attivi. Potenza dell'oro del lupo<\/p>\n<p>Jackpot \u00e8 un gioco con 4 tipi di vincite massime. I clienti sono disponibili:<\/p>\n<ul>\n<li>Mini Jackpot;<\/li>\n<li>Jackpot medio;<\/li>\n<li>Jackpot maggiore;<\/li>\n<li>Power Jackpot.<\/li>\n<\/ul>\n<p>L'entit\u00e0 del premio finale \u00e8 data in ordine crescente. Tra i concorrenti, la slot si distingue per la presenza di un jackpot \"potente\".<\/p>\n<h3 style=\"text-align: center;\"><strong>Slot machine Wolf Gold Power Jackpot: simboli<\/strong><\/h3>\n<p>I personaggi principali sono rappresentanti della fauna americana. Nella slot machine Wolf Gold Power Jackpot incontrerete:<\/p>\n<table style=\"border-collapse: collapse; width: 100%;\">\n<tbody>\n<tr>\n<td style=\"width: 50%;\"><img decoding=\"async\" class=\"aligncenter size-full wp-image-567\" src=\"https:\/\/wolf-gold-slot-review.com\/wp-content\/uploads\/2023\/02\/horse.png\" alt=\"simbolo del cavallo\" width=\"100\" height=\"83\" srcset=\"\/\/wolf-gold-slot-review.com\/wp-content\/uploads\/2023\/02\/horse.png 100w, \/\/wolf-gold-slot-review.com\/wp-content\/uploads\/2023\/02\/horse-14x12.png 14w\" sizes=\"(max-width: 100px) 100vw, 100px\" \/><\/td>\n<td style=\"width: 50%; text-align: center;\">Cavallo<\/td>\n<\/tr>\n<tr>\n<td style=\"width: 50%;\"><img decoding=\"async\" class=\"aligncenter size-full wp-image-568\" src=\"https:\/\/wolf-gold-slot-review.com\/wp-content\/uploads\/2023\/02\/cougar.png\" alt=\"simbolo del puma\" width=\"100\" height=\"83\" srcset=\"\/\/wolf-gold-slot-review.com\/wp-content\/uploads\/2023\/02\/cougar.png 100w, \/\/wolf-gold-slot-review.com\/wp-content\/uploads\/2023\/02\/cougar-14x12.png 14w\" sizes=\"(max-width: 100px) 100vw, 100px\" \/><\/td>\n<td style=\"width: 50%; text-align: center;\">Cougar<\/td>\n<\/tr>\n<tr>\n<td style=\"width: 50%;\"><img decoding=\"async\" class=\"aligncenter size-full wp-image-569\" src=\"https:\/\/wolf-gold-slot-review.com\/wp-content\/uploads\/2023\/02\/eagle.png\" alt=\"simbolo dell&#039;aquila\" width=\"100\" height=\"83\" srcset=\"\/\/wolf-gold-slot-review.com\/wp-content\/uploads\/2023\/02\/eagle.png 100w, \/\/wolf-gold-slot-review.com\/wp-content\/uploads\/2023\/02\/eagle-14x12.png 14w\" sizes=\"(max-width: 100px) 100vw, 100px\" \/><\/td>\n<td style=\"width: 50%; text-align: center;\">Aquila<\/td>\n<\/tr>\n<tr>\n<td style=\"width: 50%; text-align: center;\"><img decoding=\"async\" class=\"aligncenter size-full wp-image-570\" src=\"https:\/\/wolf-gold-slot-review.com\/wp-content\/uploads\/2023\/02\/buffalo.png\" alt=\"simbolo del bufalo\" width=\"100\" height=\"83\" srcset=\"\/\/wolf-gold-slot-review.com\/wp-content\/uploads\/2023\/02\/buffalo.png 100w, \/\/wolf-gold-slot-review.com\/wp-content\/uploads\/2023\/02\/buffalo-14x12.png 14w\" sizes=\"(max-width: 100px) 100vw, 100px\" \/><\/td>\n<td style=\"width: 50%; text-align: center;\">Bufalo<\/td>\n<\/tr>\n<\/tbody>\n<\/table>\n<p>Essi aumenteranno la dimensione del premio da x8 a x20 su un rullo di 5 immagini identiche in linea. Si possono vedere anche 4 simboli di carte. Tradizionalmente, il valore di queste immagini \u00e8 molto inferiore a quello delle immagini principali.<\/p>\n<p>L'immagine di pilastri di pietra sullo sfondo dell'alba - Scatter. Pu\u00f2 comparire solo sui rulli dispari. Un lancio di 3 immagini di questo tipo attiva il bonus round. Il gioco a premi consiste in 5 giri. Nel gioco classico, gli sviluppatori di WolfGold hanno unito i rulli nel round bonus. Tuttavia, in questa slot, tale meccanica \u00e8 stata abbandonata. PragmaticPlay ha anche introdotto simboli speciali misteriosi.<\/p>\n<p><img decoding=\"async\" class=\"aligncenter size-full wp-image-571\" src=\"https:\/\/wolf-gold-slot-review.com\/wp-content\/uploads\/2023\/02\/wolf-gold-symbols.jpg\" alt=\"Simboli dell&#039;Oro del Lupo\" width=\"562\" height=\"296\" srcset=\"\/\/wolf-gold-slot-review.com\/wp-content\/uploads\/2023\/02\/wolf-gold-symbols.jpg 562w, \/\/wolf-gold-slot-review.com\/wp-content\/uploads\/2023\/02\/wolf-gold-symbols-300x158.jpg 300w, \/\/wolf-gold-slot-review.com\/wp-content\/uploads\/2023\/02\/wolf-gold-symbols-150x79.jpg 150w, \/\/wolf-gold-slot-review.com\/wp-content\/uploads\/2023\/02\/wolf-gold-symbols-18x9.jpg 18w\" sizes=\"(max-width: 562px) 100vw, 562px\" \/><\/p>\n<p>Il simbolo del denaro \u00e8 la luna. L'immagine pu\u00f2 apparire su qualsiasi rullo. Dopo la caduta di 6 immagini di questo tipo di slot, il casin\u00f2 online Wolf Gold Power Jackpot avvia la funzione re-spin. La macchina rimuover\u00e0 tutte le immagini regolari. La luna rimane al suo posto. Il programma esegue 3 respin. Questi si azzerano immediatamente dopo la comparsa di nuovi simboli di denaro sul campo di gioco. Al termine del giro viene assegnato un determinato moltiplicatore. Se le immagini della luna occuperanno tutte le celle della slot Wolf Gold Power Jackpot, il casin\u00f2 regaler\u00e0 un bonus di x1000.<\/p>\n<p>Immagine del lupo - Simbolo selvaggio. Pu\u00f2 cambiare qualsiasi immagine pagante. Pi\u00f9 wild in una linea di pagamento daranno una vincita. Il giocatore ottiene tanto quanto la vincita per l'immagine pi\u00f9 costosa - l'immagine del bisonte.<\/p>\n<h4 style=\"text-align: center;\"><strong>Come giocare a Wolf Gold Power Jackpot<\/strong><\/h4>\n<p>La macchina Wolf Gold Power Jackpot offre ai giocatori 2 modalit\u00e0 di gioco. \u00c8 possibile ruotare le slot da soli o avviare la modalit\u00e0 automatica. Per avviare il gioco automatico, il cliente deve:<\/p>\n<ol>\n<li>Fare clic sul pulsante \"Autoplay\".<\/li>\n<li>Inserire le caratteristiche del gioco automatico.<\/li>\n<li>Avviare la rotazione.<\/li>\n<\/ol>\n<p>Il cliente pu\u00f2 interrompere il processo in qualsiasi momento. A tale scopo, l'utente deve fare clic sul pulsante \"Stop\".<\/p>\n<p>Per avviare il round Wolf Gold Power Jackpot, il sito ufficiale del casin\u00f2 chieder\u00e0 solo di cliccare sul pulsante del grande round in fondo alla slot. Il gioco pu\u00f2 essere attivato anche tramite tastiera. Per farlo, \u00e8 necessario premere la barra spaziatrice o Invio.<\/p>\n<p>L'importo della puntata pu\u00f2 essere impostato tramite i pulsanti \"Pi\u00f9\" e \"Meno\". Il valore minimo della puntata \u00e8 di 0,25 crediti. Il massimo per un giro in Wolf Gold Power Jackpot online pu\u00f2 essere di 125 crediti. \u00c8 possibile impostare le puntate per linea. Le dimensioni vanno da 0,01 a 5,00.<\/p>\n<p>I giri in WolfGold Power Jackpot nella maggior parte dei casi portano vincite medie. Le combinazioni di premi fall-out non sono cos\u00ec frequenti, ma l'attesa annoiata per la vittoria non si far\u00e0 attendere. Questa caratteristica della slot \u00e8 dovuta alla sua dispersione. La volatilit\u00e0 del gioco \u00e8 nella media.<\/p>\n<p>Il gioco Wolf Gold Power Jackpot \u00e8 promosso dai casin\u00f2 online come una macchina con un buon premio massimo. Tuttavia, la slot ha un tasso di ritorno teorico competitivo. Il parametro si aggira intorno al valore di 96%. Non capita spesso di trovare giochi pi\u00f9 redditizi. Questa macchina batte la concorrenza in molti modi.<\/p>\n<p>Il premio massimo in modalit\u00e0 normale raggiunge x2500 della dimensione della puntata. Vale a dire, il massimo sar\u00e0 in grado di raccogliere 312500 euro per giro.<\/p>\n<h4 style=\"text-align: center;\"><strong>Come giocare al Wolf Gold Power Jackpot e aggiudicarsi il superpremio<\/strong><\/h4>\n<p>Il bonus Wolf Gold Power Jackpot si attiva solo dopo la caduta di un certo numero di scatter. In questo caso, per eseguire la funzione di estrazione dei jackpot \u00e8 necessario che tutti i tamburi siano d'oro. Dopo che la macchina avr\u00e0 eseguito davanti al giocatore la Ruota della Fortuna. Ha due livelli. Al primo si trovano settori con moltiplicatori. Le vincite minime partono da x10 della dimensione della puntata. Al secondo blocco \"tier\" con jackpot. Gli sviluppatori del gioco hanno deciso che i giri gratuiti in Wolf Gold Power Jackpot non vengono giocati attraverso questo gioco bonus.<\/p>\n<p>Il giocatore otterr\u00e0 un premio fisso se cade in un determinato settore. La slot \u00e8 speciale per il tipo di Power Jackpot. La vincita massima in caso di fortuna viene divisa per 2. 50% vanno al vincitore. L'importo rimanente viene distribuito tra i giocatori del casin\u00f2. Il denaro ottiene 1.000 utenti. Ci\u00f2 significa che si pu\u00f2 contare su un premio consistente anche dopo diversi turni di gioco.<\/p>\n<h4 style=\"text-align: center;\"><strong>Wolf Gold Power Jackpot demo: una descrizione della versione gratuita della slot<\/strong><\/h4>\n<p>Giocare a Wolf Gold Power Jackpot gratuitamente pu\u00f2 qualsiasi cliente del casin\u00f2 online. Non \u00e8 nemmeno necessario creare un account. Per iniziare il periodo di prova della slot, l'utente ha bisogno di:<\/p>\n<ol>\n<li>&nbsp;Andate sul sito web del casin\u00f2 online.<\/li>\n<li>Trova il gioco. \u00c8 possibile effettuare una ricerca per nome o per fornitore.<\/li>\n<li>Passare il cursore sull'anteprima del gioco.<\/li>\n<li>Fare clic sul pulsante \"Demo\".<\/li>\n<\/ol>\n<p><img decoding=\"async\" class=\"aligncenter size-full wp-image-573\" src=\"https:\/\/wolf-gold-slot-review.com\/wp-content\/uploads\/2023\/02\/wolf-gold-power-jackpot-demo.jpg\" alt=\"Demo del power jackpot di Wolf Gold\" width=\"500\" height=\"500\" srcset=\"\/\/wolf-gold-slot-review.com\/wp-content\/uploads\/2023\/02\/wolf-gold-power-jackpot-demo.jpg 500w, \/\/wolf-gold-slot-review.com\/wp-content\/uploads\/2023\/02\/wolf-gold-power-jackpot-demo-300x300.jpg 300w, \/\/wolf-gold-slot-review.com\/wp-content\/uploads\/2023\/02\/wolf-gold-power-jackpot-demo-150x150.jpg 150w, \/\/wolf-gold-slot-review.com\/wp-content\/uploads\/2023\/02\/wolf-gold-power-jackpot-demo-12x12.jpg 12w\" sizes=\"(max-width: 500px) 100vw, 500px\" \/><\/p>\n<p>Il sito scaricher\u00e0 la versione di prova. Non dovrete scommettere denaro reale. Tutti i giri gratuiti in Wolf Gold Power Jackpot vengono effettuati a spese dei casin\u00f2 in valuta interna. Vengono accreditati immediatamente dopo l'inizio del periodo di prova.<\/p>\n<p>Questi fondi possono essere utilizzati solo per il gioco. Il prelievo sulla carta o sul portafoglio online non funziona. Il casin\u00f2 non effettua pagamenti nemmeno quando si vincono i premi massimi. All'apparenza, la demo sembra inutile. Tuttavia, questa modalit\u00e0 risolve altri problemi importanti. Con il suo aiuto \u00e8 possibile:<\/p>\n<ul>\n<li>Conoscere le caratteristiche della slot. Il giocatore pu\u00f2 memorizzare le combinazioni di base per comprendere le regole del dispositivo e le modalit\u00e0 di esecuzione dei giochi automatici.<\/li>\n<li>Per testare la strategia di scommessa. Su Internet si possono trovare molte tattiche diverse. Alcune funzionano, altre non danno profitti significativi. Testare queste strategie con denaro reale \u00e8 costoso. \u00c8 meglio utilizzare un periodo di prova.<\/li>\n<li>Divertitevi e divertitevi.<\/li>\n<\/ul>\n<p>A volte gli utenti esauriscono le monete gratuite. Il cliente dell'azienda deve riavviare la slot.<\/p>\n<h4 style=\"text-align: center;\"><strong>Come scaricare Wolf Gold Power Jackpot<\/strong><\/h4>\n<p>Lo studio non ha rilasciato un software separato per questo sviluppo. Pertanto, Wolf Gold Power Jackpot non pu\u00f2 essere scaricato su smartphone e tablet. Tuttavia, gli utenti possono scaricare il software del casin\u00f2.<\/p>\n<p>La procedura di download dipende dal tipo di sistema operativo. Per scaricare il software su smartphone Android, \u00e8 necessario utilizzare i file APK. Per scommettere su Wolf Gold Power Jackpot, l'applicazione del casin\u00f2 viene scaricata in pochi minuti:<\/p>\n<ol>\n<li>Si apre il sito web del marchio di gioco d'azzardo.<\/li>\n<li>Trovate la sezione con le applicazioni.<\/li>\n<li>Si scarica il file APK.<\/li>\n<li>Aprire le impostazioni dello smartphone.<\/li>\n<li>Consentire l'installazione di software di terze parti.<\/li>\n<li>Aprire la cartella di download.<\/li>\n<li>Fare clic sul file scaricato.<\/li>\n<\/ol>\n<p><img decoding=\"async\" class=\"aligncenter size-full wp-image-574\" src=\"https:\/\/wolf-gold-slot-review.com\/wp-content\/uploads\/2023\/02\/wolf-gold-power-jackpot-app.jpg\" alt=\"L&#039;app Wolf Gold power jackpot\" width=\"436\" height=\"731\" srcset=\"\/\/wolf-gold-slot-review.com\/wp-content\/uploads\/2023\/02\/wolf-gold-power-jackpot-app.jpg 436w, \/\/wolf-gold-slot-review.com\/wp-content\/uploads\/2023\/02\/wolf-gold-power-jackpot-app-179x300.jpg 179w, \/\/wolf-gold-slot-review.com\/wp-content\/uploads\/2023\/02\/wolf-gold-power-jackpot-app-89x150.jpg 89w, \/\/wolf-gold-slot-review.com\/wp-content\/uploads\/2023\/02\/wolf-gold-power-jackpot-app-7x12.jpg 7w\" sizes=\"(max-width: 436px) 100vw, 436px\" \/><\/p>\n<p>Il telefono stesso installer\u00e0 l'applicazione del casin\u00f2. Dopodich\u00e9, tutto ci\u00f2 che si deve fare \u00e8 eseguire il programma, accedere al proprio cabinet personale e iniziare a giocare.<br \/>\nPer giocare a Wolf Gold Power Jackpot \u00e8 possibile scaricare l'applicazione anche per gli smartphone con sistema operativo iOS. In questo caso, il download avviene attraverso l'AppStore.<br \/>\nNon \u00e8 inoltre possibile installare separatamente Wolf Gold Power Jackpot sul proprio computer. I giocatori possono solo installare il software del casin\u00f2 sul dispositivo. Non ci sono altre opzioni.<\/p>\n<h4 style=\"text-align: center;\"><strong>Registrazione al Wolf Gold Power Jackpot: cosa \u00e8 necessario, come creare un account<\/strong><\/h4>\n<p>Giocando a Wolf Gold Power Jackpot senza registrazione \u00e8 possibile giocare solo alla versione demo. Scommettere sul denaro senza creare un account non funzioner\u00e0. Creare un profilo nella slot separatamente non sar\u00e0 necessario. Il cliente deve solo creare un account sul sito del casin\u00f2. La procedura \u00e8 a tappe:<\/p>\n<ol>\n<li>Andate sul sito web dell'operatore.<\/li>\n<li>Fare clic sul pulsante per registrarsi.<\/li>\n<li>Compilare il modulo di domanda.<\/li>\n<li>Inviare una domanda di partecipazione per essere presi in considerazione.&nbsp;<\/li>\n<\/ol>\n<p>Le regole di registrazione variano da una societ\u00e0 all'altra. Pertanto, vi consigliamo di leggere prima i requisiti dei siti. Una volta ricevuto il profilo, si consiglia di confermare l'account. A tal fine, \u00e8 necessario fornire le foto dei documenti richiesti.<\/p>\n<h4 style=\"text-align: center;\">Strategia di gioco in Wolf Gold Power Jackpot<\/h4>\n<p>La macchina ha un buon RTP e un livello medio di volatilit\u00e0. Ma la strategia di scommessa deve essere correlata alla caratteristica principale della slot: il jackpot. Si consiglia di puntare l'importo minimo e di attendere il super premio. L'azienda offre 4 varianti di estrazione, quindi le possibilit\u00e0 di vincere i premi sono molto alte.<\/p>\n<h4 style=\"text-align: center;\"><strong>Wolf Gold Power Jackpot recensioni: la nostra opinione sul gioco<\/strong><\/h4>\n<p>La slot offre ai clienti una meccanica unica. La possibilit\u00e0 di dividere il Power Jackpot tra 1.000 giocatori \u00e8 la caratteristica principale della slot. Pragmatic Play spesso mette in palio grandi premi. Pertanto, consigliamo a tutti gli scommettitori di puntare pi\u00f9 attivamente su questo gioco. Questo aiuter\u00e0 a raggiungere risultati impressionanti. L'uscita dei premi avr\u00e0 successo anche se il jackpot \u00e8 andato a un altro utente.<\/p>","protected":false},"excerpt":{"rendered":"<p>Wolf Gold Power Jackpot slot play online for money Wolf Gold Power Jackpot slot for money from the studio Pragmatic Play appeared on the basis of the popular series Wolf Gold. The developers have not changed the plot, but customers have a logical continuation of the famous machine. Gamblers are waiting for excellent mechanics and &hellip;<\/p>\n<p class=\"read-more\"> <a class=\"\" href=\"https:\/\/wolf-gold-slot-review.com\/it\/wolf-gold-power-jackpot-slot\/\"> <span class=\"screen-reader-text\">Jackpot del potere dell'oro del lupo<\/span> Leggi altro &raquo;<\/a><\/p>","protected":false},"author":1,"featured_media":565,"parent":0,"menu_order":0,"comment_status":"closed","ping_status":"closed","template":"","meta":{"site-sidebar-layout":"default","site-content-layout":"default","ast-global-header-display":"","ast-main-header-display":"","ast-hfb-above-header-display":"","ast-hfb-below-header-display":"","ast-hfb-mobile-header-display":"","site-post-title":"disabled","ast-breadcrumbs-content":"","ast-featured-img":"disabled","footer-sml-layout":"","theme-transparent-header-meta":"default","adv-header-id-meta":"","stick-header-meta":"","header-above-stick-meta":"","header-main-stick-meta":"","header-below-stick-meta":"","footnotes":""},"class_list":["post-543","page","type-page","status-publish","has-post-thumbnail","hentry"],"yoast_head":"<!-- This site is optimized with the Yoast SEO Premium plugin v19.5 (Yoast SEO v19.10) - https:\/\/yoast.com\/wordpress\/plugins\/seo\/ -->\n<title>Wolf Gold Power Jackpot slot play online for money<\/title>\n<meta name=\"description\" content=\"Wolf Gold Power Jackpot official site about the slot. Strategies and tactics, how to play for real money in online casinos. Get your bonus\" \/>\n<meta name=\"robots\" content=\"index, follow, max-snippet:-1, max-image-preview:large, max-video-preview:-1\" \/>\n<link rel=\"canonical\" href=\"https:\/\/wolf-gold-slot-review.com\/it\/wolf-gold-power-jackpot-slot\/\" \/>\n<meta property=\"og:locale\" content=\"it_IT\" \/>\n<meta property=\"og:type\" content=\"article\" \/>\n<meta property=\"og:title\" content=\"Wolf Gold Power Jackpot\" \/>\n<meta property=\"og:description\" content=\"Wolf Gold Power Jackpot slot play online for money Wolf Gold Power Jackpot slot for money from the studio Pragmatic Play appeared on the basis of the\" \/>\n<meta property=\"og:url\" content=\"https:\/\/wolf-gold-slot-review.com\/it\/wolf-gold-power-jackpot-slot\/\" \/>\n<meta property=\"og:site_name\" content=\"Wolf Gold Slot in Australia - Play game online for money\" \/>\n<meta property=\"article:modified_time\" content=\"2025-02-04T17:03:52+00:00\" \/>\n<meta property=\"og:image\" content=\"https:\/\/wolf-gold-slot-review.com\/wp-content\/uploads\/2023\/02\/wolf-gold-power-jackpot-site.jpg\" \/>\n\t<meta property=\"og:image:width\" content=\"500\" \/>\n\t<meta property=\"og:image:height\" content=\"500\" \/>\n\t<meta property=\"og:image:type\" content=\"image\/jpeg\" \/>\n<meta name=\"twitter:card\" content=\"summary_large_image\" \/>\n<meta name=\"twitter:label1\" content=\"Tempo di lettura stimato\" \/>\n\t<meta name=\"twitter:data1\" content=\"11 minuti\" \/>\n<!-- \/ Yoast SEO Premium plugin. -->","yoast_head_json":{"title":"Wolf Gold Power Jackpot slot play online for money","description":"Wolf Gold Power Jackpot official site about the slot. Strategies and tactics, how to play for real money in online casinos. Get your bonus","robots":{"index":"index","follow":"follow","max-snippet":"max-snippet:-1","max-image-preview":"max-image-preview:large","max-video-preview":"max-video-preview:-1"},"canonical":"https:\/\/wolf-gold-slot-review.com\/it\/wolf-gold-power-jackpot-slot\/","og_locale":"it_IT","og_type":"article","og_title":"Wolf Gold Power Jackpot","og_description":"Wolf Gold Power Jackpot slot play online for money Wolf Gold Power Jackpot slot for money from the studio Pragmatic Play appeared on the basis of the","og_url":"https:\/\/wolf-gold-slot-review.com\/it\/wolf-gold-power-jackpot-slot\/","og_site_name":"Wolf Gold Slot in Australia - Play game online for money","article_modified_time":"2025-02-04T17:03:52+00:00","og_image":[{"width":500,"height":500,"url":"https:\/\/wolf-gold-slot-review.com\/wp-content\/uploads\/2023\/02\/wolf-gold-power-jackpot-site.jpg","type":"image\/jpeg"}],"twitter_card":"summary_large_image","twitter_misc":{"Tempo di lettura stimato":"11 minuti"},"schema":{"@context":"https:\/\/schema.org","@graph":[{"@type":"WebPage","@id":"https:\/\/wolf-gold-slot-review.com\/wolf-gold-power-jackpot-slot\/","url":"https:\/\/wolf-gold-slot-review.com\/wolf-gold-power-jackpot-slot\/","name":"Wolf Gold Power Jackpot slot play online for money","isPartOf":{"@id":"https:\/\/wolf-gold-slot-review.com\/#website"},"datePublished":"2023-02-20T19:06:07+00:00","dateModified":"2025-02-04T17:03:52+00:00","description":"Wolf Gold Power Jackpot official site about the slot. Strategies and tactics, how to play for real money in online casinos. Get your bonus","breadcrumb":{"@id":"https:\/\/wolf-gold-slot-review.com\/wolf-gold-power-jackpot-slot\/#breadcrumb"},"inLanguage":"it-IT","potentialAction":[{"@type":"ReadAction","target":["https:\/\/wolf-gold-slot-review.com\/wolf-gold-power-jackpot-slot\/"]}]},{"@type":"BreadcrumbList","@id":"https:\/\/wolf-gold-slot-review.com\/wolf-gold-power-jackpot-slot\/#breadcrumb","itemListElement":[{"@type":"ListItem","position":1,"name":"Home","item":"https:\/\/wolf-gold-slot-review.com\/"},{"@type":"ListItem","position":2,"name":"Wolf Gold Power Jackpot"}]},{"@type":"WebSite","@id":"https:\/\/wolf-gold-slot-review.com\/#website","url":"https:\/\/wolf-gold-slot-review.com\/","name":"Wolf Gold Slot in Australia - Play game online for money","description":"Wolf Gold Slot - Official site in Australia","publisher":{"@id":"https:\/\/wolf-gold-slot-review.com\/#organization"},"alternateName":"Wolf Gold Slot","potentialAction":[{"@type":"SearchAction","target":{"@type":"EntryPoint","urlTemplate":"https:\/\/wolf-gold-slot-review.com\/?s={search_term_string}"},"query-input":"required name=search_term_string"}],"inLanguage":"it-IT"},{"@type":"Organization","@id":"https:\/\/wolf-gold-slot-review.com\/#organization","name":"Wolf Gold Slot in Australia - Play game online for money","alternateName":"Wolf Gold Slot","url":"https:\/\/wolf-gold-slot-review.com\/","logo":{"@type":"ImageObject","inLanguage":"it-IT","@id":"https:\/\/wolf-gold-slot-review.com\/#\/schema\/logo\/image\/","url":"https:\/\/wolf-gold-slot-review.com\/wp-content\/uploads\/2022\/11\/cropped-logowolf.png","contentUrl":"https:\/\/wolf-gold-slot-review.com\/wp-content\/uploads\/2022\/11\/cropped-logowolf.png","width":265,"height":100,"caption":"Wolf Gold Slot in Australia - Play game online for money"},"image":{"@id":"https:\/\/wolf-gold-slot-review.com\/#\/schema\/logo\/image\/"}}]}},"_links":{"self":[{"href":"https:\/\/wolf-gold-slot-review.com\/it\/wp-json\/wp\/v2\/pages\/543","targetHints":{"allow":["GET"]}}],"collection":[{"href":"https:\/\/wolf-gold-slot-review.com\/it\/wp-json\/wp\/v2\/pages"}],"about":[{"href":"https:\/\/wolf-gold-slot-review.com\/it\/wp-json\/wp\/v2\/types\/page"}],"author":[{"embeddable":true,"href":"https:\/\/wolf-gold-slot-review.com\/it\/wp-json\/wp\/v2\/users\/1"}],"replies":[{"embeddable":true,"href":"https:\/\/wolf-gold-slot-review.com\/it\/wp-json\/wp\/v2\/comments?post=543"}],"version-history":[{"count":9,"href":"https:\/\/wolf-gold-slot-review.com\/it\/wp-json\/wp\/v2\/pages\/543\/revisions"}],"predecessor-version":[{"id":684,"href":"https:\/\/wolf-gold-slot-review.com\/it\/wp-json\/wp\/v2\/pages\/543\/revisions\/684"}],"wp:featuredmedia":[{"embeddable":true,"href":"https:\/\/wolf-gold-slot-review.com\/it\/wp-json\/wp\/v2\/media\/565"}],"wp:attachment":[{"href":"https:\/\/wolf-gold-slot-review.com\/it\/wp-json\/wp\/v2\/media?parent=543"}],"curies":[{"name":"wp","href":"https:\/\/api.w.org\/{rel}","templated":true}]}}