{"id":18,"date":"2022-11-19T15:29:08","date_gmt":"2022-11-19T15:29:08","guid":{"rendered":"https:\/\/wolf-gold-slot-review.com\/?page_id=18"},"modified":"2025-02-04T17:04:00","modified_gmt":"2025-02-04T17:04:00","slug":"strategies-and-tactics","status":"publish","type":"page","link":"https:\/\/wolf-gold-slot-review.com\/pl\/strategie-i-taktyki\/","title":{"rendered":"Strategie i taktyki"},"content":{"rendered":"<h1 style=\"text-align: center;\"><strong>Wolf Gold Slot - strategie i taktyki dla popularnej gry<\/strong><\/h1>\n<p>Wolf Gold slot to popularna gra ze studia Pragmatic Play. Gra oferuje klientom 3 jackpoty, co daje dobr\u0105 stop\u0119 zwrotu. Te cechy automatu pozwalaj\u0105 na wyb\u00f3r unikalnych metod obstawiania.<\/p>\n<p style=\"text-align: center;\"><a class=\"fasc-button fasc-size-large fasc-type-glossy fasc-rounded-medium\" style=\"background-color: #33809e; color: #ffffff;\" href=\"https:\/\/wolf-gold-slot-review.com\/pl\/play-wolf-gold-pin-up\/\">Zagraj w Wolf Gold PinUp<\/a> &nbsp;<a class=\"fasc-button fasc-size-large fasc-type-glossy fasc-rounded-medium\" style=\"background-color: #33809e; color: #ffffff;\" href=\"https:\/\/wolf-gold-slot-review.com\/pl\/play-wolf-gold-1win\/\">Zagraj w Wolf Gold 1win<\/a> &nbsp;<a class=\"fasc-button fasc-size-large fasc-type-glossy fasc-rounded-medium\" style=\"background-color: #33809e; color: #ffffff;\" href=\"https:\/\/wolf-gold-slot-review.com\/pl\/play-wolf-gold-parimatch\/\">Zagraj w Wolf Gold Parimatch <\/a>&nbsp; <a class=\"fasc-button fasc-size-large fasc-type-glossy fasc-rounded-medium\" style=\"background-color: #33809e; color: #ffffff;\" href=\"https:\/\/wolf-gold-slot-review.com\/pl\/demo-wolf-gold-slot\/\">Zagraj w demo Wolf Gold<\/a>&nbsp;<\/p>\n<h2 style=\"text-align: center;\"><strong>Parametry techniczne slotu WolfGold<\/strong><\/h2>\n<p>Zanim zaczniemy m\u00f3wi\u0107 o wygodnych taktykach i metodach obstawiania, musimy zapozna\u0107 si\u0119 z g\u0142\u00f3wnymi cechami automatu. Symulacja oferuje u\u017cytkownikom 25 sta\u0142ych linii wyp\u0142at. To znaczy, \u017ce rezygnacja z jakiejkolwiek planszy nie przyniesie efektu. W grze znajduje si\u0119 8 symboli pieni\u0119\u017cnych. Konwencjonalnie mo\u017cna je podzieli\u0107 na 2 rodzaje. Do najdro\u017cszych nale\u017c\u0105 wizerunki zwierz\u0105t:<\/p>\n<table style=\"border-collapse: collapse; width: 100%;\">\n<tbody>\n<tr>\n<td style=\"width: 50%;\"><img decoding=\"async\" class=\"aligncenter size-full wp-image-567\" src=\"https:\/\/wolf-gold-slot-review.com\/wp-content\/uploads\/2023\/02\/horse.png\" alt=\"symbol konia\" width=\"100\" height=\"83\" srcset=\"\/\/wolf-gold-slot-review.com\/wp-content\/uploads\/2023\/02\/horse.png 100w, \/\/wolf-gold-slot-review.com\/wp-content\/uploads\/2023\/02\/horse-14x12.png 14w\" sizes=\"(max-width: 100px) 100vw, 100px\" \/><\/td>\n<td style=\"width: 50%; text-align: center;\">Ko\u0144<\/td>\n<\/tr>\n<tr>\n<td style=\"width: 50%;\"><img decoding=\"async\" class=\"aligncenter size-full wp-image-568\" src=\"https:\/\/wolf-gold-slot-review.com\/wp-content\/uploads\/2023\/02\/cougar.png\" alt=\"symbol pumy\" width=\"100\" height=\"83\" srcset=\"\/\/wolf-gold-slot-review.com\/wp-content\/uploads\/2023\/02\/cougar.png 100w, \/\/wolf-gold-slot-review.com\/wp-content\/uploads\/2023\/02\/cougar-14x12.png 14w\" sizes=\"(max-width: 100px) 100vw, 100px\" \/><\/td>\n<td style=\"width: 50%; text-align: center;\">Cougar<\/td>\n<\/tr>\n<tr>\n<td style=\"width: 50%;\"><img decoding=\"async\" class=\"aligncenter size-full wp-image-569\" src=\"https:\/\/wolf-gold-slot-review.com\/wp-content\/uploads\/2023\/02\/eagle.png\" alt=\"symbol or\u0142a\" width=\"100\" height=\"83\" srcset=\"\/\/wolf-gold-slot-review.com\/wp-content\/uploads\/2023\/02\/eagle.png 100w, \/\/wolf-gold-slot-review.com\/wp-content\/uploads\/2023\/02\/eagle-14x12.png 14w\" sizes=\"(max-width: 100px) 100vw, 100px\" \/><\/td>\n<td style=\"width: 50%; text-align: center;\">Orze\u0142<\/td>\n<\/tr>\n<tr>\n<td style=\"width: 50%; text-align: center;\"><img decoding=\"async\" class=\"aligncenter size-full wp-image-570\" src=\"https:\/\/wolf-gold-slot-review.com\/wp-content\/uploads\/2023\/02\/buffalo.png\" alt=\"symbol bawo\u0142a\" width=\"100\" height=\"83\" srcset=\"\/\/wolf-gold-slot-review.com\/wp-content\/uploads\/2023\/02\/buffalo.png 100w, \/\/wolf-gold-slot-review.com\/wp-content\/uploads\/2023\/02\/buffalo-14x12.png 14w\" sizes=\"(max-width: 100px) 100vw, 100px\" \/><\/td>\n<td style=\"width: 50%; text-align: center;\">Buffalo<\/td>\n<\/tr>\n<\/tbody>\n<\/table>\n<p>Mniej op\u0142acalne s\u0105 symbole kart. Pragmatic Play, aby zwi\u0119kszy\u0107 zainteresowanie gr\u0105 zainstalowa\u0142 Wild-image. Jego funkcj\u0119 pe\u0142ni obrazek przedstawiaj\u0105cy wilka. Zmienia on dowolny z wymienionych symboli pieni\u0119\u017cnych. Wilk mo\u017ce r\u00f3wnie\u017c niezale\u017cnie rozdawa\u0107 wygrane. Dotarcie do nagr\u00f3d b\u0119dzie mo\u017cliwe na rolce 3, 4, lub 5 obrazk\u00f3w w linii. Multipliers odpowiadaj\u0105 najdro\u017cszemu obrazkowi slotu - bawo\u0142owi.<\/p>\n<p>Gracze mog\u0105 liczy\u0107 na rund\u0119 darmowych spin\u00f3w. Aby to zrobi\u0107 musz\u0105 zebra\u0107 na b\u0119bnie 3 obrazki z kamiennymi filarami. Za wytoczenie takiej liczby obrazk\u00f3w Scatter maszyna nalicza u\u017cytkownikowi 5 Free spin\u00f3w.<\/p>\n<p><img decoding=\"async\" class=\"aligncenter size-full wp-image-582\" src=\"https:\/\/wolf-gold-slot-review.com\/wp-content\/uploads\/2023\/02\/wolf-gold-strategy-bonus.jpg\" alt=\"wilcze z\u0142oto strategia bonus\" width=\"800\" height=\"443\" srcset=\"\/\/wolf-gold-slot-review.com\/wp-content\/uploads\/2023\/02\/wolf-gold-strategy-bonus.jpg 800w, \/\/wolf-gold-slot-review.com\/wp-content\/uploads\/2023\/02\/wolf-gold-strategy-bonus-300x166.jpg 300w, \/\/wolf-gold-slot-review.com\/wp-content\/uploads\/2023\/02\/wolf-gold-strategy-bonus-150x83.jpg 150w, \/\/wolf-gold-slot-review.com\/wp-content\/uploads\/2023\/02\/wolf-gold-strategy-bonus-768x425.jpg 768w, \/\/wolf-gold-slot-review.com\/wp-content\/uploads\/2023\/02\/wolf-gold-strategy-bonus-18x10.jpg 18w\" sizes=\"(max-width: 800px) 100vw, 800px\" \/><\/p>\n<p>Dodatkowo tw\u00f3rcy Wolf Gold ustanowili symbol pieni\u0119dzy. Po zakr\u0119ceniu 6 obrazk\u00f3w ksi\u0119\u017cyca rozpoczyna si\u0119 re-spin. W tej funkcji mo\u017cna wygra\u0107 Grand Jackpot.<\/p>\n<p>Studio wypu\u015bci\u0142o jednostk\u0119 z RTP na poziomie 96%. Zmienno\u015b\u0107 w slocie jest \u015brednia. Na wygrane nie trzeba b\u0119dzie d\u0142ugo czeka\u0107. Wyp\u0142aty s\u0105 na dobrym poziomie. Kombinacje nagr\u00f3d s\u0105 cz\u0119sto tworzone z najdro\u017cszych obraz\u00f3w.<\/p>\n<p>Kluczow\u0105 cech\u0105 slotu jest obecno\u015b\u0107 3 sta\u0142ych jackpot\u00f3w. Pragmatic Play poprzez Wolf Gold losuje nast\u0119puj\u0105ce opcje super nagr\u00f3d:<\/p>\n<ul>\n<li>Mini - x30 wielko\u015bci wniesionego zak\u0142adu.<\/li>\n<li>Major - x100 warto\u015bci zak\u0142adu.<\/li>\n<li>Mega - x1000 ceny rundy.<\/li>\n<\/ul>\n<p>Wszystkie te cechy nale\u017cy wykorzysta\u0107 przy formu\u0142owaniu taktyki na gr\u0119 w slocie. Zapoznajmy si\u0119 szczeg\u00f3\u0142owo z g\u0142\u00f3wnymi strategiami.<\/p>\n<h2 style=\"text-align: center;\"><strong>Jakie strategie i taktyki istniej\u0105 w Wolf Gold<\/strong><\/h2>\n<p>Ta gra od Pragmatic Play sta\u0142a si\u0119 pewnym hitem w\u015br\u00f3d u\u017cytkownik\u00f3w. Dlatego hazardzi\u015bci zaproponowali r\u00f3\u017cne warianty strategii i taktyki. Zajmiemy si\u0119 g\u0142\u00f3wnymi opcjami, ale najpierw u\u017cytkownicy musz\u0105 wzi\u0105\u0107 pod uwag\u0119 3 punkty.<\/p>\n<p>Wyb\u00f3r schematu obstawiania musi by\u0107 skorelowany z szeregiem dodatkowych czynnik\u00f3w. Konieczne jest uwzgl\u0119dnienie:<\/p>\n<ol>\n<li>1. Tw\u00f3j w\u0142asny apetyt na ryzyko. Niekt\u00f3rzy klienci wol\u0105 konserwatywne opcje. Inni lubi\u0105 gra\u0107 bardziej ryzykownie.&nbsp;<\/li>\n<li>Wielko\u015b\u0107 banku. Kwota na saldzie jest wa\u017cnym czynnikiem przy wyborze zak\u0142adu. Czasami to w\u0142a\u015bnie ona decyduje o tym, jakie techniki na Wolf Gold lepiej zastosowa\u0107. Niekt\u00f3re modele s\u0105 odpowiednie dla du\u017cych depozyt\u00f3w, ale b\u0119d\u0105 bezsensowne dla paltrycznej inwestycji pocz\u0105tkowej.<\/li>\n<li>\u0141\u0105czenie system\u00f3w. Podczas obstawiania lepiej jest okresowo zmienia\u0107 taktyk\u0119. Urozmaici to rozgrywk\u0119 i pozwoli liczy\u0107 na bardziej imponuj\u0105ce dochody.<\/li>\n<\/ol>\n<p>Wa\u017cne jest, aby gracze wzi\u0119li pod uwag\u0119 standardow\u0105 zasad\u0119. Techniki z gwarantowan\u0105 wygran\u0105 nie istniej\u0105. Wszystkie modele zak\u0142ad\u00f3w maj\u0105 pewien poziom ryzyka. Cz\u0119sto prawdopodobie\u0144stwo wygranej lub przegranej zale\u017cy tylko od szcz\u0119\u015bcia danej osoby.<\/p>\n<p>W Internecie mo\u017cna znale\u017a\u0107 oferty sprzeda\u017cy oprogramowania do hakowania Wolf Gold. Nie radzimy korzysta\u0107 z takich produkt\u00f3w. Cz\u0119\u015bciej w ten spos\u00f3b rozprzestrzeniaj\u0105 si\u0119 wirusy. Gracz my\u015bli, \u017ce pobiera unikalny program, ale w rzeczywisto\u015bci instaluje z\u0142o\u015bliwe oprogramowanie na swoim komputerze. W rezultacie traci pieni\u0105dze i poufne informacje.<\/p>\n<p>Teraz warto zapozna\u0107 si\u0119 z g\u0142\u00f3wnymi taktykami obstawiania. Istniej\u0105 3 warianty TOP:<\/p>\n<ul>\n<li>Model konserwatywny.<\/li>\n<li>Bior\u0105c pod uwag\u0119 osobliwo\u015bci slotu.<\/li>\n<li>Ryzykowna strategia.<\/li>\n<\/ul>\n<p>Wszystkie te taktyki maj\u0105 swoje wady i zalety. Zapoznajmy si\u0119 z przyk\u0142adami bardziej szczeg\u00f3\u0142owo.<\/p>\n<p><em><strong>Konserwatywny model gry<\/strong><\/em><br \/>\nTen schemat zak\u0142ad\u00f3w w Wolf Gold ma jedn\u0105 zasadnicz\u0105 zalet\u0119. Pozwoli uratowa\u0107 bank nawet przy sukcesywnym ponoszeniu strat. Klient kasyna potrzebuje:<\/p>\n<ol>\n<li>Ustaw minimaln\u0105 wielko\u015b\u0107 zak\u0142adu. Gra pozwala na postawienie minimum 0,25 centa.<\/li>\n<li>Rozpocz\u0105\u0107 obr\u00f3t.<\/li>\n<li>Baw si\u0119 tak d\u0142ugo, a\u017c na wyj\u015bciu pojawi si\u0119 stabilny plus.<\/li>\n<\/ol>\n<p>Je\u015bli to konieczne, mo\u017cesz zautomatyzowa\u0107 ten proces. Aby to zrobi\u0107, musisz umie\u015bci\u0107 autoplay i zaj\u0105\u0107 si\u0119 swoimi sprawami. Schemat dzia\u0142a, bo maszyna ma RTP na poziomie 96%. Wej\u015bcie na plus z tymi grami jest realne. W taktyce wiele zale\u017cy od szcz\u0119\u015bcia u\u017cytkownika. Cz\u0119sto Wolf Gold daje seri\u0119 du\u017cych wygranych. Ale zdarzaj\u0105 si\u0119 te\u017c etapy przegrane.<\/p>\n<p>Ten model gry jest odpowiedni dla tych, kt\u00f3rzy chc\u0105 si\u0119 po prostu dobrze bawi\u0107. Mo\u017ce da\u0107 zysk, ale w przypadku strat pozwala cieszy\u0107 si\u0119 ulubionymi grami jak najd\u0142u\u017cej.<\/p>\n<p><em><strong>Bior\u0105c pod uwag\u0119 cechy slotu.<\/strong><\/em><br \/>\nTa strategia gry wygl\u0105da bardziej atrakcyjnie. Bierze ona pod uwag\u0119 w\u0142a\u015bciwo\u015bci techniczne maszyny. Dlatego potencjalnie mo\u017ce da\u0107 dobry zysk. Aby z niej skorzysta\u0107, konieczne jest:<\/p>\n<ol>\n<li>Ustaw minimaln\u0105 wielko\u015b\u0107 zak\u0142adu.<\/li>\n<li>Rozpocznij gr\u0119.<\/li>\n<li>Poczekaj na 3-4 pora\u017cki z rz\u0119du.<\/li>\n<li>Zwi\u0119ksz rozmiar zak\u0142adu o wygodn\u0105 kwot\u0119.<\/li>\n<\/ol>\n<p>Na 5-6 obrotach maszyna na pewno da wygrywaj\u0105c\u0105 kombinacj\u0119. Gracz odzyska wcze\u015bniejsze straty i zarobi. Taktyka opiera si\u0119 na \u015bredniej wariancji symulacji. Takie sloty wyp\u0142acaj\u0105 wygrane nie tak cz\u0119sto, ale kombinacje nagr\u00f3d cz\u0119sto s\u0105 tworzone z najdro\u017cszych obrazk\u00f3w.<br \/>\nProblemy pojawiaj\u0105 si\u0119, gdy gracz wpada w seri\u0119 8-10 strat z rz\u0119du. W takim przypadku radzimy zwi\u0119kszy\u0107 wielko\u015b\u0107 zak\u0142ad\u00f3w. Po 10 przegranych slot daje zazwyczaj bardzo dobry mno\u017cnik. Gwa\u0142towne zwi\u0119kszenie warto\u015bci zak\u0142adu pozwoli zarobi\u0107 i zapomnie\u0107 o przesz\u0142ych stratach.<\/p>\n<p><em><strong>Ryzykowna strategia<\/strong><\/em><br \/>\nNazwa tej taktyki w Wolf Gold m\u00f3wi sama za siebie. Gracz musi ustawi\u0107 maksymalny zak\u0142ad 125 euro na jeden spin i uruchomi\u0107 gr\u0119. G\u0142\u00f3wnym celem jest wygranie kt\u00f3rego\u015b z jackpot\u00f3w. Pragmatic Play cz\u0119sto wyp\u0142aca super nagrody. Studio to wzbogaci\u0142o tysi\u0105ce ludzi z ca\u0142ego \u015bwiata. Dlatego jackpoty w Wolf Gold pojawiaj\u0105 si\u0119 z do\u015b\u0107 du\u017c\u0105 regularno\u015bci\u0105.<\/p>\n<p>Ten model zak\u0142ad\u00f3w jest odpowiedni dla high roller\u00f3w. Klienci z ma\u0142ym saldem nie powinni z niego korzysta\u0107. Cz\u0119sto nie ma co liczy\u0107 na super nagrod\u0119 nawet po 30-50 zak\u0142adach. W tym czasie gracze mog\u0105 straci\u0107 wszystkie swoje pieni\u0105dze.<\/p>\n<h4 style=\"text-align: center;\"><strong>Wa\u017cne niuanse gry<\/strong><\/h4>\n<p>Przed wyborem taktyki nale\u017cy wzi\u0105\u0107 pod uwag\u0119 kilka rzeczy. Dzi\u0119ki nim rozgrywka b\u0119dzie \u0142atwiejsza i bezpieczniejsza. Kluczowymi czynnikami s\u0105:<\/p>\n<ul>\n<li>Mo\u017cliwo\u015b\u0107 gry z urz\u0105dze\u0144 mobilnych. Pragmatic Play zoptymalizowa\u0142 oprogramowanie pod k\u0105tem smartfon\u00f3w. Gra b\u0119dzie dzia\u0142a\u0107 na ka\u017cdym urz\u0105dzeniu z systemem Android i iOS. Studio nie zmienia parametr\u00f3w technicznych modelu. Dlatego wymienione powy\u017cej taktyki nadaj\u0105 si\u0119 r\u00f3wnie\u017c do gry ze smartfon\u00f3w.<\/li>\n<li>Na zak\u0142ady mo\u017cna przeznaczy\u0107 tylko dodatkowe pieni\u0105dze. Nie ma mo\u017cliwo\u015bci gry na ostatnich \u015brodkach. Takie podej\u015bcie to bezpo\u015brednia droga do strat.<\/li>\n<li>Nale\u017cy zapomnie\u0107 o pr\u00f3bie odegrania si\u0119. Lepiej jest naprawi\u0107 pora\u017ck\u0119 i od\u0142o\u017cy\u0107 gr\u0119 na p\u00f3\u017aniej. W przeciwnym razie znacznie zwi\u0119kszysz ostateczne ryzyko.<\/li>\n<\/ul>\n<p>Spe\u0142nienie tych wymaga\u0144 sprawi, \u017ce gra w Wolf Gold b\u0119dzie maksymalnie komfortowa. Kasyno powinno by\u0107 postrzegane jako hobby. Na odleg\u0142o\u015b\u0107 mo\u017cna wygrywa\u0107 i pozostawa\u0107 w czarnej strefie. Nie nale\u017cy jednak liczy\u0107 na sta\u0142y doch\u00f3d z hazardu.<\/p>","protected":false},"excerpt":{"rendered":"<p>Wolf Gold Slot &#8211; strategies and tactics for a popular game Wolf Gold slot is a popular game from the Pragmatic Play studio. The game offers customers 3 jackpots, which gives a good rate of return. These features of the machine allow you to choose unique methods of betting. Play Wolf Gold PinUp &nbsp;Play Wolf &hellip;<\/p>\n<p class=\"read-more\"> <a class=\"\" href=\"https:\/\/wolf-gold-slot-review.com\/pl\/strategie-i-taktyki\/\"> <span class=\"screen-reader-text\">Strategie i taktyki<\/span> Read More &raquo;<\/a><\/p>","protected":false},"author":1,"featured_media":614,"parent":0,"menu_order":0,"comment_status":"closed","ping_status":"closed","template":"","meta":{"site-sidebar-layout":"default","site-content-layout":"default","ast-global-header-display":"","ast-main-header-display":"","ast-hfb-above-header-display":"","ast-hfb-below-header-display":"","ast-hfb-mobile-header-display":"","site-post-title":"disabled","ast-breadcrumbs-content":"","ast-featured-img":"disabled","footer-sml-layout":"","theme-transparent-header-meta":"default","adv-header-id-meta":"","stick-header-meta":"","header-above-stick-meta":"","header-main-stick-meta":"","header-below-stick-meta":"","footnotes":""},"class_list":["post-18","page","type-page","status-publish","has-post-thumbnail","hentry"],"yoast_head":"<!-- This site is optimized with the Yoast SEO Premium plugin v19.5 (Yoast SEO v19.10) - https:\/\/yoast.com\/wordpress\/plugins\/seo\/ -->\n<title>Strategies and secret tactics of playing the popular slot Wolf Gold<\/title>\n<meta name=\"description\" content=\"In this article you will learn about strategies and tactics for playing the popular slot Wolf Gold for money. Get your bonus at site now\" \/>\n<meta name=\"robots\" content=\"index, follow, max-snippet:-1, max-image-preview:large, max-video-preview:-1\" \/>\n<link rel=\"canonical\" href=\"https:\/\/wolf-gold-slot-review.com\/pl\/strategie-i-taktyki\/\" \/>\n<meta property=\"og:locale\" content=\"pl_PL\" \/>\n<meta property=\"og:type\" content=\"article\" \/>\n<meta property=\"og:title\" content=\"Strategies and tactics\" \/>\n<meta property=\"og:description\" content=\"Wolf Gold Slot - strategies and tactics for a popular game Wolf Gold slot is a popular game from the Pragmatic Play studio. The game offers customers 3\" \/>\n<meta property=\"og:url\" content=\"https:\/\/wolf-gold-slot-review.com\/pl\/strategie-i-taktyki\/\" \/>\n<meta property=\"og:site_name\" content=\"Wolf Gold Slot in Australia - Play game online for money\" \/>\n<meta property=\"article:modified_time\" content=\"2025-02-04T17:04:00+00:00\" \/>\n<meta property=\"og:image\" content=\"https:\/\/wolf-gold-slot-review.com\/wp-content\/uploads\/2023\/02\/strategies-and-tactics-wolf-gold.jpg\" \/>\n\t<meta property=\"og:image:width\" content=\"900\" \/>\n\t<meta property=\"og:image:height\" content=\"900\" \/>\n\t<meta property=\"og:image:type\" content=\"image\/jpeg\" \/>\n<meta name=\"twitter:card\" content=\"summary_large_image\" \/>\n<meta name=\"twitter:label1\" content=\"Szacowany czas czytania\" \/>\n\t<meta name=\"twitter:data1\" content=\"9 minut\" \/>\n<!-- \/ Yoast SEO Premium plugin. -->","yoast_head_json":{"title":"Strategies and secret tactics of playing the popular slot Wolf Gold","description":"In this article you will learn about strategies and tactics for playing the popular slot Wolf Gold for money. Get your bonus at site now","robots":{"index":"index","follow":"follow","max-snippet":"max-snippet:-1","max-image-preview":"max-image-preview:large","max-video-preview":"max-video-preview:-1"},"canonical":"https:\/\/wolf-gold-slot-review.com\/pl\/strategie-i-taktyki\/","og_locale":"pl_PL","og_type":"article","og_title":"Strategies and tactics","og_description":"Wolf Gold Slot - strategies and tactics for a popular game Wolf Gold slot is a popular game from the Pragmatic Play studio. The game offers customers 3","og_url":"https:\/\/wolf-gold-slot-review.com\/pl\/strategie-i-taktyki\/","og_site_name":"Wolf Gold Slot in Australia - Play game online for money","article_modified_time":"2025-02-04T17:04:00+00:00","og_image":[{"width":900,"height":900,"url":"https:\/\/wolf-gold-slot-review.com\/wp-content\/uploads\/2023\/02\/strategies-and-tactics-wolf-gold.jpg","type":"image\/jpeg"}],"twitter_card":"summary_large_image","twitter_misc":{"Szacowany czas czytania":"9 minut"},"schema":{"@context":"https:\/\/schema.org","@graph":[{"@type":"WebPage","@id":"https:\/\/wolf-gold-slot-review.com\/strategies-and-tactics\/","url":"https:\/\/wolf-gold-slot-review.com\/strategies-and-tactics\/","name":"Strategies and secret tactics of playing the popular slot Wolf Gold","isPartOf":{"@id":"https:\/\/wolf-gold-slot-review.com\/#website"},"datePublished":"2022-11-19T15:29:08+00:00","dateModified":"2025-02-04T17:04:00+00:00","description":"In this article you will learn about strategies and tactics for playing the popular slot Wolf Gold for money. Get your bonus at site now","breadcrumb":{"@id":"https:\/\/wolf-gold-slot-review.com\/strategies-and-tactics\/#breadcrumb"},"inLanguage":"pl-PL","potentialAction":[{"@type":"ReadAction","target":["https:\/\/wolf-gold-slot-review.com\/strategies-and-tactics\/"]}]},{"@type":"BreadcrumbList","@id":"https:\/\/wolf-gold-slot-review.com\/strategies-and-tactics\/#breadcrumb","itemListElement":[{"@type":"ListItem","position":1,"name":"Home","item":"https:\/\/wolf-gold-slot-review.com\/"},{"@type":"ListItem","position":2,"name":"Strategies and tactics"}]},{"@type":"WebSite","@id":"https:\/\/wolf-gold-slot-review.com\/#website","url":"https:\/\/wolf-gold-slot-review.com\/","name":"Wolf Gold Slot in Australia - Play game online for money","description":"Wolf Gold Slot - Official site in Australia","publisher":{"@id":"https:\/\/wolf-gold-slot-review.com\/#organization"},"alternateName":"Wolf Gold Slot","potentialAction":[{"@type":"SearchAction","target":{"@type":"EntryPoint","urlTemplate":"https:\/\/wolf-gold-slot-review.com\/?s={search_term_string}"},"query-input":"required name=search_term_string"}],"inLanguage":"pl-PL"},{"@type":"Organization","@id":"https:\/\/wolf-gold-slot-review.com\/#organization","name":"Wolf Gold Slot in Australia - Play game online for money","alternateName":"Wolf Gold Slot","url":"https:\/\/wolf-gold-slot-review.com\/","logo":{"@type":"ImageObject","inLanguage":"pl-PL","@id":"https:\/\/wolf-gold-slot-review.com\/#\/schema\/logo\/image\/","url":"https:\/\/wolf-gold-slot-review.com\/wp-content\/uploads\/2022\/11\/cropped-logowolf.png","contentUrl":"https:\/\/wolf-gold-slot-review.com\/wp-content\/uploads\/2022\/11\/cropped-logowolf.png","width":265,"height":100,"caption":"Wolf Gold Slot in Australia - Play game online for money"},"image":{"@id":"https:\/\/wolf-gold-slot-review.com\/#\/schema\/logo\/image\/"}}]}},"_links":{"self":[{"href":"https:\/\/wolf-gold-slot-review.com\/pl\/wp-json\/wp\/v2\/pages\/18","targetHints":{"allow":["GET"]}}],"collection":[{"href":"https:\/\/wolf-gold-slot-review.com\/pl\/wp-json\/wp\/v2\/pages"}],"about":[{"href":"https:\/\/wolf-gold-slot-review.com\/pl\/wp-json\/wp\/v2\/types\/page"}],"author":[{"embeddable":true,"href":"https:\/\/wolf-gold-slot-review.com\/pl\/wp-json\/wp\/v2\/users\/1"}],"replies":[{"embeddable":true,"href":"https:\/\/wolf-gold-slot-review.com\/pl\/wp-json\/wp\/v2\/comments?post=18"}],"version-history":[{"count":9,"href":"https:\/\/wolf-gold-slot-review.com\/pl\/wp-json\/wp\/v2\/pages\/18\/revisions"}],"predecessor-version":[{"id":682,"href":"https:\/\/wolf-gold-slot-review.com\/pl\/wp-json\/wp\/v2\/pages\/18\/revisions\/682"}],"wp:featuredmedia":[{"embeddable":true,"href":"https:\/\/wolf-gold-slot-review.com\/pl\/wp-json\/wp\/v2\/media\/614"}],"wp:attachment":[{"href":"https:\/\/wolf-gold-slot-review.com\/pl\/wp-json\/wp\/v2\/media?parent=18"}],"curies":[{"name":"wp","href":"https:\/\/api.w.org\/{rel}","templated":true}]}}