{"id":22,"date":"2022-11-19T15:39:37","date_gmt":"2022-11-19T15:39:37","guid":{"rendered":"https:\/\/wolf-gold-slot-review.com\/?page_id=22"},"modified":"2023-02-21T14:01:50","modified_gmt":"2023-02-21T14:01:50","slug":"how-to-play-wolf-gold","status":"publish","type":"page","link":"https:\/\/wolf-gold-slot-review.com\/pl\/jak-grac-w-wilcze-zloto\/","title":{"rendered":"Jak gra\u0107 w Wolf Gold"},"content":{"rendered":"<h1 style=\"text-align: center;\"><strong>Wolf Gold - jak wygra\u0107 gr\u0119 na pieni\u0105dze<\/strong><\/h1>\n<p>Wolf Gold to automat do gry od Pragmatic Play, dost\u0119pny na komputerach i urz\u0105dzeniach mobilnych. Cieszy\u0107 si\u0119 rozgrywk\u0105 mo\u017ce ka\u017cdy. Wystarczy wybra\u0107 jedno z proponowanych kasyn online, je\u015bli zamierzasz gra\u0107 na prawdziwe pieni\u0105dze i post\u0119powa\u0107 zgodnie z instrukcjami. Strategia gry w Wolf Gold pomo\u017ce zminimalizowa\u0107 ryzyko i zrozumie\u0107 niuanse rozgrywki.<\/p>\n<p style=\"text-align: center;\"><a class=\"fasc-button fasc-size-large fasc-type-glossy fasc-rounded-medium\" style=\"background-color: #33809e; color: #ffffff;\" href=\"https:\/\/wolf-gold-slot-review.com\/pl\/play-wolf-gold-pin-up\/\">Zagraj w Wolf Gold PinUp<\/a> &nbsp;<a class=\"fasc-button fasc-size-large fasc-type-glossy fasc-rounded-medium\" style=\"background-color: #33809e; color: #ffffff;\" href=\"https:\/\/wolf-gold-slot-review.com\/pl\/play-wolf-gold-1win\/\">Zagraj w Wolf Gold 1win<\/a> &nbsp;<a class=\"fasc-button fasc-size-large fasc-type-glossy fasc-rounded-medium\" style=\"background-color: #33809e; color: #ffffff;\" href=\"https:\/\/wolf-gold-slot-review.com\/pl\/play-wolf-gold-parimatch\/\">Zagraj w Wolf Gold Parimatch <\/a>&nbsp; <a class=\"fasc-button fasc-size-large fasc-type-glossy fasc-rounded-medium\" style=\"background-color: #33809e; color: #ffffff;\" href=\"https:\/\/wolf-gold-slot-review.com\/pl\/demo-wolf-gold-slot\/\">Zagraj w demo Wolf Gold<\/a>&nbsp;<\/p>\n<h2 style=\"text-align: center;\"><strong>Liczba linii i wielko\u015b\u0107 zak\u0142ad\u00f3w<\/strong><\/h2>\n<p>G\u0142\u00f3wna runda w Wolf Gold przebiega na 5 b\u0119bnach i 25 liniach wyp\u0142at. Nie mo\u017cna wybra\u0107 liczby linii, rozgrywka opiera si\u0119 na sta\u0142ych ustawieniach. A zak\u0142ad jest automatycznie mno\u017cony przez 25. Dla niekt\u00f3rych brak zr\u00f3\u017cnicowania mo\u017ce by\u0107 minusem, ale do\u015bwiadczonym graczom zaleca si\u0119 wykorzystanie wszystkich linii. Aby uzyska\u0107 maksymalne prawdopodobie\u0144stwo wygranej.<\/p>\n<p><img decoding=\"async\" class=\"aligncenter size-full wp-image-515\" src=\"https:\/\/wolf-gold-slot-review.com\/wp-content\/uploads\/2023\/02\/wolf-gold-slot-online-casino.jpg\" alt=\"wolf gold slot online kasyno\" width=\"900\" height=\"483\" srcset=\"\/\/wolf-gold-slot-review.com\/wp-content\/uploads\/2023\/02\/wolf-gold-slot-online-casino.jpg 900w, \/\/wolf-gold-slot-review.com\/wp-content\/uploads\/2023\/02\/wolf-gold-slot-online-casino-300x161.jpg 300w, \/\/wolf-gold-slot-review.com\/wp-content\/uploads\/2023\/02\/wolf-gold-slot-online-casino-150x81.jpg 150w, \/\/wolf-gold-slot-review.com\/wp-content\/uploads\/2023\/02\/wolf-gold-slot-online-casino-768x412.jpg 768w, \/\/wolf-gold-slot-review.com\/wp-content\/uploads\/2023\/02\/wolf-gold-slot-online-casino-18x10.jpg 18w\" sizes=\"(max-width: 900px) 100vw, 900px\" \/><\/p>\n<p>Wysoko\u015b\u0107 zak\u0142adu w Wolf Gold zale\u017cy od wybranego kasyna. W wielu przypadkach kluby gier pozwalaj\u0105 na zak\u0142ady od 0,25 $. W zwi\u0105zku z tym, nawet absolutny pocz\u0105tkuj\u0105cy b\u0119dzie m\u00f3g\u0142 rozpocz\u0105\u0107 gr\u0119 i nie jest konieczne wydawanie du\u017cej ilo\u015bci pieni\u0119dzy. Zak\u0142ad jest wybierany za pomoc\u0105 odpowiednich przycisk\u00f3w.<\/p>\n<p>Na panelu sterowania mo\u017cna wybra\u0107 liczb\u0119 monet i ich nomina\u0142. Dozwolone jest u\u017cycie do 10 monet o warto\u015bci do 0,5 $ lub wi\u0119cej. Maksymalny zak\u0142ad zale\u017cy r\u00f3wnie\u017c od kasyna, w kt\u00f3rym grasz, a tak\u017ce wybranej waluty. Na tej podstawie u\u017cytkownicy b\u0119d\u0105 mogli okre\u015bli\u0107 schemat gry i zbudowa\u0107 w\u0142asne strategie.<\/p>\n<h3 style=\"text-align: center;\"><strong>Bonusowe rundy Wolf Gold<\/strong><\/h3>\n<p>Przed gr\u0105 w Wolf Gold u\u017cytkownicy powinni zapozna\u0107 si\u0119 z opcjami bonusowymi, poniewa\u017c daj\u0105 one maksymalne korzy\u015bci. Najwi\u0119ksza wyp\u0142ata za kombinacj\u0119 (trzeba zebra\u0107 wi\u0119cej ni\u017c trzy takie same obrazki na linii) wynosi x20 do zak\u0142adu. Ale dzi\u0119ki funkcjom bonusowym wsp\u00f3\u0142czynnik ten mo\u017ce wzrosn\u0105\u0107 kilkukrotnie. Z dodatkowych opcji mo\u017cna odnotowa\u0107:<\/p>\n<p><img decoding=\"async\" class=\"aligncenter size-full wp-image-580\" src=\"https:\/\/wolf-gold-slot-review.com\/wp-content\/uploads\/2023\/02\/wolf-gold-bonus-round.jpg\" alt=\"Wilcze z\u0142oto runda bonusowa\" width=\"800\" height=\"448\" srcset=\"\/\/wolf-gold-slot-review.com\/wp-content\/uploads\/2023\/02\/wolf-gold-bonus-round.jpg 800w, \/\/wolf-gold-slot-review.com\/wp-content\/uploads\/2023\/02\/wolf-gold-bonus-round-300x168.jpg 300w, \/\/wolf-gold-slot-review.com\/wp-content\/uploads\/2023\/02\/wolf-gold-bonus-round-150x84.jpg 150w, \/\/wolf-gold-slot-review.com\/wp-content\/uploads\/2023\/02\/wolf-gold-bonus-round-768x430.jpg 768w, \/\/wolf-gold-slot-review.com\/wp-content\/uploads\/2023\/02\/wolf-gold-bonus-round-18x10.jpg 18w\" sizes=\"(max-width: 800px) 100vw, 800px\" \/><\/p>\n<p><strong>Dziki<\/strong> - wilk. Symbol zast\u0119puje inne obrazki.<br \/>\n<strong>Rozproszenie<\/strong> - kanion. Symbol scatter przy po\u0142\u0105czeniu trzech obrazk\u00f3w rozpoczyna darmowe spiny.<br \/>\n<strong>Symbol pieni\u0105dza<\/strong> - ksi\u0119\u017cyc. Daje dodatkowe wyp\u0142aty i mo\u017ce przynie\u015b\u0107 graczowi jackpot w wysoko\u015bci kilkuset tysi\u0119cy dolar\u00f3w.<\/p>\n<h4 style=\"text-align: center;\"><strong>Strategia i taktyka w Wolf Gold<\/strong><\/h4>\n<p>Przede wszystkim nale\u017cy zauwa\u017cy\u0107, \u017ce 100% strategia gry w Wolf Gold na pieni\u0105dze nie istnieje. Wynik rundy zale\u017cy od algorytm\u00f3w matematycznych. Taktyk\u0119 na gr\u0119 nale\u017cy wybra\u0107 samemu, poniewa\u017c odpowiedzialno\u015b\u0107 spoczywa wy\u0142\u0105cznie na Tobie. W przypadku przegranej nie mo\u017cesz odzyska\u0107 swoich pieni\u0119dzy.<\/p>\n<p>Wolf Gold nie pozwala na zmian\u0119 liczby linii wyp\u0142at i innych szczeg\u00f3\u0142\u00f3w rozgrywki. Wp\u0142ywu na ustawienia u\u017cytkownik nie ma. Pozostaje wi\u0119c m\u0105drze wybra\u0107 zak\u0142ad, aby w przypadku przegranej nie by\u0142a ona zbyt dotkliwa.<\/p>\n<p>Traktuj hazard jako rozrywk\u0119, dzi\u0119ki czemu b\u0119dziesz m\u00f3g\u0142 cieszy\u0107 si\u0119 gr\u0105. Gdy tylko gracz wygra du\u017c\u0105 sum\u0119 pieni\u0119dzy, warto pomy\u015ble\u0107 o zaprzestaniu gry. W ko\u0144cu bardzo cz\u0119sto gracze ulegaj\u0105 hazardowi i trac\u0105 ca\u0142y stan konta w pogoni za jeszcze wi\u0119kszymi pieni\u0119dzmi.<\/p>\n<h4 style=\"text-align: center;\"><strong>Wskaz\u00f3wki od graczy w\u0142adzy<\/strong><\/h4>\n<p>Do\u015bwiadczeni gracze daj\u0105 przydatne wskaz\u00f3wki, kt\u00f3re pomog\u0105 Ci wygra\u0107 wi\u0119cej w Wolf Gold:<\/p>\n<ul>\n<li>Wybieraj tylko licencjonowane kasyna. Projekt z licencj\u0105 Curacao lub innymi certyfikatami daje dodatkow\u0105 gwarancj\u0119 uczciwej gry, wi\u0119c nie b\u0119dziesz mia\u0142 \u017cadnych w\u0105tpliwo\u015bci co do jej jako\u015bci.<\/li>\n<li>Skorzystaj z bonus\u00f3w w kasynie. Wiele marek oferuje bonusy powitalne dla nowych graczy. Klienci mog\u0105 otrzyma\u0107 100% na poczet pierwszego depozytu oraz wiele innych nagr\u00f3d w zale\u017cno\u015bci od wybranego kasyna.<\/li>\n<li>Nie r\u00f3b du\u017cych zak\u0142ad\u00f3w. Nowicjusz nie powinien wydawa\u0107 du\u017co pieni\u0119dzy na pocz\u0105tku gry. Idealnym rozwi\u0105zaniem by\u0142oby podzielenie salda na kilka cz\u0119\u015bci i nie obstawianie powy\u017cej tego znaku przez jedn\u0105 rund\u0119. W ten spos\u00f3b b\u0119dziesz mia\u0142 mo\u017cliwo\u015b\u0107 wygrania z powrotem, je\u015bli ostatni spin by\u0142 nieudany.<\/li>\n<\/ul>\n<h4 style=\"text-align: center;\"><strong>Nie ufaj oszustom<\/strong><\/h4>\n<p>Istnieje mn\u00f3stwo porad i strategii online, kt\u00f3re powiedz\u0105 Ci jak wygra\u0107 w Wolf Gold i innych slotach. Nale\u017cy by\u0107 ostro\u017cnym wobec takich u\u017cytkownik\u00f3w i dok\u0142adnie sprawdza\u0107 podawane informacje. W najlepszym wypadku u\u017cytkownik nie uzyska wyniku, a w najgorszym wy\u015ble pieni\u0105dze do nieuczciwych os\u00f3b.<\/p>\n<p>Pami\u0119taj, \u017ce o wyniku rundy w Wolf Gold i innych automatach decyduje generator liczb losowych. Deweloperzy tworz\u0105 algorytmy matematyczne, kt\u00f3re zapewniaj\u0105 tak\u0105 sam\u0105 szans\u0119 na wygran\u0105 ka\u017cdemu klientowi. Odpowiednio, wp\u0142yw na wynik gry nie mo\u017ce nawet administracji kasyna.<\/p>\n<p>Nie powierzaj swoich pieni\u0119dzy u\u017cytkownikom zewn\u0119trznym. Ludzie mog\u0105 zaoferowa\u0107 Ci odkr\u0119cenie konta lub sprzeda\u0107 unikalny schemat, kt\u00f3ry z pewno\u015bci\u0105 da Ci wygran\u0105. Wyp\u0142aty zale\u017c\u0105 tylko od szcz\u0119\u015bcia, klienci s\u0105 zdani na kr\u0119cenie b\u0119bnami i nadziej\u0119 na swoje szcz\u0119\u015bcie. Korzystaj tylko ze sprawdzonych kasyn internetowych z licencj\u0105. Tylko w ten spos\u00f3b masz realn\u0105 mo\u017cliwo\u015b\u0107 wygrania pieni\u0119dzy.<\/p>","protected":false},"excerpt":{"rendered":"<p>Wolf Gold &#8211; how to win the game for money Wolf Gold is a slot machine from Pragmatic Play, available on computers and mobile devices. Enjoy the gameplay can anyone. You only need to choose one of the proposed online casinos, if you&#8217;re going to play for real money and follow the instructions. The strategy &hellip;<\/p>\n<p class=\"read-more\"> <a class=\"\" href=\"https:\/\/wolf-gold-slot-review.com\/pl\/jak-grac-w-wilcze-zloto\/\"> <span class=\"screen-reader-text\">Jak gra\u0107 w Wolf Gold<\/span> Read More &raquo;<\/a><\/p>","protected":false},"author":1,"featured_media":607,"parent":0,"menu_order":0,"comment_status":"closed","ping_status":"closed","template":"","meta":{"site-sidebar-layout":"default","site-content-layout":"default","ast-global-header-display":"","ast-main-header-display":"","ast-hfb-above-header-display":"","ast-hfb-below-header-display":"","ast-hfb-mobile-header-display":"","site-post-title":"disabled","ast-breadcrumbs-content":"","ast-featured-img":"disabled","footer-sml-layout":"","theme-transparent-header-meta":"default","adv-header-id-meta":"","stick-header-meta":"","header-above-stick-meta":"","header-main-stick-meta":"","header-below-stick-meta":"","footnotes":""},"class_list":["post-22","page","type-page","status-publish","has-post-thumbnail","hentry"],"yoast_head":"<!-- This site is optimized with the Yoast SEO Premium plugin v19.5 (Yoast SEO v19.10) - https:\/\/yoast.com\/wordpress\/plugins\/seo\/ -->\n<title>How to play Wolf Gold slot for money in online casinos. Get bonus<\/title>\n<meta name=\"description\" content=\"Step by step instructions on how to start playing Wolf Gold slot for real money in a reliable online casino. Get your bonus online now\" \/>\n<meta name=\"robots\" content=\"index, follow, max-snippet:-1, max-image-preview:large, max-video-preview:-1\" \/>\n<link rel=\"canonical\" href=\"https:\/\/wolf-gold-slot-review.com\/pl\/jak-grac-w-wilcze-zloto\/\" \/>\n<meta property=\"og:locale\" content=\"pl_PL\" \/>\n<meta property=\"og:type\" content=\"article\" \/>\n<meta property=\"og:title\" content=\"How to play Wolf Gold\" \/>\n<meta property=\"og:description\" content=\"Wolf Gold - how to win the game for money Wolf Gold is a slot machine from Pragmatic Play, available on computers and mobile devices. Enjoy the gameplay\" \/>\n<meta property=\"og:url\" content=\"https:\/\/wolf-gold-slot-review.com\/pl\/jak-grac-w-wilcze-zloto\/\" \/>\n<meta property=\"og:site_name\" content=\"Wolf Gold Slot in Australia - Play game online for money\" \/>\n<meta property=\"article:modified_time\" content=\"2023-02-21T14:01:50+00:00\" \/>\n<meta property=\"og:image\" content=\"https:\/\/wolf-gold-slot-review.com\/wp-content\/uploads\/2023\/02\/how-to-play-wolf-gold.jpg\" \/>\n\t<meta property=\"og:image:width\" content=\"900\" \/>\n\t<meta property=\"og:image:height\" content=\"900\" \/>\n\t<meta property=\"og:image:type\" content=\"image\/jpeg\" \/>\n<meta name=\"twitter:card\" content=\"summary_large_image\" \/>\n<meta name=\"twitter:label1\" content=\"Szacowany czas czytania\" \/>\n\t<meta name=\"twitter:data1\" content=\"5 minut\" \/>\n<!-- \/ Yoast SEO Premium plugin. -->","yoast_head_json":{"title":"How to play Wolf Gold slot for money in online casinos. Get bonus","description":"Step by step instructions on how to start playing Wolf Gold slot for real money in a reliable online casino. Get your bonus online now","robots":{"index":"index","follow":"follow","max-snippet":"max-snippet:-1","max-image-preview":"max-image-preview:large","max-video-preview":"max-video-preview:-1"},"canonical":"https:\/\/wolf-gold-slot-review.com\/pl\/jak-grac-w-wilcze-zloto\/","og_locale":"pl_PL","og_type":"article","og_title":"How to play Wolf Gold","og_description":"Wolf Gold - how to win the game for money Wolf Gold is a slot machine from Pragmatic Play, available on computers and mobile devices. Enjoy the gameplay","og_url":"https:\/\/wolf-gold-slot-review.com\/pl\/jak-grac-w-wilcze-zloto\/","og_site_name":"Wolf Gold Slot in Australia - Play game online for money","article_modified_time":"2023-02-21T14:01:50+00:00","og_image":[{"width":900,"height":900,"url":"https:\/\/wolf-gold-slot-review.com\/wp-content\/uploads\/2023\/02\/how-to-play-wolf-gold.jpg","type":"image\/jpeg"}],"twitter_card":"summary_large_image","twitter_misc":{"Szacowany czas czytania":"5 minut"},"schema":{"@context":"https:\/\/schema.org","@graph":[{"@type":"WebPage","@id":"https:\/\/wolf-gold-slot-review.com\/how-to-play-wolf-gold\/","url":"https:\/\/wolf-gold-slot-review.com\/how-to-play-wolf-gold\/","name":"How to play Wolf Gold slot for money in online casinos. Get bonus","isPartOf":{"@id":"https:\/\/wolf-gold-slot-review.com\/#website"},"datePublished":"2022-11-19T15:39:37+00:00","dateModified":"2023-02-21T14:01:50+00:00","description":"Step by step instructions on how to start playing Wolf Gold slot for real money in a reliable online casino. Get your bonus online now","breadcrumb":{"@id":"https:\/\/wolf-gold-slot-review.com\/how-to-play-wolf-gold\/#breadcrumb"},"inLanguage":"pl-PL","potentialAction":[{"@type":"ReadAction","target":["https:\/\/wolf-gold-slot-review.com\/how-to-play-wolf-gold\/"]}]},{"@type":"BreadcrumbList","@id":"https:\/\/wolf-gold-slot-review.com\/how-to-play-wolf-gold\/#breadcrumb","itemListElement":[{"@type":"ListItem","position":1,"name":"Home","item":"https:\/\/wolf-gold-slot-review.com\/"},{"@type":"ListItem","position":2,"name":"How to play Wolf Gold"}]},{"@type":"WebSite","@id":"https:\/\/wolf-gold-slot-review.com\/#website","url":"https:\/\/wolf-gold-slot-review.com\/","name":"Wolf Gold Slot in Australia - Play game online for money","description":"Wolf Gold Slot - Official site in Australia","publisher":{"@id":"https:\/\/wolf-gold-slot-review.com\/#organization"},"alternateName":"Wolf Gold Slot","potentialAction":[{"@type":"SearchAction","target":{"@type":"EntryPoint","urlTemplate":"https:\/\/wolf-gold-slot-review.com\/?s={search_term_string}"},"query-input":"required name=search_term_string"}],"inLanguage":"pl-PL"},{"@type":"Organization","@id":"https:\/\/wolf-gold-slot-review.com\/#organization","name":"Wolf Gold Slot in Australia - Play game online for money","alternateName":"Wolf Gold Slot","url":"https:\/\/wolf-gold-slot-review.com\/","logo":{"@type":"ImageObject","inLanguage":"pl-PL","@id":"https:\/\/wolf-gold-slot-review.com\/#\/schema\/logo\/image\/","url":"https:\/\/wolf-gold-slot-review.com\/wp-content\/uploads\/2022\/11\/cropped-logowolf.png","contentUrl":"https:\/\/wolf-gold-slot-review.com\/wp-content\/uploads\/2022\/11\/cropped-logowolf.png","width":265,"height":100,"caption":"Wolf Gold Slot in Australia - Play game online for money"},"image":{"@id":"https:\/\/wolf-gold-slot-review.com\/#\/schema\/logo\/image\/"}}]}},"_links":{"self":[{"href":"https:\/\/wolf-gold-slot-review.com\/pl\/wp-json\/wp\/v2\/pages\/22","targetHints":{"allow":["GET"]}}],"collection":[{"href":"https:\/\/wolf-gold-slot-review.com\/pl\/wp-json\/wp\/v2\/pages"}],"about":[{"href":"https:\/\/wolf-gold-slot-review.com\/pl\/wp-json\/wp\/v2\/types\/page"}],"author":[{"embeddable":true,"href":"https:\/\/wolf-gold-slot-review.com\/pl\/wp-json\/wp\/v2\/users\/1"}],"replies":[{"embeddable":true,"href":"https:\/\/wolf-gold-slot-review.com\/pl\/wp-json\/wp\/v2\/comments?post=22"}],"version-history":[{"count":8,"href":"https:\/\/wolf-gold-slot-review.com\/pl\/wp-json\/wp\/v2\/pages\/22\/revisions"}],"predecessor-version":[{"id":676,"href":"https:\/\/wolf-gold-slot-review.com\/pl\/wp-json\/wp\/v2\/pages\/22\/revisions\/676"}],"wp:featuredmedia":[{"embeddable":true,"href":"https:\/\/wolf-gold-slot-review.com\/pl\/wp-json\/wp\/v2\/media\/607"}],"wp:attachment":[{"href":"https:\/\/wolf-gold-slot-review.com\/pl\/wp-json\/wp\/v2\/media?parent=22"}],"curies":[{"name":"wp","href":"https:\/\/api.w.org\/{rel}","templated":true}]}}