{"id":528,"date":"2023-02-18T19:55:50","date_gmt":"2023-02-18T19:55:50","guid":{"rendered":"https:\/\/wolf-gold-slot-review.com\/?page_id=528"},"modified":"2025-02-04T17:02:23","modified_gmt":"2025-02-04T17:02:23","slug":"play-wolf-gold-biamo","status":"publish","type":"page","link":"https:\/\/wolf-gold-slot-review.com\/pl\/play-wolf-gold-biamo\/","title":{"rendered":"Play Wolf Gold Biamo"},"content":{"rendered":"<h1 style=\"text-align: center;\">Zagraj w Wolf Gold slot Biamo online casino na prawdziwe pieni\u0105dze<\/h1>\n<p>Nowe marki kasyn online pojawiaj\u0105 si\u0119 z do\u015b\u0107 du\u017c\u0105 cz\u0119stotliwo\u015bci\u0105. Niekt\u00f3rym markom nie udaje si\u0119 zdoby\u0107 zainteresowania publiczno\u015bci, a innym udaje si\u0119 rozwin\u0105\u0107 na konkurencyjnym rynku. Biamo mo\u017cna okre\u015bli\u0107 jako ten ostatni typ. Marka pojawi\u0142a si\u0119 stosunkowo niedawno, ale stworzy\u0142a dobr\u0105 bibliotek\u0119 rozrywki i zd\u0105\u017cy\u0142a rozkocha\u0107 w sobie graczy. Operator oferuje tysi\u0105ce symulator\u00f3w. Opr\u00f3cz exclusiv\u00f3w i nowo\u015bci, mo\u017cna znale\u017a\u0107 sprawdzone w czasie hity, takie jak Wolf Gold.<\/p>\n<p style=\"text-align: center;\"><a class=\"fasc-button fasc-size-large fasc-type-glossy fasc-rounded-medium fasc-style-bold\" style=\"background-color: #33809e; color: #ffffff;\" target=\"_blank\" rel=\"nofollow noopener\" href=\"https:\/\/wolf-gold-slot-review.com\/pl\/biamo-offer-direct\/\">Play Wolf Gold Biamo<\/a><\/p>\n<h2 style=\"text-align: center;\"><strong>Jak zarejestrowa\u0107 si\u0119 w Biamo<\/strong><\/h2>\n<p>Wolf Gold slot od studia Pragmatic Play mo\u017cna poleci\u0107 pocz\u0105tkuj\u0105cym graczom z wielu powod\u00f3w. Do bezwarunkowych zalet nale\u017c\u0105:<\/p>\n<ul>\n<li>Doskona\u0142y projekt.<\/li>\n<li>Zrozumia\u0142a rozgrywka.<\/li>\n<li>Wysokiej jako\u015bci rusyfikacja.<\/li>\n<li>Cz\u0119ste wyp\u0142aty nagr\u00f3d.<\/li>\n<li>Dost\u0119pno\u015b\u0107 wersji demonstracyjnej.<\/li>\n<li>Kompatybilno\u015b\u0107 z gad\u017cetami (telefony, tablety).<\/li>\n<\/ul>\n<p>Zrozumienie cech naliczania nagr\u00f3d i innych niuans\u00f3w gry mo\u017ce trwa\u0107 kilka minut. B\u0119dzie to interesuj\u0105ce nawet dla tych, kt\u00f3rzy wcze\u015bniej w zasadzie nie korzystali z us\u0142ug kasyn internetowych.<\/p>\n<p><img decoding=\"async\" class=\"aligncenter size-large wp-image-593\" src=\"https:\/\/wolf-gold-slot-review.com\/wp-content\/uploads\/2023\/02\/registration-biamo-1024x369.jpg\" alt=\"biamo rejestracyjne\" width=\"1024\" height=\"369\" srcset=\"\/\/wolf-gold-slot-review.com\/wp-content\/uploads\/2023\/02\/registration-biamo-1024x369.jpg 1024w, \/\/wolf-gold-slot-review.com\/wp-content\/uploads\/2023\/02\/registration-biamo-300x108.jpg 300w, \/\/wolf-gold-slot-review.com\/wp-content\/uploads\/2023\/02\/registration-biamo-150x54.jpg 150w, \/\/wolf-gold-slot-review.com\/wp-content\/uploads\/2023\/02\/registration-biamo-768x277.jpg 768w, \/\/wolf-gold-slot-review.com\/wp-content\/uploads\/2023\/02\/registration-biamo-1536x553.jpg 1536w, \/\/wolf-gold-slot-review.com\/wp-content\/uploads\/2023\/02\/registration-biamo-18x6.jpg 18w, \/\/wolf-gold-slot-review.com\/wp-content\/uploads\/2023\/02\/registration-biamo.jpg 1807w\" sizes=\"(max-width: 1024px) 100vw, 1024px\" \/><\/p>\n<p>Biamo to \u015bwietna opcja dla pocz\u0105tkuj\u0105cych. Zalet jest sporo, wad prawie nie ma. Jednak ocena wszystkich funkcji klubu b\u0119dzie mo\u017cliwa dopiero po rejestracji. Procedura tworzenia konta jest etapowa. Aby go wdro\u017cy\u0107, b\u0119dziesz potrzebowa\u0142:<\/p>\n<ul>\n<li>Uruchomi\u0107 portal g\u0142\u00f3wny lub lustrzany.<\/li>\n<li>Kliknij na przycisk \"Sign Up\".<\/li>\n<li>Wprowad\u017a wymagane informacje w odpowiednie pola.<\/li>\n<li>Zatwierd\u017a akcj\u0119 i czekaj na rozpatrzenie wniosku.<\/li>\n<\/ul>\n<p style=\"text-align: center;\"><a class=\"fasc-button fasc-size-large fasc-type-glossy fasc-rounded-medium fasc-style-bold\" style=\"background-color: #33809e; color: #ffffff;\" target=\"_blank\" rel=\"nofollow noopener\" href=\"https:\/\/wolf-gold-slot-review.com\/pl\/biamo-offer-direct\/\">Play Wolf Gold Biamo<\/a><\/p>\n<p>\u017b\u0105danie jest szybko przetwarzane. Platforma komunikuje si\u0119 z serwerem, podane dane s\u0105 por\u00f3wnywane z tymi dost\u0119pnymi w bazie. Nast\u0119pnie gracz otrzymuje osobiste konto lub jest proszony o zmian\u0119 informacji.<\/p>\n<p>Ka\u017cdy gracz mo\u017ce za\u0142o\u017cy\u0107 konto tylko raz. Dlatego wprowadzone informacje s\u0105 sprawdzane z informacjami dost\u0119pnymi w bazie danych.<\/p>\n<h3 style=\"text-align: center;\"><strong>Jak za\u0142o\u017cy\u0107 lokat\u0119 w Biamo<\/strong><\/h3>\n<p>Pe\u0142na funkcjonalno\u015b\u0107 b\u0119dzie dost\u0119pna tylko dla zarejestrowanych u\u017cytkownik\u00f3w. S\u0105 oni w stanie otrzymywa\u0107 bonusy, a tak\u017ce gra\u0107 na pieni\u0105dze. Przed dokonaniem zak\u0142ad\u00f3w na prawdziwe pieni\u0105dze konieczne jest dokonanie depozytu. Wp\u0142ata jest mo\u017cliwa za po\u015brednictwem portalu g\u0142\u00f3wnego lub mobilnego. Aby dokona\u0107 transakcji nale\u017cy:<\/p>\n<ol>\n<li>Przejd\u017a do gabinetu osobistego.<\/li>\n<li>Wybierz w menu odpowiedni\u0105 sekcj\u0119.<\/li>\n<li>Okre\u015bl, w jaki spos\u00f3b chcesz wp\u0142aci\u0107 pieni\u0105dze.<\/li>\n<li>Wype\u0142nij niezb\u0119dne informacje.<\/li>\n<li>Zgadza si\u0119 z procedur\u0105.<\/li>\n<\/ol>\n<p><img decoding=\"async\" class=\"aligncenter size-large wp-image-596\" src=\"https:\/\/wolf-gold-slot-review.com\/wp-content\/uploads\/2023\/02\/deposit-bonus-biamo-1024x255.jpg\" alt=\"bonus depozytowy biamo\" width=\"1024\" height=\"255\" srcset=\"\/\/wolf-gold-slot-review.com\/wp-content\/uploads\/2023\/02\/deposit-bonus-biamo-1024x255.jpg 1024w, \/\/wolf-gold-slot-review.com\/wp-content\/uploads\/2023\/02\/deposit-bonus-biamo-300x75.jpg 300w, \/\/wolf-gold-slot-review.com\/wp-content\/uploads\/2023\/02\/deposit-bonus-biamo-150x37.jpg 150w, \/\/wolf-gold-slot-review.com\/wp-content\/uploads\/2023\/02\/deposit-bonus-biamo-768x191.jpg 768w, \/\/wolf-gold-slot-review.com\/wp-content\/uploads\/2023\/02\/deposit-bonus-biamo-18x4.jpg 18w, \/\/wolf-gold-slot-review.com\/wp-content\/uploads\/2023\/02\/deposit-bonus-biamo.jpg 1482w\" sizes=\"(max-width: 1024px) 100vw, 1024px\" \/><\/p>\n<p>Na tym etapie kasyno online nie wymaga potwierdzenia to\u017csamo\u015bci ani przynale\u017cno\u015bci \u015brodka p\u0142atniczego. Mo\u017cliwe jest jednak wp\u0142acanie pieni\u0119dzy tylko za po\u015brednictwem w\u0142asnej karty lub portmonetki internetowej. W przysz\u0142o\u015bci s\u0142u\u017cby bezpiecze\u0144stwa b\u0119d\u0105 sprawdza\u0107, kto jest w\u0142a\u015bcicielem \u015brodk\u00f3w zarobkowych. Ujawnione naruszenie przepis\u00f3w cz\u0119sto prowadzi do blokady.<\/p>\n<h3 style=\"text-align: center;\"><strong>5 powod\u00f3w, dla kt\u00f3rych warto zagra\u0107 w WolfGold w Biamo Casino<\/strong><\/h3>\n<p>Biamo to stosunkowo m\u0142ody projekt. Jednak podczas swojego istnienia firma stworzy\u0142a ju\u017c pewn\u0105 reputacj\u0119. Radzimy gra\u0107 w WolfGold na tej w\u0142a\u015bnie stronie z kilku powod\u00f3w:<\/p>\n<ol>\n<li>Du\u017ce wygrane. \"\u015awie\u017ce\" kluby cz\u0119sto zapewniaj\u0105 dobre nagrody.<\/li>\n<li>Ugruntowana reputacja. Operator zdoby\u0142 wiele pozytywnych recenzji.<\/li>\n<li>Sprawdzona niezawodno\u015b\u0107 urz\u0105dze\u0144. Marka jest corocznie audytowana przez zewn\u0119trzne organizacje badawcze.<\/li>\n<li>Mo\u017cliwo\u015b\u0107 obstawiania z r\u00f3\u017cnych urz\u0105dze\u0144. Mo\u017cliwa jest gra na komputerze, lub urz\u0105dzeniu mobilnym.<\/li>\n<li>Wyrafinowana polityka bonusowa. Oferowane jest wsparcie dla pierwszego depozytu, aktywnej gry i innych opcji promocyjnych.<\/li>\n<\/ol>\n<p><img decoding=\"async\" class=\"aligncenter size-large wp-image-595\" src=\"https:\/\/wolf-gold-slot-review.com\/wp-content\/uploads\/2023\/02\/promotions-biamo-1024x258.jpg\" alt=\"promocje biamo\" width=\"1024\" height=\"258\" srcset=\"\/\/wolf-gold-slot-review.com\/wp-content\/uploads\/2023\/02\/promotions-biamo-1024x258.jpg 1024w, \/\/wolf-gold-slot-review.com\/wp-content\/uploads\/2023\/02\/promotions-biamo-300x76.jpg 300w, \/\/wolf-gold-slot-review.com\/wp-content\/uploads\/2023\/02\/promotions-biamo-150x38.jpg 150w, \/\/wolf-gold-slot-review.com\/wp-content\/uploads\/2023\/02\/promotions-biamo-768x193.jpg 768w, \/\/wolf-gold-slot-review.com\/wp-content\/uploads\/2023\/02\/promotions-biamo-18x5.jpg 18w, \/\/wolf-gold-slot-review.com\/wp-content\/uploads\/2023\/02\/promotions-biamo.jpg 1489w\" sizes=\"(max-width: 1024px) 100vw, 1024px\" \/><\/p>\n<p style=\"text-align: center;\"><a class=\"fasc-button fasc-size-large fasc-type-glossy fasc-rounded-medium fasc-style-bold\" style=\"background-color: #33809e; color: #ffffff;\" target=\"_blank\" rel=\"nofollow noopener\" href=\"https:\/\/wolf-gold-slot-review.com\/pl\/biamo-offer-direct\/\">Play Wolf Gold Biamo<\/a><\/p>\n<p>Zalet jest bardzo du\u017co. G\u0142\u00f3wnym plusem jest sprawdzona mo\u017cliwo\u015b\u0107 wyp\u0142aty wygranych. Dzia\u0142 finansowy przetwarza wnioski z godn\u0105 pozazdroszczenia szybko\u015bci\u0105. Mi\u0119dzy formowaniem wniosku o wyp\u0142at\u0119 a otrzymaniem pieni\u0119dzy na saldzie czasami nie mija 20-30 minut.<\/p>","protected":false},"excerpt":{"rendered":"<p>Play Wolf Gold slot Biamo online casino for real money New online casino brands emerge with a fair amount of frequency. Some brands fail to win the interest of the public, while others manage to develop in a competitive market. Biamo can be referred to as the last type. The brand appeared relatively recently, but &hellip;<\/p>\n<p class=\"read-more\"> <a class=\"\" href=\"https:\/\/wolf-gold-slot-review.com\/pl\/play-wolf-gold-biamo\/\"> <span class=\"screen-reader-text\">Play Wolf Gold Biamo<\/span> Read More &raquo;<\/a><\/p>","protected":false},"author":1,"featured_media":609,"parent":0,"menu_order":0,"comment_status":"closed","ping_status":"closed","template":"","meta":{"site-sidebar-layout":"default","site-content-layout":"default","ast-global-header-display":"","ast-main-header-display":"","ast-hfb-above-header-display":"","ast-hfb-below-header-display":"","ast-hfb-mobile-header-display":"","site-post-title":"disabled","ast-breadcrumbs-content":"","ast-featured-img":"disabled","footer-sml-layout":"","theme-transparent-header-meta":"default","adv-header-id-meta":"","stick-header-meta":"","header-above-stick-meta":"","header-main-stick-meta":"","header-below-stick-meta":"","footnotes":""},"class_list":["post-528","page","type-page","status-publish","has-post-thumbnail","hentry"],"yoast_head":"<!-- This site is optimized with the Yoast SEO Premium plugin v19.5 (Yoast SEO v19.10) - https:\/\/yoast.com\/wordpress\/plugins\/seo\/ -->\n<title>Play Wolf Gold slot Biamo online casino for real money<\/title>\n<meta name=\"description\" content=\"Play the popular slot Wolf Gold in online casino Biamo for money. The advantages of playing Wolf Gold at Biamo\" \/>\n<meta name=\"robots\" content=\"index, follow, max-snippet:-1, max-image-preview:large, max-video-preview:-1\" \/>\n<link rel=\"canonical\" href=\"https:\/\/wolf-gold-slot-review.com\/pl\/play-wolf-gold-biamo\/\" \/>\n<meta property=\"og:locale\" content=\"pl_PL\" \/>\n<meta property=\"og:type\" content=\"article\" \/>\n<meta property=\"og:title\" content=\"Play Wolf Gold Biamo\" \/>\n<meta property=\"og:description\" content=\"Play Wolf Gold slot Biamo online casino for real money New online casino brands emerge with a fair amount of frequency. Some brands fail to win the\" \/>\n<meta property=\"og:url\" content=\"https:\/\/wolf-gold-slot-review.com\/pl\/play-wolf-gold-biamo\/\" \/>\n<meta property=\"og:site_name\" content=\"Wolf Gold Slot in Australia - Play game online for money\" \/>\n<meta property=\"article:modified_time\" content=\"2025-02-04T17:02:23+00:00\" \/>\n<meta property=\"og:image\" content=\"https:\/\/wolf-gold-slot-review.com\/wp-content\/uploads\/2023\/02\/biamo-wolf-gold-site.jpg\" \/>\n\t<meta property=\"og:image:width\" content=\"900\" \/>\n\t<meta property=\"og:image:height\" content=\"900\" \/>\n\t<meta property=\"og:image:type\" content=\"image\/jpeg\" \/>\n<meta name=\"twitter:card\" content=\"summary_large_image\" \/>\n<meta name=\"twitter:label1\" content=\"Szacowany czas czytania\" \/>\n\t<meta name=\"twitter:data1\" content=\"4 minuty\" \/>\n<!-- \/ Yoast SEO Premium plugin. -->","yoast_head_json":{"title":"Play Wolf Gold slot Biamo online casino for real money","description":"Play the popular slot Wolf Gold in online casino Biamo for money. The advantages of playing Wolf Gold at Biamo","robots":{"index":"index","follow":"follow","max-snippet":"max-snippet:-1","max-image-preview":"max-image-preview:large","max-video-preview":"max-video-preview:-1"},"canonical":"https:\/\/wolf-gold-slot-review.com\/pl\/play-wolf-gold-biamo\/","og_locale":"pl_PL","og_type":"article","og_title":"Play Wolf Gold Biamo","og_description":"Play Wolf Gold slot Biamo online casino for real money New online casino brands emerge with a fair amount of frequency. Some brands fail to win the","og_url":"https:\/\/wolf-gold-slot-review.com\/pl\/play-wolf-gold-biamo\/","og_site_name":"Wolf Gold Slot in Australia - Play game online for money","article_modified_time":"2025-02-04T17:02:23+00:00","og_image":[{"width":900,"height":900,"url":"https:\/\/wolf-gold-slot-review.com\/wp-content\/uploads\/2023\/02\/biamo-wolf-gold-site.jpg","type":"image\/jpeg"}],"twitter_card":"summary_large_image","twitter_misc":{"Szacowany czas czytania":"4 minuty"},"schema":{"@context":"https:\/\/schema.org","@graph":[{"@type":"WebPage","@id":"https:\/\/wolf-gold-slot-review.com\/play-wolf-gold-biamo\/","url":"https:\/\/wolf-gold-slot-review.com\/play-wolf-gold-biamo\/","name":"Play Wolf Gold slot Biamo online casino for real money","isPartOf":{"@id":"https:\/\/wolf-gold-slot-review.com\/#website"},"datePublished":"2023-02-18T19:55:50+00:00","dateModified":"2025-02-04T17:02:23+00:00","description":"Play the popular slot Wolf Gold in online casino Biamo for money. The advantages of playing Wolf Gold at Biamo","breadcrumb":{"@id":"https:\/\/wolf-gold-slot-review.com\/play-wolf-gold-biamo\/#breadcrumb"},"inLanguage":"pl-PL","potentialAction":[{"@type":"ReadAction","target":["https:\/\/wolf-gold-slot-review.com\/play-wolf-gold-biamo\/"]}]},{"@type":"BreadcrumbList","@id":"https:\/\/wolf-gold-slot-review.com\/play-wolf-gold-biamo\/#breadcrumb","itemListElement":[{"@type":"ListItem","position":1,"name":"Home","item":"https:\/\/wolf-gold-slot-review.com\/"},{"@type":"ListItem","position":2,"name":"Play Wolf Gold Biamo"}]},{"@type":"WebSite","@id":"https:\/\/wolf-gold-slot-review.com\/#website","url":"https:\/\/wolf-gold-slot-review.com\/","name":"Wolf Gold Slot in Australia - Play game online for money","description":"Wolf Gold Slot - Official site in Australia","publisher":{"@id":"https:\/\/wolf-gold-slot-review.com\/#organization"},"alternateName":"Wolf Gold Slot","potentialAction":[{"@type":"SearchAction","target":{"@type":"EntryPoint","urlTemplate":"https:\/\/wolf-gold-slot-review.com\/?s={search_term_string}"},"query-input":"required name=search_term_string"}],"inLanguage":"pl-PL"},{"@type":"Organization","@id":"https:\/\/wolf-gold-slot-review.com\/#organization","name":"Wolf Gold Slot in Australia - Play game online for money","alternateName":"Wolf Gold Slot","url":"https:\/\/wolf-gold-slot-review.com\/","logo":{"@type":"ImageObject","inLanguage":"pl-PL","@id":"https:\/\/wolf-gold-slot-review.com\/#\/schema\/logo\/image\/","url":"https:\/\/wolf-gold-slot-review.com\/wp-content\/uploads\/2022\/11\/cropped-logowolf.png","contentUrl":"https:\/\/wolf-gold-slot-review.com\/wp-content\/uploads\/2022\/11\/cropped-logowolf.png","width":265,"height":100,"caption":"Wolf Gold Slot in Australia - Play game online for money"},"image":{"@id":"https:\/\/wolf-gold-slot-review.com\/#\/schema\/logo\/image\/"}}]}},"_links":{"self":[{"href":"https:\/\/wolf-gold-slot-review.com\/pl\/wp-json\/wp\/v2\/pages\/528","targetHints":{"allow":["GET"]}}],"collection":[{"href":"https:\/\/wolf-gold-slot-review.com\/pl\/wp-json\/wp\/v2\/pages"}],"about":[{"href":"https:\/\/wolf-gold-slot-review.com\/pl\/wp-json\/wp\/v2\/types\/page"}],"author":[{"embeddable":true,"href":"https:\/\/wolf-gold-slot-review.com\/pl\/wp-json\/wp\/v2\/users\/1"}],"replies":[{"embeddable":true,"href":"https:\/\/wolf-gold-slot-review.com\/pl\/wp-json\/wp\/v2\/comments?post=528"}],"version-history":[{"count":7,"href":"https:\/\/wolf-gold-slot-review.com\/pl\/wp-json\/wp\/v2\/pages\/528\/revisions"}],"predecessor-version":[{"id":678,"href":"https:\/\/wolf-gold-slot-review.com\/pl\/wp-json\/wp\/v2\/pages\/528\/revisions\/678"}],"wp:featuredmedia":[{"embeddable":true,"href":"https:\/\/wolf-gold-slot-review.com\/pl\/wp-json\/wp\/v2\/media\/609"}],"wp:attachment":[{"href":"https:\/\/wolf-gold-slot-review.com\/pl\/wp-json\/wp\/v2\/media?parent=528"}],"curies":[{"name":"wp","href":"https:\/\/api.w.org\/{rel}","templated":true}]}}