{"id":530,"date":"2023-02-18T20:05:43","date_gmt":"2023-02-18T20:05:43","guid":{"rendered":"https:\/\/wolf-gold-slot-review.com\/?page_id=530"},"modified":"2025-02-04T17:04:08","modified_gmt":"2025-02-04T17:04:08","slug":"play-wolf-gold-pin-up","status":"publish","type":"page","link":"https:\/\/wolf-gold-slot-review.com\/pl\/play-wolf-gold-pin-up\/","title":{"rendered":"Zagraj w Wolf Gold PIN-UP"},"content":{"rendered":"<h1 style=\"text-align: center;\"><strong>Zagraj w Wolf Gold slot PIN-UP kasyno online na prawdziwe pieni\u0105dze<\/strong><\/h1>\n<p>Wolf Gold to slot od popularnego producenta gier PragmaticPlay. Gra oferuje 25 linii wygrywaj\u0105cych i teoretyczny zwrot w wysoko\u015bci 96%. Kolorowy design, stabilne wysokie wyp\u0142aty i przejrzysta rozgrywka sprawi\u0142y, \u017ce ta produkcja cieszy si\u0119 niesamowit\u0105 popularno\u015bci\u0105 w\u015br\u00f3d klient\u00f3w. Chcesz zanurzy\u0107 si\u0119 w przyrodzie Ameryki P\u00f3\u0142nocnej i zgarn\u0105\u0107 imponuj\u0105ce nagrody? Zarejestruj si\u0119 w Pin-Up i zacznij obstawia\u0107.<\/p>\n<p style=\"text-align: center;\"><a class=\"fasc-button fasc-size-large fasc-type-glossy fasc-rounded-medium fasc-style-bold\" style=\"background-color: #33809e; color: #ffffff;\" target=\"_blank\" rel=\"nofollow noopener\" href=\"https:\/\/wolf-gold-slot-review.com\/pl\/pinup-offer-direct\/\">Zagraj w Wolf Gold PIN-UP<\/a><\/p>\n<h2 style=\"text-align: center;\"><strong>Jak si\u0119 zarejestrowa\u0107 w Pin-Up<\/strong><\/h2>\n<p>Go\u015bcie strony maj\u0105 mo\u017cliwo\u015b\u0107 korzystania z darmowej wersji slotu. Z jej pomoc\u0105 mo\u017cna przetestowa\u0107 maszyn\u0119, opracowa\u0107 strategi\u0119 wygranej. Potem wystarczy za\u0142o\u017cy\u0107 konto, wp\u0142aci\u0107 na nie pieni\u0105dze i wr\u00f3ci\u0107 po prawdziwe wygrane. Profil mo\u017cna uzyska\u0107 na linku lustrzanym oraz na g\u0142\u00f3wnej stronie internetowej. W tym drugim przypadku musisz wype\u0142ni\u0107 imponuj\u0105cy kwestionariusz i poda\u0107 sw\u00f3j adres zamieszkania, informacje kontaktowe i dane osobowe.<\/p>\n<p><img decoding=\"async\" class=\"aligncenter size-large wp-image-602\" src=\"https:\/\/wolf-gold-slot-review.com\/wp-content\/uploads\/2023\/02\/pinup-wolf-gold-slots-1024x250.jpg\" alt=\"pinup wolf gold slots\" width=\"1024\" height=\"250\" srcset=\"\/\/wolf-gold-slot-review.com\/wp-content\/uploads\/2023\/02\/pinup-wolf-gold-slots-1024x250.jpg 1024w, \/\/wolf-gold-slot-review.com\/wp-content\/uploads\/2023\/02\/pinup-wolf-gold-slots-300x73.jpg 300w, \/\/wolf-gold-slot-review.com\/wp-content\/uploads\/2023\/02\/pinup-wolf-gold-slots-150x37.jpg 150w, \/\/wolf-gold-slot-review.com\/wp-content\/uploads\/2023\/02\/pinup-wolf-gold-slots-768x187.jpg 768w, \/\/wolf-gold-slot-review.com\/wp-content\/uploads\/2023\/02\/pinup-wolf-gold-slots-1536x375.jpg 1536w, \/\/wolf-gold-slot-review.com\/wp-content\/uploads\/2023\/02\/pinup-wolf-gold-slots-18x4.jpg 18w, \/\/wolf-gold-slot-review.com\/wp-content\/uploads\/2023\/02\/pinup-wolf-gold-slots.jpg 1902w\" sizes=\"(max-width: 1024px) 100vw, 1024px\" \/><\/p>\n<p>Procedura uzyskania konta przez lustro jest nieco prostsza. Klient potrzebuje:<\/p>\n<ul>\n<li>Otw\u00f3rz zduplikowan\u0105 stron\u0119.<\/li>\n<li>Kliknij na \"Rejestracja\".<\/li>\n<li>Wybierz opcj\u0119 (telefonicznie lub mailowo).<\/li>\n<li>Wprowad\u017a wymagane informacje.<\/li>\n<li>Przekaza\u0107 wniosek do rozpatrzenia.<\/li>\n<\/ul>\n<p>Przetwarzanie aplikacji trwa nie d\u0142u\u017cej ni\u017c 5-6 sekund. Po tym czasie gracz mo\u017ce przej\u015b\u0107 do kolejnego kroku.<\/p>\n<p style=\"text-align: center;\"><a class=\"fasc-button fasc-size-large fasc-type-glossy fasc-rounded-medium fasc-style-bold\" style=\"background-color: #33809e; color: #ffffff;\" target=\"_blank\" rel=\"nofollow noopener\" href=\"https:\/\/wolf-gold-slot-review.com\/pl\/pinup-offer-direct\/\">Zagraj w Wolf Gold PIN-UP<\/a><\/p>\n<p>Najlepiej zarejestrowa\u0107 si\u0119 poprzez zduplikowany adres PinUp. Nie trzeba w\u0142\u0105cza\u0107 \u015brodk\u00f3w technicznych, aby omin\u0105\u0107 blokad\u0119. Znalezienie lustra BK zajmuje mniej ni\u017c 1-2 minuty. Dzia\u0142aj\u0105cy link mo\u017cna znale\u017a\u0107 na naszym portalu.<\/p>\n<p>Profile uzyskane na r\u00f3\u017cnych platformach s\u0105 r\u00f3wnowa\u017cne. Gracze maj\u0105 dost\u0119p do tych samych opcji bonusowych, oraz rodzaj\u00f3w maszyn. Klub nie robi r\u00f3\u017cnicy mi\u0119dzy opcjami depozytu.<\/p>\n<h3 style=\"text-align: center;\"><strong>Jak za\u0142o\u017cy\u0107 lokat\u0119 w PIN-UP<\/strong><\/h3>\n<p>Dokonanie depozytu to drugi krok do postawienia pieni\u0119dzy w grze Wolf Gold. Depozytu mo\u017cna dokona\u0107 na ponad 10 sposob\u00f3w. Bukmacher akceptuje kryptowaluty, p\u0142atno\u015bci za pomoc\u0105 kart bankowych (kredytowych i debetowych) oraz portfeli internetowych. Liczba dost\u0119pnych opcji stale si\u0119 zmienia, o wszystkich aktualnych schematach mo\u017cesz przeczyta\u0107 w odpowiedniej sekcji strony.<\/p>\n<p><img decoding=\"async\" class=\"aligncenter size-large wp-image-600\" src=\"https:\/\/wolf-gold-slot-review.com\/wp-content\/uploads\/2023\/02\/pinup-binuses-1024x231.jpg\" alt=\"Pinup binus\u00f3w\" width=\"1024\" height=\"231\" srcset=\"\/\/wolf-gold-slot-review.com\/wp-content\/uploads\/2023\/02\/pinup-binuses-1024x231.jpg 1024w, \/\/wolf-gold-slot-review.com\/wp-content\/uploads\/2023\/02\/pinup-binuses-300x68.jpg 300w, \/\/wolf-gold-slot-review.com\/wp-content\/uploads\/2023\/02\/pinup-binuses-150x34.jpg 150w, \/\/wolf-gold-slot-review.com\/wp-content\/uploads\/2023\/02\/pinup-binuses-768x173.jpg 768w, \/\/wolf-gold-slot-review.com\/wp-content\/uploads\/2023\/02\/pinup-binuses-1536x347.jpg 1536w, \/\/wolf-gold-slot-review.com\/wp-content\/uploads\/2023\/02\/pinup-binuses-18x4.jpg 18w, \/\/wolf-gold-slot-review.com\/wp-content\/uploads\/2023\/02\/pinup-binuses.jpg 1603w\" sizes=\"(max-width: 1024px) 100vw, 1024px\" \/><\/p>\n<p>Uzupe\u0142nianie zapas\u00f3w trwa kilka chwil. Tw\u00f3rcy aplikacji zadbali o maksymalne uproszczenie us\u0142ugi:<\/p>\n<ol>\n<li>Autoryzuj w swojej osobistej szafie.<\/li>\n<li>Kliknij na \"Uzupe\u0142nij\".<\/li>\n<li>Wybierz niezb\u0119dny wariant.<\/li>\n<li>Wype\u0142nij rekwizyty.<\/li>\n<li>Wy\u015blij pro\u015bb\u0119 o rozpatrzenie.<\/li>\n<\/ol>\n<p>To wszystko. Serwis przetwarza wniosek i kredytuje saldo. Absolutne plusy to b\u0142yskawiczne przelewy i brak prowizji. P\u0142aci\u0107 dodatkowych op\u0142at w zasadzie nie b\u0119dzie trzeba.<\/p>\n<h3 style=\"text-align: center;\"><strong>Top 5 powod\u00f3w, aby zagra\u0107 w Wolf Gold w kasynie PIN-UP<\/strong><\/h3>\n<p>Wybieraj\u0105c kasyno, lepiej postawi\u0107 na firmy o dobrej reputacji. Tak\u0105 mark\u0105 sta\u0142o si\u0119 PinUp. Biuro z powodzeniem rozwija si\u0119 na rynkach WNP, stopniowo rozwijaj\u0105c kraje zagraniczne.<\/p>\n<p>Gracze maj\u0105 mo\u017cliwo\u015b\u0107 skorzystania z wersji pr\u00f3bnej slotu. To znaczy, \u017ce mo\u017cna przetestowa\u0107 strategi\u0119, zrozumie\u0107 mechanik\u0119 rozgrywki za darmo. Obstawia\u0107 na prawdziwe pieni\u0105dze mo\u017cna po ca\u0142kowitym zrozumieniu specyfiki gry.<\/p>\n<p>Pin Up s\u0142ynie w\u015br\u00f3d u\u017cytkownik\u00f3w z rozbudowanego programu lojalno\u015bciowego. Dost\u0119pne s\u0105 r\u00f3\u017cne formaty nagr\u00f3d:<\/p>\n<ol>\n<li>Dla pierwszej wp\u0142aty.<\/li>\n<li>Za udzia\u0142 w quizach.<\/li>\n<li>Osobiste promesy.<\/li>\n<li>Cashback i inne bonusy.<\/li>\n<li>System pincoin\u00f3w<\/li>\n<\/ol>\n<p style=\"text-align: center;\"><a class=\"fasc-button fasc-size-large fasc-type-glossy fasc-rounded-medium fasc-style-bold\" style=\"background-color: #33809e; color: #ffffff;\" target=\"_blank\" rel=\"nofollow noopener\" href=\"https:\/\/wolf-gold-slot-review.com\/pl\/pinup-offer-direct\/\">Zagraj w Wolf Gold PIN-UP<\/a><\/p>\n<p class=\"pu-pincoins__paragraph pu-pincoins__paragraph_description\"><strong>Pincoiny (PNC)<\/strong> s\u0105 walut\u0105, kt\u00f3r\u0105 gracze mog\u0105 zarabia\u0107.<\/p>\n<div class=\"pu-pincoins__list-wrapper\">\n<p class=\"pu-pincoins__paragraph pu-pincoins__paragraph_medium\">PNC mo\u017cna otrzyma\u0107 za:<\/p>\n<ul class=\"pu-pincoins__list\">\n<li class=\"pu-pincoins__list-item pu-pincoins__paragraph\">gra na pieni\u0105dze<\/li>\n<li class=\"pu-pincoins__list-item pu-pincoins__paragraph\">wype\u0142nianie profilu<\/li>\n<li class=\"pu-pincoins__list-item pu-pincoins__paragraph\">potwierdzenie przez e-mail<\/li>\n<li class=\"pu-pincoins__list-item pu-pincoins__paragraph\">weryfikacja konta<\/li>\n<li class=\"pu-pincoins__list-item pu-pincoins__paragraph\">otwarcie Gift Box<\/li>\n<\/ul>\n<p><img decoding=\"async\" class=\"aligncenter size-large wp-image-599\" src=\"https:\/\/wolf-gold-slot-review.com\/wp-content\/uploads\/2023\/02\/pincoins-pinup-1024x316.jpg\" alt=\"pincoiny pinup\" width=\"1024\" height=\"316\" srcset=\"\/\/wolf-gold-slot-review.com\/wp-content\/uploads\/2023\/02\/pincoins-pinup-1024x316.jpg 1024w, \/\/wolf-gold-slot-review.com\/wp-content\/uploads\/2023\/02\/pincoins-pinup-300x93.jpg 300w, \/\/wolf-gold-slot-review.com\/wp-content\/uploads\/2023\/02\/pincoins-pinup-150x46.jpg 150w, \/\/wolf-gold-slot-review.com\/wp-content\/uploads\/2023\/02\/pincoins-pinup-768x237.jpg 768w, \/\/wolf-gold-slot-review.com\/wp-content\/uploads\/2023\/02\/pincoins-pinup-1536x475.jpg 1536w, \/\/wolf-gold-slot-review.com\/wp-content\/uploads\/2023\/02\/pincoins-pinup-18x6.jpg 18w, \/\/wolf-gold-slot-review.com\/wp-content\/uploads\/2023\/02\/pincoins-pinup.jpg 1602w\" sizes=\"(max-width: 1024px) 100vw, 1024px\" \/><\/p>\n<\/div>\n<p>Za niew\u0105tpliw\u0105 zalet\u0119 mo\u017cna uzna\u0107 stworzon\u0105 kolekcj\u0119 firmy. Do Twojej dyspozycji s\u0105 tysi\u0105ce slot\u00f3w z kilkudziesi\u0119ciu pracowni. Znudzeni czekaniem na nowe produkty nie b\u0119d\u0105 mieli. Deweloperzy dodaj\u0105 nowe symulatory co tydzie\u0144. Dla fan\u00f3w zak\u0142ad\u00f3w bukmacherskich jest dzia\u0142 z zak\u0142adami na sport. Klienci mog\u0105 korzysta\u0107 z jednego konta. Nie ma potrzeby zak\u0142adania dodatkowego profilu.<\/p>","protected":false},"excerpt":{"rendered":"<p>Play Wolf Gold slot PIN-UP online casino for real money Wolf Gold is a slot from the popular game manufacturer PragmaticPlay. The game offers 25 winning lines and a theoretical return of 96%. Colorful design, stable high payouts, and clear gameplay have made this development incredibly popular among customers. Do you want to plunge into &hellip;<\/p>\n<p class=\"read-more\"> <a class=\"\" href=\"https:\/\/wolf-gold-slot-review.com\/pl\/play-wolf-gold-pin-up\/\"> <span class=\"screen-reader-text\">Zagraj w Wolf Gold PIN-UP<\/span> Read More &raquo;<\/a><\/p>","protected":false},"author":1,"featured_media":611,"parent":0,"menu_order":0,"comment_status":"closed","ping_status":"closed","template":"","meta":{"site-sidebar-layout":"default","site-content-layout":"default","ast-global-header-display":"","ast-main-header-display":"","ast-hfb-above-header-display":"","ast-hfb-below-header-display":"","ast-hfb-mobile-header-display":"","site-post-title":"disabled","ast-breadcrumbs-content":"","ast-featured-img":"disabled","footer-sml-layout":"","theme-transparent-header-meta":"default","adv-header-id-meta":"","stick-header-meta":"","header-above-stick-meta":"","header-main-stick-meta":"","header-below-stick-meta":"","footnotes":""},"class_list":["post-530","page","type-page","status-publish","has-post-thumbnail","hentry"],"yoast_head":"<!-- This site is optimized with the Yoast SEO Premium plugin v19.5 (Yoast SEO v19.10) - https:\/\/yoast.com\/wordpress\/plugins\/seo\/ -->\n<title>Play Wolf Gold slot PIN-UP online casino for real money<\/title>\n<meta name=\"description\" content=\"Play the popular slot Wolf Gold in online casino PINUP for money. The advantages of playing Wolf Gold at PIN-UP casino\" \/>\n<meta name=\"robots\" content=\"index, follow, max-snippet:-1, max-image-preview:large, max-video-preview:-1\" \/>\n<link rel=\"canonical\" href=\"https:\/\/wolf-gold-slot-review.com\/pl\/play-wolf-gold-pin-up\/\" \/>\n<meta property=\"og:locale\" content=\"pl_PL\" \/>\n<meta property=\"og:type\" content=\"article\" \/>\n<meta property=\"og:title\" content=\"Play Wolf Gold PIN-UP\" \/>\n<meta property=\"og:description\" content=\"Play Wolf Gold slot PIN-UP online casino for real money Wolf Gold is a slot from the popular game manufacturer PragmaticPlay. The game offers 25 winning\" \/>\n<meta property=\"og:url\" content=\"https:\/\/wolf-gold-slot-review.com\/pl\/play-wolf-gold-pin-up\/\" \/>\n<meta property=\"og:site_name\" content=\"Wolf Gold Slot in Australia - Play game online for money\" \/>\n<meta property=\"article:modified_time\" content=\"2025-02-04T17:04:08+00:00\" \/>\n<meta property=\"og:image\" content=\"https:\/\/wolf-gold-slot-review.com\/wp-content\/uploads\/2023\/02\/pinup-wolf-gold-site.jpg\" \/>\n\t<meta property=\"og:image:width\" content=\"900\" \/>\n\t<meta property=\"og:image:height\" content=\"900\" \/>\n\t<meta property=\"og:image:type\" content=\"image\/jpeg\" \/>\n<meta name=\"twitter:card\" content=\"summary_large_image\" \/>\n<meta name=\"twitter:label1\" content=\"Szacowany czas czytania\" \/>\n\t<meta name=\"twitter:data1\" content=\"5 minut\" \/>\n<!-- \/ Yoast SEO Premium plugin. -->","yoast_head_json":{"title":"Play Wolf Gold slot PIN-UP online casino for real money","description":"Play the popular slot Wolf Gold in online casino PINUP for money. The advantages of playing Wolf Gold at PIN-UP casino","robots":{"index":"index","follow":"follow","max-snippet":"max-snippet:-1","max-image-preview":"max-image-preview:large","max-video-preview":"max-video-preview:-1"},"canonical":"https:\/\/wolf-gold-slot-review.com\/pl\/play-wolf-gold-pin-up\/","og_locale":"pl_PL","og_type":"article","og_title":"Play Wolf Gold PIN-UP","og_description":"Play Wolf Gold slot PIN-UP online casino for real money Wolf Gold is a slot from the popular game manufacturer PragmaticPlay. The game offers 25 winning","og_url":"https:\/\/wolf-gold-slot-review.com\/pl\/play-wolf-gold-pin-up\/","og_site_name":"Wolf Gold Slot in Australia - Play game online for money","article_modified_time":"2025-02-04T17:04:08+00:00","og_image":[{"width":900,"height":900,"url":"https:\/\/wolf-gold-slot-review.com\/wp-content\/uploads\/2023\/02\/pinup-wolf-gold-site.jpg","type":"image\/jpeg"}],"twitter_card":"summary_large_image","twitter_misc":{"Szacowany czas czytania":"5 minut"},"schema":{"@context":"https:\/\/schema.org","@graph":[{"@type":"WebPage","@id":"https:\/\/wolf-gold-slot-review.com\/play-wolf-gold-pin-up\/","url":"https:\/\/wolf-gold-slot-review.com\/play-wolf-gold-pin-up\/","name":"Play Wolf Gold slot PIN-UP online casino for real money","isPartOf":{"@id":"https:\/\/wolf-gold-slot-review.com\/#website"},"datePublished":"2023-02-18T20:05:43+00:00","dateModified":"2025-02-04T17:04:08+00:00","description":"Play the popular slot Wolf Gold in online casino PINUP for money. The advantages of playing Wolf Gold at PIN-UP casino","breadcrumb":{"@id":"https:\/\/wolf-gold-slot-review.com\/play-wolf-gold-pin-up\/#breadcrumb"},"inLanguage":"pl-PL","potentialAction":[{"@type":"ReadAction","target":["https:\/\/wolf-gold-slot-review.com\/play-wolf-gold-pin-up\/"]}]},{"@type":"BreadcrumbList","@id":"https:\/\/wolf-gold-slot-review.com\/play-wolf-gold-pin-up\/#breadcrumb","itemListElement":[{"@type":"ListItem","position":1,"name":"Home","item":"https:\/\/wolf-gold-slot-review.com\/"},{"@type":"ListItem","position":2,"name":"Play Wolf Gold PIN-UP"}]},{"@type":"WebSite","@id":"https:\/\/wolf-gold-slot-review.com\/#website","url":"https:\/\/wolf-gold-slot-review.com\/","name":"Wolf Gold Slot in Australia - Play game online for money","description":"Wolf Gold Slot - Official site in Australia","publisher":{"@id":"https:\/\/wolf-gold-slot-review.com\/#organization"},"alternateName":"Wolf Gold Slot","potentialAction":[{"@type":"SearchAction","target":{"@type":"EntryPoint","urlTemplate":"https:\/\/wolf-gold-slot-review.com\/?s={search_term_string}"},"query-input":"required name=search_term_string"}],"inLanguage":"pl-PL"},{"@type":"Organization","@id":"https:\/\/wolf-gold-slot-review.com\/#organization","name":"Wolf Gold Slot in Australia - Play game online for money","alternateName":"Wolf Gold Slot","url":"https:\/\/wolf-gold-slot-review.com\/","logo":{"@type":"ImageObject","inLanguage":"pl-PL","@id":"https:\/\/wolf-gold-slot-review.com\/#\/schema\/logo\/image\/","url":"https:\/\/wolf-gold-slot-review.com\/wp-content\/uploads\/2022\/11\/cropped-logowolf.png","contentUrl":"https:\/\/wolf-gold-slot-review.com\/wp-content\/uploads\/2022\/11\/cropped-logowolf.png","width":265,"height":100,"caption":"Wolf Gold Slot in Australia - Play game online for money"},"image":{"@id":"https:\/\/wolf-gold-slot-review.com\/#\/schema\/logo\/image\/"}}]}},"_links":{"self":[{"href":"https:\/\/wolf-gold-slot-review.com\/pl\/wp-json\/wp\/v2\/pages\/530","targetHints":{"allow":["GET"]}}],"collection":[{"href":"https:\/\/wolf-gold-slot-review.com\/pl\/wp-json\/wp\/v2\/pages"}],"about":[{"href":"https:\/\/wolf-gold-slot-review.com\/pl\/wp-json\/wp\/v2\/types\/page"}],"author":[{"embeddable":true,"href":"https:\/\/wolf-gold-slot-review.com\/pl\/wp-json\/wp\/v2\/users\/1"}],"replies":[{"embeddable":true,"href":"https:\/\/wolf-gold-slot-review.com\/pl\/wp-json\/wp\/v2\/comments?post=530"}],"version-history":[{"count":6,"href":"https:\/\/wolf-gold-slot-review.com\/pl\/wp-json\/wp\/v2\/pages\/530\/revisions"}],"predecessor-version":[{"id":680,"href":"https:\/\/wolf-gold-slot-review.com\/pl\/wp-json\/wp\/v2\/pages\/530\/revisions\/680"}],"wp:featuredmedia":[{"embeddable":true,"href":"https:\/\/wolf-gold-slot-review.com\/pl\/wp-json\/wp\/v2\/media\/611"}],"wp:attachment":[{"href":"https:\/\/wolf-gold-slot-review.com\/pl\/wp-json\/wp\/v2\/media?parent=530"}],"curies":[{"name":"wp","href":"https:\/\/api.w.org\/{rel}","templated":true}]}}