{"id":543,"date":"2023-02-20T19:06:07","date_gmt":"2023-02-20T19:06:07","guid":{"rendered":"https:\/\/wolf-gold-slot-review.com\/?page_id=543"},"modified":"2025-02-04T17:03:52","modified_gmt":"2025-02-04T17:03:52","slug":"wolf-gold-power-jackpot-slot","status":"publish","type":"page","link":"https:\/\/wolf-gold-slot-review.com\/pl\/wolf-gold-power-jackpot-slot\/","title":{"rendered":"Wolf Gold Power Jackpot"},"content":{"rendered":"<h1 style=\"text-align: center;\"><strong>Wolf Gold Power Jackpot slot zagraj online na pieni\u0105dze<\/strong><\/h1>\n<p>Wolf Gold Power Jackpot slot na pieni\u0105dze ze studia Pragmatic Play pojawi\u0142 si\u0119 na podstawie popularnej serii Wolf Gold. Tw\u00f3rcy nie zmienili fabu\u0142y, ale klienci maj\u0105 logiczn\u0105 kontynuacj\u0119 s\u0142ynnego automatu. Na graczy czeka doskona\u0142a mechanika i 4 rodzaje jackpot\u00f3w. Zapoznajmy si\u0119 szczeg\u00f3\u0142owo z tym studiem rozwojowym.<\/p>\n<p style=\"text-align: center;\"><a class=\"fasc-button fasc-size-large fasc-type-glossy fasc-rounded-medium\" style=\"background-color: #33809e; color: #ffffff;\" href=\"https:\/\/wolf-gold-slot-review.com\/pl\/play-wolf-gold-pin-up\/\">Zagraj w Wolf Gold PinUp<\/a> &nbsp;<a class=\"fasc-button fasc-size-large fasc-type-glossy fasc-rounded-medium\" style=\"background-color: #33809e; color: #ffffff;\" href=\"https:\/\/wolf-gold-slot-review.com\/pl\/play-wolf-gold-1win\/\">Zagraj w Wolf Gold 1win<\/a> &nbsp;<a class=\"fasc-button fasc-size-large fasc-type-glossy fasc-rounded-medium\" style=\"background-color: #33809e; color: #ffffff;\" href=\"https:\/\/wolf-gold-slot-review.com\/pl\/play-wolf-gold-parimatch\/\">Zagraj w Wolf Gold Parimatch <\/a>&nbsp; <a class=\"fasc-button fasc-size-large fasc-type-glossy fasc-rounded-medium\" style=\"background-color: #33809e; color: #ffffff;\" href=\"https:\/\/wolf-gold-slot-review.com\/pl\/demo-wolf-gold-slot\/\">Zagraj w demo Wolf Gold<\/a>&nbsp;<\/p>\n<h2 style=\"text-align: center;\"><strong>Wolf Gold Power Jackpot - przegl\u0105dowy slot<\/strong><\/h2>\n<p>Recenzja gry Wolf Gold Power Jackpot powinna rozpocz\u0105\u0107 si\u0119 od opisu g\u0142\u00f3wnych cech. Studio oferuje u\u017cytkownikom klasyczn\u0105 wersj\u0119 maszyn. Pole gry reprezentowane jest przez 5 b\u0119bn\u00f3w. Ka\u017cdy element jest podzielony na trzy rz\u0119dy. Oznacza to, \u017ce na ca\u0142ym sektorze znajduje si\u0119 15 kom\u00f3rek.<\/p>\n<p>Pragmatic Play wprowadzi\u0142 gr\u0119 1 wrze\u015bnia 2022 roku. Zwyci\u0119skie kombinacje Wolf Gold Power Jackpot tworzy na 25 liniach wyp\u0142at. Slot po\u015bwi\u0119cony jest naturze Dzikiego Zachodu. Zwierz\u0119ta i ptaki Ameryki P\u00f3\u0142nocnej - g\u0142\u00f3wni bohaterowie gry. Og\u00f3lny efekt wzmacnia spokojna muzyka tematyczna.<br \/>\nSiatka gry zajmuje g\u0142\u00f3wn\u0105 cz\u0119\u015b\u0107 ekranu. Po lewej stronie tw\u00f3rcy umie\u015bcili blok z opisem aktywnych super nagr\u00f3d. Wolf Gold Power<\/p>\n<p>Jackpot to gra z 4 rodzajami maksymalnych wygranych. Dost\u0119pne s\u0105 klienci:<\/p>\n<ul>\n<li>Mini Jackpot;<\/li>\n<li>\u015aredni Jackpot;<\/li>\n<li>G\u0142\u00f3wny Jackpot;<\/li>\n<li>Power Jackpot.<\/li>\n<\/ul>\n<p>Wielko\u015b\u0107 ko\u0144cowej nagrody podawana jest w kolejno\u015bci rosn\u0105cej. W\u015br\u00f3d konkurencji slot wyr\u00f3\u017cnia si\u0119 obecno\u015bci\u0105 \"pot\u0119\u017cnego\" jackpota.<\/p>\n<h3 style=\"text-align: center;\"><strong>Automat Wolf Gold Power Jackpot: symbole<\/strong><\/h3>\n<p>G\u0142\u00f3wnymi bohaterami s\u0105 przedstawiciele ameryka\u0144skiej fauny. W automacie Wolf Gold Power Jackpot spotkasz:<\/p>\n<table style=\"border-collapse: collapse; width: 100%;\">\n<tbody>\n<tr>\n<td style=\"width: 50%;\"><img decoding=\"async\" class=\"aligncenter size-full wp-image-567\" src=\"https:\/\/wolf-gold-slot-review.com\/wp-content\/uploads\/2023\/02\/horse.png\" alt=\"symbol konia\" width=\"100\" height=\"83\" srcset=\"\/\/wolf-gold-slot-review.com\/wp-content\/uploads\/2023\/02\/horse.png 100w, \/\/wolf-gold-slot-review.com\/wp-content\/uploads\/2023\/02\/horse-14x12.png 14w\" sizes=\"(max-width: 100px) 100vw, 100px\" \/><\/td>\n<td style=\"width: 50%; text-align: center;\">Ko\u0144<\/td>\n<\/tr>\n<tr>\n<td style=\"width: 50%;\"><img decoding=\"async\" class=\"aligncenter size-full wp-image-568\" src=\"https:\/\/wolf-gold-slot-review.com\/wp-content\/uploads\/2023\/02\/cougar.png\" alt=\"symbol pumy\" width=\"100\" height=\"83\" srcset=\"\/\/wolf-gold-slot-review.com\/wp-content\/uploads\/2023\/02\/cougar.png 100w, \/\/wolf-gold-slot-review.com\/wp-content\/uploads\/2023\/02\/cougar-14x12.png 14w\" sizes=\"(max-width: 100px) 100vw, 100px\" \/><\/td>\n<td style=\"width: 50%; text-align: center;\">Cougar<\/td>\n<\/tr>\n<tr>\n<td style=\"width: 50%;\"><img decoding=\"async\" class=\"aligncenter size-full wp-image-569\" src=\"https:\/\/wolf-gold-slot-review.com\/wp-content\/uploads\/2023\/02\/eagle.png\" alt=\"symbol or\u0142a\" width=\"100\" height=\"83\" srcset=\"\/\/wolf-gold-slot-review.com\/wp-content\/uploads\/2023\/02\/eagle.png 100w, \/\/wolf-gold-slot-review.com\/wp-content\/uploads\/2023\/02\/eagle-14x12.png 14w\" sizes=\"(max-width: 100px) 100vw, 100px\" \/><\/td>\n<td style=\"width: 50%; text-align: center;\">Orze\u0142<\/td>\n<\/tr>\n<tr>\n<td style=\"width: 50%; text-align: center;\"><img decoding=\"async\" class=\"aligncenter size-full wp-image-570\" src=\"https:\/\/wolf-gold-slot-review.com\/wp-content\/uploads\/2023\/02\/buffalo.png\" alt=\"symbol bawo\u0142a\" width=\"100\" height=\"83\" srcset=\"\/\/wolf-gold-slot-review.com\/wp-content\/uploads\/2023\/02\/buffalo.png 100w, \/\/wolf-gold-slot-review.com\/wp-content\/uploads\/2023\/02\/buffalo-14x12.png 14w\" sizes=\"(max-width: 100px) 100vw, 100px\" \/><\/td>\n<td style=\"width: 50%; text-align: center;\">Buffalo<\/td>\n<\/tr>\n<\/tbody>\n<\/table>\n<p>Zwi\u0119ksz\u0105 one wielko\u015b\u0107 nagrody z x8 do x20 na rolce 5 identycznych obrazk\u00f3w w linii. Mo\u017cesz r\u00f3wnie\u017c zobaczy\u0107 4 symbole kart. Tradycyjnie ich warto\u015b\u0107 jest znacznie mniejsza ni\u017c g\u0142\u00f3wnych obrazk\u00f3w.<\/p>\n<p>Obraz kamiennych filar\u00f3w na tle \u015bwitu - Scatter. Mo\u017ce pojawi\u0107 si\u0119 tylko na nieparzystych b\u0119bnach. Zrolowanie 3 obrazk\u00f3w tego typu uruchamia rund\u0119 bonusow\u0105. Gra o nagrod\u0119 sk\u0142ada si\u0119 z 5 spin\u00f3w. W klasycznej grze deweloperzy WolfGold zjednoczyli b\u0119bny w rundzie bonusowej. Jednak w tym slocie zrezygnowano z takiej mechaniki. PragmaticPlay wprowadzi\u0142 r\u00f3wnie\u017c specjalne symbole tajemnicy.<\/p>\n<p><img decoding=\"async\" class=\"aligncenter size-full wp-image-571\" src=\"https:\/\/wolf-gold-slot-review.com\/wp-content\/uploads\/2023\/02\/wolf-gold-symbols.jpg\" alt=\"Symbole Wolf Gold\" width=\"562\" height=\"296\" srcset=\"\/\/wolf-gold-slot-review.com\/wp-content\/uploads\/2023\/02\/wolf-gold-symbols.jpg 562w, \/\/wolf-gold-slot-review.com\/wp-content\/uploads\/2023\/02\/wolf-gold-symbols-300x158.jpg 300w, \/\/wolf-gold-slot-review.com\/wp-content\/uploads\/2023\/02\/wolf-gold-symbols-150x79.jpg 150w, \/\/wolf-gold-slot-review.com\/wp-content\/uploads\/2023\/02\/wolf-gold-symbols-18x9.jpg 18w\" sizes=\"(max-width: 562px) 100vw, 562px\" \/><\/p>\n<p>Symbolem pieni\u0119dzy by\u0142 ksi\u0119\u017cyc. Obrazek ten mo\u017ce pojawi\u0107 si\u0119 na ka\u017cdym b\u0119bnie. Po upadku 6 obrazk\u00f3w tego typu slot Wolf Gold Power Jackpot kasyno online uruchomi funkcj\u0119 re-spin. Maszyna usunie wszystkie zwyk\u0142e obrazki. Ksi\u0119\u017cyc pozostaje na swoim miejscu. Program uruchamia 3 respiny. Zostan\u0105 one zresetowane natychmiast po pojawieniu si\u0119 na polu gry nowych symboli pieni\u0119\u017cnych. Po zako\u0144czeniu spin\u00f3w przyznawany jest okre\u015blony mno\u017cnik. Je\u015bli obrazki ksi\u0119\u017cyca zajm\u0105 wszystkie kom\u00f3rki automatu Wolf Gold Power Jackpot, kasyno przyzna bonus w wysoko\u015bci x1000.<\/p>\n<p>Obraz wilka - Dziki symbol. Mo\u017ce on zmieni\u0107 ka\u017cdy p\u0142ac\u0105cy obrazek. Kilka wild\u00f3w w linii wyp\u0142at daje wygran\u0105. Gracz otrzymuje tyle, ile wynosi wyp\u0142ata za najdro\u017cszy obrazek - obrazek \u017cubra.<\/p>\n<h4 style=\"text-align: center;\"><strong>Jak gra\u0107 w Wolf Gold Power Jackpot<\/strong><\/h4>\n<p>Automat Wolf Gold Power Jackpot oferuje graczom 2 tryby gry. Mo\u017cna obraca\u0107 sloty samodzielnie lub uruchomi\u0107 tryb automatyczny. Aby uruchomi\u0107 gr\u0119 automatyczn\u0105, klient musi:<\/p>\n<ol>\n<li>Kliknij na przycisk \"Autoplay\".<\/li>\n<li>Wprowad\u017a charakterystyk\u0119 gry automatycznej.<\/li>\n<li>Rozpocz\u0105\u0107 obr\u00f3t.<\/li>\n<\/ol>\n<p>Klient mo\u017ce zatrzyma\u0107 proces w dowolnym momencie. Aby to zrobi\u0107, u\u017cytkownik musi klikn\u0105\u0107 przycisk \"Zatrzymaj\".<\/p>\n<p>Aby uruchomi\u0107 rund\u0119 Wolf Gold Power Jackpot, oficjalna strona kasyna poprosi jedynie o klikni\u0119cie w przycisk big round znajduj\u0105cy si\u0119 na dole slotu. Gr\u0119 mo\u017cna r\u00f3wnie\u017c aktywowa\u0107 za pomoc\u0105 klawiatury. W tym celu nale\u017cy wcisn\u0105\u0107 spacj\u0119 lub Enter.<\/p>\n<p>Wysoko\u015b\u0107 zak\u0142adu mo\u017cna ustawi\u0107 za pomoc\u0105 przycisk\u00f3w \"Plus\" i \"Minus\". Minimalna warto\u015b\u0107 zak\u0142adu wynosi 0,25 kredyt\u00f3w. Maksymalnie na jedn\u0105 rund\u0119 w Wolf Gold Power Jackpot online mo\u017cna postawi\u0107 125 kredyt\u00f3w. Mo\u017cliwe jest ustawienie zak\u0142ad\u00f3w na jedn\u0105 lini\u0119. Ich wielko\u015b\u0107 wynosi od 0,01 do 5,00.<\/p>\n<p>Spiny w WolfGold Power Jackpot w wi\u0119kszo\u015bci przypadk\u00f3w przynosz\u0105 \u015brednie wygrane. Wypadaj\u0105ce kombinacje nagr\u00f3d nie s\u0105 tak cz\u0119ste, ale znudzeni czekaj\u0105cy na zwyci\u0119stwo nie b\u0119d\u0105 mieli. Ta cecha slotu wynika z jego rozproszenia. Zmienno\u015b\u0107 w grze jest na \u015brednim poziomie.<\/p>\n<p>Game Wolf Gold Power Jackpot kasyna online promuj\u0105 jako maszyn\u0119 z dobr\u0105 nagrod\u0105 maksymaln\u0105. Slot ten ma jednak konkurencyjn\u0105 teoretyczn\u0105 stop\u0119 zwrotu. Parametr ten oscyluje wok\u00f3\u0142 znaku 96%. Bardziej dochodowe gry trafiaj\u0105 si\u0119 nie tak cz\u0119sto. Ta maszyna bije konkurencj\u0119 pod wieloma wzgl\u0119dami.<\/p>\n<p>Maksymalna wygrana w trybie normalnym osi\u0105ga x2500 wielko\u015bci zak\u0142adu. Czyli maksymalnie b\u0119dzie mo\u017cna zgarn\u0105\u0107 312500 euro na jeden spin.<\/p>\n<h4 style=\"text-align: center;\"><strong>Jak gra\u0107 w Wolf Gold Power Jackpot i zgarn\u0105\u0107 super nagrod\u0119<\/strong><\/h4>\n<p>Wolf Gold Power Jackpot bonus odgrywa tylko po upadku okre\u015blonej liczby scatters. W tym przypadku, aby uruchomi\u0107 funkcj\u0119 losowania jackpot\u00f3w trzeba wszystkie b\u0119bny by\u0142y z\u0142ote. Po uruchomieniu maszyny przed graczem pojawi si\u0119 Ko\u0142o Fortuny. Ma ono dwa poziomy. Na pierwszym umieszczono sektory z mno\u017cnikami. Minimalne wygrane zaczynaj\u0105 si\u0119 od x10 wielko\u015bci zak\u0142adu. Na drugim \"tier\" blok z jackpotami. Tw\u00f3rcy gry darmowe spiny w Wolf Gold Power Jackpot poprzez t\u0119 gr\u0119 bonusow\u0105 nie rozgrywaj\u0105 si\u0119.<\/p>\n<p>Gracz otrzyma ustalon\u0105 nagrod\u0119, je\u015bli wpadnie do okre\u015blonego sektora. Slot jest szczeg\u00f3lny ze wzgl\u0119du na rodzaj Power Jackpot. Maksymalna wygrana w przypadku szcz\u0119\u015bcia jest dzielona przez 2. 50% trafia do zwyci\u0119zcy. Pozosta\u0142a kwota jest rozdzielana pomi\u0119dzy graczy kasyna. Pieni\u0105dze dostaje 1000 u\u017cytkownik\u00f3w. Czyli mo\u017cna liczy\u0107 na poka\u017an\u0105 nagrod\u0119 nawet po kilku rundach gry.<\/p>\n<h4 style=\"text-align: center;\"><strong>Wolf Gold Power Jackpot demo: opis darmowej wersji slotu<\/strong><\/h4>\n<p>Zagraj w Wolf Gold Power Jackpot za darmo mo\u017ce ka\u017cdy klient kasyna internetowego. Nie trzeba nawet zak\u0142ada\u0107 w tym celu konta. Aby rozpocz\u0105\u0107 okres testowy slotu, u\u017cytkownik potrzebuje:<\/p>\n<ol>\n<li>&nbsp;Wejd\u017a na stron\u0119 kasyna internetowego.<\/li>\n<li>Znajd\u017a gr\u0119. Mo\u017cesz szuka\u0107 wed\u0142ug nazwy lub dostawcy.<\/li>\n<li>Najed\u017a kursorem na podgl\u0105d gry.<\/li>\n<li>Kliknij na przycisk \"Demo\".<\/li>\n<\/ol>\n<p><img decoding=\"async\" class=\"aligncenter size-full wp-image-573\" src=\"https:\/\/wolf-gold-slot-review.com\/wp-content\/uploads\/2023\/02\/wolf-gold-power-jackpot-demo.jpg\" alt=\"Wolf Gold power jackpot demo\" width=\"500\" height=\"500\" srcset=\"\/\/wolf-gold-slot-review.com\/wp-content\/uploads\/2023\/02\/wolf-gold-power-jackpot-demo.jpg 500w, \/\/wolf-gold-slot-review.com\/wp-content\/uploads\/2023\/02\/wolf-gold-power-jackpot-demo-300x300.jpg 300w, \/\/wolf-gold-slot-review.com\/wp-content\/uploads\/2023\/02\/wolf-gold-power-jackpot-demo-150x150.jpg 150w, \/\/wolf-gold-slot-review.com\/wp-content\/uploads\/2023\/02\/wolf-gold-power-jackpot-demo-12x12.jpg 12w\" sizes=\"(max-width: 500px) 100vw, 500px\" \/><\/p>\n<p>Na stronie zostanie pobrana wersja pr\u00f3bna. Nie b\u0119dziesz musia\u0142 stawia\u0107 prawdziwych pieni\u0119dzy. Wszystkie darmowe spiny w Wolf Gold Power Jackpot realizowane s\u0105 na koszt kasyna w walucie wewn\u0119trznej. Jest ona dopisywana do konta natychmiast po rozpocz\u0119ciu okresu pr\u00f3bnego.<\/p>\n<p>\u015arodki te mog\u0105 by\u0107 wykorzystane tylko w grze. Wyp\u0142acenie ich na kart\u0119 lub do portfela internetowego nic nie da. Kasyno nie daje wyp\u0142at nawet przy wygraniu maksymalnych nagr\u00f3d. Zewn\u0119trznie demo wygl\u0105da na bezu\u017cyteczne. Jednak ten tryb rozwi\u0105zuje inne wa\u017cne problemy. Z jego pomoc\u0105 mo\u017cliwe jest:<\/p>\n<ul>\n<li>Zapoznaj si\u0119 z funkcjami slotu. Gracz mo\u017ce zapami\u0119ta\u0107 podstawowe kombinacje, aby zrozumie\u0107 zasady dzia\u0142ania urz\u0105dzenia, a tak\u017ce sposoby prowadzenia automatycznych gier.<\/li>\n<li>Przetestowanie strategii obstawiania. W Internecie mo\u017cna znale\u017a\u0107 wiele r\u00f3\u017cnych taktyk. Niekt\u00f3re z nich dzia\u0142aj\u0105, inne nie dadz\u0105 znacz\u0105cego zysku. Testowanie tych strategii za prawdziwe pieni\u0105dze jest kosztowne. Lepiej jest skorzysta\u0107 z okresu pr\u00f3bnego.<\/li>\n<li>Bawcie si\u0119 dobrze, bawcie si\u0119 dobrze.<\/li>\n<\/ul>\n<p>Czasami u\u017cytkownikom ko\u0144cz\u0105 si\u0119 darmowe monety. W\u00f3wczas klient firmy musi ponownie uruchomi\u0107 slot.<\/p>\n<h4 style=\"text-align: center;\"><strong>Jak pobra\u0107 Wolf Gold Power Jackpot<\/strong><\/h4>\n<p>Studio nie wyda\u0142o osobnego oprogramowania dla tego rozwoju. Dlatego Wolf Gold Power Jackpot nie mo\u017cna pobra\u0107 na smartfony i tablety. Jednak u\u017cytkownicy mog\u0105 pobra\u0107 oprogramowanie kasyna.<\/p>\n<p>Procedura pobierania zale\u017cy od rodzaju systemu operacyjnego. Aby pobra\u0107 oprogramowanie na smartfony z systemem Android, nale\u017cy skorzysta\u0107 z plik\u00f3w APK. Aby postawi\u0107 na Wolf Gold Power Jackpot, aplikacja kasyna jest pobierana w ci\u0105gu kilku minut:<\/p>\n<ol>\n<li>Otwierasz stron\u0119 internetow\u0105 marki hazardowej.<\/li>\n<li>Znajd\u017a sekcj\u0119 z aplikacjami.<\/li>\n<li>Pobierasz plik APK.<\/li>\n<li>Otw\u00f3rz ustawienia swojego smartfona.<\/li>\n<li>Zezwalaj na instalacj\u0119 oprogramowania innych firm.<\/li>\n<li>Otw\u00f3rz folder z plikami do pobrania.<\/li>\n<li>Kliknij na pobrany plik.<\/li>\n<\/ol>\n<p><img decoding=\"async\" class=\"aligncenter size-full wp-image-574\" src=\"https:\/\/wolf-gold-slot-review.com\/wp-content\/uploads\/2023\/02\/wolf-gold-power-jackpot-app.jpg\" alt=\"Aplikacja Wolf Gold power jackpot\" width=\"436\" height=\"731\" srcset=\"\/\/wolf-gold-slot-review.com\/wp-content\/uploads\/2023\/02\/wolf-gold-power-jackpot-app.jpg 436w, \/\/wolf-gold-slot-review.com\/wp-content\/uploads\/2023\/02\/wolf-gold-power-jackpot-app-179x300.jpg 179w, \/\/wolf-gold-slot-review.com\/wp-content\/uploads\/2023\/02\/wolf-gold-power-jackpot-app-89x150.jpg 89w, \/\/wolf-gold-slot-review.com\/wp-content\/uploads\/2023\/02\/wolf-gold-power-jackpot-app-7x12.jpg 7w\" sizes=\"(max-width: 436px) 100vw, 436px\" \/><\/p>\n<p>Telefon sam zainstaluje aplikacj\u0119 kasyna. Potem wystarczy uruchomi\u0107 program, zalogowa\u0107 si\u0119 do osobistego gabinetu i zacz\u0105\u0107 gra\u0107.<br \/>\nAby zagra\u0107 w Wolf Gold Power Jackpot mo\u017cna r\u00f3wnie\u017c pobra\u0107 aplikacj\u0119 na smartfony z systemem iOS. W tym przypadku pobranie odbywa si\u0119 poprzez AppStore.<br \/>\nNie jest r\u00f3wnie\u017c mo\u017cliwe oddzielne umieszczenie Wolf Gold Power Jackpot na komputerze. Gracze mog\u0105 jedynie zainstalowa\u0107 oprogramowanie kasyna na urz\u0105dzeniu. Nie ma \u017cadnych innych opcji.<\/p>\n<h4 style=\"text-align: center;\"><strong>Wolf Gold Power Jackpot rejestracja: co jest potrzebne, jak za\u0142o\u017cy\u0107 konto<\/strong><\/h4>\n<p>Gra\u0107 w Wolf Gold Power Jackpot bez rejestracji mo\u017cesz tylko w wersji demo. Zak\u0142ad na pieni\u0105dze bez tworzenia konta nie b\u0119dzie dzia\u0142a\u0107. Tworzenie profilu w slocie osobno nie b\u0119dzie musia\u0142o. Klient musi jedynie za\u0142o\u017cy\u0107 konto na stronie kasyna. Procedura jest etapowa:<\/p>\n<ol>\n<li>Wejd\u017a na stron\u0119 internetow\u0105 operatora.<\/li>\n<li>Kliknij na przycisk, aby si\u0119 zarejestrowa\u0107.<\/li>\n<li>Wype\u0142nij formularz zg\u0142oszeniowy.<\/li>\n<li>Wy\u015blij zg\u0142oszenie do rozpatrzenia.&nbsp;<\/li>\n<\/ol>\n<p>Zasady rejestracji r\u00f3\u017cni\u0105 si\u0119 mi\u0119dzy firmami. Dlatego radzimy wcze\u015bniej zapozna\u0107 si\u0119 z wymaganiami serwis\u00f3w. Po otrzymaniu profilu, zalecamy potwierdzenie konta. Aby to zrobi\u0107, konieczne jest dostarczenie zdj\u0119\u0107 wymaganych dokument\u00f3w.<\/p>\n<h4 style=\"text-align: center;\">Strategia gry w Wolf Gold Power Jackpot<\/h4>\n<p>Automat ma dobry RTP i \u015bredni poziom zmienno\u015bci. Ale strategia obstawiania powinna by\u0107 skorelowana z g\u0142\u00f3wn\u0105 cech\u0105 slotu - jackpotem. Zalecane postawienie minimalnej kwoty i czekanie na super nagrod\u0119. Firma oferuje 4 warianty losowa\u0144, wi\u0119c szanse na zdobycie nagr\u00f3d s\u0105 bardzo wysokie.<\/p>\n<h4 style=\"text-align: center;\"><strong>Wolf Gold Power Jackpot opinie: nasza opinia o grze<\/strong><\/h4>\n<p>Slot oferuje klientom, unikaln\u0105 mechanik\u0119. Mo\u017cliwo\u015b\u0107 podzia\u0142u Power Jackpota pomi\u0119dzy 1000 graczy to g\u0142\u00f3wna cecha slotu. Pragmatic Play cz\u0119sto losuje du\u017ce nagrody. Dlatego radzimy ka\u017cdemu hazardzi\u015bcie, aby bardziej aktywnie obstawia\u0142 w tej grze. To pomo\u017ce osi\u0105gn\u0105\u0107 imponuj\u0105ce wyniki. Wyjd\u017a w nagrodach uda si\u0119 nawet je\u015bli jackpot poszed\u0142 do innego u\u017cytkownika.<\/p>","protected":false},"excerpt":{"rendered":"<p>Wolf Gold Power Jackpot slot play online for money Wolf Gold Power Jackpot slot for money from the studio Pragmatic Play appeared on the basis of the popular series Wolf Gold. The developers have not changed the plot, but customers have a logical continuation of the famous machine. Gamblers are waiting for excellent mechanics and &hellip;<\/p>\n<p class=\"read-more\"> <a class=\"\" href=\"https:\/\/wolf-gold-slot-review.com\/pl\/wolf-gold-power-jackpot-slot\/\"> <span class=\"screen-reader-text\">Wolf Gold Power Jackpot<\/span> Read More &raquo;<\/a><\/p>","protected":false},"author":1,"featured_media":565,"parent":0,"menu_order":0,"comment_status":"closed","ping_status":"closed","template":"","meta":{"site-sidebar-layout":"default","site-content-layout":"default","ast-global-header-display":"","ast-main-header-display":"","ast-hfb-above-header-display":"","ast-hfb-below-header-display":"","ast-hfb-mobile-header-display":"","site-post-title":"disabled","ast-breadcrumbs-content":"","ast-featured-img":"disabled","footer-sml-layout":"","theme-transparent-header-meta":"default","adv-header-id-meta":"","stick-header-meta":"","header-above-stick-meta":"","header-main-stick-meta":"","header-below-stick-meta":"","footnotes":""},"class_list":["post-543","page","type-page","status-publish","has-post-thumbnail","hentry"],"yoast_head":"<!-- This site is optimized with the Yoast SEO Premium plugin v19.5 (Yoast SEO v19.10) - https:\/\/yoast.com\/wordpress\/plugins\/seo\/ -->\n<title>Wolf Gold Power Jackpot slot play online for money<\/title>\n<meta name=\"description\" content=\"Wolf Gold Power Jackpot official site about the slot. Strategies and tactics, how to play for real money in online casinos. Get your bonus\" \/>\n<meta name=\"robots\" content=\"index, follow, max-snippet:-1, max-image-preview:large, max-video-preview:-1\" \/>\n<link rel=\"canonical\" href=\"https:\/\/wolf-gold-slot-review.com\/pl\/wolf-gold-power-jackpot-slot\/\" \/>\n<meta property=\"og:locale\" content=\"pl_PL\" \/>\n<meta property=\"og:type\" content=\"article\" \/>\n<meta property=\"og:title\" content=\"Wolf Gold Power Jackpot\" \/>\n<meta property=\"og:description\" content=\"Wolf Gold Power Jackpot slot play online for money Wolf Gold Power Jackpot slot for money from the studio Pragmatic Play appeared on the basis of the\" \/>\n<meta property=\"og:url\" content=\"https:\/\/wolf-gold-slot-review.com\/pl\/wolf-gold-power-jackpot-slot\/\" \/>\n<meta property=\"og:site_name\" content=\"Wolf Gold Slot in Australia - Play game online for money\" \/>\n<meta property=\"article:modified_time\" content=\"2025-02-04T17:03:52+00:00\" \/>\n<meta property=\"og:image\" content=\"https:\/\/wolf-gold-slot-review.com\/wp-content\/uploads\/2023\/02\/wolf-gold-power-jackpot-site.jpg\" \/>\n\t<meta property=\"og:image:width\" content=\"500\" \/>\n\t<meta property=\"og:image:height\" content=\"500\" \/>\n\t<meta property=\"og:image:type\" content=\"image\/jpeg\" \/>\n<meta name=\"twitter:card\" content=\"summary_large_image\" \/>\n<meta name=\"twitter:label1\" content=\"Szacowany czas czytania\" \/>\n\t<meta name=\"twitter:data1\" content=\"11 minut\" \/>\n<!-- \/ Yoast SEO Premium plugin. -->","yoast_head_json":{"title":"Wolf Gold Power Jackpot slot play online for money","description":"Wolf Gold Power Jackpot official site about the slot. Strategies and tactics, how to play for real money in online casinos. Get your bonus","robots":{"index":"index","follow":"follow","max-snippet":"max-snippet:-1","max-image-preview":"max-image-preview:large","max-video-preview":"max-video-preview:-1"},"canonical":"https:\/\/wolf-gold-slot-review.com\/pl\/wolf-gold-power-jackpot-slot\/","og_locale":"pl_PL","og_type":"article","og_title":"Wolf Gold Power Jackpot","og_description":"Wolf Gold Power Jackpot slot play online for money Wolf Gold Power Jackpot slot for money from the studio Pragmatic Play appeared on the basis of the","og_url":"https:\/\/wolf-gold-slot-review.com\/pl\/wolf-gold-power-jackpot-slot\/","og_site_name":"Wolf Gold Slot in Australia - Play game online for money","article_modified_time":"2025-02-04T17:03:52+00:00","og_image":[{"width":500,"height":500,"url":"https:\/\/wolf-gold-slot-review.com\/wp-content\/uploads\/2023\/02\/wolf-gold-power-jackpot-site.jpg","type":"image\/jpeg"}],"twitter_card":"summary_large_image","twitter_misc":{"Szacowany czas czytania":"11 minut"},"schema":{"@context":"https:\/\/schema.org","@graph":[{"@type":"WebPage","@id":"https:\/\/wolf-gold-slot-review.com\/wolf-gold-power-jackpot-slot\/","url":"https:\/\/wolf-gold-slot-review.com\/wolf-gold-power-jackpot-slot\/","name":"Wolf Gold Power Jackpot slot play online for money","isPartOf":{"@id":"https:\/\/wolf-gold-slot-review.com\/#website"},"datePublished":"2023-02-20T19:06:07+00:00","dateModified":"2025-02-04T17:03:52+00:00","description":"Wolf Gold Power Jackpot official site about the slot. Strategies and tactics, how to play for real money in online casinos. Get your bonus","breadcrumb":{"@id":"https:\/\/wolf-gold-slot-review.com\/wolf-gold-power-jackpot-slot\/#breadcrumb"},"inLanguage":"pl-PL","potentialAction":[{"@type":"ReadAction","target":["https:\/\/wolf-gold-slot-review.com\/wolf-gold-power-jackpot-slot\/"]}]},{"@type":"BreadcrumbList","@id":"https:\/\/wolf-gold-slot-review.com\/wolf-gold-power-jackpot-slot\/#breadcrumb","itemListElement":[{"@type":"ListItem","position":1,"name":"Home","item":"https:\/\/wolf-gold-slot-review.com\/"},{"@type":"ListItem","position":2,"name":"Wolf Gold Power Jackpot"}]},{"@type":"WebSite","@id":"https:\/\/wolf-gold-slot-review.com\/#website","url":"https:\/\/wolf-gold-slot-review.com\/","name":"Wolf Gold Slot in Australia - Play game online for money","description":"Wolf Gold Slot - Official site in Australia","publisher":{"@id":"https:\/\/wolf-gold-slot-review.com\/#organization"},"alternateName":"Wolf Gold Slot","potentialAction":[{"@type":"SearchAction","target":{"@type":"EntryPoint","urlTemplate":"https:\/\/wolf-gold-slot-review.com\/?s={search_term_string}"},"query-input":"required name=search_term_string"}],"inLanguage":"pl-PL"},{"@type":"Organization","@id":"https:\/\/wolf-gold-slot-review.com\/#organization","name":"Wolf Gold Slot in Australia - Play game online for money","alternateName":"Wolf Gold Slot","url":"https:\/\/wolf-gold-slot-review.com\/","logo":{"@type":"ImageObject","inLanguage":"pl-PL","@id":"https:\/\/wolf-gold-slot-review.com\/#\/schema\/logo\/image\/","url":"https:\/\/wolf-gold-slot-review.com\/wp-content\/uploads\/2022\/11\/cropped-logowolf.png","contentUrl":"https:\/\/wolf-gold-slot-review.com\/wp-content\/uploads\/2022\/11\/cropped-logowolf.png","width":265,"height":100,"caption":"Wolf Gold Slot in Australia - Play game online for money"},"image":{"@id":"https:\/\/wolf-gold-slot-review.com\/#\/schema\/logo\/image\/"}}]}},"_links":{"self":[{"href":"https:\/\/wolf-gold-slot-review.com\/pl\/wp-json\/wp\/v2\/pages\/543","targetHints":{"allow":["GET"]}}],"collection":[{"href":"https:\/\/wolf-gold-slot-review.com\/pl\/wp-json\/wp\/v2\/pages"}],"about":[{"href":"https:\/\/wolf-gold-slot-review.com\/pl\/wp-json\/wp\/v2\/types\/page"}],"author":[{"embeddable":true,"href":"https:\/\/wolf-gold-slot-review.com\/pl\/wp-json\/wp\/v2\/users\/1"}],"replies":[{"embeddable":true,"href":"https:\/\/wolf-gold-slot-review.com\/pl\/wp-json\/wp\/v2\/comments?post=543"}],"version-history":[{"count":9,"href":"https:\/\/wolf-gold-slot-review.com\/pl\/wp-json\/wp\/v2\/pages\/543\/revisions"}],"predecessor-version":[{"id":684,"href":"https:\/\/wolf-gold-slot-review.com\/pl\/wp-json\/wp\/v2\/pages\/543\/revisions\/684"}],"wp:featuredmedia":[{"embeddable":true,"href":"https:\/\/wolf-gold-slot-review.com\/pl\/wp-json\/wp\/v2\/media\/565"}],"wp:attachment":[{"href":"https:\/\/wolf-gold-slot-review.com\/pl\/wp-json\/wp\/v2\/media?parent=543"}],"curies":[{"name":"wp","href":"https:\/\/api.w.org\/{rel}","templated":true}]}}