{"id":619,"date":"2023-02-21T00:29:20","date_gmt":"2023-02-21T00:29:20","guid":{"rendered":"https:\/\/wolf-gold-slot-review.com\/?page_id=619"},"modified":"2025-02-04T17:03:46","modified_gmt":"2025-02-04T17:03:46","slug":"wolf-gold-1-million","status":"publish","type":"page","link":"https:\/\/wolf-gold-slot-review.com\/pl\/wolf-gold-1-milion\/","title":{"rendered":"Wolf Gold 1 Million"},"content":{"rendered":"<h1 style=\"text-align: center;\"><strong>Wolf Gold 1 Million slot - zagraj online na prawdziwe pieni\u0105dze online<\/strong><\/h1>\n<p>Wolf Gold 1 Million to bardzo wci\u0105gaj\u0105ca i nagradzaj\u0105ca gra slotowa, kt\u00f3ra obiecuje graczom niezapomniane wra\u017cenia z gry. Dowiedz si\u0119 wi\u0119cej o tej grze i jak mo\u017cesz zmaksymalizowa\u0107 swoje wygrane.<\/p>\n<p style=\"text-align: center;\"><a class=\"fasc-button fasc-size-large fasc-type-glossy fasc-rounded-medium\" style=\"background-color: #33809e; color: #ffffff;\" href=\"https:\/\/wolf-gold-slot-review.com\/pl\/play-wolf-gold-pin-up\/\">Zagraj w Wolf Gold PinUp<\/a> &nbsp;<a class=\"fasc-button fasc-size-large fasc-type-glossy fasc-rounded-medium\" style=\"background-color: #33809e; color: #ffffff;\" href=\"https:\/\/wolf-gold-slot-review.com\/pl\/play-wolf-gold-1win\/\">Zagraj w Wolf Gold 1win<\/a> &nbsp;<a class=\"fasc-button fasc-size-large fasc-type-glossy fasc-rounded-medium\" style=\"background-color: #33809e; color: #ffffff;\" href=\"https:\/\/wolf-gold-slot-review.com\/pl\/play-wolf-gold-parimatch\/\">Zagraj w Wolf Gold Parimatch <\/a>&nbsp; <a class=\"fasc-button fasc-size-large fasc-type-glossy fasc-rounded-medium\" style=\"background-color: #33809e; color: #ffffff;\" href=\"https:\/\/wolf-gold-slot-review.com\/pl\/demo-wolf-gold-slot\/\">Zagraj w demo Wolf Gold<\/a>&nbsp;<\/p>\n<p>Wolf Gold 1 Million to gra slotowa online, kt\u00f3ra szturmem zdoby\u0142a przemys\u0142 hazardowy. Dzi\u0119ki swoim ekscytuj\u0105cym funkcjom i imponuj\u0105cym wyp\u0142atom, gra sta\u0142a si\u0119 ulubie\u0144cem fan\u00f3w w\u015br\u00f3d graczy. Gra ma uk\u0142ad 5\u00d74 z 1 000 000 linii wyp\u0142at, co daje graczom szans\u0119 na wielkie wygrane.<\/p>\n<h2 style=\"text-align: center;\"><strong>Wolf Gold 1 Million: Przegl\u0105d<\/strong><\/h2>\n<p>Wolf Gold 1 Million to produkt firmy Pragmatic Play, znanego dostawcy oprogramowania w bran\u017cy gier. Gra zosta\u0142a uruchomiona w 2020 roku i od tego czasu zyska\u0142a popularno\u015b\u0107 w\u015br\u00f3d mi\u0142o\u015bnik\u00f3w gier slotowych.<\/p>\n<p><img decoding=\"async\" class=\"aligncenter wp-image-623\" src=\"https:\/\/wolf-gold-slot-review.com\/wp-content\/uploads\/2023\/02\/wolf-gold-1-million-slot-1024x509.jpg\" alt=\"Wolf Gold 1 Million slot\" width=\"680\" height=\"338\" srcset=\"\/\/wolf-gold-slot-review.com\/wp-content\/uploads\/2023\/02\/wolf-gold-1-million-slot-1024x509.jpg 1024w, \/\/wolf-gold-slot-review.com\/wp-content\/uploads\/2023\/02\/wolf-gold-1-million-slot-300x149.jpg 300w, \/\/wolf-gold-slot-review.com\/wp-content\/uploads\/2023\/02\/wolf-gold-1-million-slot-150x75.jpg 150w, \/\/wolf-gold-slot-review.com\/wp-content\/uploads\/2023\/02\/wolf-gold-1-million-slot-768x382.jpg 768w, \/\/wolf-gold-slot-review.com\/wp-content\/uploads\/2023\/02\/wolf-gold-1-million-slot-18x9.jpg 18w, \/\/wolf-gold-slot-review.com\/wp-content\/uploads\/2023\/02\/wolf-gold-1-million-slot.jpg 1094w\" sizes=\"(max-width: 680px) 100vw, 680px\" \/><\/p>\n<p>Temat gry obraca si\u0119 wok\u00f3\u0142 dzikiej przyrody, a na b\u0119bnach znajduj\u0105 si\u0119 symbole takie jak wilki, or\u0142y, bawo\u0142y i konie. Gra ma RTP na poziomie 96.5%, co jest do\u015b\u0107 imponuj\u0105ce, i ma \u015bredni\u0105 zmienno\u015b\u0107.<\/p>\n<h3 style=\"text-align: center;\"><strong>Cechy Wolf Gold 1 Million<\/strong><\/h3>\n<p>Wolf Gold 1 Million mo\u017ce pochwali\u0107 si\u0119 kilkoma funkcjami, kt\u00f3re wyr\u00f3\u017cniaj\u0105 go spo\u015br\u00f3d innych gier slotowych. Do tych cech nale\u017c\u0105:<\/p>\n<ol>\n<li>Symbole Scatter i Wild: Symbol Scatter jest reprezentowany przez dreamcatcher i mo\u017ce uruchomi\u0107 funkcj\u0119 darmowych obrot\u00f3w. Symbol jokera jest reprezentowany przez wilka i mo\u017ce zast\u0105pi\u0107 ka\u017cdy inny symbol opr\u00f3cz symbolu rozproszenia.<\/li>\n<li>Darmowe Spiny: Wyl\u0105dowanie trzech lub wi\u0119cej symboli Scatter uruchamia funkcj\u0119 darmowych obrot\u00f3w, kt\u00f3ra mo\u017ce nagrodzi\u0107 Ci\u0119 do 15 darmowych obrot\u00f3w.<\/li>\n<li>Money Re-Spin Feature: Wyl\u0105dowanie sze\u015bciu lub wi\u0119cej symboli pieni\u0119dzy na b\u0119bnach uruchamia t\u0119 funkcj\u0119. Symbole pieni\u0119dzy pozostan\u0105 na b\u0119bnach, a Ty otrzymasz trzy re-spiny, aby spr\u00f3bowa\u0107 wyl\u0105dowa\u0107 wi\u0119cej symboli pieni\u0119dzy. Ka\u017cdy nowy symbol zresetuje licznik ponownych obrot\u00f3w do trzech.<\/li>\n<\/ol>\n<p><img decoding=\"async\" class=\"aligncenter wp-image-625\" src=\"https:\/\/wolf-gold-slot-review.com\/wp-content\/uploads\/2023\/02\/wolf-gold-1-million-bonus.jpg\" alt=\"Wolf Gold 1 Million bonus\" width=\"680\" height=\"381\" srcset=\"\/\/wolf-gold-slot-review.com\/wp-content\/uploads\/2023\/02\/wolf-gold-1-million-bonus.jpg 738w, \/\/wolf-gold-slot-review.com\/wp-content\/uploads\/2023\/02\/wolf-gold-1-million-bonus-300x168.jpg 300w, \/\/wolf-gold-slot-review.com\/wp-content\/uploads\/2023\/02\/wolf-gold-1-million-bonus-150x84.jpg 150w, \/\/wolf-gold-slot-review.com\/wp-content\/uploads\/2023\/02\/wolf-gold-1-million-bonus-18x10.jpg 18w\" sizes=\"(max-width: 680px) 100vw, 680px\" \/><\/p>\n<h3 style=\"text-align: center;\"><strong>Jak gra\u0107 w Wolf Gold 1 Million?<\/strong><\/h3>\n<p>Gra w Wolf Gold 1 Million jest \u0142atwa i prosta. Gra posiada przyjazny dla u\u017cytkownika interfejs, kt\u00f3ry pozwala graczom na stawianie zak\u0142ad\u00f3w i kr\u0119cenie b\u0119bnami. Oto przewodnik krok po kroku, jak gra\u0107:<\/p>\n<ol>\n<li>Wybierz wielko\u015b\u0107 zak\u0142adu: U\u017cyj przycisk\u00f3w \"+\" i \"-\", aby zwi\u0119kszy\u0107 lub zmniejszy\u0107 rozmiar zak\u0142adu. Minimalny zak\u0142ad wynosi $0.20, a maksymalny $100.<\/li>\n<li>Spin the Reels: Kliknij na przycisk \"Spin\", aby rozpocz\u0105\u0107 gr\u0119. Mo\u017cesz r\u00f3wnie\u017c skorzysta\u0107 z funkcji \"Autoplay\", aby automatycznie obraca\u0107 b\u0119bnami.<\/li>\n<li>Wygrana: Wyl\u0105dowanie pasuj\u0105cych symboli na b\u0119bnach spowoduje wygran\u0105. Kwota wygranej zale\u017cy od symbolu i wielko\u015bci zak\u0142adu.<\/li>\n<\/ol>\n<h3 style=\"text-align: center;\"><strong>Maksymalizacja wygranych w Wolf Gold 1 Million<\/strong><\/h3>\n<p>Aby zmaksymalizowa\u0107 swoje wygrane w Wolf Gold 1 Million, musisz zrozumie\u0107 cechy gry i jak wykorzysta\u0107 je na swoj\u0105 korzy\u015b\u0107. Oto kilka wskaz\u00f3wek, kt\u00f3re pomog\u0105 Ci zmaksymalizowa\u0107 Twoje wygrane:<\/p>\n<ol>\n<li>Wykorzystaj funkcj\u0119 darmowych obrot\u00f3w: Funkcja darmowych obrot\u00f3w mo\u017ce zwi\u0119kszy\u0107 Twoje szanse na du\u017c\u0105 wygran\u0105, zw\u0142aszcza je\u015bli wyl\u0105dujesz symbolem Wild podczas darmowych obrot\u00f3w.<\/li>\n<li>Skorzystaj z funkcji Money Re-Spin: Funkcja Money Re-Spin mo\u017ce by\u0107 lukratywna, je\u015bli trafisz odpowiednie symbole. Graj do momentu, a\u017c wyl\u0105dujesz jak najwi\u0119cej symboli pieni\u0119dzy.<\/li>\n<li>Zarz\u0105dzaj swoj\u0105 pul\u0105 pieni\u0119dzy: Ustal bud\u017cet i trzymaj si\u0119 go. Nie wydawaj wi\u0119cej, ni\u017c mo\u017cesz sobie pozwoli\u0107 straci\u0107, i unikaj gonienia za stratami.<\/li>\n<\/ol>\n<p><img decoding=\"async\" class=\"aligncenter size-full wp-image-624\" src=\"https:\/\/wolf-gold-slot-review.com\/wp-content\/uploads\/2023\/02\/wolf-gold-1-million-scratch.jpg\" alt=\"Wolf Gold 1 Million Scratch\" width=\"680\" height=\"337\" srcset=\"\/\/wolf-gold-slot-review.com\/wp-content\/uploads\/2023\/02\/wolf-gold-1-million-scratch.jpg 680w, \/\/wolf-gold-slot-review.com\/wp-content\/uploads\/2023\/02\/wolf-gold-1-million-scratch-300x149.jpg 300w, \/\/wolf-gold-slot-review.com\/wp-content\/uploads\/2023\/02\/wolf-gold-1-million-scratch-150x74.jpg 150w, \/\/wolf-gold-slot-review.com\/wp-content\/uploads\/2023\/02\/wolf-gold-1-million-scratch-18x9.jpg 18w\" sizes=\"(max-width: 680px) 100vw, 680px\" \/><\/p>\n<h5 style=\"text-align: center;\"><strong>Wniosek<\/strong><\/h5>\n<p>Podsumowuj\u0105c, Wolf Gold 1 Million to ekscytuj\u0105ca i wci\u0105gaj\u0105ca gra slotowa, kt\u00f3ra obiecuje graczom niezapomniane wra\u017cenia z gry. Dzi\u0119ki swoim imponuj\u0105cym funkcjom i wyp\u0142atom, gra jest warta zagrania, zw\u0142aszcza je\u015bli jeste\u015b fanem gier slotowych.<\/p>\n<p>Aby zmaksymalizowa\u0107 swoje wygrane w grze, musisz zrozumie\u0107 cechy gry i jak je wykorzysta\u0107 na swoj\u0105 korzy\u015b\u0107. I pami\u0119taj, aby zawsze gra\u0107 odpowiedzialnie i w granicach swoich mo\u017cliwo\u015bci.<\/p>\n<p>Uwolnij wi\u0119c dreszczyk emocji w Wolf Gold 1 Million i zyskaj szans\u0119 na wielk\u0105 wygran\u0105!<\/p>\n<p>Zagraj na maksymalnym zak\u0142adzie: Wolf Gold 1 Million posiada 1 000 000 linii p\u0142atnych, co oznacza, \u017ce im wi\u0119cej linii p\u0142atnych aktywujesz, tym wi\u0119ksze masz szanse na wygran\u0105. Graj\u0105c za maksymaln\u0105 stawk\u0119, aktywujesz wszystkie linie p\u0142atne i zwi\u0119kszysz swoje szanse na wielk\u0105 wygran\u0105.<\/p>\n<p>&nbsp;<\/p>\n<h4 style=\"text-align: center;\"><strong>Najcz\u0119\u015bciej zadawane pytania o Wolf Gold 1 Million<\/strong><\/h4>\n<style>#sp-ea-620 .spcollapsing { height: 0; overflow: hidden; transition-property: height;transition-duration: 300ms;}#sp-ea-620{ position: relative; }#sp-ea-620 .ea-card{ opacity: 0;}#eap-preloader-620{ position: absolute; left: 0; top: 0; height: 100%;width: 100%; text-align: center;display: flex; align-items: center;justify-content: center;}#sp-ea-620.sp-easy-accordion>.sp-ea-single {margin-bottom: 10px; border: 1px solid #e2e2e2; }#sp-ea-620.sp-easy-accordion>.sp-ea-single>.ea-header a {color: #444;}#sp-ea-620.sp-easy-accordion>.sp-ea-single>.sp-collapse>.ea-body {background: #fff; color: #444;}#sp-ea-620.sp-easy-accordion>.sp-ea-single {background: #eee;}#sp-ea-620.sp-easy-accordion>.sp-ea-single>.ea-header a .ea-expand-icon { float: left; color: #444;font-size: 16px;}<\/style><div id=\"sp_easy_accordion-1778591212\">\n<div id=\"sp-ea-620\" class=\"sp-ea-one sp-easy-accordion\" data-ea-active=\"ea-click\" data-ea-mode=\"vertical\" data-preloader=\"1\" data-scroll-active-item=\"\" data-offset-to-scroll=\"0\">\n\n\t<div id=\"eap-preloader-620\" class=\"accordion-preloader\">\n\t\t<img decoding=\"async\" src=\"https:\/\/wolf-gold-slot-review.com\/wp-content\/plugins\/easy-accordion-free\/public\/assets\/ea_loader.svg\" alt=\"Obraz \u0142adunku\"\/>\n\t<\/div>\n\t<!-- Start accordion card div. -->\n<div class=\"ea-card ea-expand sp-ea-single\">\n\t<!-- Start accordion header. -->\n\t<h3 class=\"ea-header\">\n\t\t<!-- Add anchor tag for header. -->\n\t\t<a class=\"collapsed\" id=\"ea-header-6200\" role=\"button\" data-sptoggle=\"spcollapse\" data-sptarget=\"#collapse6200\" aria-controls=\"collapse6200\" href=\"#\"  aria-expanded=\"true\" tabindex=\"0\">\n\t\t<i aria-hidden=\"true\" role=\"presentation\" class=\"ea-expand-icon eap-icon-ea-expand-minus\"><\/i> Czy Wolf Gold 1 Million jest legaln\u0105 gr\u0105?\t\t<\/a> <!-- Close anchor tag for header. -->\n\t<\/h3>\t<!-- Close header tag. -->\n\t<!-- Start collapsible content div. -->\n\t<div class=\"sp-collapse spcollapse collapsed show\" id=\"collapse6200\" data-parent=\"#sp-ea-620\" role=\"region\" aria-labelledby=\"ea-header-6200\">  <!-- Content div. -->\n\t\t<div class=\"ea-body\">\n\t\t<p><em>Tak, Wolf Gold 1 Million to legalna gra wyprodukowana przez Pragmatic Play, renomowanego dostawc\u0119 oprogramowania w bran\u017cy gier.<\/em><\/p>\n\t\t<\/div> <!-- Close content div. -->\n\t<\/div> <!-- Close collapse div. -->\n<\/div> <!-- Close card div. -->\n<!-- Start accordion card div. -->\n<div class=\"ea-card ea-expand sp-ea-single\">\n\t<!-- Start accordion header. -->\n\t<h3 class=\"ea-header\">\n\t\t<!-- Add anchor tag for header. -->\n\t\t<a class=\"collapsed\" id=\"ea-header-6201\" role=\"button\" data-sptoggle=\"spcollapse\" data-sptarget=\"#collapse6201\" aria-controls=\"collapse6201\" href=\"#\"  aria-expanded=\"true\" tabindex=\"0\">\n\t\t<i aria-hidden=\"true\" role=\"presentation\" class=\"ea-expand-icon eap-icon-ea-expand-minus\"><\/i> Czy Wolf Gold 1 Million jest dost\u0119pny na urz\u0105dzeniach mobilnych?\t\t<\/a> <!-- Close anchor tag for header. -->\n\t<\/h3>\t<!-- Close header tag. -->\n\t<!-- Start collapsible content div. -->\n\t<div class=\"sp-collapse spcollapse collapsed show\" id=\"collapse6201\" data-parent=\"#sp-ea-620\" role=\"region\" aria-labelledby=\"ea-header-6201\">  <!-- Content div. -->\n\t\t<div class=\"ea-body\">\n\t\t<p><em>Tak, mo\u017cesz gra\u0107 w Wolf Gold 1 Million na swoich urz\u0105dzeniach mobilnych. Gra jest zoptymalizowana zar\u00f3wno dla urz\u0105dze\u0144 z systemem Android, jak i iOS.<\/em><\/p>\n\t\t<\/div> <!-- Close content div. -->\n\t<\/div> <!-- Close collapse div. -->\n<\/div> <!-- Close card div. -->\n<!-- Start accordion card div. -->\n<div class=\"ea-card ea-expand sp-ea-single\">\n\t<!-- Start accordion header. -->\n\t<h3 class=\"ea-header\">\n\t\t<!-- Add anchor tag for header. -->\n\t\t<a class=\"collapsed\" id=\"ea-header-6202\" role=\"button\" data-sptoggle=\"spcollapse\" data-sptarget=\"#collapse6202\" aria-controls=\"collapse6202\" href=\"#\"  aria-expanded=\"true\" tabindex=\"0\">\n\t\t<i aria-hidden=\"true\" role=\"presentation\" class=\"ea-expand-icon eap-icon-ea-expand-minus\"><\/i> Czy mog\u0119 gra\u0107 w Wolf Gold 1 Million za darmo?\t\t<\/a> <!-- Close anchor tag for header. -->\n\t<\/h3>\t<!-- Close header tag. -->\n\t<!-- Start collapsible content div. -->\n\t<div class=\"sp-collapse spcollapse collapsed show\" id=\"collapse6202\" data-parent=\"#sp-ea-620\" role=\"region\" aria-labelledby=\"ea-header-6202\">  <!-- Content div. -->\n\t\t<div class=\"ea-body\">\n\t\t<p><em>Tak, mo\u017cesz zagra\u0107 w Wolf Gold 1 Million za darmo w kilku kasynach online. Graj\u0105c w wersj\u0119 demo b\u0119dziesz mia\u0142 szans\u0119 przetestowa\u0107 funkcje gry i zapozna\u0107 si\u0119 z jej rozgrywk\u0105.<\/em><\/p>\n\t\t<\/div> <!-- Close content div. -->\n\t<\/div> <!-- Close collapse div. -->\n<\/div> <!-- Close card div. -->\n<!-- Start accordion card div. -->\n<div class=\"ea-card ea-expand sp-ea-single\">\n\t<!-- Start accordion header. -->\n\t<h3 class=\"ea-header\">\n\t\t<!-- Add anchor tag for header. -->\n\t\t<a class=\"collapsed\" id=\"ea-header-6203\" role=\"button\" data-sptoggle=\"spcollapse\" data-sptarget=\"#collapse6203\" aria-controls=\"collapse6203\" href=\"#\"  aria-expanded=\"true\" tabindex=\"0\">\n\t\t<i aria-hidden=\"true\" role=\"presentation\" class=\"ea-expand-icon eap-icon-ea-expand-minus\"><\/i> Jak wygra\u0107 w Wolf Gold 1 Million?\t\t<\/a> <!-- Close anchor tag for header. -->\n\t<\/h3>\t<!-- Close header tag. -->\n\t<!-- Start collapsible content div. -->\n\t<div class=\"sp-collapse spcollapse collapsed show\" id=\"collapse6203\" data-parent=\"#sp-ea-620\" role=\"region\" aria-labelledby=\"ea-header-6203\">  <!-- Content div. -->\n\t\t<div class=\"ea-body\">\n\t\t<p><em>Wynik rundy w <span class=\"search-highlight\">Wolf Gold<\/span>\u00a01 Million jest okre\u015blany przez algorytmy matematyczne, kt\u00f3re pozwalaj\u0105 wszystkim graczom na wygran\u0105. Odpowiednio, aby otrzyma\u0107 wyp\u0142at\u0119, trzeba kr\u0119ci\u0107 b\u0119bnami i liczy\u0107 na szcz\u0119\u015bcie. Graj\u0105c w sprawdzonym kasynie, szanse na wygran\u0105 b\u0119d\u0105 takie same dla wszystkich u\u017cytkownik\u00f3w.<\/em><\/p>\n\t\t<\/div> <!-- Close content div. -->\n\t<\/div> <!-- Close collapse div. -->\n<\/div> <!-- Close card div. -->\n<!-- Start accordion card div. -->\n<div class=\"ea-card ea-expand sp-ea-single\">\n\t<!-- Start accordion header. -->\n\t<h3 class=\"ea-header\">\n\t\t<!-- Add anchor tag for header. -->\n\t\t<a class=\"collapsed\" id=\"ea-header-6204\" role=\"button\" data-sptoggle=\"spcollapse\" data-sptarget=\"#collapse6204\" aria-controls=\"collapse6204\" href=\"#\"  aria-expanded=\"true\" tabindex=\"0\">\n\t\t<i aria-hidden=\"true\" role=\"presentation\" class=\"ea-expand-icon eap-icon-ea-expand-minus\"><\/i> Jakie jest RTP Wolf Gold?\t\t<\/a> <!-- Close anchor tag for header. -->\n\t<\/h3>\t<!-- Close header tag. -->\n\t<!-- Start collapsible content div. -->\n\t<div class=\"sp-collapse spcollapse collapsed show\" id=\"collapse6204\" data-parent=\"#sp-ea-620\" role=\"region\" aria-labelledby=\"ea-header-6204\">  <!-- Content div. -->\n\t\t<div class=\"ea-body\">\n\t\t<p><em>Wolf Gold <b>RTP rate wynosi 96.01%<\/b>. Jest to do\u015b\u0107 przeci\u0119tne jak na slot online. Wygrane kombinacje trafiaj\u0105 si\u0119 do\u015b\u0107 cz\u0119sto, ale wi\u0119ksze pojawiaj\u0105 si\u0119 w 2 funkcjach bonusowych.<\/em><\/p>\n\t\t<\/div> <!-- Close content div. -->\n\t<\/div> <!-- Close collapse div. -->\n<\/div> <!-- Close card div. -->\n<script type=\"application\/ld+json\">{\n    \"@context\": \"https:\\\/\\\/schema.org\",\n    \"@type\": \"FAQPage\",\n    \"mainEntity\": [\n        {\n            \"@type\": \"Question\",\n            \"name\": \"Is Wolf Gold 1 Million a legitimate game?\",\n            \"acceptedAnswer\": {\n                \"@type\": \"Answer\",\n                \"text\": \"<em>Yes, Wolf Gold 1 Million is a legitimate game produced by Pragmatic Play, a reputable software provider in the gaming industry.<\\\/em>\"\n            }\n        },\n        {\n            \"@type\": \"Question\",\n            \"name\": \"Is Wolf Gold 1 Million available for mobile devices?\",\n            \"acceptedAnswer\": {\n                \"@type\": \"Answer\",\n                \"text\": \"<em>Yes, you can play Wolf Gold 1 Million on your mobile devices. The game is optimized for both Android and iOS devices.<\\\/em>\"\n            }\n        },\n        {\n            \"@type\": \"Question\",\n            \"name\": \"Can I play Wolf Gold 1 Million for free?\",\n            \"acceptedAnswer\": {\n                \"@type\": \"Answer\",\n                \"text\": \"<em>Yes, you can play Wolf Gold 1 Million for free at several online casinos. Playing the demo version will give you a chance to test the game's features and familiarize yourself with its gameplay.<\\\/em>\"\n            }\n        },\n        {\n            \"@type\": \"Question\",\n            \"name\": \"How do I win at Wolf Gold 1 Million?\",\n            \"acceptedAnswer\": {\n                \"@type\": \"Answer\",\n                \"text\": \"<em>The outcome of the round in Wolf Gold\\u00a01 Million is determined by mathematical algorithms that allow all players to win. Accordingly, to get the payout, you need to spin the reels and hope for luck. When playing in a proven casino, the chances of winning will be the same for all users.<\\\/em>\"\n            }\n        },\n        {\n            \"@type\": \"Question\",\n            \"name\": \"What is the Wolf Gold RTP?\",\n            \"acceptedAnswer\": {\n                \"@type\": \"Answer\",\n                \"text\": \"<em>Wolf Gold<b>RTP rate is 96.01%<\\\/b>. This is pretty average for an online video slot. You will get winning combinations pretty frequently but bigger ones will come in the 2 bonus features.<\\\/em>\"\n            }\n        }\n    ]\n}<\/script><\/div>\n<\/div>","protected":false},"excerpt":{"rendered":"<p>Wolf Gold 1 Million slot &#8211; play online for real money online Wolf Gold 1 Million is a highly engaging and rewarding slot game that promises players an unforgettable gaming experience. Learn more about this game and how you can maximize your winnings. Play Wolf Gold PinUp &nbsp;Play Wolf Gold 1win &nbsp;Play Wolf Gold Parimatch &hellip;<\/p>\n<p class=\"read-more\"> <a class=\"\" href=\"https:\/\/wolf-gold-slot-review.com\/pl\/wolf-gold-1-milion\/\"> <span class=\"screen-reader-text\">Wolf Gold 1 Million<\/span> Read More &raquo;<\/a><\/p>","protected":false},"author":1,"featured_media":626,"parent":0,"menu_order":0,"comment_status":"closed","ping_status":"closed","template":"","meta":{"site-sidebar-layout":"default","site-content-layout":"default","ast-global-header-display":"","ast-main-header-display":"","ast-hfb-above-header-display":"","ast-hfb-below-header-display":"","ast-hfb-mobile-header-display":"","site-post-title":"disabled","ast-breadcrumbs-content":"","ast-featured-img":"disabled","footer-sml-layout":"","theme-transparent-header-meta":"default","adv-header-id-meta":"","stick-header-meta":"","header-above-stick-meta":"","header-main-stick-meta":"","header-below-stick-meta":"","footnotes":""},"class_list":["post-619","page","type-page","status-publish","has-post-thumbnail","hentry"],"yoast_head":"<!-- This site is optimized with the Yoast SEO Premium plugin v19.5 (Yoast SEO v19.10) - https:\/\/yoast.com\/wordpress\/plugins\/seo\/ -->\n<title>Wolf Gold 1 Million slot - play online for real money online<\/title>\n<meta name=\"description\" content=\"Wolf Gold 1 Million is a highly engaging and rewarding slot game that promises players an unforgettable gaming experience. Get your bonus now\" \/>\n<meta name=\"robots\" content=\"index, follow, max-snippet:-1, max-image-preview:large, max-video-preview:-1\" \/>\n<link rel=\"canonical\" href=\"https:\/\/wolf-gold-slot-review.com\/pl\/wolf-gold-1-milion\/\" \/>\n<meta property=\"og:locale\" content=\"pl_PL\" \/>\n<meta property=\"og:type\" content=\"article\" \/>\n<meta property=\"og:title\" content=\"Wolf Gold 1 Million\" \/>\n<meta property=\"og:description\" content=\"Wolf Gold 1 Million slot - play online for real money online Wolf Gold 1 Million is a highly engaging and rewarding slot game that promises players an\" \/>\n<meta property=\"og:url\" content=\"https:\/\/wolf-gold-slot-review.com\/pl\/wolf-gold-1-milion\/\" \/>\n<meta property=\"og:site_name\" content=\"Wolf Gold Slot in Australia - Play game online for money\" \/>\n<meta property=\"article:modified_time\" content=\"2025-02-04T17:03:46+00:00\" \/>\n<meta property=\"og:image\" content=\"https:\/\/wolf-gold-slot-review.com\/wp-content\/uploads\/2023\/02\/wolf-gold-1-million-site.jpg\" \/>\n\t<meta property=\"og:image:width\" content=\"900\" \/>\n\t<meta property=\"og:image:height\" content=\"900\" \/>\n\t<meta property=\"og:image:type\" content=\"image\/jpeg\" \/>\n<meta name=\"twitter:card\" content=\"summary_large_image\" \/>\n<meta name=\"twitter:label1\" content=\"Szacowany czas czytania\" \/>\n\t<meta name=\"twitter:data1\" content=\"5 minut\" \/>\n<!-- \/ Yoast SEO Premium plugin. -->","yoast_head_json":{"title":"Wolf Gold 1 Million slot - play online for real money online","description":"Wolf Gold 1 Million is a highly engaging and rewarding slot game that promises players an unforgettable gaming experience. Get your bonus now","robots":{"index":"index","follow":"follow","max-snippet":"max-snippet:-1","max-image-preview":"max-image-preview:large","max-video-preview":"max-video-preview:-1"},"canonical":"https:\/\/wolf-gold-slot-review.com\/pl\/wolf-gold-1-milion\/","og_locale":"pl_PL","og_type":"article","og_title":"Wolf Gold 1 Million","og_description":"Wolf Gold 1 Million slot - play online for real money online Wolf Gold 1 Million is a highly engaging and rewarding slot game that promises players an","og_url":"https:\/\/wolf-gold-slot-review.com\/pl\/wolf-gold-1-milion\/","og_site_name":"Wolf Gold Slot in Australia - Play game online for money","article_modified_time":"2025-02-04T17:03:46+00:00","og_image":[{"width":900,"height":900,"url":"https:\/\/wolf-gold-slot-review.com\/wp-content\/uploads\/2023\/02\/wolf-gold-1-million-site.jpg","type":"image\/jpeg"}],"twitter_card":"summary_large_image","twitter_misc":{"Szacowany czas czytania":"5 minut"},"schema":{"@context":"https:\/\/schema.org","@graph":[{"@type":"WebPage","@id":"https:\/\/wolf-gold-slot-review.com\/wolf-gold-1-million\/","url":"https:\/\/wolf-gold-slot-review.com\/wolf-gold-1-million\/","name":"Wolf Gold 1 Million slot - play online for real money online","isPartOf":{"@id":"https:\/\/wolf-gold-slot-review.com\/#website"},"datePublished":"2023-02-21T00:29:20+00:00","dateModified":"2025-02-04T17:03:46+00:00","description":"Wolf Gold 1 Million is a highly engaging and rewarding slot game that promises players an unforgettable gaming experience. Get your bonus now","breadcrumb":{"@id":"https:\/\/wolf-gold-slot-review.com\/wolf-gold-1-million\/#breadcrumb"},"inLanguage":"pl-PL","potentialAction":[{"@type":"ReadAction","target":["https:\/\/wolf-gold-slot-review.com\/wolf-gold-1-million\/"]}]},{"@type":"BreadcrumbList","@id":"https:\/\/wolf-gold-slot-review.com\/wolf-gold-1-million\/#breadcrumb","itemListElement":[{"@type":"ListItem","position":1,"name":"Home","item":"https:\/\/wolf-gold-slot-review.com\/"},{"@type":"ListItem","position":2,"name":"Wolf Gold 1 Million"}]},{"@type":"WebSite","@id":"https:\/\/wolf-gold-slot-review.com\/#website","url":"https:\/\/wolf-gold-slot-review.com\/","name":"Wolf Gold Slot in Australia - Play game online for money","description":"Wolf Gold Slot - Official site in Australia","publisher":{"@id":"https:\/\/wolf-gold-slot-review.com\/#organization"},"alternateName":"Wolf Gold Slot","potentialAction":[{"@type":"SearchAction","target":{"@type":"EntryPoint","urlTemplate":"https:\/\/wolf-gold-slot-review.com\/?s={search_term_string}"},"query-input":"required name=search_term_string"}],"inLanguage":"pl-PL"},{"@type":"Organization","@id":"https:\/\/wolf-gold-slot-review.com\/#organization","name":"Wolf Gold Slot in Australia - Play game online for money","alternateName":"Wolf Gold Slot","url":"https:\/\/wolf-gold-slot-review.com\/","logo":{"@type":"ImageObject","inLanguage":"pl-PL","@id":"https:\/\/wolf-gold-slot-review.com\/#\/schema\/logo\/image\/","url":"https:\/\/wolf-gold-slot-review.com\/wp-content\/uploads\/2022\/11\/cropped-logowolf.png","contentUrl":"https:\/\/wolf-gold-slot-review.com\/wp-content\/uploads\/2022\/11\/cropped-logowolf.png","width":265,"height":100,"caption":"Wolf Gold Slot in Australia - Play game online for money"},"image":{"@id":"https:\/\/wolf-gold-slot-review.com\/#\/schema\/logo\/image\/"}}]}},"_links":{"self":[{"href":"https:\/\/wolf-gold-slot-review.com\/pl\/wp-json\/wp\/v2\/pages\/619","targetHints":{"allow":["GET"]}}],"collection":[{"href":"https:\/\/wolf-gold-slot-review.com\/pl\/wp-json\/wp\/v2\/pages"}],"about":[{"href":"https:\/\/wolf-gold-slot-review.com\/pl\/wp-json\/wp\/v2\/types\/page"}],"author":[{"embeddable":true,"href":"https:\/\/wolf-gold-slot-review.com\/pl\/wp-json\/wp\/v2\/users\/1"}],"replies":[{"embeddable":true,"href":"https:\/\/wolf-gold-slot-review.com\/pl\/wp-json\/wp\/v2\/comments?post=619"}],"version-history":[{"count":4,"href":"https:\/\/wolf-gold-slot-review.com\/pl\/wp-json\/wp\/v2\/pages\/619\/revisions"}],"predecessor-version":[{"id":683,"href":"https:\/\/wolf-gold-slot-review.com\/pl\/wp-json\/wp\/v2\/pages\/619\/revisions\/683"}],"wp:featuredmedia":[{"embeddable":true,"href":"https:\/\/wolf-gold-slot-review.com\/pl\/wp-json\/wp\/v2\/media\/626"}],"wp:attachment":[{"href":"https:\/\/wolf-gold-slot-review.com\/pl\/wp-json\/wp\/v2\/media?parent=619"}],"curies":[{"name":"wp","href":"https:\/\/api.w.org\/{rel}","templated":true}]}}