{"id":14,"date":"2022-11-19T15:21:57","date_gmt":"2022-11-19T15:21:57","guid":{"rendered":"https:\/\/wolf-gold-slot-review.com\/?page_id=14"},"modified":"2023-02-21T13:58:19","modified_gmt":"2023-02-21T13:58:19","slug":"download-wolf-gold-apk","status":"publish","type":"page","link":"https:\/\/wolf-gold-slot-review.com\/pt\/download-wolf-gold-apk\/","title":{"rendered":"Descarregar Wolf Gold"},"content":{"rendered":"<h1 style=\"text-align: center;\"><strong>Descarregue a aplica\u00e7\u00e3o Wolf Gold no seu telefone andr\u00f3ide, iPhone ou PC<\/strong><\/h1>\n<p>Descarregar a aplica\u00e7\u00e3o Wolf Gold - muito f\u00e1cil, dar-lhe-\u00e1 a oportunidade de jogar a sua slot machine favorita no seu smartphone em qualquer lugar e em qualquer altura. A tecnologia moderna permite-lhe desfrutar do jogo directamente no seu dispositivo m\u00f3vel. Descarregue a aplica\u00e7\u00e3o, ou utilize o site oficial do casino atrav\u00e9s do seu browser, e pesquise pelo nome para encontrar a slot machine que deseja. Em ambos os casos, ter\u00e1 acesso a todas as caracter\u00edsticas da marca escolhida.<\/p>\n<p style=\"text-align: center;\"><a class=\"fasc-button fasc-size-large fasc-type-glossy fasc-rounded-medium\" style=\"background-color: #33809e; color: #ffffff;\" href=\"https:\/\/wolf-gold-slot-review.com\/pt\/play-wolf-gold-1win\/\">Jogar Wolf Gold PinUp<\/a> &nbsp;<a class=\"fasc-button fasc-size-large fasc-type-glossy fasc-rounded-medium\" style=\"background-color: #33809e; color: #ffffff;\" href=\"https:\/\/wolf-gold-slot-review.com\/pt\/play-wolf-gold-1win\/\">Jogar Wolf Gold 1win<\/a> &nbsp;<a class=\"fasc-button fasc-size-large fasc-type-glossy fasc-rounded-medium\" style=\"background-color: #33809e; color: #ffffff;\" href=\"https:\/\/wolf-gold-slot-review.com\/pt\/play-wolf-gold-parimatch\/\">Jogar Wolf Gold Parimatch <\/a>&nbsp; <a class=\"fasc-button fasc-size-large fasc-type-glossy fasc-rounded-medium\" style=\"background-color: #33809e; color: #ffffff;\" href=\"https:\/\/wolf-gold-slot-review.com\/pt\/demo-lobo-ouro-slot\/\">Jogar Wolf Gold Demo<\/a>&nbsp;<\/p>\n<p>Os utilizadores de casinos online preferem cada vez mais jogar atrav\u00e9s do telefone. Basta descarregar a aplica\u00e7\u00e3o Wolf Gold ou outros slots no seu smartphone atrav\u00e9s das lojas oficiais Android Play Market, App Store para iOS. Outra op\u00e7\u00e3o para utilizadores de andr\u00f3ides \u00e9 descarregar o ficheiro APK do jogo na Internet ou no website do casino online. A vers\u00e3o para telem\u00f3vel n\u00e3o \u00e9 diferente da vers\u00e3o para computador, e uma interface de f\u00e1cil utiliza\u00e7\u00e3o permitir\u00e1 at\u00e9 aos propriet\u00e1rios de gadgets fracos verificar a sua sorte. Nada o impedir\u00e1 de se imergir no jogo e ter uma oportunidade real de ganhar dinheiro.<\/p>\n<h2 style=\"text-align: center;\"><strong>Como descarregar a aplica\u00e7\u00e3o Wolf Gold para telem\u00f3vel?<\/strong><\/h2>\n<p>Para descarregar o Wolf Gold no Android ou iOS, ter\u00e1 de ir ao website do casino online e seleccionar a sec\u00e7\u00e3o apropriada. A maioria dos clubes de jogo oferece aos clientes uma aplica\u00e7\u00e3o m\u00f3vel, que proporciona uma jogabilidade confort\u00e1vel em qualquer smartphone.<\/p>\n<p><img decoding=\"async\" class=\"aligncenter wp-image-427\" src=\"https:\/\/wolf-gold-slot-review.com\/wp-content\/uploads\/2022\/11\/wolf-gold-android-1.jpg\" alt=\"Andr\u00f3ide Lobo Ouro\" width=\"532\" height=\"336\" srcset=\"\/\/wolf-gold-slot-review.com\/wp-content\/uploads\/2022\/11\/wolf-gold-android-1.jpg 720w, \/\/wolf-gold-slot-review.com\/wp-content\/uploads\/2022\/11\/wolf-gold-android-1-300x190.jpg 300w, \/\/wolf-gold-slot-review.com\/wp-content\/uploads\/2022\/11\/wolf-gold-android-1-150x95.jpg 150w\" sizes=\"(max-width: 532px) 100vw, 532px\" \/><\/p>\n<p>O procedimento para descarregar e instalar a aplica\u00e7\u00e3o Wolf Gold \u00e9 t\u00e3o simples quanto poss\u00edvel e ser\u00e1 compreens\u00edvel mesmo para um principiante. Na maioria dos casos, a administra\u00e7\u00e3o do casino mostra instru\u00e7\u00f5es detalhadas. N\u00e3o ter\u00e1 definitivamente problemas com a forma de girar as bobinas do seu telefone. N\u00e3o \u00e9 diferente se decidir jogar num computador.<\/p>\n<h3 style=\"text-align: center;\"><strong>Descarregar uma vers\u00e3o de demonstra\u00e7\u00e3o do slot Wolf Gold<\/strong><\/h3>\n<p>Pode descarregar o jogo gratuitamente para jogar o modo de demonstra\u00e7\u00e3o Wolf Gold no seu telem\u00f3vel. Esta \u00e9 uma vers\u00e3o completamente gratuita da slot machine, que est\u00e1 dispon\u00edvel sem registo e dep\u00f3sito. Assim, os jogadores n\u00e3o ter\u00e3o de gastar dinheiro real e assumir riscos. No entanto, tamb\u00e9m n\u00e3o poder\u00e1 ganhar nada, mas ser\u00e1 uma \u00f3ptima forma de ganhar experi\u00eancia para que possa us\u00e1-la mais tarde para apostas reais.<\/p>\n<p><img decoding=\"async\" class=\"aligncenter wp-image-424 size-full\" src=\"https:\/\/wolf-gold-slot-review.com\/wp-content\/uploads\/2022\/11\/wolfgold-demo.jpg\" alt=\"demonstra\u00e7\u00e3o de ouro de lobo\" width=\"300\" height=\"422\" srcset=\"\/\/wolf-gold-slot-review.com\/wp-content\/uploads\/2022\/11\/wolfgold-demo.jpg 300w, \/\/wolf-gold-slot-review.com\/wp-content\/uploads\/2022\/11\/wolfgold-demo-213x300.jpg 213w, \/\/wolf-gold-slot-review.com\/wp-content\/uploads\/2022\/11\/wolfgold-demo-107x150.jpg 107w\" sizes=\"(max-width: 300px) 100vw, 300px\" \/><\/p>\n<h3 style=\"text-align: center;\"><strong>Descarregar ficheiro Wolf Gold APK<\/strong><\/h3>\n<p>Os utilizadores de dispositivos Android podem descarregar o ficheiro APK com o jogo Wolf Gold. O ficheiro pode ser encontrado no website do casino oficial na sec\u00e7\u00e3o \"Download\". N\u00e3o o aconselhamos a descarregar ficheiros APK de terceiros a partir da Internet. Depois de instalar o ficheiro APK com o jogo, ter\u00e1 a aplica\u00e7\u00e3o habitual no seu dispositivo.<\/p>\n<ol>\n<li>Descarregar o ficheiro do jogo APK no site oficial do casino online;<\/li>\n<li>Permita que a aplica\u00e7\u00e3o seja instalada no seu dispositivo;<\/li>\n<li>Registe-se ou inicie sess\u00e3o na sua conta de casino;<\/li>\n<li>Completar o seu equil\u00edbrio;<\/li>\n<li>Encontre a ranhura desejada atrav\u00e9s da pesquisa;<\/li>\n<li>Fa\u00e7a uma aposta<\/li>\n<\/ol>\n<p><img decoding=\"async\" class=\"aligncenter wp-image-428 size-full\" src=\"https:\/\/wolf-gold-slot-review.com\/wp-content\/uploads\/2022\/11\/wolfgold-apk-en-e1669739317160.jpg\" alt=\"wolfgold apk pt\" width=\"406\" height=\"433\" srcset=\"\/\/wolf-gold-slot-review.com\/wp-content\/uploads\/2022\/11\/wolfgold-apk-en-e1669739317160.jpg 406w, \/\/wolf-gold-slot-review.com\/wp-content\/uploads\/2022\/11\/wolfgold-apk-en-e1669739317160-281x300.jpg 281w, \/\/wolf-gold-slot-review.com\/wp-content\/uploads\/2022\/11\/wolfgold-apk-en-e1669739317160-141x150.jpg 141w\" sizes=\"(max-width: 406px) 100vw, 406px\" \/><span style=\"font-size: 16px;\">Antes de descarregar a aplica\u00e7\u00e3o WolfGold, \u00e9 necess\u00e1rio escolher um casino online adequado. D\u00ea prefer\u00eancia a marcas licenciadas que estejam a funcionar h\u00e1 v\u00e1rios anos e ofere\u00e7am bonifica\u00e7\u00f5es agrad\u00e1veis, como por exemplo:<\/span>100% no primeiro dep\u00f3sito;<\/p>\n<ul>\n<li>15% cashback;<\/li>\n<li>Promo\u00e7\u00f5es semanais;<\/li>\n<li>Sem b\u00f3nus de dep\u00f3sito e muito mais.<\/li>\n<\/ul>\n<p>Abaixo fornecemos uma lista de casinos em linha oficiais e recomendados:<\/p>\n<p>1win casino - \u00e9 um popular casino online legal.<br \/>\nPinUp casino - uma grande casa de apostas de casino online que tem como parte da sua estrutura.<br \/>\nParimatch casino - \u00e9 um dos maiores casinos e empresas de apostas online do mundo.<\/p>\n<h3 style=\"text-align: center;\"><strong>Onde \u00e9 o melhor lugar para jogar Wolf Gold - uma aplica\u00e7\u00e3o num smartphone ou num PC?<\/strong><\/h3>\n<p>Uma quest\u00e3o de gosto. A vers\u00e3o desktop atrav\u00e9s do browser \u00e9 mais adequada para jogar em casa numa atmosfera tranquila, com um copo de cerveja deliciosa. Com a aplica\u00e7\u00e3o, pode desfrutar do jogo em qualquer altura e em qualquer lugar. Com a aplica\u00e7\u00e3o, \u00e9 f\u00e1cil passar o tempo no metro, na fila, ou mesmo no trabalho. Experimente as duas op\u00e7\u00f5es e escolha a que preferir. A boa sorte est\u00e1 certa de estar consigo!<\/p>","protected":false},"excerpt":{"rendered":"<p>Download Wolf Gold app on your android phone, iPhone or PC Download app Wolf Gold &#8211; very easy, it will give you the opportunity to play your favorite slot machine on your smartphone anywhere and any time. Modern technology allows you to enjoy gambling right on your mobile device. Download the app, or use the &hellip;<\/p>\n<p class=\"read-more\"> <a class=\"\" href=\"https:\/\/wolf-gold-slot-review.com\/pt\/download-wolf-gold-apk\/\"> <span class=\"screen-reader-text\">Descarregar Wolf Gold<\/span> Read More &raquo;<\/a><\/p>","protected":false},"author":1,"featured_media":606,"parent":0,"menu_order":0,"comment_status":"closed","ping_status":"closed","template":"","meta":{"site-sidebar-layout":"default","site-content-layout":"default","ast-global-header-display":"","ast-main-header-display":"","ast-hfb-above-header-display":"","ast-hfb-below-header-display":"","ast-hfb-mobile-header-display":"","site-post-title":"disabled","ast-breadcrumbs-content":"","ast-featured-img":"disabled","footer-sml-layout":"","theme-transparent-header-meta":"default","adv-header-id-meta":"","stick-header-meta":"","header-above-stick-meta":"","header-main-stick-meta":"","header-below-stick-meta":"","footnotes":""},"class_list":["post-14","page","type-page","status-publish","has-post-thumbnail","hentry"],"yoast_head":"<!-- This site is optimized with the Yoast SEO Premium plugin v19.5 (Yoast SEO v19.10) - https:\/\/yoast.com\/wordpress\/plugins\/seo\/ -->\n<title>Download Wolf Gold Slot app on your phone or computer free<\/title>\n<meta name=\"description\" content=\"How to download the game Wolf Gold for iPhone, Android, PC. Download Wolf Gold app to play for real money using our site and get your bonus.\" \/>\n<meta name=\"robots\" content=\"index, follow, max-snippet:-1, max-image-preview:large, max-video-preview:-1\" \/>\n<link rel=\"canonical\" href=\"https:\/\/wolf-gold-slot-review.com\/pt\/download-wolf-gold-apk\/\" \/>\n<meta property=\"og:locale\" content=\"pt_PT\" \/>\n<meta property=\"og:type\" content=\"article\" \/>\n<meta property=\"og:title\" content=\"Download Wolf Gold\" \/>\n<meta property=\"og:description\" content=\"Download Wolf Gold app on your android phone, iPhone or PC Download app Wolf Gold - very easy, it will give you the opportunity to play your favorite slot\" \/>\n<meta property=\"og:url\" content=\"https:\/\/wolf-gold-slot-review.com\/pt\/download-wolf-gold-apk\/\" \/>\n<meta property=\"og:site_name\" content=\"Wolf Gold Slot in Australia - Play game online for money\" \/>\n<meta property=\"article:modified_time\" content=\"2023-02-21T13:58:19+00:00\" \/>\n<meta property=\"og:image\" content=\"https:\/\/wolf-gold-slot-review.com\/wp-content\/uploads\/2023\/02\/download-app-wolf-gold.jpg\" \/>\n\t<meta property=\"og:image:width\" content=\"900\" \/>\n\t<meta property=\"og:image:height\" content=\"900\" \/>\n\t<meta property=\"og:image:type\" content=\"image\/jpeg\" \/>\n<meta name=\"twitter:card\" content=\"summary_large_image\" \/>\n<meta name=\"twitter:label1\" content=\"Tempo estimado de leitura\" \/>\n\t<meta name=\"twitter:data1\" content=\"5 minutos\" \/>\n<!-- \/ Yoast SEO Premium plugin. -->","yoast_head_json":{"title":"Download Wolf Gold Slot app on your phone or computer free","description":"How to download the game Wolf Gold for iPhone, Android, PC. Download Wolf Gold app to play for real money using our site and get your bonus.","robots":{"index":"index","follow":"follow","max-snippet":"max-snippet:-1","max-image-preview":"max-image-preview:large","max-video-preview":"max-video-preview:-1"},"canonical":"https:\/\/wolf-gold-slot-review.com\/pt\/download-wolf-gold-apk\/","og_locale":"pt_PT","og_type":"article","og_title":"Download Wolf Gold","og_description":"Download Wolf Gold app on your android phone, iPhone or PC Download app Wolf Gold - very easy, it will give you the opportunity to play your favorite slot","og_url":"https:\/\/wolf-gold-slot-review.com\/pt\/download-wolf-gold-apk\/","og_site_name":"Wolf Gold Slot in Australia - Play game online for money","article_modified_time":"2023-02-21T13:58:19+00:00","og_image":[{"width":900,"height":900,"url":"https:\/\/wolf-gold-slot-review.com\/wp-content\/uploads\/2023\/02\/download-app-wolf-gold.jpg","type":"image\/jpeg"}],"twitter_card":"summary_large_image","twitter_misc":{"Tempo estimado de leitura":"5 minutos"},"schema":{"@context":"https:\/\/schema.org","@graph":[{"@type":"WebPage","@id":"https:\/\/wolf-gold-slot-review.com\/download-wolf-gold-apk\/","url":"https:\/\/wolf-gold-slot-review.com\/download-wolf-gold-apk\/","name":"Download Wolf Gold Slot app on your phone or computer free","isPartOf":{"@id":"https:\/\/wolf-gold-slot-review.com\/#website"},"datePublished":"2022-11-19T15:21:57+00:00","dateModified":"2023-02-21T13:58:19+00:00","description":"How to download the game Wolf Gold for iPhone, Android, PC. Download Wolf Gold app to play for real money using our site and get your bonus.","breadcrumb":{"@id":"https:\/\/wolf-gold-slot-review.com\/download-wolf-gold-apk\/#breadcrumb"},"inLanguage":"pt-PT","potentialAction":[{"@type":"ReadAction","target":["https:\/\/wolf-gold-slot-review.com\/download-wolf-gold-apk\/"]}]},{"@type":"BreadcrumbList","@id":"https:\/\/wolf-gold-slot-review.com\/download-wolf-gold-apk\/#breadcrumb","itemListElement":[{"@type":"ListItem","position":1,"name":"Home","item":"https:\/\/wolf-gold-slot-review.com\/"},{"@type":"ListItem","position":2,"name":"Download Wolf Gold"}]},{"@type":"WebSite","@id":"https:\/\/wolf-gold-slot-review.com\/#website","url":"https:\/\/wolf-gold-slot-review.com\/","name":"Wolf Gold Slot in Australia - Play game online for money","description":"Wolf Gold Slot - Official site in Australia","publisher":{"@id":"https:\/\/wolf-gold-slot-review.com\/#organization"},"alternateName":"Wolf Gold Slot","potentialAction":[{"@type":"SearchAction","target":{"@type":"EntryPoint","urlTemplate":"https:\/\/wolf-gold-slot-review.com\/?s={search_term_string}"},"query-input":"required name=search_term_string"}],"inLanguage":"pt-PT"},{"@type":"Organization","@id":"https:\/\/wolf-gold-slot-review.com\/#organization","name":"Wolf Gold Slot in Australia - Play game online for money","alternateName":"Wolf Gold Slot","url":"https:\/\/wolf-gold-slot-review.com\/","logo":{"@type":"ImageObject","inLanguage":"pt-PT","@id":"https:\/\/wolf-gold-slot-review.com\/#\/schema\/logo\/image\/","url":"https:\/\/wolf-gold-slot-review.com\/wp-content\/uploads\/2022\/11\/cropped-logowolf.png","contentUrl":"https:\/\/wolf-gold-slot-review.com\/wp-content\/uploads\/2022\/11\/cropped-logowolf.png","width":265,"height":100,"caption":"Wolf Gold Slot in Australia - Play game online for money"},"image":{"@id":"https:\/\/wolf-gold-slot-review.com\/#\/schema\/logo\/image\/"}}]}},"_links":{"self":[{"href":"https:\/\/wolf-gold-slot-review.com\/pt\/wp-json\/wp\/v2\/pages\/14","targetHints":{"allow":["GET"]}}],"collection":[{"href":"https:\/\/wolf-gold-slot-review.com\/pt\/wp-json\/wp\/v2\/pages"}],"about":[{"href":"https:\/\/wolf-gold-slot-review.com\/pt\/wp-json\/wp\/v2\/types\/page"}],"author":[{"embeddable":true,"href":"https:\/\/wolf-gold-slot-review.com\/pt\/wp-json\/wp\/v2\/users\/1"}],"replies":[{"embeddable":true,"href":"https:\/\/wolf-gold-slot-review.com\/pt\/wp-json\/wp\/v2\/comments?post=14"}],"version-history":[{"count":11,"href":"https:\/\/wolf-gold-slot-review.com\/pt\/wp-json\/wp\/v2\/pages\/14\/revisions"}],"predecessor-version":[{"id":675,"href":"https:\/\/wolf-gold-slot-review.com\/pt\/wp-json\/wp\/v2\/pages\/14\/revisions\/675"}],"wp:featuredmedia":[{"embeddable":true,"href":"https:\/\/wolf-gold-slot-review.com\/pt\/wp-json\/wp\/v2\/media\/606"}],"wp:attachment":[{"href":"https:\/\/wolf-gold-slot-review.com\/pt\/wp-json\/wp\/v2\/media?parent=14"}],"curies":[{"name":"wp","href":"https:\/\/api.w.org\/{rel}","templated":true}]}}