{"id":530,"date":"2023-02-18T20:05:43","date_gmt":"2023-02-18T20:05:43","guid":{"rendered":"https:\/\/wolf-gold-slot-review.com\/?page_id=530"},"modified":"2025-02-04T17:04:08","modified_gmt":"2025-02-04T17:04:08","slug":"play-wolf-gold-pin-up","status":"publish","type":"page","link":"https:\/\/wolf-gold-slot-review.com\/pt\/play-wolf-gold-pin-up\/","title":{"rendered":"Jogar Wolf Gold PIN-UP"},"content":{"rendered":"<h1 style=\"text-align: center;\"><strong>Jogar o casino online Wolf Gold slot PIN-UP por dinheiro real<\/strong><\/h1>\n<p>Wolf Gold \u00e9 uma slot do popular fabricante de jogos PragmaticPlay. O jogo oferece 25 linhas vencedoras e um retorno te\u00f3rico de 96%. O design colorido, os pagamentos est\u00e1veis e a jogabilidade clara tornaram este desenvolvimento incrivelmente popular entre os clientes. Quer mergulhar na natureza da Am\u00e9rica do Norte e ganhar pr\u00e9mios impressionantes? Inscreva-se no Pin-Up e comece a apostar.<\/p>\n<p style=\"text-align: center;\"><a class=\"fasc-button fasc-size-large fasc-type-glossy fasc-rounded-medium fasc-style-bold\" style=\"background-color: #33809e; color: #ffffff;\" target=\"_blank\" rel=\"nofollow noopener\" href=\"https:\/\/wolf-gold-slot-review.com\/pt\/pinup-offer-direct\/\">Jogar Wolf Gold PIN-UP<\/a><\/p>\n<h2 style=\"text-align: center;\"><strong>Como registar-se no Pin-Up<\/strong><\/h2>\n<p>Os visitantes do site est\u00e3o autorizados a utilizar a vers\u00e3o gratuita do slot. Com a sua ajuda, pode testar a m\u00e1quina, para desenvolver uma estrat\u00e9gia vencedora. Depois disso, tudo o que tem de fazer \u00e9 fazer uma conta, depositar dinheiro na conta, e voltar para obter ganhos reais. Pode obter um perfil no link do espelho e na p\u00e1gina web principal. Neste \u00faltimo caso, ter\u00e1 de preencher um question\u00e1rio impressionante e especificar o seu endere\u00e7o residencial, informa\u00e7\u00f5es de contacto, e informa\u00e7\u00f5es pessoais.<\/p>\n<p><img decoding=\"async\" class=\"aligncenter size-large wp-image-602\" src=\"https:\/\/wolf-gold-slot-review.com\/wp-content\/uploads\/2023\/02\/pinup-wolf-gold-slots-1024x250.jpg\" alt=\"ranhuras de ouro pinup wolf\" width=\"1024\" height=\"250\" srcset=\"\/\/wolf-gold-slot-review.com\/wp-content\/uploads\/2023\/02\/pinup-wolf-gold-slots-1024x250.jpg 1024w, \/\/wolf-gold-slot-review.com\/wp-content\/uploads\/2023\/02\/pinup-wolf-gold-slots-300x73.jpg 300w, \/\/wolf-gold-slot-review.com\/wp-content\/uploads\/2023\/02\/pinup-wolf-gold-slots-150x37.jpg 150w, \/\/wolf-gold-slot-review.com\/wp-content\/uploads\/2023\/02\/pinup-wolf-gold-slots-768x187.jpg 768w, \/\/wolf-gold-slot-review.com\/wp-content\/uploads\/2023\/02\/pinup-wolf-gold-slots-1536x375.jpg 1536w, \/\/wolf-gold-slot-review.com\/wp-content\/uploads\/2023\/02\/pinup-wolf-gold-slots-18x4.jpg 18w, \/\/wolf-gold-slot-review.com\/wp-content\/uploads\/2023\/02\/pinup-wolf-gold-slots.jpg 1902w\" sizes=\"(max-width: 1024px) 100vw, 1024px\" \/><\/p>\n<p>O procedimento para obter uma conta atrav\u00e9s do espelho \u00e9 um pouco mais f\u00e1cil. O cliente precisa:<\/p>\n<ul>\n<li>Abrir uma p\u00e1gina em duplicado.<\/li>\n<li>Clique em \"Registo\".<\/li>\n<li>Escolher uma op\u00e7\u00e3o (por telefone ou e-mail).<\/li>\n<li>Introduza as informa\u00e7\u00f5es solicitadas.<\/li>\n<li>Submeter o pedido de revis\u00e3o.<\/li>\n<\/ul>\n<p>O processamento da aplica\u00e7\u00e3o dura n\u00e3o mais do que 5-6 segundos. Depois disso, o jogador pode prosseguir para o passo seguinte.<\/p>\n<p style=\"text-align: center;\"><a class=\"fasc-button fasc-size-large fasc-type-glossy fasc-rounded-medium fasc-style-bold\" style=\"background-color: #33809e; color: #ffffff;\" target=\"_blank\" rel=\"nofollow noopener\" href=\"https:\/\/wolf-gold-slot-review.com\/pt\/pinup-offer-direct\/\">Jogar Wolf Gold PIN-UP<\/a><\/p>\n<p>\u00c9 melhor registar-se atrav\u00e9s de um endere\u00e7o PinUp em duplicado. N\u00e3o \u00e9 necess\u00e1rio recorrer a meios t\u00e9cnicos para contornar o bloqueio. Encontrar um espelho do BK leva menos de 1-2 minutos. Pode encontrar um link de trabalho no nosso portal.<\/p>\n<p>Os perfis obtidos em diferentes plataformas s\u00e3o equivalentes. Os jogadores t\u00eam acesso \u00e0s mesmas op\u00e7\u00f5es de b\u00f3nus, e aos mesmos tipos de m\u00e1quinas. O clube n\u00e3o faz a diferen\u00e7a entre as op\u00e7\u00f5es de dep\u00f3sito.<\/p>\n<h3 style=\"text-align: center;\"><strong>Como fazer um dep\u00f3sito no PIN-UP<\/strong><\/h3>\n<p>Fazer um dep\u00f3sito \u00e9 o segundo passo para apostar dinheiro no jogo Wolf Gold. Pode fazer um dep\u00f3sito de mais de 10 maneiras. A casa de apostas aceita moeda criptogr\u00e1fica, pagamentos atrav\u00e9s de cart\u00f5es banc\u00e1rios (cr\u00e9dito e d\u00e9bito), e carteiras da Internet. O n\u00famero de op\u00e7\u00f5es dispon\u00edveis est\u00e1 em constante mudan\u00e7a, pode ler sobre todos os esquemas actuais na sec\u00e7\u00e3o relevante do site.<\/p>\n<p><img decoding=\"async\" class=\"aligncenter size-large wp-image-600\" src=\"https:\/\/wolf-gold-slot-review.com\/wp-content\/uploads\/2023\/02\/pinup-binuses-1024x231.jpg\" alt=\"Bin\u00f3culos Pinup\" width=\"1024\" height=\"231\" srcset=\"\/\/wolf-gold-slot-review.com\/wp-content\/uploads\/2023\/02\/pinup-binuses-1024x231.jpg 1024w, \/\/wolf-gold-slot-review.com\/wp-content\/uploads\/2023\/02\/pinup-binuses-300x68.jpg 300w, \/\/wolf-gold-slot-review.com\/wp-content\/uploads\/2023\/02\/pinup-binuses-150x34.jpg 150w, \/\/wolf-gold-slot-review.com\/wp-content\/uploads\/2023\/02\/pinup-binuses-768x173.jpg 768w, \/\/wolf-gold-slot-review.com\/wp-content\/uploads\/2023\/02\/pinup-binuses-1536x347.jpg 1536w, \/\/wolf-gold-slot-review.com\/wp-content\/uploads\/2023\/02\/pinup-binuses-18x4.jpg 18w, \/\/wolf-gold-slot-review.com\/wp-content\/uploads\/2023\/02\/pinup-binuses.jpg 1603w\" sizes=\"(max-width: 1024px) 100vw, 1024px\" \/><\/p>\n<p>O reabastecimento demora um par de momentos. Os programadores tornaram o servi\u00e7o t\u00e3o simples quanto poss\u00edvel:<\/p>\n<ol>\n<li>Autorize no seu gabinete pessoal.<\/li>\n<li>Clique em \"Replenish\".<\/li>\n<li>Escolher a variante necess\u00e1ria.<\/li>\n<li>Preencher os requisitos.<\/li>\n<li>Enviar um pedido para considera\u00e7\u00e3o.<\/li>\n<\/ol>\n<p>E \u00e9 tudo. O servi\u00e7o processa o pedido e credita o saldo. As valias absolutas s\u00e3o transfer\u00eancias instant\u00e2neas e sem comiss\u00f5es. O pagamento de comiss\u00f5es adicionais n\u00e3o ter\u00e1 de ser feito, em princ\u00edpio.<\/p>\n<h3 style=\"text-align: center;\"><strong>Os 5 principais motivos para jogar Wolf Gold no PIN-UP do casino<\/strong><\/h3>\n<p>Ao escolher um casino, \u00e9 melhor concentrar-se nas empresas com boa reputa\u00e7\u00e3o. Uma tal marca tornou-se PinUp. O escrit\u00f3rio est\u00e1 a desenvolver-se com sucesso nos mercados da CEI, desenvolvendo gradualmente pa\u00edses estrangeiros.<\/p>\n<p>Os jogadores est\u00e3o autorizados a utilizar uma vers\u00e3o experimental do slot. Ou seja, \u00e9 poss\u00edvel testar a estrat\u00e9gia, para compreender a mec\u00e2nica da jogabilidade gratuitamente. Fa\u00e7a apostas sobre o dinheiro real que pode depois de uma compreens\u00e3o completa das especificidades do jogo.<\/p>\n<p>O Pin Up \u00e9 famoso entre os utilizadores pelo seu elaborado programa de fidelidade. Est\u00e3o dispon\u00edveis diferentes formatos de recompensas:<\/p>\n<ol>\n<li>Para o primeiro dep\u00f3sito.<\/li>\n<li>Para participa\u00e7\u00e3o em question\u00e1rios.<\/li>\n<li>Promos pessoais.<\/li>\n<li>Cashback e outros b\u00f3nus.<\/li>\n<li>Sistema Pincoins<\/li>\n<\/ol>\n<p style=\"text-align: center;\"><a class=\"fasc-button fasc-size-large fasc-type-glossy fasc-rounded-medium fasc-style-bold\" style=\"background-color: #33809e; color: #ffffff;\" target=\"_blank\" rel=\"nofollow noopener\" href=\"https:\/\/wolf-gold-slot-review.com\/pt\/pinup-offer-direct\/\">Jogar Wolf Gold PIN-UP<\/a><\/p>\n<p class=\"pu-pincoins__paragraph pu-pincoins__paragraph_description\"><strong>Pincoins (PNC)<\/strong> s\u00e3o uma moeda que os jogadores podem ganhar.<\/p>\n<div class=\"pu-pincoins__list-wrapper\">\n<p class=\"pu-pincoins__paragraph pu-pincoins__paragraph_medium\">Pode obter PNC para:<\/p>\n<ul class=\"pu-pincoins__list\">\n<li class=\"pu-pincoins__list-item pu-pincoins__paragraph\">jogo por dinheiro<\/li>\n<li class=\"pu-pincoins__list-item pu-pincoins__paragraph\">preenchimento de um perfil<\/li>\n<li class=\"pu-pincoins__list-item pu-pincoins__paragraph\">confirma\u00e7\u00e3o por e-mail<\/li>\n<li class=\"pu-pincoins__list-item pu-pincoins__paragraph\">verifica\u00e7\u00e3o de contas<\/li>\n<li class=\"pu-pincoins__list-item pu-pincoins__paragraph\">caixa de oferta de abertura<\/li>\n<\/ul>\n<p><img decoding=\"async\" class=\"aligncenter size-large wp-image-599\" src=\"https:\/\/wolf-gold-slot-review.com\/wp-content\/uploads\/2023\/02\/pincoins-pinup-1024x316.jpg\" alt=\"pincoins pinup\" width=\"1024\" height=\"316\" srcset=\"\/\/wolf-gold-slot-review.com\/wp-content\/uploads\/2023\/02\/pincoins-pinup-1024x316.jpg 1024w, \/\/wolf-gold-slot-review.com\/wp-content\/uploads\/2023\/02\/pincoins-pinup-300x93.jpg 300w, \/\/wolf-gold-slot-review.com\/wp-content\/uploads\/2023\/02\/pincoins-pinup-150x46.jpg 150w, \/\/wolf-gold-slot-review.com\/wp-content\/uploads\/2023\/02\/pincoins-pinup-768x237.jpg 768w, \/\/wolf-gold-slot-review.com\/wp-content\/uploads\/2023\/02\/pincoins-pinup-1536x475.jpg 1536w, \/\/wolf-gold-slot-review.com\/wp-content\/uploads\/2023\/02\/pincoins-pinup-18x6.jpg 18w, \/\/wolf-gold-slot-review.com\/wp-content\/uploads\/2023\/02\/pincoins-pinup.jpg 1602w\" sizes=\"(max-width: 1024px) 100vw, 1024px\" \/><\/p>\n<\/div>\n<p>Uma vantagem inquestion\u00e1vel pode ser considerada uma colec\u00e7\u00e3o criada da empresa. Milhares de slots de dezenas de est\u00fadios est\u00e3o \u00e0 sua disposi\u00e7\u00e3o. A espera aborrecida por novos produtos n\u00e3o o ter\u00e1. Os programadores acrescentam semanalmente novos simuladores. Para os f\u00e3s de apostas existe uma sec\u00e7\u00e3o com apostas em desporto. Os clientes est\u00e3o autorizados a utilizar uma \u00fanica conta. N\u00e3o h\u00e1 necessidade de obter um perfil adicional.<\/p>","protected":false},"excerpt":{"rendered":"<p>Play Wolf Gold slot PIN-UP online casino for real money Wolf Gold is a slot from the popular game manufacturer PragmaticPlay. The game offers 25 winning lines and a theoretical return of 96%. Colorful design, stable high payouts, and clear gameplay have made this development incredibly popular among customers. Do you want to plunge into &hellip;<\/p>\n<p class=\"read-more\"> <a class=\"\" href=\"https:\/\/wolf-gold-slot-review.com\/pt\/play-wolf-gold-pin-up\/\"> <span class=\"screen-reader-text\">Jogar Wolf Gold PIN-UP<\/span> Read More &raquo;<\/a><\/p>","protected":false},"author":1,"featured_media":611,"parent":0,"menu_order":0,"comment_status":"closed","ping_status":"closed","template":"","meta":{"site-sidebar-layout":"default","site-content-layout":"default","ast-global-header-display":"","ast-main-header-display":"","ast-hfb-above-header-display":"","ast-hfb-below-header-display":"","ast-hfb-mobile-header-display":"","site-post-title":"disabled","ast-breadcrumbs-content":"","ast-featured-img":"disabled","footer-sml-layout":"","theme-transparent-header-meta":"default","adv-header-id-meta":"","stick-header-meta":"","header-above-stick-meta":"","header-main-stick-meta":"","header-below-stick-meta":"","footnotes":""},"class_list":["post-530","page","type-page","status-publish","has-post-thumbnail","hentry"],"yoast_head":"<!-- This site is optimized with the Yoast SEO Premium plugin v19.5 (Yoast SEO v19.10) - https:\/\/yoast.com\/wordpress\/plugins\/seo\/ -->\n<title>Play Wolf Gold slot PIN-UP online casino for real money<\/title>\n<meta name=\"description\" content=\"Play the popular slot Wolf Gold in online casino PINUP for money. The advantages of playing Wolf Gold at PIN-UP casino\" \/>\n<meta name=\"robots\" content=\"index, follow, max-snippet:-1, max-image-preview:large, max-video-preview:-1\" \/>\n<link rel=\"canonical\" href=\"https:\/\/wolf-gold-slot-review.com\/pt\/play-wolf-gold-pin-up\/\" \/>\n<meta property=\"og:locale\" content=\"pt_PT\" \/>\n<meta property=\"og:type\" content=\"article\" \/>\n<meta property=\"og:title\" content=\"Play Wolf Gold PIN-UP\" \/>\n<meta property=\"og:description\" content=\"Play Wolf Gold slot PIN-UP online casino for real money Wolf Gold is a slot from the popular game manufacturer PragmaticPlay. The game offers 25 winning\" \/>\n<meta property=\"og:url\" content=\"https:\/\/wolf-gold-slot-review.com\/pt\/play-wolf-gold-pin-up\/\" \/>\n<meta property=\"og:site_name\" content=\"Wolf Gold Slot in Australia - Play game online for money\" \/>\n<meta property=\"article:modified_time\" content=\"2025-02-04T17:04:08+00:00\" \/>\n<meta property=\"og:image\" content=\"https:\/\/wolf-gold-slot-review.com\/wp-content\/uploads\/2023\/02\/pinup-wolf-gold-site.jpg\" \/>\n\t<meta property=\"og:image:width\" content=\"900\" \/>\n\t<meta property=\"og:image:height\" content=\"900\" \/>\n\t<meta property=\"og:image:type\" content=\"image\/jpeg\" \/>\n<meta name=\"twitter:card\" content=\"summary_large_image\" \/>\n<meta name=\"twitter:label1\" content=\"Tempo estimado de leitura\" \/>\n\t<meta name=\"twitter:data1\" content=\"5 minutos\" \/>\n<!-- \/ Yoast SEO Premium plugin. -->","yoast_head_json":{"title":"Play Wolf Gold slot PIN-UP online casino for real money","description":"Play the popular slot Wolf Gold in online casino PINUP for money. The advantages of playing Wolf Gold at PIN-UP casino","robots":{"index":"index","follow":"follow","max-snippet":"max-snippet:-1","max-image-preview":"max-image-preview:large","max-video-preview":"max-video-preview:-1"},"canonical":"https:\/\/wolf-gold-slot-review.com\/pt\/play-wolf-gold-pin-up\/","og_locale":"pt_PT","og_type":"article","og_title":"Play Wolf Gold PIN-UP","og_description":"Play Wolf Gold slot PIN-UP online casino for real money Wolf Gold is a slot from the popular game manufacturer PragmaticPlay. The game offers 25 winning","og_url":"https:\/\/wolf-gold-slot-review.com\/pt\/play-wolf-gold-pin-up\/","og_site_name":"Wolf Gold Slot in Australia - Play game online for money","article_modified_time":"2025-02-04T17:04:08+00:00","og_image":[{"width":900,"height":900,"url":"https:\/\/wolf-gold-slot-review.com\/wp-content\/uploads\/2023\/02\/pinup-wolf-gold-site.jpg","type":"image\/jpeg"}],"twitter_card":"summary_large_image","twitter_misc":{"Tempo estimado de leitura":"5 minutos"},"schema":{"@context":"https:\/\/schema.org","@graph":[{"@type":"WebPage","@id":"https:\/\/wolf-gold-slot-review.com\/play-wolf-gold-pin-up\/","url":"https:\/\/wolf-gold-slot-review.com\/play-wolf-gold-pin-up\/","name":"Play Wolf Gold slot PIN-UP online casino for real money","isPartOf":{"@id":"https:\/\/wolf-gold-slot-review.com\/#website"},"datePublished":"2023-02-18T20:05:43+00:00","dateModified":"2025-02-04T17:04:08+00:00","description":"Play the popular slot Wolf Gold in online casino PINUP for money. The advantages of playing Wolf Gold at PIN-UP casino","breadcrumb":{"@id":"https:\/\/wolf-gold-slot-review.com\/play-wolf-gold-pin-up\/#breadcrumb"},"inLanguage":"pt-PT","potentialAction":[{"@type":"ReadAction","target":["https:\/\/wolf-gold-slot-review.com\/play-wolf-gold-pin-up\/"]}]},{"@type":"BreadcrumbList","@id":"https:\/\/wolf-gold-slot-review.com\/play-wolf-gold-pin-up\/#breadcrumb","itemListElement":[{"@type":"ListItem","position":1,"name":"Home","item":"https:\/\/wolf-gold-slot-review.com\/"},{"@type":"ListItem","position":2,"name":"Play Wolf Gold PIN-UP"}]},{"@type":"WebSite","@id":"https:\/\/wolf-gold-slot-review.com\/#website","url":"https:\/\/wolf-gold-slot-review.com\/","name":"Wolf Gold Slot in Australia - Play game online for money","description":"Wolf Gold Slot - Official site in Australia","publisher":{"@id":"https:\/\/wolf-gold-slot-review.com\/#organization"},"alternateName":"Wolf Gold Slot","potentialAction":[{"@type":"SearchAction","target":{"@type":"EntryPoint","urlTemplate":"https:\/\/wolf-gold-slot-review.com\/?s={search_term_string}"},"query-input":"required name=search_term_string"}],"inLanguage":"pt-PT"},{"@type":"Organization","@id":"https:\/\/wolf-gold-slot-review.com\/#organization","name":"Wolf Gold Slot in Australia - Play game online for money","alternateName":"Wolf Gold Slot","url":"https:\/\/wolf-gold-slot-review.com\/","logo":{"@type":"ImageObject","inLanguage":"pt-PT","@id":"https:\/\/wolf-gold-slot-review.com\/#\/schema\/logo\/image\/","url":"https:\/\/wolf-gold-slot-review.com\/wp-content\/uploads\/2022\/11\/cropped-logowolf.png","contentUrl":"https:\/\/wolf-gold-slot-review.com\/wp-content\/uploads\/2022\/11\/cropped-logowolf.png","width":265,"height":100,"caption":"Wolf Gold Slot in Australia - Play game online for money"},"image":{"@id":"https:\/\/wolf-gold-slot-review.com\/#\/schema\/logo\/image\/"}}]}},"_links":{"self":[{"href":"https:\/\/wolf-gold-slot-review.com\/pt\/wp-json\/wp\/v2\/pages\/530","targetHints":{"allow":["GET"]}}],"collection":[{"href":"https:\/\/wolf-gold-slot-review.com\/pt\/wp-json\/wp\/v2\/pages"}],"about":[{"href":"https:\/\/wolf-gold-slot-review.com\/pt\/wp-json\/wp\/v2\/types\/page"}],"author":[{"embeddable":true,"href":"https:\/\/wolf-gold-slot-review.com\/pt\/wp-json\/wp\/v2\/users\/1"}],"replies":[{"embeddable":true,"href":"https:\/\/wolf-gold-slot-review.com\/pt\/wp-json\/wp\/v2\/comments?post=530"}],"version-history":[{"count":6,"href":"https:\/\/wolf-gold-slot-review.com\/pt\/wp-json\/wp\/v2\/pages\/530\/revisions"}],"predecessor-version":[{"id":680,"href":"https:\/\/wolf-gold-slot-review.com\/pt\/wp-json\/wp\/v2\/pages\/530\/revisions\/680"}],"wp:featuredmedia":[{"embeddable":true,"href":"https:\/\/wolf-gold-slot-review.com\/pt\/wp-json\/wp\/v2\/media\/611"}],"wp:attachment":[{"href":"https:\/\/wolf-gold-slot-review.com\/pt\/wp-json\/wp\/v2\/media?parent=530"}],"curies":[{"name":"wp","href":"https:\/\/api.w.org\/{rel}","templated":true}]}}