{"id":532,"date":"2023-02-18T20:13:01","date_gmt":"2023-02-18T20:13:01","guid":{"rendered":"https:\/\/wolf-gold-slot-review.com\/?page_id=532"},"modified":"2025-02-04T17:04:15","modified_gmt":"2025-02-04T17:04:15","slug":"play-wolf-gold-parimatch","status":"publish","type":"page","link":"https:\/\/wolf-gold-slot-review.com\/pt\/play-wolf-gold-parimatch\/","title":{"rendered":"Jogar Wolf Gold Parimatch"},"content":{"rendered":"<h1 style=\"text-align: center;\"><strong>Jogar o casino online Wolf Gold Parimatch por dinheiro real<\/strong><\/h1>\n<p>O casino online Parimatch oferece aos clientes milhares de slots diferentes. Pode apostar em \u00eaxitos comprovados pelo tempo e em novidades exclusivas. A marca tem vindo a trabalhar na ind\u00fastria do jogo h\u00e1 mais de 10 anos. Durante este tempo, a empresa formou uma base de clientes impressionante e criou uma biblioteca de jogos \u00fanica. A biblioteca do clube n\u00e3o est\u00e1 sem o desenvolvimento de topo de est\u00fadios famosos. Wolf Gold da PragmaticPlay - \u00e9 um exemplo de uma slot perfeitamente equilibrada.<\/p>\n<p style=\"text-align: center;\"><a class=\"fasc-button fasc-size-large fasc-type-glossy fasc-rounded-medium fasc-style-bold\" style=\"background-color: #33809e; color: #ffffff;\" target=\"_blank\" rel=\"nofollow noopener\" href=\"https:\/\/wolf-gold-slot-review.com\/pt\/parimatch-offer-direct\/\">Jogar Wolf Gold Parimatch<\/a><\/p>\n<h2 style=\"text-align: center;\"><strong>Como registar-se em Parimatch<\/strong><\/h2>\n<p>O simulador apresentado \u00e9 feito sobre o tema da vida selvagem. Permite-lhe mergulhar no mundo animal, sentir-se um naturalista inquisitivo, sedento de aventuras reais e adrenalina. Naturalmente, os criadores n\u00e3o se esqueceram dos pr\u00e9mios. O emulador paga 96% do dinheiro colocado sob a forma de pr\u00e9mios. Os pr\u00e9mios ser\u00e3o frequentes, muitas vezes a m\u00e1quina d\u00e1 pr\u00e9mios impressionantes.<\/p>\n<p><img decoding=\"async\" class=\"aligncenter size-large wp-image-590\" src=\"https:\/\/wolf-gold-slot-review.com\/wp-content\/uploads\/2023\/02\/wolf-gold-parimatch-1024x427.jpg\" alt=\"parimatch de ouro de lobo\" width=\"1024\" height=\"427\" srcset=\"\/\/wolf-gold-slot-review.com\/wp-content\/uploads\/2023\/02\/wolf-gold-parimatch-1024x427.jpg 1024w, \/\/wolf-gold-slot-review.com\/wp-content\/uploads\/2023\/02\/wolf-gold-parimatch-300x125.jpg 300w, \/\/wolf-gold-slot-review.com\/wp-content\/uploads\/2023\/02\/wolf-gold-parimatch-150x63.jpg 150w, \/\/wolf-gold-slot-review.com\/wp-content\/uploads\/2023\/02\/wolf-gold-parimatch-768x320.jpg 768w, \/\/wolf-gold-slot-review.com\/wp-content\/uploads\/2023\/02\/wolf-gold-parimatch-18x8.jpg 18w, \/\/wolf-gold-slot-review.com\/wp-content\/uploads\/2023\/02\/wolf-gold-parimatch.jpg 1348w\" sizes=\"(max-width: 1024px) 100vw, 1024px\" \/><\/p>\n<p>Esta ranhura \u00e9 ideal para clientes com diferentes prontid\u00e3o para o risco. \u00c9 adequada para aqueles que querem desatar o equil\u00edbrio. O jogo tamb\u00e9m pode utilizar os amantes de grandes ganhos. No entanto, para apostar por dinheiro real, \u00e9 necess\u00e1rio registar-se. A empresa Parimatch foi ao encontro dos utilizadores e simplificou o procedimento para criar uma conta tanto quanto poss\u00edvel:<\/p>\n<ol>\n<li>Lan\u00e7a-se o recurso do casino online.<\/li>\n<li>Clique no bot\u00e3o para se registar.<\/li>\n<li>Preencher o formul\u00e1rio.<\/li>\n<li>Enviar o pedido para considera\u00e7\u00e3o.<\/li>\n<\/ol>\n<p style=\"text-align: center;\"><a class=\"fasc-button fasc-size-large fasc-type-glossy fasc-rounded-medium fasc-style-bold\" style=\"background-color: #33809e; color: #ffffff;\" target=\"_blank\" rel=\"nofollow noopener\" href=\"https:\/\/wolf-gold-slot-review.com\/pt\/parimatch-offer-direct\/\">Jogar Wolf Gold Parimatch<\/a><\/p>\n<p>O site ir\u00e1 processar o pedido do cliente. Se os dados especificados no sistema n\u00e3o tiverem sido utilizados anteriormente, obter\u00e1 uma conta e poder\u00e1 utilizar todos os servi\u00e7os do clube. Caso contr\u00e1rio, o jogador ser\u00e1 solicitado a fazer ajustamentos.<\/p>\n<h3 style=\"text-align: center;\"><strong>Como fazer um dep\u00f3sito a Parimatch<\/strong><\/h3>\n<p>Apostar por dinheiro real \u00e9 imposs\u00edvel sem fazer um dep\u00f3sito. Os criadores simplificaram o mais poss\u00edvel a concep\u00e7\u00e3o da conta pessoal. Por conseguinte, em princ\u00edpio n\u00e3o surgir\u00e3o problemas em encontrar os bot\u00f5es certos. Para fazer um dep\u00f3sito, deve:<\/p>\n<ol>\n<li>Passar por autoriza\u00e7\u00e3o.<\/li>\n<li>Escolher a sec\u00e7\u00e3o com opera\u00e7\u00f5es em dinheiro.<\/li>\n<li>Assinalar a forma requerida de dep\u00f3sito.<\/li>\n<li>Preencher as informa\u00e7\u00f5es solicitadas.<\/li>\n<li>Confirmar a ac\u00e7\u00e3o.<\/li>\n<\/ol>\n<p>O processamento do pedido n\u00e3o dura mais do que 1-2 segundos. Depois disso, os fundos s\u00e3o creditados, tem a oportunidade de apostar e ganhar.<\/p>\n<p><img decoding=\"async\" class=\"aligncenter size-full wp-image-591\" src=\"https:\/\/wolf-gold-slot-review.com\/wp-content\/uploads\/2023\/02\/welcome-bonus-parimatch.jpg\" alt=\"parimatch de b\u00f3nus de boas-vindas\" width=\"729\" height=\"312\" srcset=\"\/\/wolf-gold-slot-review.com\/wp-content\/uploads\/2023\/02\/welcome-bonus-parimatch.jpg 729w, \/\/wolf-gold-slot-review.com\/wp-content\/uploads\/2023\/02\/welcome-bonus-parimatch-300x128.jpg 300w, \/\/wolf-gold-slot-review.com\/wp-content\/uploads\/2023\/02\/welcome-bonus-parimatch-150x64.jpg 150w, \/\/wolf-gold-slot-review.com\/wp-content\/uploads\/2023\/02\/welcome-bonus-parimatch-18x8.jpg 18w\" sizes=\"(max-width: 729px) 100vw, 729px\" \/><\/p>\n<p>Antes de realizar o procedimento, \u00e9 necess\u00e1rio ter em conta alguns requisitos do escrit\u00f3rio. O casino online oferece regras padr\u00e3o. O jogador \u00e9 autorizado a depositar dinheiro apenas dentro dos limites estabelecidos. As restri\u00e7\u00f5es s\u00e3o individuais para cada m\u00e9todo utilizado. \u00c9 poss\u00edvel fazer um dep\u00f3sito atrav\u00e9s de meios de pagamento pessoais. N\u00e3o \u00e9 permitido utilizar cart\u00f5es ou carteiras online de amigos ou familiares.<\/p>\n<h3 style=\"text-align: center;\"><strong>Principais raz\u00f5es para jogar Wolf Gold no casino Parimatch<\/strong><\/h3>\n<p>O espa\u00e7o Wolf Gold \u00e9 uma \u00f3ptima op\u00e7\u00e3o para se divertir e ganhar dinheiro. Este jogo \u00e9 muito procurado entre os clientes de casino. Entre a variedade de locais de jogo para parar a aten\u00e7\u00e3o sobre o Parimatch por uma s\u00e9rie de raz\u00f5es:<\/p>\n<ul>\n<li>Mais de 10 anos de trabalho impec\u00e1vel no mercado.<\/li>\n<li>Mais de 1000 simuladores de diferentes g\u00e9neros.<\/li>\n<li>Colabora\u00e7\u00e3o com mais de 30 produtores de jogos.<\/li>\n<li>Interessante e rent\u00e1vel para os programas de fidelidade dos clientes.<\/li>\n<li>Boa reputa\u00e7\u00e3o entre os jogadores.<\/li>\n<li>Ofertas adicionais: salas ao vivo, sec\u00e7\u00f5es de apostas.<\/li>\n<li>Reabastecimento regular da sala de jogos.<\/li>\n<\/ul>\n<p style=\"text-align: center;\"><a class=\"fasc-button fasc-size-large fasc-type-glossy fasc-rounded-medium fasc-style-bold\" style=\"background-color: #33809e; color: #ffffff;\" target=\"_blank\" rel=\"nofollow noopener\" href=\"https:\/\/wolf-gold-slot-review.com\/pt\/parimatch-offer-direct\/\">Jogar Wolf Gold Parimatch<\/a><\/p>\n<p>Os levantamentos de pr\u00e9mios s\u00e3o r\u00e1pidos. Em 95% dos casos, o processamento do pedido dura no m\u00e1ximo 1-2 horas. N\u00e3o \u00e9 necess\u00e1rio esperar pela transac\u00e7\u00e3o durante vinte e quatro horas.<\/p>","protected":false},"excerpt":{"rendered":"<p>Play Wolf Gold slot Parimatch online casino for real money Online casino Parimatch offers customers thousands of different slots. You can bet on time-tested hits and exclusive novelties. The brand has been working in the gambling industry for over 10 years. During this time, the company has formed an impressive customer base and created a &hellip;<\/p>\n<p class=\"read-more\"> <a class=\"\" href=\"https:\/\/wolf-gold-slot-review.com\/pt\/play-wolf-gold-parimatch\/\"> <span class=\"screen-reader-text\">Jogar Wolf Gold Parimatch<\/span> Read More &raquo;<\/a><\/p>","protected":false},"author":1,"featured_media":610,"parent":0,"menu_order":0,"comment_status":"closed","ping_status":"closed","template":"","meta":{"site-sidebar-layout":"default","site-content-layout":"default","ast-global-header-display":"","ast-main-header-display":"","ast-hfb-above-header-display":"","ast-hfb-below-header-display":"","ast-hfb-mobile-header-display":"","site-post-title":"disabled","ast-breadcrumbs-content":"","ast-featured-img":"disabled","footer-sml-layout":"","theme-transparent-header-meta":"default","adv-header-id-meta":"","stick-header-meta":"","header-above-stick-meta":"","header-main-stick-meta":"","header-below-stick-meta":"","footnotes":""},"class_list":["post-532","page","type-page","status-publish","has-post-thumbnail","hentry"],"yoast_head":"<!-- This site is optimized with the Yoast SEO Premium plugin v19.5 (Yoast SEO v19.10) - https:\/\/yoast.com\/wordpress\/plugins\/seo\/ -->\n<title>Play Wolf Gold slot Parimatch online casino for real money<\/title>\n<meta name=\"description\" content=\"Play the popular slot Wolf Gold in online casino Parimatch for money. The advantages of playing Wolf Gold at Parimatch casino\" \/>\n<meta name=\"robots\" content=\"index, follow, max-snippet:-1, max-image-preview:large, max-video-preview:-1\" \/>\n<link rel=\"canonical\" href=\"https:\/\/wolf-gold-slot-review.com\/pt\/play-wolf-gold-parimatch\/\" \/>\n<meta property=\"og:locale\" content=\"pt_PT\" \/>\n<meta property=\"og:type\" content=\"article\" \/>\n<meta property=\"og:title\" content=\"Play Wolf Gold Parimatch\" \/>\n<meta property=\"og:description\" content=\"Play Wolf Gold slot Parimatch online casino for real money Online casino Parimatch offers customers thousands of different slots. You can bet on\" \/>\n<meta property=\"og:url\" content=\"https:\/\/wolf-gold-slot-review.com\/pt\/play-wolf-gold-parimatch\/\" \/>\n<meta property=\"og:site_name\" content=\"Wolf Gold Slot in Australia - Play game online for money\" \/>\n<meta property=\"article:modified_time\" content=\"2025-02-04T17:04:15+00:00\" \/>\n<meta property=\"og:image\" content=\"https:\/\/wolf-gold-slot-review.com\/wp-content\/uploads\/2023\/02\/parimatch-wolf-gold-site.jpg\" \/>\n\t<meta property=\"og:image:width\" content=\"900\" \/>\n\t<meta property=\"og:image:height\" content=\"900\" \/>\n\t<meta property=\"og:image:type\" content=\"image\/jpeg\" \/>\n<meta name=\"twitter:card\" content=\"summary_large_image\" \/>\n<meta name=\"twitter:label1\" content=\"Tempo estimado de leitura\" \/>\n\t<meta name=\"twitter:data1\" content=\"4 minutos\" \/>\n<!-- \/ Yoast SEO Premium plugin. -->","yoast_head_json":{"title":"Play Wolf Gold slot Parimatch online casino for real money","description":"Play the popular slot Wolf Gold in online casino Parimatch for money. The advantages of playing Wolf Gold at Parimatch casino","robots":{"index":"index","follow":"follow","max-snippet":"max-snippet:-1","max-image-preview":"max-image-preview:large","max-video-preview":"max-video-preview:-1"},"canonical":"https:\/\/wolf-gold-slot-review.com\/pt\/play-wolf-gold-parimatch\/","og_locale":"pt_PT","og_type":"article","og_title":"Play Wolf Gold Parimatch","og_description":"Play Wolf Gold slot Parimatch online casino for real money Online casino Parimatch offers customers thousands of different slots. You can bet on","og_url":"https:\/\/wolf-gold-slot-review.com\/pt\/play-wolf-gold-parimatch\/","og_site_name":"Wolf Gold Slot in Australia - Play game online for money","article_modified_time":"2025-02-04T17:04:15+00:00","og_image":[{"width":900,"height":900,"url":"https:\/\/wolf-gold-slot-review.com\/wp-content\/uploads\/2023\/02\/parimatch-wolf-gold-site.jpg","type":"image\/jpeg"}],"twitter_card":"summary_large_image","twitter_misc":{"Tempo estimado de leitura":"4 minutos"},"schema":{"@context":"https:\/\/schema.org","@graph":[{"@type":"WebPage","@id":"https:\/\/wolf-gold-slot-review.com\/play-wolf-gold-parimatch\/","url":"https:\/\/wolf-gold-slot-review.com\/play-wolf-gold-parimatch\/","name":"Play Wolf Gold slot Parimatch online casino for real money","isPartOf":{"@id":"https:\/\/wolf-gold-slot-review.com\/#website"},"datePublished":"2023-02-18T20:13:01+00:00","dateModified":"2025-02-04T17:04:15+00:00","description":"Play the popular slot Wolf Gold in online casino Parimatch for money. The advantages of playing Wolf Gold at Parimatch casino","breadcrumb":{"@id":"https:\/\/wolf-gold-slot-review.com\/play-wolf-gold-parimatch\/#breadcrumb"},"inLanguage":"pt-PT","potentialAction":[{"@type":"ReadAction","target":["https:\/\/wolf-gold-slot-review.com\/play-wolf-gold-parimatch\/"]}]},{"@type":"BreadcrumbList","@id":"https:\/\/wolf-gold-slot-review.com\/play-wolf-gold-parimatch\/#breadcrumb","itemListElement":[{"@type":"ListItem","position":1,"name":"Home","item":"https:\/\/wolf-gold-slot-review.com\/"},{"@type":"ListItem","position":2,"name":"Play Wolf Gold Parimatch"}]},{"@type":"WebSite","@id":"https:\/\/wolf-gold-slot-review.com\/#website","url":"https:\/\/wolf-gold-slot-review.com\/","name":"Wolf Gold Slot in Australia - Play game online for money","description":"Wolf Gold Slot - Official site in Australia","publisher":{"@id":"https:\/\/wolf-gold-slot-review.com\/#organization"},"alternateName":"Wolf Gold Slot","potentialAction":[{"@type":"SearchAction","target":{"@type":"EntryPoint","urlTemplate":"https:\/\/wolf-gold-slot-review.com\/?s={search_term_string}"},"query-input":"required name=search_term_string"}],"inLanguage":"pt-PT"},{"@type":"Organization","@id":"https:\/\/wolf-gold-slot-review.com\/#organization","name":"Wolf Gold Slot in Australia - Play game online for money","alternateName":"Wolf Gold Slot","url":"https:\/\/wolf-gold-slot-review.com\/","logo":{"@type":"ImageObject","inLanguage":"pt-PT","@id":"https:\/\/wolf-gold-slot-review.com\/#\/schema\/logo\/image\/","url":"https:\/\/wolf-gold-slot-review.com\/wp-content\/uploads\/2022\/11\/cropped-logowolf.png","contentUrl":"https:\/\/wolf-gold-slot-review.com\/wp-content\/uploads\/2022\/11\/cropped-logowolf.png","width":265,"height":100,"caption":"Wolf Gold Slot in Australia - Play game online for money"},"image":{"@id":"https:\/\/wolf-gold-slot-review.com\/#\/schema\/logo\/image\/"}}]}},"_links":{"self":[{"href":"https:\/\/wolf-gold-slot-review.com\/pt\/wp-json\/wp\/v2\/pages\/532","targetHints":{"allow":["GET"]}}],"collection":[{"href":"https:\/\/wolf-gold-slot-review.com\/pt\/wp-json\/wp\/v2\/pages"}],"about":[{"href":"https:\/\/wolf-gold-slot-review.com\/pt\/wp-json\/wp\/v2\/types\/page"}],"author":[{"embeddable":true,"href":"https:\/\/wolf-gold-slot-review.com\/pt\/wp-json\/wp\/v2\/users\/1"}],"replies":[{"embeddable":true,"href":"https:\/\/wolf-gold-slot-review.com\/pt\/wp-json\/wp\/v2\/comments?post=532"}],"version-history":[{"count":6,"href":"https:\/\/wolf-gold-slot-review.com\/pt\/wp-json\/wp\/v2\/pages\/532\/revisions"}],"predecessor-version":[{"id":679,"href":"https:\/\/wolf-gold-slot-review.com\/pt\/wp-json\/wp\/v2\/pages\/532\/revisions\/679"}],"wp:featuredmedia":[{"embeddable":true,"href":"https:\/\/wolf-gold-slot-review.com\/pt\/wp-json\/wp\/v2\/media\/610"}],"wp:attachment":[{"href":"https:\/\/wolf-gold-slot-review.com\/pt\/wp-json\/wp\/v2\/media?parent=532"}],"curies":[{"name":"wp","href":"https:\/\/api.w.org\/{rel}","templated":true}]}}