{"id":619,"date":"2023-02-21T00:29:20","date_gmt":"2023-02-21T00:29:20","guid":{"rendered":"https:\/\/wolf-gold-slot-review.com\/?page_id=619"},"modified":"2025-02-04T17:03:46","modified_gmt":"2025-02-04T17:03:46","slug":"wolf-gold-1-million","status":"publish","type":"page","link":"https:\/\/wolf-gold-slot-review.com\/pt\/lobo-ouro-1-milhao\/","title":{"rendered":"Ouro do Lobo 1 Milh\u00e3o"},"content":{"rendered":"<h1 style=\"text-align: center;\"><strong>Slot Wolf Gold 1 Milh\u00e3o - jogue online por dinheiro real online<\/strong><\/h1>\n<p>Wolf Gold 1 Million \u00e9 um jogo de slots altamente envolvente e gratificante que promete aos jogadores uma experi\u00eancia de jogo inesquec\u00edvel. Saiba mais sobre este jogo e como pode maximizar os seus ganhos.<\/p>\n<p style=\"text-align: center;\"><a class=\"fasc-button fasc-size-large fasc-type-glossy fasc-rounded-medium\" style=\"background-color: #33809e; color: #ffffff;\" href=\"https:\/\/wolf-gold-slot-review.com\/pt\/play-wolf-gold-pin-up\/\">Jogar Wolf Gold PinUp<\/a> &nbsp;<a class=\"fasc-button fasc-size-large fasc-type-glossy fasc-rounded-medium\" style=\"background-color: #33809e; color: #ffffff;\" href=\"https:\/\/wolf-gold-slot-review.com\/pt\/play-wolf-gold-1win\/\">Jogar Wolf Gold 1win<\/a> &nbsp;<a class=\"fasc-button fasc-size-large fasc-type-glossy fasc-rounded-medium\" style=\"background-color: #33809e; color: #ffffff;\" href=\"https:\/\/wolf-gold-slot-review.com\/pt\/play-wolf-gold-parimatch\/\">Jogar Wolf Gold Parimatch <\/a>&nbsp; <a class=\"fasc-button fasc-size-large fasc-type-glossy fasc-rounded-medium\" style=\"background-color: #33809e; color: #ffffff;\" href=\"https:\/\/wolf-gold-slot-review.com\/pt\/demo-lobo-ouro-slot\/\">Jogar Wolf Gold Demo<\/a>&nbsp;<\/p>\n<p>Wolf Gold 1 Million \u00e9 um jogo de slot online que tem levado a ind\u00fastria do jogo a s\u00e9rio. Com as suas caracter\u00edsticas emocionantes e pagamentos impressionantes, o jogo tornou-se um favorito entre os jogadores. O jogo tem um layout 5\u00d74 com 1.000.000 linhas de pagamento, o que d\u00e1 aos jogadores uma oportunidade de ganhar em grande.<\/p>\n<h2 style=\"text-align: center;\"><strong>Wolf Gold 1 Milh\u00e3o: Uma vis\u00e3o geral<\/strong><\/h2>\n<p>Wolf Gold 1 Million \u00e9 um produto da Pragmatic Play, um renomado fornecedor de software na ind\u00fastria do jogo. O jogo foi lan\u00e7ado em 2020 e, desde ent\u00e3o, ganhou popularidade entre os entusiastas dos jogos de slot.<\/p>\n<p><img decoding=\"async\" class=\"aligncenter wp-image-623\" src=\"https:\/\/wolf-gold-slot-review.com\/wp-content\/uploads\/2023\/02\/wolf-gold-1-million-slot-1024x509.jpg\" alt=\"Ranhura Wolf Gold 1 Milh\u00e3o\" width=\"680\" height=\"338\" srcset=\"\/\/wolf-gold-slot-review.com\/wp-content\/uploads\/2023\/02\/wolf-gold-1-million-slot-1024x509.jpg 1024w, \/\/wolf-gold-slot-review.com\/wp-content\/uploads\/2023\/02\/wolf-gold-1-million-slot-300x149.jpg 300w, \/\/wolf-gold-slot-review.com\/wp-content\/uploads\/2023\/02\/wolf-gold-1-million-slot-150x75.jpg 150w, \/\/wolf-gold-slot-review.com\/wp-content\/uploads\/2023\/02\/wolf-gold-1-million-slot-768x382.jpg 768w, \/\/wolf-gold-slot-review.com\/wp-content\/uploads\/2023\/02\/wolf-gold-1-million-slot-18x9.jpg 18w, \/\/wolf-gold-slot-review.com\/wp-content\/uploads\/2023\/02\/wolf-gold-1-million-slot.jpg 1094w\" sizes=\"(max-width: 680px) 100vw, 680px\" \/><\/p>\n<p>O tema do jogo gira em torno do deserto, com as bobinas apresentando s\u00edmbolos como lobos, \u00e1guias, b\u00fafalos, e cavalos. O jogo tem uma RTP de 96,5%, o que \u00e9 bastante impressionante, e vem com uma volatilidade m\u00e9dia.<\/p>\n<h3 style=\"text-align: center;\"><strong>Caracter\u00edsticas de Wolf Gold 1 Milh\u00e3o<\/strong><\/h3>\n<p>Wolf Gold 1 Million possui v\u00e1rias caracter\u00edsticas que o distinguem de outros jogos de slots. Estas caracter\u00edsticas incluem:<\/p>\n<ol>\n<li>Dispers\u00e3o e S\u00edmbolos Selvagens: O s\u00edmbolo Scatter \u00e9 representado por um apanhador de sonhos e pode desencadear a funcionalidade de rota\u00e7\u00f5es livres. O s\u00edmbolo selvagem \u00e9 representado pelo lobo e pode substituir qualquer outro s\u00edmbolo, excepto o Scatter.<\/li>\n<li>Funcionalidade Free Spins: Aterragem de tr\u00eas ou mais s\u00edmbolos Scatter desencadeia a funcionalidade de free spins, que pode atribuir-lhe at\u00e9 15 free spins.<\/li>\n<li>Funcionalidade Money Re-Spin: A aterragem de seis ou mais s\u00edmbolos de dinheiro nas bobinas desencadeia esta funcionalidade. Os s\u00edmbolos de dinheiro permanecer\u00e3o nas bobinas, e receber\u00e1 tr\u00eas re-giros para tentar aterrar mais s\u00edmbolos de dinheiro. Cada novo s\u00edmbolo que pousar ir\u00e1 reiniciar o contador de re-giros a tr\u00eas.<\/li>\n<\/ol>\n<p><img decoding=\"async\" class=\"aligncenter wp-image-625\" src=\"https:\/\/wolf-gold-slot-review.com\/wp-content\/uploads\/2023\/02\/wolf-gold-1-million-bonus.jpg\" alt=\"B\u00f3nus Wolf Gold 1 Milh\u00e3o\" width=\"680\" height=\"381\" srcset=\"\/\/wolf-gold-slot-review.com\/wp-content\/uploads\/2023\/02\/wolf-gold-1-million-bonus.jpg 738w, \/\/wolf-gold-slot-review.com\/wp-content\/uploads\/2023\/02\/wolf-gold-1-million-bonus-300x168.jpg 300w, \/\/wolf-gold-slot-review.com\/wp-content\/uploads\/2023\/02\/wolf-gold-1-million-bonus-150x84.jpg 150w, \/\/wolf-gold-slot-review.com\/wp-content\/uploads\/2023\/02\/wolf-gold-1-million-bonus-18x10.jpg 18w\" sizes=\"(max-width: 680px) 100vw, 680px\" \/><\/p>\n<h3 style=\"text-align: center;\"><strong>Como jogar Wolf Gold 1 Milh\u00e3o?<\/strong><\/h3>\n<p>Jogar Wolf Gold 1 Milh\u00e3o \u00e9 f\u00e1cil e directo. O jogo tem uma interface de f\u00e1cil utiliza\u00e7\u00e3o que permite aos jogadores fazer as suas apostas e rodar as bobinas. Aqui est\u00e1 um guia passo-a-passo sobre como jogar:<\/p>\n<ol>\n<li>Escolha o tamanho da sua aposta: Use os bot\u00f5es \"+\" e \"-\" para aumentar ou diminuir o tamanho da sua aposta. A aposta m\u00ednima \u00e9 $0.20, enquanto a aposta m\u00e1xima \u00e9 $100.<\/li>\n<li>Rodar os carret\u00e9is: Clique no bot\u00e3o \"Rodar\" para iniciar o jogo. Tamb\u00e9m pode utilizar a fun\u00e7\u00e3o \"Autoplay\" para rodar os rolos automaticamente.<\/li>\n<li>Ganhar: A aterragem de s\u00edmbolos correspondentes nas bobinas resultar\u00e1 numa vit\u00f3ria. O montante ganho depende do s\u00edmbolo e do tamanho da aposta.<\/li>\n<\/ol>\n<h3 style=\"text-align: center;\"><strong>Maximizar os seus ganhos em Wolf Gold 1 Milh\u00e3o<\/strong><\/h3>\n<p>Para maximizar os seus ganhos em Wolf Gold 1 Milh\u00e3o, precisa de compreender as caracter\u00edsticas do jogo e como utiliz\u00e1-los em seu proveito. Aqui est\u00e3o algumas dicas para o ajudar a maximizar os seus ganhos:<\/p>\n<ol>\n<li>Utilizar a funcionalidade de rota\u00e7\u00f5es livres: A funcionalidade de free spins pode aumentar as suas hip\u00f3teses de ganhar em grande, especialmente se aterrar o s\u00edmbolo Wild durante as free spins.<\/li>\n<li>Tirar Vantagem da Funcionalidade Money Re-Spin: A funcionalidade Money Re-Spin pode ser lucrativa se conseguir os s\u00edmbolos certos. Continue a jogar at\u00e9 aterrar o maior n\u00famero poss\u00edvel de s\u00edmbolos de dinheiro.<\/li>\n<li>Gerir a sua banca: Defina um or\u00e7amento e mantenha-se fiel a ele. N\u00e3o gaste mais do que pode perder, e evite perseguir perdas.<\/li>\n<\/ol>\n<p><img decoding=\"async\" class=\"aligncenter size-full wp-image-624\" src=\"https:\/\/wolf-gold-slot-review.com\/wp-content\/uploads\/2023\/02\/wolf-gold-1-million-scratch.jpg\" alt=\"Arranh\u00e3o Wolf Gold 1 Milh\u00e3o\" width=\"680\" height=\"337\" srcset=\"\/\/wolf-gold-slot-review.com\/wp-content\/uploads\/2023\/02\/wolf-gold-1-million-scratch.jpg 680w, \/\/wolf-gold-slot-review.com\/wp-content\/uploads\/2023\/02\/wolf-gold-1-million-scratch-300x149.jpg 300w, \/\/wolf-gold-slot-review.com\/wp-content\/uploads\/2023\/02\/wolf-gold-1-million-scratch-150x74.jpg 150w, \/\/wolf-gold-slot-review.com\/wp-content\/uploads\/2023\/02\/wolf-gold-1-million-scratch-18x9.jpg 18w\" sizes=\"(max-width: 680px) 100vw, 680px\" \/><\/p>\n<h5 style=\"text-align: center;\"><strong>Conclus\u00e3o<\/strong><\/h5>\n<p>Em conclus\u00e3o, Wolf Gold 1 Million \u00e9 um jogo de slot emocionante e envolvente que promete aos jogadores uma experi\u00eancia de jogo inesquec\u00edvel. Com as suas caracter\u00edsticas e pagamentos impressionantes, o jogo vale a pena jogar, especialmente se for um f\u00e3 de jogos de slot.<\/p>\n<p>Para maximizar os seus ganhos no jogo, precisa de compreender as caracter\u00edsticas do jogo e como utiliz\u00e1-los em seu proveito. E lembre-se de jogar sempre de forma respons\u00e1vel e dentro das suas possibilidades.<\/p>\n<p>Ent\u00e3o, liberte a emo\u00e7\u00e3o de Wolf Gold 1 Milh\u00e3o e tenha uma oportunidade de ganhar em grande!<\/p>\n<p>Jogue a aposta m\u00e1xima: Wolf Gold 1 Million tem 1.000.000 linhas de pagamento, o que significa que quanto mais linhas de pagamento activar, maiores ser\u00e3o as suas hip\u00f3teses de ganhar. Jogar a aposta m\u00e1xima activar\u00e1 todas as linhas de pagamento e aumentar\u00e1 as suas probabilidades de atingir uma grande vit\u00f3ria.<\/p>\n<p>&nbsp;<\/p>\n<h4 style=\"text-align: center;\"><strong>Perguntas mais frequentes sobre Wolf Gold 1 Milh\u00e3o<\/strong><\/h4>\n<style>#sp-ea-620 .spcollapsing { height: 0; overflow: hidden; transition-property: height;transition-duration: 300ms;}#sp-ea-620{ position: relative; }#sp-ea-620 .ea-card{ opacity: 0;}#eap-preloader-620{ position: absolute; left: 0; top: 0; height: 100%;width: 100%; text-align: center;display: flex; align-items: center;justify-content: center;}#sp-ea-620.sp-easy-accordion>.sp-ea-single {margin-bottom: 10px; border: 1px solid #e2e2e2; }#sp-ea-620.sp-easy-accordion>.sp-ea-single>.ea-header a {color: #444;}#sp-ea-620.sp-easy-accordion>.sp-ea-single>.sp-collapse>.ea-body {background: #fff; color: #444;}#sp-ea-620.sp-easy-accordion>.sp-ea-single {background: #eee;}#sp-ea-620.sp-easy-accordion>.sp-ea-single>.ea-header a .ea-expand-icon { float: left; color: #444;font-size: 16px;}<\/style><div id=\"sp_easy_accordion-1776482628\">\n<div id=\"sp-ea-620\" class=\"sp-ea-one sp-easy-accordion\" data-ea-active=\"ea-click\" data-ea-mode=\"vertical\" data-preloader=\"1\" data-scroll-active-item=\"\" data-offset-to-scroll=\"0\">\n\n\t<div id=\"eap-preloader-620\" class=\"accordion-preloader\">\n\t\t<img decoding=\"async\" src=\"https:\/\/wolf-gold-slot-review.com\/wp-content\/plugins\/easy-accordion-free\/public\/assets\/ea_loader.svg\" alt=\"Imagem do carregador\"\/>\n\t<\/div>\n\t<!-- Start accordion card div. -->\n<div class=\"ea-card ea-expand sp-ea-single\">\n\t<!-- Start accordion header. -->\n\t<h3 class=\"ea-header\">\n\t\t<!-- Add anchor tag for header. -->\n\t\t<a class=\"collapsed\" id=\"ea-header-6200\" role=\"button\" data-sptoggle=\"spcollapse\" data-sptarget=\"#collapse6200\" aria-controls=\"collapse6200\" href=\"#\"  aria-expanded=\"true\" tabindex=\"0\">\n\t\t<i aria-hidden=\"true\" role=\"presentation\" class=\"ea-expand-icon eap-icon-ea-expand-minus\"><\/i> Ser\u00e1 o Wolf Gold 1 Milh\u00e3o um jogo leg\u00edtimo?\t\t<\/a> <!-- Close anchor tag for header. -->\n\t<\/h3>\t<!-- Close header tag. -->\n\t<!-- Start collapsible content div. -->\n\t<div class=\"sp-collapse spcollapse collapsed show\" id=\"collapse6200\" data-parent=\"#sp-ea-620\" role=\"region\" aria-labelledby=\"ea-header-6200\">  <!-- Content div. -->\n\t\t<div class=\"ea-body\">\n\t\t<p><em>Sim, Wolf Gold 1 Million \u00e9 um jogo leg\u00edtimo produzido pela Pragmatic Play, um fornecedor de software respeit\u00e1vel na ind\u00fastria do jogo.<\/em><\/p>\n\t\t<\/div> <!-- Close content div. -->\n\t<\/div> <!-- Close collapse div. -->\n<\/div> <!-- Close card div. -->\n<!-- Start accordion card div. -->\n<div class=\"ea-card ea-expand sp-ea-single\">\n\t<!-- Start accordion header. -->\n\t<h3 class=\"ea-header\">\n\t\t<!-- Add anchor tag for header. -->\n\t\t<a class=\"collapsed\" id=\"ea-header-6201\" role=\"button\" data-sptoggle=\"spcollapse\" data-sptarget=\"#collapse6201\" aria-controls=\"collapse6201\" href=\"#\"  aria-expanded=\"true\" tabindex=\"0\">\n\t\t<i aria-hidden=\"true\" role=\"presentation\" class=\"ea-expand-icon eap-icon-ea-expand-minus\"><\/i> A Wolf Gold 1 Milh\u00e3o est\u00e1 dispon\u00edvel para dispositivos m\u00f3veis?\t\t<\/a> <!-- Close anchor tag for header. -->\n\t<\/h3>\t<!-- Close header tag. -->\n\t<!-- Start collapsible content div. -->\n\t<div class=\"sp-collapse spcollapse collapsed show\" id=\"collapse6201\" data-parent=\"#sp-ea-620\" role=\"region\" aria-labelledby=\"ea-header-6201\">  <!-- Content div. -->\n\t\t<div class=\"ea-body\">\n\t\t<p><em>Sim, pode jogar Wolf Gold 1 Milh\u00e3o nos seus dispositivos m\u00f3veis. O jogo \u00e9 optimizado tanto para dispositivos Android como iOS.<\/em><\/p>\n\t\t<\/div> <!-- Close content div. -->\n\t<\/div> <!-- Close collapse div. -->\n<\/div> <!-- Close card div. -->\n<!-- Start accordion card div. -->\n<div class=\"ea-card ea-expand sp-ea-single\">\n\t<!-- Start accordion header. -->\n\t<h3 class=\"ea-header\">\n\t\t<!-- Add anchor tag for header. -->\n\t\t<a class=\"collapsed\" id=\"ea-header-6202\" role=\"button\" data-sptoggle=\"spcollapse\" data-sptarget=\"#collapse6202\" aria-controls=\"collapse6202\" href=\"#\"  aria-expanded=\"true\" tabindex=\"0\">\n\t\t<i aria-hidden=\"true\" role=\"presentation\" class=\"ea-expand-icon eap-icon-ea-expand-minus\"><\/i> Posso jogar Wolf Gold 1 Milh\u00e3o gratuitamente?\t\t<\/a> <!-- Close anchor tag for header. -->\n\t<\/h3>\t<!-- Close header tag. -->\n\t<!-- Start collapsible content div. -->\n\t<div class=\"sp-collapse spcollapse collapsed show\" id=\"collapse6202\" data-parent=\"#sp-ea-620\" role=\"region\" aria-labelledby=\"ea-header-6202\">  <!-- Content div. -->\n\t\t<div class=\"ea-body\">\n\t\t<p><em>Sim, pode jogar Wolf Gold 1 Milh\u00e3o gratuitamente em v\u00e1rios casinos online. Jogar a vers\u00e3o demo dar-lhe-\u00e1 a oportunidade de testar as caracter\u00edsticas do jogo e de se familiarizar com a sua jogabilidade.<\/em><\/p>\n\t\t<\/div> <!-- Close content div. -->\n\t<\/div> <!-- Close collapse div. -->\n<\/div> <!-- Close card div. -->\n<!-- Start accordion card div. -->\n<div class=\"ea-card ea-expand sp-ea-single\">\n\t<!-- Start accordion header. -->\n\t<h3 class=\"ea-header\">\n\t\t<!-- Add anchor tag for header. -->\n\t\t<a class=\"collapsed\" id=\"ea-header-6203\" role=\"button\" data-sptoggle=\"spcollapse\" data-sptarget=\"#collapse6203\" aria-controls=\"collapse6203\" href=\"#\"  aria-expanded=\"true\" tabindex=\"0\">\n\t\t<i aria-hidden=\"true\" role=\"presentation\" class=\"ea-expand-icon eap-icon-ea-expand-minus\"><\/i> Como ganhar no Wolf Gold 1 Milh\u00e3o?\t\t<\/a> <!-- Close anchor tag for header. -->\n\t<\/h3>\t<!-- Close header tag. -->\n\t<!-- Start collapsible content div. -->\n\t<div class=\"sp-collapse spcollapse collapsed show\" id=\"collapse6203\" data-parent=\"#sp-ea-620\" role=\"region\" aria-labelledby=\"ea-header-6203\">  <!-- Content div. -->\n\t\t<div class=\"ea-body\">\n\t\t<p><em>O resultado da ronda em <span class=\"search-highlight\">Wolf Gold<\/span>\u00a01 Milh\u00e3o \u00e9 determinado por algoritmos matem\u00e1ticos que permitem que todos os jogadores ganhem. Assim, para obter o pagamento, \u00e9 necess\u00e1rio rodar as bobinas e esperar por sorte. Ao jogar num casino com provas dadas, as hip\u00f3teses de ganhar ser\u00e3o as mesmas para todos os utilizadores.<\/em><\/p>\n\t\t<\/div> <!-- Close content div. -->\n\t<\/div> <!-- Close collapse div. -->\n<\/div> <!-- Close card div. -->\n<!-- Start accordion card div. -->\n<div class=\"ea-card ea-expand sp-ea-single\">\n\t<!-- Start accordion header. -->\n\t<h3 class=\"ea-header\">\n\t\t<!-- Add anchor tag for header. -->\n\t\t<a class=\"collapsed\" id=\"ea-header-6204\" role=\"button\" data-sptoggle=\"spcollapse\" data-sptarget=\"#collapse6204\" aria-controls=\"collapse6204\" href=\"#\"  aria-expanded=\"true\" tabindex=\"0\">\n\t\t<i aria-hidden=\"true\" role=\"presentation\" class=\"ea-expand-icon eap-icon-ea-expand-minus\"><\/i> O que \u00e9 a RTP Wolf Gold?\t\t<\/a> <!-- Close anchor tag for header. -->\n\t<\/h3>\t<!-- Close header tag. -->\n\t<!-- Start collapsible content div. -->\n\t<div class=\"sp-collapse spcollapse collapsed show\" id=\"collapse6204\" data-parent=\"#sp-ea-620\" role=\"region\" aria-labelledby=\"ea-header-6204\">  <!-- Content div. -->\n\t\t<div class=\"ea-body\">\n\t\t<p><em>Wolf Gold <b>A taxa de RTP \u00e9 96.01%<\/b>. Isto \u00e9 bastante m\u00e9dio para um v\u00eddeo slot online. Receber\u00e1 combina\u00e7\u00f5es vencedoras com bastante frequ\u00eancia, mas as maiores vir\u00e3o nas 2 caracter\u00edsticas de b\u00f3nus.<\/em><\/p>\n\t\t<\/div> <!-- Close content div. -->\n\t<\/div> <!-- Close collapse div. -->\n<\/div> <!-- Close card div. -->\n<script type=\"application\/ld+json\">{\n    \"@context\": \"https:\\\/\\\/schema.org\",\n    \"@type\": \"FAQPage\",\n    \"mainEntity\": [\n        {\n            \"@type\": \"Question\",\n            \"name\": \"Is Wolf Gold 1 Million a legitimate game?\",\n            \"acceptedAnswer\": {\n                \"@type\": \"Answer\",\n                \"text\": \"<em>Yes, Wolf Gold 1 Million is a legitimate game produced by Pragmatic Play, a reputable software provider in the gaming industry.<\\\/em>\"\n            }\n        },\n        {\n            \"@type\": \"Question\",\n            \"name\": \"Is Wolf Gold 1 Million available for mobile devices?\",\n            \"acceptedAnswer\": {\n                \"@type\": \"Answer\",\n                \"text\": \"<em>Yes, you can play Wolf Gold 1 Million on your mobile devices. The game is optimized for both Android and iOS devices.<\\\/em>\"\n            }\n        },\n        {\n            \"@type\": \"Question\",\n            \"name\": \"Can I play Wolf Gold 1 Million for free?\",\n            \"acceptedAnswer\": {\n                \"@type\": \"Answer\",\n                \"text\": \"<em>Yes, you can play Wolf Gold 1 Million for free at several online casinos. Playing the demo version will give you a chance to test the game's features and familiarize yourself with its gameplay.<\\\/em>\"\n            }\n        },\n        {\n            \"@type\": \"Question\",\n            \"name\": \"How do I win at Wolf Gold 1 Million?\",\n            \"acceptedAnswer\": {\n                \"@type\": \"Answer\",\n                \"text\": \"<em>The outcome of the round in Wolf Gold\\u00a01 Million is determined by mathematical algorithms that allow all players to win. Accordingly, to get the payout, you need to spin the reels and hope for luck. When playing in a proven casino, the chances of winning will be the same for all users.<\\\/em>\"\n            }\n        },\n        {\n            \"@type\": \"Question\",\n            \"name\": \"What is the Wolf Gold RTP?\",\n            \"acceptedAnswer\": {\n                \"@type\": \"Answer\",\n                \"text\": \"<em>Wolf Gold<b>RTP rate is 96.01%<\\\/b>. This is pretty average for an online video slot. You will get winning combinations pretty frequently but bigger ones will come in the 2 bonus features.<\\\/em>\"\n            }\n        }\n    ]\n}<\/script><\/div>\n<\/div>","protected":false},"excerpt":{"rendered":"<p>Wolf Gold 1 Million slot &#8211; play online for real money online Wolf Gold 1 Million is a highly engaging and rewarding slot game that promises players an unforgettable gaming experience. Learn more about this game and how you can maximize your winnings. Play Wolf Gold PinUp &nbsp;Play Wolf Gold 1win &nbsp;Play Wolf Gold Parimatch &hellip;<\/p>\n<p class=\"read-more\"> <a class=\"\" href=\"https:\/\/wolf-gold-slot-review.com\/pt\/lobo-ouro-1-milhao\/\"> <span class=\"screen-reader-text\">Ouro do Lobo 1 Milh\u00e3o<\/span> Read More &raquo;<\/a><\/p>","protected":false},"author":1,"featured_media":626,"parent":0,"menu_order":0,"comment_status":"closed","ping_status":"closed","template":"","meta":{"site-sidebar-layout":"default","site-content-layout":"default","ast-global-header-display":"","ast-main-header-display":"","ast-hfb-above-header-display":"","ast-hfb-below-header-display":"","ast-hfb-mobile-header-display":"","site-post-title":"disabled","ast-breadcrumbs-content":"","ast-featured-img":"disabled","footer-sml-layout":"","theme-transparent-header-meta":"default","adv-header-id-meta":"","stick-header-meta":"","header-above-stick-meta":"","header-main-stick-meta":"","header-below-stick-meta":"","footnotes":""},"class_list":["post-619","page","type-page","status-publish","has-post-thumbnail","hentry"],"yoast_head":"<!-- This site is optimized with the Yoast SEO Premium plugin v19.5 (Yoast SEO v19.10) - https:\/\/yoast.com\/wordpress\/plugins\/seo\/ -->\n<title>Wolf Gold 1 Million slot - play online for real money online<\/title>\n<meta name=\"description\" content=\"Wolf Gold 1 Million is a highly engaging and rewarding slot game that promises players an unforgettable gaming experience. Get your bonus now\" \/>\n<meta name=\"robots\" content=\"index, follow, max-snippet:-1, max-image-preview:large, max-video-preview:-1\" \/>\n<link rel=\"canonical\" href=\"https:\/\/wolf-gold-slot-review.com\/pt\/lobo-ouro-1-milhao\/\" \/>\n<meta property=\"og:locale\" content=\"pt_PT\" \/>\n<meta property=\"og:type\" content=\"article\" \/>\n<meta property=\"og:title\" content=\"Wolf Gold 1 Million\" \/>\n<meta property=\"og:description\" content=\"Wolf Gold 1 Million slot - play online for real money online Wolf Gold 1 Million is a highly engaging and rewarding slot game that promises players an\" \/>\n<meta property=\"og:url\" content=\"https:\/\/wolf-gold-slot-review.com\/pt\/lobo-ouro-1-milhao\/\" \/>\n<meta property=\"og:site_name\" content=\"Wolf Gold Slot in Australia - Play game online for money\" \/>\n<meta property=\"article:modified_time\" content=\"2025-02-04T17:03:46+00:00\" \/>\n<meta property=\"og:image\" content=\"https:\/\/wolf-gold-slot-review.com\/wp-content\/uploads\/2023\/02\/wolf-gold-1-million-site.jpg\" \/>\n\t<meta property=\"og:image:width\" content=\"900\" \/>\n\t<meta property=\"og:image:height\" content=\"900\" \/>\n\t<meta property=\"og:image:type\" content=\"image\/jpeg\" \/>\n<meta name=\"twitter:card\" content=\"summary_large_image\" \/>\n<meta name=\"twitter:label1\" content=\"Tempo estimado de leitura\" \/>\n\t<meta name=\"twitter:data1\" content=\"5 minutos\" \/>\n<!-- \/ Yoast SEO Premium plugin. -->","yoast_head_json":{"title":"Wolf Gold 1 Million slot - play online for real money online","description":"Wolf Gold 1 Million is a highly engaging and rewarding slot game that promises players an unforgettable gaming experience. Get your bonus now","robots":{"index":"index","follow":"follow","max-snippet":"max-snippet:-1","max-image-preview":"max-image-preview:large","max-video-preview":"max-video-preview:-1"},"canonical":"https:\/\/wolf-gold-slot-review.com\/pt\/lobo-ouro-1-milhao\/","og_locale":"pt_PT","og_type":"article","og_title":"Wolf Gold 1 Million","og_description":"Wolf Gold 1 Million slot - play online for real money online Wolf Gold 1 Million is a highly engaging and rewarding slot game that promises players an","og_url":"https:\/\/wolf-gold-slot-review.com\/pt\/lobo-ouro-1-milhao\/","og_site_name":"Wolf Gold Slot in Australia - Play game online for money","article_modified_time":"2025-02-04T17:03:46+00:00","og_image":[{"width":900,"height":900,"url":"https:\/\/wolf-gold-slot-review.com\/wp-content\/uploads\/2023\/02\/wolf-gold-1-million-site.jpg","type":"image\/jpeg"}],"twitter_card":"summary_large_image","twitter_misc":{"Tempo estimado de leitura":"5 minutos"},"schema":{"@context":"https:\/\/schema.org","@graph":[{"@type":"WebPage","@id":"https:\/\/wolf-gold-slot-review.com\/wolf-gold-1-million\/","url":"https:\/\/wolf-gold-slot-review.com\/wolf-gold-1-million\/","name":"Wolf Gold 1 Million slot - play online for real money online","isPartOf":{"@id":"https:\/\/wolf-gold-slot-review.com\/#website"},"datePublished":"2023-02-21T00:29:20+00:00","dateModified":"2025-02-04T17:03:46+00:00","description":"Wolf Gold 1 Million is a highly engaging and rewarding slot game that promises players an unforgettable gaming experience. Get your bonus now","breadcrumb":{"@id":"https:\/\/wolf-gold-slot-review.com\/wolf-gold-1-million\/#breadcrumb"},"inLanguage":"pt-PT","potentialAction":[{"@type":"ReadAction","target":["https:\/\/wolf-gold-slot-review.com\/wolf-gold-1-million\/"]}]},{"@type":"BreadcrumbList","@id":"https:\/\/wolf-gold-slot-review.com\/wolf-gold-1-million\/#breadcrumb","itemListElement":[{"@type":"ListItem","position":1,"name":"Home","item":"https:\/\/wolf-gold-slot-review.com\/"},{"@type":"ListItem","position":2,"name":"Wolf Gold 1 Million"}]},{"@type":"WebSite","@id":"https:\/\/wolf-gold-slot-review.com\/#website","url":"https:\/\/wolf-gold-slot-review.com\/","name":"Wolf Gold Slot in Australia - Play game online for money","description":"Wolf Gold Slot - Official site in Australia","publisher":{"@id":"https:\/\/wolf-gold-slot-review.com\/#organization"},"alternateName":"Wolf Gold Slot","potentialAction":[{"@type":"SearchAction","target":{"@type":"EntryPoint","urlTemplate":"https:\/\/wolf-gold-slot-review.com\/?s={search_term_string}"},"query-input":"required name=search_term_string"}],"inLanguage":"pt-PT"},{"@type":"Organization","@id":"https:\/\/wolf-gold-slot-review.com\/#organization","name":"Wolf Gold Slot in Australia - Play game online for money","alternateName":"Wolf Gold Slot","url":"https:\/\/wolf-gold-slot-review.com\/","logo":{"@type":"ImageObject","inLanguage":"pt-PT","@id":"https:\/\/wolf-gold-slot-review.com\/#\/schema\/logo\/image\/","url":"https:\/\/wolf-gold-slot-review.com\/wp-content\/uploads\/2022\/11\/cropped-logowolf.png","contentUrl":"https:\/\/wolf-gold-slot-review.com\/wp-content\/uploads\/2022\/11\/cropped-logowolf.png","width":265,"height":100,"caption":"Wolf Gold Slot in Australia - Play game online for money"},"image":{"@id":"https:\/\/wolf-gold-slot-review.com\/#\/schema\/logo\/image\/"}}]}},"_links":{"self":[{"href":"https:\/\/wolf-gold-slot-review.com\/pt\/wp-json\/wp\/v2\/pages\/619","targetHints":{"allow":["GET"]}}],"collection":[{"href":"https:\/\/wolf-gold-slot-review.com\/pt\/wp-json\/wp\/v2\/pages"}],"about":[{"href":"https:\/\/wolf-gold-slot-review.com\/pt\/wp-json\/wp\/v2\/types\/page"}],"author":[{"embeddable":true,"href":"https:\/\/wolf-gold-slot-review.com\/pt\/wp-json\/wp\/v2\/users\/1"}],"replies":[{"embeddable":true,"href":"https:\/\/wolf-gold-slot-review.com\/pt\/wp-json\/wp\/v2\/comments?post=619"}],"version-history":[{"count":4,"href":"https:\/\/wolf-gold-slot-review.com\/pt\/wp-json\/wp\/v2\/pages\/619\/revisions"}],"predecessor-version":[{"id":683,"href":"https:\/\/wolf-gold-slot-review.com\/pt\/wp-json\/wp\/v2\/pages\/619\/revisions\/683"}],"wp:featuredmedia":[{"embeddable":true,"href":"https:\/\/wolf-gold-slot-review.com\/pt\/wp-json\/wp\/v2\/media\/626"}],"wp:attachment":[{"href":"https:\/\/wolf-gold-slot-review.com\/pt\/wp-json\/wp\/v2\/media?parent=619"}],"curies":[{"name":"wp","href":"https:\/\/api.w.org\/{rel}","templated":true}]}}