{"id":14,"date":"2022-11-19T15:21:57","date_gmt":"2022-11-19T15:21:57","guid":{"rendered":"https:\/\/wolf-gold-slot-review.com\/?page_id=14"},"modified":"2023-02-21T13:58:19","modified_gmt":"2023-02-21T13:58:19","slug":"download-wolf-gold-apk","status":"publish","type":"page","link":"https:\/\/wolf-gold-slot-review.com\/tr\/download-wolf-gold-apk\/","title":{"rendered":"Wolf Gold \u0130ndir"},"content":{"rendered":"<h1 style=\"text-align: center;\"><strong>Wolf Gold uygulamas\u0131n\u0131 android telefonunuza, iPhone'unuza veya PC'nize indirin<\/strong><\/h1>\n<p>Wolf Gold uygulamas\u0131n\u0131 indirin - \u00e7ok kolay, size en sevdi\u011finiz slot makinesini ak\u0131ll\u0131 telefonunuzda her yerde ve her zaman oynama f\u0131rsat\u0131 verecektir. Modern teknoloji, do\u011frudan mobil cihaz\u0131n\u0131zda kumar oynaman\u0131n keyfini \u00e7\u0131karman\u0131z\u0131 sa\u011flar. Uygulamay\u0131 indirin veya taray\u0131c\u0131n\u0131z arac\u0131l\u0131\u011f\u0131yla resmi casino web sitesini kullan\u0131n ve istedi\u011finiz slotu bulmak i\u00e7in ada g\u00f6re arama yap\u0131n. Her iki durumda da, se\u00e7ilen markan\u0131n t\u00fcm \u00f6zelliklerine eri\u015febileceksiniz.<\/p>\n<p style=\"text-align: center;\"><a class=\"fasc-button fasc-size-large fasc-type-glossy fasc-rounded-medium\" style=\"background-color: #33809e; color: #ffffff;\" href=\"https:\/\/wolf-gold-slot-review.com\/tr\/play-wolf-gold-1win\/\">Wolf Gold PinUp Oyna<\/a> &nbsp;<a class=\"fasc-button fasc-size-large fasc-type-glossy fasc-rounded-medium\" style=\"background-color: #33809e; color: #ffffff;\" href=\"https:\/\/wolf-gold-slot-review.com\/tr\/play-wolf-gold-1win\/\">Wolf Gold 1win Oyna<\/a> &nbsp;<a class=\"fasc-button fasc-size-large fasc-type-glossy fasc-rounded-medium\" style=\"background-color: #33809e; color: #ffffff;\" href=\"https:\/\/wolf-gold-slot-review.com\/tr\/play-wolf-gold-parimatch\/\">Wolf Gold Parimatch Oyna <\/a>&nbsp; <a class=\"fasc-button fasc-size-large fasc-type-glossy fasc-rounded-medium\" style=\"background-color: #33809e; color: #ffffff;\" href=\"https:\/\/wolf-gold-slot-review.com\/tr\/demo-wolf-gold-slot\/\">Wolf Gold Demo Oyna<\/a>&nbsp;<\/p>\n<p>Online casino kullan\u0131c\u0131lar\u0131 giderek daha fazla telefon \u00fczerinden oynamay\u0131 tercih ediyor. Wolf Gold uygulamas\u0131n\u0131 veya di\u011fer slotlar\u0131 Android Play Market, iOS i\u00e7in App Store resmi ma\u011fazalar\u0131 arac\u0131l\u0131\u011f\u0131yla ak\u0131ll\u0131 telefonunuza indirmeniz yeterlidir. Android kullan\u0131c\u0131lar\u0131 i\u00e7in bir ba\u015fka se\u00e7enek de oyunun APK dosyas\u0131n\u0131 internetten veya online casino web sitesinden indirmektir. Mobil s\u00fcr\u00fcm bilgisayar s\u00fcr\u00fcm\u00fcnden farkl\u0131 de\u011fildir ve kullan\u0131c\u0131 dostu bir aray\u00fcz, zay\u0131f cihaz sahiplerinin bile \u015fanslar\u0131n\u0131 kontrol etmelerine izin verecektir. Hi\u00e7bir \u015fey kendinizi oyuna kapt\u0131rman\u0131z\u0131 ve para kazanmak i\u00e7in ger\u00e7ek bir \u015fans elde etmenizi engelleyemez.<\/p>\n<h2 style=\"text-align: center;\"><strong>Wolf Gold uygulamas\u0131n\u0131 cep telefonuna nas\u0131l indirebilirim?<\/strong><\/h2>\n<p>Wolf Gold'u Android veya iOS'a indirmek i\u00e7in \u00e7evrimi\u00e7i casino web sitesine gitmeniz ve uygun b\u00f6l\u00fcm\u00fc se\u00e7meniz gerekecektir. \u00c7o\u011fu oyun kul\u00fcb\u00fc, m\u00fc\u015fterilerine herhangi bir ak\u0131ll\u0131 telefonda rahat oyun oynamay\u0131 sa\u011flayan bir mobil uygulama sunar.<\/p>\n<p><img decoding=\"async\" class=\"aligncenter wp-image-427\" src=\"https:\/\/wolf-gold-slot-review.com\/wp-content\/uploads\/2022\/11\/wolf-gold-android-1.jpg\" alt=\"Wolf Gold Android\" width=\"532\" height=\"336\" srcset=\"\/\/wolf-gold-slot-review.com\/wp-content\/uploads\/2022\/11\/wolf-gold-android-1.jpg 720w, \/\/wolf-gold-slot-review.com\/wp-content\/uploads\/2022\/11\/wolf-gold-android-1-300x190.jpg 300w, \/\/wolf-gold-slot-review.com\/wp-content\/uploads\/2022\/11\/wolf-gold-android-1-150x95.jpg 150w\" sizes=\"(max-width: 532px) 100vw, 532px\" \/><\/p>\n<p>Wolf Gold uygulamas\u0131n\u0131 indirme ve y\u00fckleme prosed\u00fcr\u00fc olabildi\u011fince basittir ve yeni ba\u015flayanlar i\u00e7in bile anla\u015f\u0131labilir olacakt\u0131r. \u00c7o\u011fu durumda, casino y\u00f6netimi ayr\u0131nt\u0131l\u0131 talimatlar g\u00f6sterir. Makaralar\u0131 telefonunuzdan nas\u0131l d\u00f6nd\u00fcrece\u011finiz konusunda kesinlikle hi\u00e7bir sorun ya\u015famayacaks\u0131n\u0131z. Bilgisayarda oynamaya karar verdiyseniz de durum farkl\u0131 de\u011fildir.<\/p>\n<h3 style=\"text-align: center;\"><strong>Wolf Gold slotunun demo s\u00fcr\u00fcm\u00fcn\u00fc indirin<\/strong><\/h3>\n<p>Wolf Gold demo modunu cep telefonunuzda oynamak i\u00e7in oyunu \u00fccretsiz olarak indirebilirsiniz. Bu, slot makinesinin kay\u0131t ve para yat\u0131rma olmadan kullan\u0131labilen tamamen \u00fccretsiz bir s\u00fcr\u00fcm\u00fcd\u00fcr. Buna g\u00f6re, oyuncular ger\u00e7ek para harcamak ve risk almak zorunda kalmayacaklar. Bununla birlikte, hi\u00e7bir \u015fey kazanamayacaks\u0131n\u0131z, ancak daha sonra ger\u00e7ek bahisler i\u00e7in kullanabilmeniz i\u00e7in deneyim kazanman\u0131n harika bir yolu olacakt\u0131r.<\/p>\n<p><img decoding=\"async\" class=\"aligncenter wp-image-424 size-full\" src=\"https:\/\/wolf-gold-slot-review.com\/wp-content\/uploads\/2022\/11\/wolfgold-demo.jpg\" alt=\"kurt alt\u0131n demosu\" width=\"300\" height=\"422\" srcset=\"\/\/wolf-gold-slot-review.com\/wp-content\/uploads\/2022\/11\/wolfgold-demo.jpg 300w, \/\/wolf-gold-slot-review.com\/wp-content\/uploads\/2022\/11\/wolfgold-demo-213x300.jpg 213w, \/\/wolf-gold-slot-review.com\/wp-content\/uploads\/2022\/11\/wolfgold-demo-107x150.jpg 107w\" sizes=\"(max-width: 300px) 100vw, 300px\" \/><\/p>\n<h3 style=\"text-align: center;\"><strong>Wolf Gold APK dosyas\u0131n\u0131 indir<\/strong><\/h3>\n<p>Android cihaz kullan\u0131c\u0131lar\u0131 Wolf Gold oyunu ile APK dosyas\u0131n\u0131 indirebilirler. Dosya, resmi kumarhanenin web sitesinde \"\u0130ndir\" b\u00f6l\u00fcm\u00fcnde bulunabilir. \u0130nternetten \u00fc\u00e7\u00fcnc\u00fc taraf APK dosyalar\u0131n\u0131 indirmenizi tavsiye etmiyoruz. APK dosyas\u0131n\u0131 oyunla birlikte y\u00fckledikten sonra, cihaz\u0131n\u0131zda normal uygulamaya sahip olacaks\u0131n\u0131z.<\/p>\n<ol>\n<li>Oyun APK dosyas\u0131n\u0131 \u00e7evrimi\u00e7i kumarhanenin resmi web sitesinden indirin;<\/li>\n<li>Uygulaman\u0131n cihaz\u0131n\u0131za y\u00fcklenmesine izin verin;<\/li>\n<li>Casino hesab\u0131n\u0131za kaydolun veya giri\u015f yap\u0131n;<\/li>\n<li>Bakiyenizi doldurun;<\/li>\n<li>Arama yaparak istedi\u011finiz yuvay\u0131 bulun;<\/li>\n<li>Bahis yap\u0131n<\/li>\n<\/ol>\n<p><img decoding=\"async\" class=\"aligncenter wp-image-428 size-full\" src=\"https:\/\/wolf-gold-slot-review.com\/wp-content\/uploads\/2022\/11\/wolfgold-apk-en-e1669739317160.jpg\" alt=\"wolfgold apk tr\" width=\"406\" height=\"433\" srcset=\"\/\/wolf-gold-slot-review.com\/wp-content\/uploads\/2022\/11\/wolfgold-apk-en-e1669739317160.jpg 406w, \/\/wolf-gold-slot-review.com\/wp-content\/uploads\/2022\/11\/wolfgold-apk-en-e1669739317160-281x300.jpg 281w, \/\/wolf-gold-slot-review.com\/wp-content\/uploads\/2022\/11\/wolfgold-apk-en-e1669739317160-141x150.jpg 141w\" sizes=\"(max-width: 406px) 100vw, 406px\" \/><span style=\"font-size: 16px;\">WolfGold uygulamas\u0131n\u0131 indirmeden \u00f6nce, uygun bir \u00e7evrimi\u00e7i kumarhane se\u00e7meniz gerekir. Birka\u00e7 y\u0131ld\u0131r faaliyet g\u00f6steren ve g\u00fczel bonuslar sunan lisansl\u0131 markalar\u0131 tercih edin, \u00f6rne\u011fin:<\/span>\u0130lk para yat\u0131rma i\u015fleminde 100%;<\/p>\n<ul>\n<li>15% nakit para iadesi;<\/li>\n<li>Haftal\u0131k promosyonlar;<\/li>\n<li>Para yat\u0131rma bonusu yok ve \u00e7ok daha fazlas\u0131.<\/li>\n<\/ul>\n<p>A\u015fa\u011f\u0131da resmi, \u00f6nerilen \u00e7evrimi\u00e7i casinolar\u0131n bir listesini sunuyoruz:<\/p>\n<p>1win casino - pop\u00fcler bir yasal \u00e7evrimi\u00e7i kumarhanedir.<br \/>\nPinUp casino - yap\u0131s\u0131n\u0131n bir par\u00e7as\u0131 olan b\u00fcy\u00fck bir \u00e7evrimi\u00e7i casino bahis \u015firketi.<br \/>\nParimatch casino - d\u00fcnyan\u0131n en b\u00fcy\u00fck \u00e7evrimi\u00e7i casinolar\u0131ndan ve bahis \u015firketlerinden biridir.<\/p>\n<h3 style=\"text-align: center;\"><strong>Wolf Gold'u oynamak i\u00e7in en iyi yer neresi - ak\u0131ll\u0131 telefondaki bir uygulama m\u0131 yoksa bir bilgisayar m\u0131?<\/strong><\/h3>\n<p>Bir zevk meselesi. Taray\u0131c\u0131 \u00fczerinden masa\u00fcst\u00fc s\u00fcr\u00fcm\u00fc, evde sessiz bir atmosferde, bir bardak lezzetli bira ile oynamak i\u00e7in daha uygundur. Uygulama ile istedi\u011finiz zaman, istedi\u011finiz yerde oyunun tad\u0131n\u0131 \u00e7\u0131karabilirsiniz. Uygulama ile metroda, s\u0131rada veya hatta i\u015fte zaman ge\u00e7irmek kolayd\u0131r. Her iki se\u00e7ene\u011fi de deneyin ve tercih etti\u011finizi se\u00e7in. \u0130yi \u015fans\u0131n sizinle olaca\u011f\u0131ndan emin olabilirsiniz!<\/p>","protected":false},"excerpt":{"rendered":"<p>Download Wolf Gold app on your android phone, iPhone or PC Download app Wolf Gold &#8211; very easy, it will give you the opportunity to play your favorite slot machine on your smartphone anywhere and any time. Modern technology allows you to enjoy gambling right on your mobile device. Download the app, or use the &hellip;<\/p>\n<p class=\"read-more\"> <a class=\"\" href=\"https:\/\/wolf-gold-slot-review.com\/tr\/download-wolf-gold-apk\/\"> <span class=\"screen-reader-text\">Wolf Gold \u0130ndir<\/span> Devam\u0131 &raquo;<\/a><\/p>","protected":false},"author":1,"featured_media":606,"parent":0,"menu_order":0,"comment_status":"closed","ping_status":"closed","template":"","meta":{"site-sidebar-layout":"default","site-content-layout":"default","ast-global-header-display":"","ast-main-header-display":"","ast-hfb-above-header-display":"","ast-hfb-below-header-display":"","ast-hfb-mobile-header-display":"","site-post-title":"disabled","ast-breadcrumbs-content":"","ast-featured-img":"disabled","footer-sml-layout":"","theme-transparent-header-meta":"default","adv-header-id-meta":"","stick-header-meta":"","header-above-stick-meta":"","header-main-stick-meta":"","header-below-stick-meta":"","footnotes":""},"class_list":["post-14","page","type-page","status-publish","has-post-thumbnail","hentry"],"yoast_head":"<!-- This site is optimized with the Yoast SEO Premium plugin v19.5 (Yoast SEO v19.10) - https:\/\/yoast.com\/wordpress\/plugins\/seo\/ -->\n<title>Download Wolf Gold Slot app on your phone or computer free<\/title>\n<meta name=\"description\" content=\"How to download the game Wolf Gold for iPhone, Android, PC. Download Wolf Gold app to play for real money using our site and get your bonus.\" \/>\n<meta name=\"robots\" content=\"index, follow, max-snippet:-1, max-image-preview:large, max-video-preview:-1\" \/>\n<link rel=\"canonical\" href=\"https:\/\/wolf-gold-slot-review.com\/tr\/download-wolf-gold-apk\/\" \/>\n<meta property=\"og:locale\" content=\"tr_TR\" \/>\n<meta property=\"og:type\" content=\"article\" \/>\n<meta property=\"og:title\" content=\"Download Wolf Gold\" \/>\n<meta property=\"og:description\" content=\"Download Wolf Gold app on your android phone, iPhone or PC Download app Wolf Gold - very easy, it will give you the opportunity to play your favorite slot\" \/>\n<meta property=\"og:url\" content=\"https:\/\/wolf-gold-slot-review.com\/tr\/download-wolf-gold-apk\/\" \/>\n<meta property=\"og:site_name\" content=\"Wolf Gold Slot in Australia - Play game online for money\" \/>\n<meta property=\"article:modified_time\" content=\"2023-02-21T13:58:19+00:00\" \/>\n<meta property=\"og:image\" content=\"https:\/\/wolf-gold-slot-review.com\/wp-content\/uploads\/2023\/02\/download-app-wolf-gold.jpg\" \/>\n\t<meta property=\"og:image:width\" content=\"900\" \/>\n\t<meta property=\"og:image:height\" content=\"900\" \/>\n\t<meta property=\"og:image:type\" content=\"image\/jpeg\" \/>\n<meta name=\"twitter:card\" content=\"summary_large_image\" \/>\n<meta name=\"twitter:label1\" content=\"Tahmini okuma s\u00fcresi\" \/>\n\t<meta name=\"twitter:data1\" content=\"5 dakika\" \/>\n<!-- \/ Yoast SEO Premium plugin. -->","yoast_head_json":{"title":"Download Wolf Gold Slot app on your phone or computer free","description":"How to download the game Wolf Gold for iPhone, Android, PC. Download Wolf Gold app to play for real money using our site and get your bonus.","robots":{"index":"index","follow":"follow","max-snippet":"max-snippet:-1","max-image-preview":"max-image-preview:large","max-video-preview":"max-video-preview:-1"},"canonical":"https:\/\/wolf-gold-slot-review.com\/tr\/download-wolf-gold-apk\/","og_locale":"tr_TR","og_type":"article","og_title":"Download Wolf Gold","og_description":"Download Wolf Gold app on your android phone, iPhone or PC Download app Wolf Gold - very easy, it will give you the opportunity to play your favorite slot","og_url":"https:\/\/wolf-gold-slot-review.com\/tr\/download-wolf-gold-apk\/","og_site_name":"Wolf Gold Slot in Australia - Play game online for money","article_modified_time":"2023-02-21T13:58:19+00:00","og_image":[{"width":900,"height":900,"url":"https:\/\/wolf-gold-slot-review.com\/wp-content\/uploads\/2023\/02\/download-app-wolf-gold.jpg","type":"image\/jpeg"}],"twitter_card":"summary_large_image","twitter_misc":{"Tahmini okuma s\u00fcresi":"5 dakika"},"schema":{"@context":"https:\/\/schema.org","@graph":[{"@type":"WebPage","@id":"https:\/\/wolf-gold-slot-review.com\/download-wolf-gold-apk\/","url":"https:\/\/wolf-gold-slot-review.com\/download-wolf-gold-apk\/","name":"Download Wolf Gold Slot app on your phone or computer free","isPartOf":{"@id":"https:\/\/wolf-gold-slot-review.com\/#website"},"datePublished":"2022-11-19T15:21:57+00:00","dateModified":"2023-02-21T13:58:19+00:00","description":"How to download the game Wolf Gold for iPhone, Android, PC. Download Wolf Gold app to play for real money using our site and get your bonus.","breadcrumb":{"@id":"https:\/\/wolf-gold-slot-review.com\/download-wolf-gold-apk\/#breadcrumb"},"inLanguage":"tr","potentialAction":[{"@type":"ReadAction","target":["https:\/\/wolf-gold-slot-review.com\/download-wolf-gold-apk\/"]}]},{"@type":"BreadcrumbList","@id":"https:\/\/wolf-gold-slot-review.com\/download-wolf-gold-apk\/#breadcrumb","itemListElement":[{"@type":"ListItem","position":1,"name":"Home","item":"https:\/\/wolf-gold-slot-review.com\/"},{"@type":"ListItem","position":2,"name":"Download Wolf Gold"}]},{"@type":"WebSite","@id":"https:\/\/wolf-gold-slot-review.com\/#website","url":"https:\/\/wolf-gold-slot-review.com\/","name":"Wolf Gold Slot in Australia - Play game online for money","description":"Wolf Gold Slot - Official site in Australia","publisher":{"@id":"https:\/\/wolf-gold-slot-review.com\/#organization"},"alternateName":"Wolf Gold Slot","potentialAction":[{"@type":"SearchAction","target":{"@type":"EntryPoint","urlTemplate":"https:\/\/wolf-gold-slot-review.com\/?s={search_term_string}"},"query-input":"required name=search_term_string"}],"inLanguage":"tr"},{"@type":"Organization","@id":"https:\/\/wolf-gold-slot-review.com\/#organization","name":"Wolf Gold Slot in Australia - Play game online for money","alternateName":"Wolf Gold Slot","url":"https:\/\/wolf-gold-slot-review.com\/","logo":{"@type":"ImageObject","inLanguage":"tr","@id":"https:\/\/wolf-gold-slot-review.com\/#\/schema\/logo\/image\/","url":"https:\/\/wolf-gold-slot-review.com\/wp-content\/uploads\/2022\/11\/cropped-logowolf.png","contentUrl":"https:\/\/wolf-gold-slot-review.com\/wp-content\/uploads\/2022\/11\/cropped-logowolf.png","width":265,"height":100,"caption":"Wolf Gold Slot in Australia - Play game online for money"},"image":{"@id":"https:\/\/wolf-gold-slot-review.com\/#\/schema\/logo\/image\/"}}]}},"_links":{"self":[{"href":"https:\/\/wolf-gold-slot-review.com\/tr\/wp-json\/wp\/v2\/pages\/14","targetHints":{"allow":["GET"]}}],"collection":[{"href":"https:\/\/wolf-gold-slot-review.com\/tr\/wp-json\/wp\/v2\/pages"}],"about":[{"href":"https:\/\/wolf-gold-slot-review.com\/tr\/wp-json\/wp\/v2\/types\/page"}],"author":[{"embeddable":true,"href":"https:\/\/wolf-gold-slot-review.com\/tr\/wp-json\/wp\/v2\/users\/1"}],"replies":[{"embeddable":true,"href":"https:\/\/wolf-gold-slot-review.com\/tr\/wp-json\/wp\/v2\/comments?post=14"}],"version-history":[{"count":11,"href":"https:\/\/wolf-gold-slot-review.com\/tr\/wp-json\/wp\/v2\/pages\/14\/revisions"}],"predecessor-version":[{"id":675,"href":"https:\/\/wolf-gold-slot-review.com\/tr\/wp-json\/wp\/v2\/pages\/14\/revisions\/675"}],"wp:featuredmedia":[{"embeddable":true,"href":"https:\/\/wolf-gold-slot-review.com\/tr\/wp-json\/wp\/v2\/media\/606"}],"wp:attachment":[{"href":"https:\/\/wolf-gold-slot-review.com\/tr\/wp-json\/wp\/v2\/media?parent=14"}],"curies":[{"name":"wp","href":"https:\/\/api.w.org\/{rel}","templated":true}]}}