{"id":22,"date":"2022-11-19T15:39:37","date_gmt":"2022-11-19T15:39:37","guid":{"rendered":"https:\/\/wolf-gold-slot-review.com\/?page_id=22"},"modified":"2023-02-21T14:01:50","modified_gmt":"2023-02-21T14:01:50","slug":"how-to-play-wolf-gold","status":"publish","type":"page","link":"https:\/\/wolf-gold-slot-review.com\/tr\/kurt-altin-nasil-oynanir\/","title":{"rendered":"Wolf Gold nas\u0131l oynan\u0131r?"},"content":{"rendered":"<h1 style=\"text-align: center;\"><strong>Wolf Gold - para i\u00e7in oyun nas\u0131l kazan\u0131l\u0131r<\/strong><\/h1>\n<p>Wolf Gold, Pragmatic Play'in bilgisayarlarda ve mobil cihazlarda kullan\u0131labilen bir slot makinesidir. Oyunun tad\u0131n\u0131 herkes \u00e7\u0131karabilir. Ger\u00e7ek parayla oynayacaksan\u0131z, yaln\u0131zca \u00f6nerilen \u00e7evrimi\u00e7i casinolardan birini se\u00e7meniz ve talimatlar\u0131 izlemeniz gerekir. Wolf Gold oynama stratejisi, riskleri en aza indirmeye ve oyunun n\u00fcanslar\u0131n\u0131 anlamaya yard\u0131mc\u0131 olacakt\u0131r.<\/p>\n<p style=\"text-align: center;\"><a class=\"fasc-button fasc-size-large fasc-type-glossy fasc-rounded-medium\" style=\"background-color: #33809e; color: #ffffff;\" href=\"https:\/\/wolf-gold-slot-review.com\/tr\/kurt-altin-pin-up-oyna\/\">Wolf Gold PinUp Oyna<\/a> &nbsp;<a class=\"fasc-button fasc-size-large fasc-type-glossy fasc-rounded-medium\" style=\"background-color: #33809e; color: #ffffff;\" href=\"https:\/\/wolf-gold-slot-review.com\/tr\/play-wolf-gold-1win\/\">Wolf Gold 1win Oyna<\/a> &nbsp;<a class=\"fasc-button fasc-size-large fasc-type-glossy fasc-rounded-medium\" style=\"background-color: #33809e; color: #ffffff;\" href=\"https:\/\/wolf-gold-slot-review.com\/tr\/play-wolf-gold-parimatch\/\">Wolf Gold Parimatch Oyna <\/a>&nbsp; <a class=\"fasc-button fasc-size-large fasc-type-glossy fasc-rounded-medium\" style=\"background-color: #33809e; color: #ffffff;\" href=\"https:\/\/wolf-gold-slot-review.com\/tr\/demo-wolf-gold-slot\/\">Wolf Gold Demo Oyna<\/a>&nbsp;<\/p>\n<h2 style=\"text-align: center;\"><strong>Hat say\u0131s\u0131 ve bahislerin boyutu<\/strong><\/h2>\n<p>Wolf Gold'daki ana tur 5 makara ve 25 \u00f6deme \u00e7izgisi \u00fczerinde \u00e7al\u0131\u015f\u0131r. Hat say\u0131s\u0131n\u0131 se\u00e7emezsiniz, oyun sabit ayarlara dayan\u0131r. Ve bahis otomatik olarak 25 ile \u00e7arp\u0131l\u0131r. Baz\u0131lar\u0131 i\u00e7in varyasyon eksikli\u011fi bir eksi olabilir, ancak deneyimli oyuncular\u0131n t\u00fcm hatlar\u0131 kullanmalar\u0131 tavsiye edilir. Maksimum kazanma olas\u0131l\u0131\u011f\u0131n\u0131 elde etmek i\u00e7in.<\/p>\n<p><img decoding=\"async\" class=\"aligncenter size-full wp-image-515\" src=\"https:\/\/wolf-gold-slot-review.com\/wp-content\/uploads\/2023\/02\/wolf-gold-slot-online-casino.jpg\" alt=\"wolf gold slot online casino\" width=\"900\" height=\"483\" srcset=\"\/\/wolf-gold-slot-review.com\/wp-content\/uploads\/2023\/02\/wolf-gold-slot-online-casino.jpg 900w, \/\/wolf-gold-slot-review.com\/wp-content\/uploads\/2023\/02\/wolf-gold-slot-online-casino-300x161.jpg 300w, \/\/wolf-gold-slot-review.com\/wp-content\/uploads\/2023\/02\/wolf-gold-slot-online-casino-150x81.jpg 150w, \/\/wolf-gold-slot-review.com\/wp-content\/uploads\/2023\/02\/wolf-gold-slot-online-casino-768x412.jpg 768w, \/\/wolf-gold-slot-review.com\/wp-content\/uploads\/2023\/02\/wolf-gold-slot-online-casino-18x10.jpg 18w\" sizes=\"(max-width: 900px) 100vw, 900px\" \/><\/p>\n<p>Wolf Gold'daki bahis, se\u00e7ti\u011finiz kumarhaneye ba\u011fl\u0131d\u0131r. \u00c7o\u011fu durumda, oyun kul\u00fcpleri 0.25 $'den bahis yap\u0131lmas\u0131na izin verir. Buna g\u00f6re, mutlak bir acemi bile oynamaya ba\u015flayabilir ve \u00e7ok fazla para harcamak gerekli de\u011fildir. Bahis, uygun d\u00fc\u011fmeler taraf\u0131ndan se\u00e7ilir.<\/p>\n<p>Kontrol panelinde, jeton say\u0131s\u0131n\u0131 ve de\u011ferlerini se\u00e7ebilirsiniz. De\u011feri 0,5 $ veya daha fazla olan 10 jetona kadar kullanman\u0131za izin verilir. Maksimum bahis, oynad\u0131\u011f\u0131n\u0131z kumarhaneye ve se\u00e7ilen para birimine de ba\u011fl\u0131d\u0131r. Bu kullan\u0131c\u0131lar oyunun \u015femas\u0131n\u0131 belirleyebilecek ve kendi stratejilerini olu\u015fturabilecekler.<\/p>\n<h3 style=\"text-align: center;\"><strong>Wolf Gold Bonus Turlar\u0131<\/strong><\/h3>\n<p>Wolf Gold oynamadan \u00f6nce kullan\u0131c\u0131lar bonus se\u00e7eneklerine a\u015fina olmal\u0131d\u0131r \u00e7\u00fcnk\u00fc bunlar maksimum fayda sa\u011flar. Bir kombinasyon i\u00e7in en b\u00fcy\u00fck \u00f6deme (sat\u0131rda ayn\u0131 resimden \u00fc\u00e7ten fazla toplaman\u0131z gerekir) bahse x20'dir. Ancak bonus \u00f6zellikleri ile bu katsay\u0131 birka\u00e7 kat artabilir. Ek se\u00e7eneklerden not edilebilir:<\/p>\n<p><img decoding=\"async\" class=\"aligncenter size-full wp-image-580\" src=\"https:\/\/wolf-gold-slot-review.com\/wp-content\/uploads\/2023\/02\/wolf-gold-bonus-round.jpg\" alt=\"Kurt alt\u0131n\u0131 bonus turu\" width=\"800\" height=\"448\" srcset=\"\/\/wolf-gold-slot-review.com\/wp-content\/uploads\/2023\/02\/wolf-gold-bonus-round.jpg 800w, \/\/wolf-gold-slot-review.com\/wp-content\/uploads\/2023\/02\/wolf-gold-bonus-round-300x168.jpg 300w, \/\/wolf-gold-slot-review.com\/wp-content\/uploads\/2023\/02\/wolf-gold-bonus-round-150x84.jpg 150w, \/\/wolf-gold-slot-review.com\/wp-content\/uploads\/2023\/02\/wolf-gold-bonus-round-768x430.jpg 768w, \/\/wolf-gold-slot-review.com\/wp-content\/uploads\/2023\/02\/wolf-gold-bonus-round-18x10.jpg 18w\" sizes=\"(max-width: 800px) 100vw, 800px\" \/><\/p>\n<p><strong>Vah\u015fi<\/strong> - Kurt. Sembol di\u011fer resimlerin yerine ge\u00e7er.<br \/>\n<strong>Da\u011f\u0131l\u0131m<\/strong> - Kanyon. \u00dc\u00e7 resim birle\u015ftirildi\u011finde scatter sembol\u00fc \u00fccretsiz d\u00f6nd\u00fcrmeleri ba\u015flat\u0131r.<br \/>\n<strong>Para Sembol\u00fc<\/strong> - Ay. Ek \u00f6demeler verir ve oyuncuya birka\u00e7 y\u00fcz bin dolarl\u0131k bir ikramiye getirebilir.<\/p>\n<h4 style=\"text-align: center;\"><strong>Wolf Gold'da strateji ve taktikler<\/strong><\/h4>\n<p>Her \u015feyden \u00f6nce, Wolf Gold'u para i\u00e7in oynamak i\u00e7in bir 100% stratejisinin mevcut olmad\u0131\u011f\u0131 unutulmamal\u0131d\u0131r. Turun sonucu matematiksel algoritmalara ba\u011fl\u0131d\u0131r. Oyun i\u00e7in taktikler kendi ba\u015flar\u0131na se\u00e7ilmelidir \u00e7\u00fcnk\u00fc sorumluluk yaln\u0131zca size aittir. Kaybetmeniz durumunda paran\u0131z\u0131 geri alamazs\u0131n\u0131z.<\/p>\n<p>Wolf Gold, \u00f6deme \u00e7izgilerinin say\u0131s\u0131n\u0131 ve di\u011fer oyun ayr\u0131nt\u0131lar\u0131n\u0131 de\u011fi\u015ftirmenize izin vermez. Kullan\u0131c\u0131 ayarlar\u0131 etkileyemez. Bahsi ak\u0131ll\u0131ca se\u00e7mek i\u00e7in kal\u0131r, b\u00f6ylece kay\u0131p durumunda kay\u0131p \u00e7ok zor de\u011fildi.<\/p>\n<p>Kumar oynamay\u0131 bir e\u011flence olarak g\u00f6r\u00fcn, b\u00f6ylece oyunun tad\u0131n\u0131 \u00e7\u0131karabilirsiniz. Oyuncu b\u00fcy\u00fck miktarda para kazan\u0131r kazanmaz, oyunu durdurmay\u0131 d\u00fc\u015f\u00fcnmeye de\u011fer. Sonu\u00e7ta, \u00e7o\u011fu zaman oyuncular kumara maruz kal\u0131r ve daha fazla para pe\u015finde ko\u015farken t\u00fcm bakiyelerini kaybederler.<\/p>\n<h4 style=\"text-align: center;\"><strong>G\u00fc\u00e7l\u00fc Oyunculardan \u0130pu\u00e7lar\u0131<\/strong><\/h4>\n<p>Deneyimli oyuncular Wolf Gold'da daha fazla kazanman\u0131za yard\u0131mc\u0131 olacak faydal\u0131 ipu\u00e7lar\u0131 veriyor:<\/p>\n<ul>\n<li>Yaln\u0131zca lisansl\u0131 casinolar\u0131 se\u00e7in. Curacao lisans\u0131na veya di\u011fer sertifikalara sahip bir proje, adil oyun i\u00e7in ek bir garanti sa\u011flar, b\u00f6ylece oyunun kalitesi hakk\u0131nda herhangi bir \u015f\u00fcpheniz olmaz.<\/li>\n<li>Casino bonuslar\u0131ndan yararlan\u0131n. Bir\u00e7ok marka yeni oyunculara ho\u015f geldin bonuslar\u0131 sunar. M\u00fc\u015fteriler ilk para yat\u0131rma i\u015flemlerinde 100% ve se\u00e7tikleri kumarhaneye ba\u011fl\u0131 olarak ba\u015fka bir\u00e7ok \u00f6d\u00fcl kazanabilirler.<\/li>\n<li>B\u00fcy\u00fck bahisler yapmay\u0131n. Yeni ba\u015flayan biri oyunun ba\u015f\u0131nda \u00e7ok fazla para harcamamal\u0131d\u0131r. \u0130deal \u00e7\u00f6z\u00fcm, bakiyeyi birka\u00e7 par\u00e7aya b\u00f6lmek ve bir tur i\u00e7in bu i\u015faretin \u00fczerinde bahis yapmamak olacakt\u0131r. B\u00f6ylece son d\u00f6n\u00fc\u015f ba\u015far\u0131s\u0131z olursa geri kazanma f\u0131rsat\u0131n\u0131z olacakt\u0131r.<\/li>\n<\/ul>\n<h4 style=\"text-align: center;\"><strong>Hilekarlara g\u00fcvenmeyin<\/strong><\/h4>\n<p>Wolf Gold ve di\u011fer slotlarda nas\u0131l kazanaca\u011f\u0131n\u0131z\u0131 anlatan bir\u00e7ok \u00e7evrimi\u00e7i ipucu ve strateji vard\u0131r. Bu t\u00fcr kullan\u0131c\u0131lara kar\u015f\u0131 dikkatli olmal\u0131 ve verilen bilgileri dikkatlice kontrol etmelisiniz. En iyi ihtimalle, kullan\u0131c\u0131 bir sonu\u00e7 alamayacak ve en k\u00f6t\u00fc ihtimalle paray\u0131 yanl\u0131\u015f yapanlara g\u00f6nderecektir.<\/p>\n<p>Wolf Gold ve di\u011fer slot makinelerinde turun sonucunun rastgele bir say\u0131 \u00fcreteci taraf\u0131ndan belirlendi\u011fini unutmay\u0131n. Geli\u015ftiriciler, her m\u00fc\u015fteriyi kazanmak i\u00e7in ayn\u0131 f\u0131rsat\u0131 sa\u011flayan matematiksel algoritmalar olu\u015fturur. Buna g\u00f6re, oyunun sonucunu etkilemek kumarhanenin y\u00f6netimini bile etkileyemez.<\/p>\n<p>\u00dc\u00e7\u00fcnc\u00fc taraf kullan\u0131c\u0131lara paran\u0131zla g\u00fcvenmeyin. \u0130nsanlar size hesab\u0131n\u0131z\u0131 a\u00e7may\u0131 veya size kesinlikle kazan\u00e7 sa\u011flayacak benzersiz bir plan satmay\u0131 teklif edebilir. \u00d6demeler yaln\u0131zca \u015fans\u0131n\u0131za ba\u011fl\u0131d\u0131r, m\u00fc\u015fteriler makaralar\u0131 d\u00f6nd\u00fcrmek ve servetlerini ummak zorunda kal\u0131rlar. Yaln\u0131zca lisans\u0131 olan ve kendini kan\u0131tlam\u0131\u015f online casinolar\u0131 kullan\u0131n. Para kazanmak i\u00e7in ger\u00e7ek bir f\u0131rsat elde etmenin tek yolu budur.<\/p>","protected":false},"excerpt":{"rendered":"<p>Wolf Gold &#8211; how to win the game for money Wolf Gold is a slot machine from Pragmatic Play, available on computers and mobile devices. Enjoy the gameplay can anyone. You only need to choose one of the proposed online casinos, if you&#8217;re going to play for real money and follow the instructions. The strategy &hellip;<\/p>\n<p class=\"read-more\"> <a class=\"\" href=\"https:\/\/wolf-gold-slot-review.com\/tr\/kurt-altin-nasil-oynanir\/\"> <span class=\"screen-reader-text\">Wolf Gold nas\u0131l oynan\u0131r?<\/span> Devam\u0131 &raquo;<\/a><\/p>","protected":false},"author":1,"featured_media":607,"parent":0,"menu_order":0,"comment_status":"closed","ping_status":"closed","template":"","meta":{"site-sidebar-layout":"default","site-content-layout":"default","ast-global-header-display":"","ast-main-header-display":"","ast-hfb-above-header-display":"","ast-hfb-below-header-display":"","ast-hfb-mobile-header-display":"","site-post-title":"disabled","ast-breadcrumbs-content":"","ast-featured-img":"disabled","footer-sml-layout":"","theme-transparent-header-meta":"default","adv-header-id-meta":"","stick-header-meta":"","header-above-stick-meta":"","header-main-stick-meta":"","header-below-stick-meta":"","footnotes":""},"class_list":["post-22","page","type-page","status-publish","has-post-thumbnail","hentry"],"yoast_head":"<!-- This site is optimized with the Yoast SEO Premium plugin v19.5 (Yoast SEO v19.10) - https:\/\/yoast.com\/wordpress\/plugins\/seo\/ -->\n<title>How to play Wolf Gold slot for money in online casinos. Get bonus<\/title>\n<meta name=\"description\" content=\"Step by step instructions on how to start playing Wolf Gold slot for real money in a reliable online casino. Get your bonus online now\" \/>\n<meta name=\"robots\" content=\"index, follow, max-snippet:-1, max-image-preview:large, max-video-preview:-1\" \/>\n<link rel=\"canonical\" href=\"https:\/\/wolf-gold-slot-review.com\/tr\/kurt-altin-nasil-oynanir\/\" \/>\n<meta property=\"og:locale\" content=\"tr_TR\" \/>\n<meta property=\"og:type\" content=\"article\" \/>\n<meta property=\"og:title\" content=\"How to play Wolf Gold\" \/>\n<meta property=\"og:description\" content=\"Wolf Gold - how to win the game for money Wolf Gold is a slot machine from Pragmatic Play, available on computers and mobile devices. Enjoy the gameplay\" \/>\n<meta property=\"og:url\" content=\"https:\/\/wolf-gold-slot-review.com\/tr\/kurt-altin-nasil-oynanir\/\" \/>\n<meta property=\"og:site_name\" content=\"Wolf Gold Slot in Australia - Play game online for money\" \/>\n<meta property=\"article:modified_time\" content=\"2023-02-21T14:01:50+00:00\" \/>\n<meta property=\"og:image\" content=\"https:\/\/wolf-gold-slot-review.com\/wp-content\/uploads\/2023\/02\/how-to-play-wolf-gold.jpg\" \/>\n\t<meta property=\"og:image:width\" content=\"900\" \/>\n\t<meta property=\"og:image:height\" content=\"900\" \/>\n\t<meta property=\"og:image:type\" content=\"image\/jpeg\" \/>\n<meta name=\"twitter:card\" content=\"summary_large_image\" \/>\n<meta name=\"twitter:label1\" content=\"Tahmini okuma s\u00fcresi\" \/>\n\t<meta name=\"twitter:data1\" content=\"5 dakika\" \/>\n<!-- \/ Yoast SEO Premium plugin. -->","yoast_head_json":{"title":"How to play Wolf Gold slot for money in online casinos. Get bonus","description":"Step by step instructions on how to start playing Wolf Gold slot for real money in a reliable online casino. Get your bonus online now","robots":{"index":"index","follow":"follow","max-snippet":"max-snippet:-1","max-image-preview":"max-image-preview:large","max-video-preview":"max-video-preview:-1"},"canonical":"https:\/\/wolf-gold-slot-review.com\/tr\/kurt-altin-nasil-oynanir\/","og_locale":"tr_TR","og_type":"article","og_title":"How to play Wolf Gold","og_description":"Wolf Gold - how to win the game for money Wolf Gold is a slot machine from Pragmatic Play, available on computers and mobile devices. Enjoy the gameplay","og_url":"https:\/\/wolf-gold-slot-review.com\/tr\/kurt-altin-nasil-oynanir\/","og_site_name":"Wolf Gold Slot in Australia - Play game online for money","article_modified_time":"2023-02-21T14:01:50+00:00","og_image":[{"width":900,"height":900,"url":"https:\/\/wolf-gold-slot-review.com\/wp-content\/uploads\/2023\/02\/how-to-play-wolf-gold.jpg","type":"image\/jpeg"}],"twitter_card":"summary_large_image","twitter_misc":{"Tahmini okuma s\u00fcresi":"5 dakika"},"schema":{"@context":"https:\/\/schema.org","@graph":[{"@type":"WebPage","@id":"https:\/\/wolf-gold-slot-review.com\/how-to-play-wolf-gold\/","url":"https:\/\/wolf-gold-slot-review.com\/how-to-play-wolf-gold\/","name":"How to play Wolf Gold slot for money in online casinos. Get bonus","isPartOf":{"@id":"https:\/\/wolf-gold-slot-review.com\/#website"},"datePublished":"2022-11-19T15:39:37+00:00","dateModified":"2023-02-21T14:01:50+00:00","description":"Step by step instructions on how to start playing Wolf Gold slot for real money in a reliable online casino. Get your bonus online now","breadcrumb":{"@id":"https:\/\/wolf-gold-slot-review.com\/how-to-play-wolf-gold\/#breadcrumb"},"inLanguage":"tr","potentialAction":[{"@type":"ReadAction","target":["https:\/\/wolf-gold-slot-review.com\/how-to-play-wolf-gold\/"]}]},{"@type":"BreadcrumbList","@id":"https:\/\/wolf-gold-slot-review.com\/how-to-play-wolf-gold\/#breadcrumb","itemListElement":[{"@type":"ListItem","position":1,"name":"Home","item":"https:\/\/wolf-gold-slot-review.com\/"},{"@type":"ListItem","position":2,"name":"How to play Wolf Gold"}]},{"@type":"WebSite","@id":"https:\/\/wolf-gold-slot-review.com\/#website","url":"https:\/\/wolf-gold-slot-review.com\/","name":"Wolf Gold Slot in Australia - Play game online for money","description":"Wolf Gold Slot - Official site in Australia","publisher":{"@id":"https:\/\/wolf-gold-slot-review.com\/#organization"},"alternateName":"Wolf Gold Slot","potentialAction":[{"@type":"SearchAction","target":{"@type":"EntryPoint","urlTemplate":"https:\/\/wolf-gold-slot-review.com\/?s={search_term_string}"},"query-input":"required name=search_term_string"}],"inLanguage":"tr"},{"@type":"Organization","@id":"https:\/\/wolf-gold-slot-review.com\/#organization","name":"Wolf Gold Slot in Australia - Play game online for money","alternateName":"Wolf Gold Slot","url":"https:\/\/wolf-gold-slot-review.com\/","logo":{"@type":"ImageObject","inLanguage":"tr","@id":"https:\/\/wolf-gold-slot-review.com\/#\/schema\/logo\/image\/","url":"https:\/\/wolf-gold-slot-review.com\/wp-content\/uploads\/2022\/11\/cropped-logowolf.png","contentUrl":"https:\/\/wolf-gold-slot-review.com\/wp-content\/uploads\/2022\/11\/cropped-logowolf.png","width":265,"height":100,"caption":"Wolf Gold Slot in Australia - Play game online for money"},"image":{"@id":"https:\/\/wolf-gold-slot-review.com\/#\/schema\/logo\/image\/"}}]}},"_links":{"self":[{"href":"https:\/\/wolf-gold-slot-review.com\/tr\/wp-json\/wp\/v2\/pages\/22","targetHints":{"allow":["GET"]}}],"collection":[{"href":"https:\/\/wolf-gold-slot-review.com\/tr\/wp-json\/wp\/v2\/pages"}],"about":[{"href":"https:\/\/wolf-gold-slot-review.com\/tr\/wp-json\/wp\/v2\/types\/page"}],"author":[{"embeddable":true,"href":"https:\/\/wolf-gold-slot-review.com\/tr\/wp-json\/wp\/v2\/users\/1"}],"replies":[{"embeddable":true,"href":"https:\/\/wolf-gold-slot-review.com\/tr\/wp-json\/wp\/v2\/comments?post=22"}],"version-history":[{"count":8,"href":"https:\/\/wolf-gold-slot-review.com\/tr\/wp-json\/wp\/v2\/pages\/22\/revisions"}],"predecessor-version":[{"id":676,"href":"https:\/\/wolf-gold-slot-review.com\/tr\/wp-json\/wp\/v2\/pages\/22\/revisions\/676"}],"wp:featuredmedia":[{"embeddable":true,"href":"https:\/\/wolf-gold-slot-review.com\/tr\/wp-json\/wp\/v2\/media\/607"}],"wp:attachment":[{"href":"https:\/\/wolf-gold-slot-review.com\/tr\/wp-json\/wp\/v2\/media?parent=22"}],"curies":[{"name":"wp","href":"https:\/\/api.w.org\/{rel}","templated":true}]}}