{"id":526,"date":"2023-02-18T19:47:56","date_gmt":"2023-02-18T19:47:56","guid":{"rendered":"https:\/\/wolf-gold-slot-review.com\/?page_id=526"},"modified":"2025-02-04T17:01:49","modified_gmt":"2025-02-04T17:01:49","slug":"play-wolf-gold-1win","status":"publish","type":"page","link":"https:\/\/wolf-gold-slot-review.com\/tr\/play-wolf-gold-1win\/","title":{"rendered":"Wolf Gold 1WIN Oyna"},"content":{"rendered":"<h1 style=\"text-align: center;\"><strong>Wolf Gold slotunu 1WIN online casinoda oynay\u0131n<\/strong><\/h1>\n<p>Wolf Gold oyunu yeni ba\u015flayanlar i\u00e7in harika bir slot se\u00e7ene\u011fidir. Sim\u00fclasyon size Kuzey Amerika'n\u0131n do\u011fas\u0131n\u0131 tan\u0131ma ve iyi para kazanma f\u0131rsat\u0131 verecektir. \u00d6d\u00fcller olmadan uzakla\u015fmayacaks\u0131n\u0131z. PragmaticP lay st\u00fcdyosu 96%'lik bir geri d\u00f6n\u00fc\u015f oran\u0131 olu\u015fturmu\u015ftur. Y\u00fcklenen her 100$'den m\u00fc\u015fteri kazan\u00e7 \u015feklinde 96$ al\u0131r. Slot pop\u00fclerdir, bu nedenle bir\u00e7ok \u00e7evrimi\u00e7i kumarhanenin sitelerinde sunulmaktad\u0131r. Yeni ba\u015flayan kumarbazlar\u0131n 1Win'de bahis oynamas\u0131 daha iyidir.<\/p>\n<p style=\"text-align: center;\"><a class=\"fasc-button fasc-size-large fasc-type-glossy fasc-rounded-medium fasc-style-bold\" style=\"background-color: #33809e; color: #ffffff;\" target=\"_blank\" rel=\"nofollow noopener\" href=\"https:\/\/wolf-gold-slot-review.com\/tr\/1-win-offer-direct\/\">Wolf Gold 1WIN Oyna<\/a><\/p>\n<h2 style=\"text-align: center;\"><strong>1Win'e nas\u0131l kay\u0131t olunur<\/strong><\/h2>\n<p>Bir hesap olu\u015fturmadan \"Wolf Gold\" olanaklar\u0131n\u0131 kontrol etmek yaln\u0131zca deneme s\u00fcresi boyunca m\u00fcmk\u00fcnd\u00fcr. Demo, \u00f6d\u00fcl tahakkuku mekani\u011fini tan\u0131man\u0131za, d\u00fczenlemeleri okuman\u0131za, makaralarda deneme s\u00fcr\u00fc\u015fleri yapman\u0131za ve bir bahis stratejisi geli\u015ftirmenize olanak tan\u0131r. Ancak, ger\u00e7ek \u00f6d\u00fcller sadece hayal edilebilir. Misafir profilinde, alamazlar. Kendilerini maceraya ve hazine av\u0131na tamamen kapt\u0131rmaya haz\u0131r olanlar i\u00e7in ger\u00e7ek para yat\u0131rmak daha iyidir.<\/p>\n<p><img decoding=\"async\" class=\"aligncenter size-full wp-image-586\" src=\"https:\/\/wolf-gold-slot-review.com\/wp-content\/uploads\/2023\/02\/1win-bonuses.jpg\" alt=\"1WIN Bonuslar\u0131\" width=\"984\" height=\"306\" srcset=\"\/\/wolf-gold-slot-review.com\/wp-content\/uploads\/2023\/02\/1win-bonuses.jpg 984w, \/\/wolf-gold-slot-review.com\/wp-content\/uploads\/2023\/02\/1win-bonuses-300x93.jpg 300w, \/\/wolf-gold-slot-review.com\/wp-content\/uploads\/2023\/02\/1win-bonuses-150x47.jpg 150w, \/\/wolf-gold-slot-review.com\/wp-content\/uploads\/2023\/02\/1win-bonuses-768x239.jpg 768w, \/\/wolf-gold-slot-review.com\/wp-content\/uploads\/2023\/02\/1win-bonuses-18x6.jpg 18w\" sizes=\"(max-width: 984px) 100vw, 984px\" \/><\/p>\n<p>Ger\u00e7ek para i\u00e7in, sadece kay\u0131t olduktan sonra oynayabilirsiniz. 1Win aynas\u0131n\u0131 kullanan oyuncular 1 t\u0131klamayla bir hesap olu\u015fturabilecekler. Bunu yapmak i\u00e7in \u015funlar\u0131 yapmal\u0131s\u0131n\u0131z:<\/p>\n<ul>\n<li>Yinelenen bir ba\u011flant\u0131 a\u00e7\u0131n.<\/li>\n<li>\"Kay\u0131t\" \u00fczerine t\u0131klay\u0131n.<\/li>\n<li>\u0130\u015flemi onaylay\u0131n.<\/li>\n<\/ul>\n<p>Site otomatik olarak bir \u015fifre olu\u015fturacak ve giri\u015f yapacakt\u0131r. Bunlar\u0131 bir resimle kaydedebilir veya ka\u011f\u0131da yazabilirsiniz. Para birimi, bilgisayar\u0131n IP adresi taraf\u0131ndan belirlenecektir. \u0130sterseniz, hesap birimleri i\u00e7in ba\u015fka se\u00e7enekler de koyabilirsiniz.<\/p>\n<p>Kay\u0131t formunda bir promosyon kodu da belirtebilirsiniz. Mevcut kombinasyonu girmek i\u00e7in yeni bir alanda uygun d\u00fc\u011fmeye t\u0131klamak gerekir.<\/p>\n<p>Bir hesap olu\u015fturmak i\u00e7in listelenen yollar, ayna ba\u011flant\u0131lar\u0131 arac\u0131l\u0131\u011f\u0131yla bir hesap olu\u015fturanlar i\u00e7in uygundur. Ana sitede bir profil almak di\u011fer mekanizmalar taraf\u0131ndan ger\u00e7ekle\u015ftirilir:<\/p>\n<ul>\n<li>Projeye ba\u015fl\u0131yorsunuz.<\/li>\n<li>\"Kay\u0131t \"a t\u0131kl\u0131yorsunuz.<\/li>\n<li>Bir se\u00e7enek belirleyin (sosyal a\u011flar arac\u0131l\u0131\u011f\u0131yla veya bir form doldurarak).<\/li>\n<li>\u0130stenen bilgileri girin.<\/li>\n<\/ul>\n<p style=\"text-align: center;\"><a class=\"fasc-button fasc-size-large fasc-type-glossy fasc-rounded-medium fasc-style-bold\" style=\"background-color: #33809e; color: #ffffff;\" target=\"_blank\" rel=\"nofollow noopener\" href=\"https:\/\/wolf-gold-slot-review.com\/tr\/1-win-offer-direct\/\">Wolf Gold 1WIN Oyna<\/a><\/p>\n<p>Bundan sonra, sistem belirtilen verilerin do\u011frulu\u011funu de\u011ferlendirecektir. Yaln\u0131zca bir kez hesap olu\u015fturabilirsiniz. Kural ihlali ge\u00e7ici veya kal\u0131c\u0131 engellemeye yol a\u00e7acakt\u0131r.<\/p>\n<h3 style=\"text-align: center;\"><strong>1win'e nas\u0131l para yat\u0131r\u0131l\u0131r<\/strong><\/h3>\n<p>Wolf Gold'da para yat\u0131rmak i\u00e7in bir profil olu\u015fturmak yeterli de\u011fildir. Hesab\u0131n yenilenmesi hakk\u0131nda da d\u00fc\u015f\u00fcnmek gerekir. Para yat\u0131rmak yaln\u0131zca uzaktan m\u00fcmk\u00fcnd\u00fcr. \u015eirket kabul ediyor:<\/p>\n<ul>\n<li>Kredi ve banka kartlar\u0131.<\/li>\n<li>\u0130nternet c\u00fczdanlar\u0131.<\/li>\n<li>Pop\u00fcler kripto para se\u00e7enekleri.<\/li>\n<li>Cashback 10%<\/li>\n<\/ul>\n<p><img decoding=\"async\" class=\"aligncenter size-full wp-image-584\" src=\"https:\/\/wolf-gold-slot-review.com\/wp-content\/uploads\/2023\/02\/1win-cashback.jpg\" alt=\"1win Cashback\" width=\"988\" height=\"306\" srcset=\"\/\/wolf-gold-slot-review.com\/wp-content\/uploads\/2023\/02\/1win-cashback.jpg 988w, \/\/wolf-gold-slot-review.com\/wp-content\/uploads\/2023\/02\/1win-cashback-300x93.jpg 300w, \/\/wolf-gold-slot-review.com\/wp-content\/uploads\/2023\/02\/1win-cashback-150x46.jpg 150w, \/\/wolf-gold-slot-review.com\/wp-content\/uploads\/2023\/02\/1win-cashback-768x238.jpg 768w, \/\/wolf-gold-slot-review.com\/wp-content\/uploads\/2023\/02\/1win-cashback-18x6.jpg 18w\" sizes=\"(max-width: 988px) 100vw, 988px\" \/><\/p>\n<p>Talebi ger\u00e7ekle\u015ftirmek i\u00e7in \"Yenile\" se\u00e7ene\u011fine t\u0131klaman\u0131z, se\u00e7ene\u011fi se\u00e7meniz ve ayr\u0131nt\u0131lar\u0131 yazman\u0131z gerekir. Eylemi onaylamak ve talebin y\u00fcr\u00fct\u00fclmesini beklemek kal\u0131r. \u0130\u015flem hemen ger\u00e7ekle\u015ftirilir. Gecikmeler hari\u00e7tir.<\/p>\n<h3 style=\"text-align: center;\"><strong>GoldWolf casino 1win oynamak i\u00e7in en \u00f6nemli nedenler.<\/strong><\/h3>\n<p>Casino 1win g\u00fcvenilir bir projedir. \u015eirket birka\u00e7 y\u0131ld\u0131r kumar end\u00fcstrisinde \u00e7al\u0131\u015f\u0131yor. Faaliyet resmidir, Curacao h\u00fck\u00fcmeti markay\u0131 lisanslar. T\u00fcm slotlar periyodik olarak test edilir, bu da algoritmalar\u0131n d\u00fczeltilmesini hari\u00e7 tutar.<\/p>\n<p style=\"text-align: center;\"><a class=\"fasc-button fasc-size-large fasc-type-glossy fasc-rounded-medium fasc-style-bold\" style=\"background-color: #33809e; color: #ffffff;\" target=\"_blank\" rel=\"nofollow noopener\" href=\"https:\/\/wolf-gold-slot-review.com\/tr\/1-win-offer-direct\/\">Wolf Gold 1WIN Oyna<\/a><\/p>\n<p>Ku\u015fkusuz ofisin avantaj\u0131 \u00e7e\u015fitli bonus politikalar\u0131 olarak kabul edilebilir. Oyuncular ilk para yat\u0131rma, uygulamay\u0131 indirme ve y\u00fckleme ve siteden bildirim almay\u0131 kabul etme i\u00e7in \u00f6d\u00fcller alabilirler. Cashback ve di\u011fer promosyon se\u00e7eneklerini \u00e7al\u0131\u015ft\u0131r\u0131r. Yeni ba\u015flayanlar ve tecr\u00fcbeli oyuncular\u0131n turnuvalara kat\u0131lmas\u0131na izin verilir. \u00d6d\u00fcller, en b\u00fcy\u00fck kazan\u00e7lar, ciro ve di\u011fer eylemler i\u00e7in \u00f6denir.<\/p>\n<p><img decoding=\"async\" class=\"aligncenter size-full wp-image-587\" src=\"https:\/\/wolf-gold-slot-review.com\/wp-content\/uploads\/2023\/02\/1win-bonus-install-the-app.jpg\" alt=\"1WIN Bonus uygulamay\u0131 y\u00fckleyin\" width=\"980\" height=\"309\" srcset=\"\/\/wolf-gold-slot-review.com\/wp-content\/uploads\/2023\/02\/1win-bonus-install-the-app.jpg 980w, \/\/wolf-gold-slot-review.com\/wp-content\/uploads\/2023\/02\/1win-bonus-install-the-app-300x95.jpg 300w, \/\/wolf-gold-slot-review.com\/wp-content\/uploads\/2023\/02\/1win-bonus-install-the-app-150x47.jpg 150w, \/\/wolf-gold-slot-review.com\/wp-content\/uploads\/2023\/02\/1win-bonus-install-the-app-768x242.jpg 768w, \/\/wolf-gold-slot-review.com\/wp-content\/uploads\/2023\/02\/1win-bonus-install-the-app-18x6.jpg 18w\" sizes=\"(max-width: 980px) 100vw, 980px\" \/><\/p>\n<p>Ofis, para \u00e7ekme prosed\u00fcr\u00fcn\u00fc geciktirmedi\u011fi i\u00e7in g\u00fcvenilirdir. Ba\u015fvuru h\u0131zl\u0131 bir \u015fekilde i\u015flenir, genellikle oyuncular talepten sonra 30-60 dakika i\u00e7inde para al\u0131rlar. Site b\u00fcy\u00fck limitler sunuyor.<\/p>\n<p>Olu\u015fturulan teklif de bir art\u0131yd\u0131. Slot k\u00fct\u00fcphanesi binlerce ba\u015fl\u0131ktan olu\u015fmaktad\u0131r. \u0130sterseniz spor etkinliklerine de bahis oynayabilirsiniz.<\/p>","protected":false},"excerpt":{"rendered":"<p>Play Wolf Gold slot at the 1WIN online casino The game Wolf Gold is a great slot option for beginners. The simulation will give you the opportunity to get acquainted with the nature of North America and earn good money. Without prizes will not get away. PragmaticP lay studio has established a return rate of &hellip;<\/p>\n<p class=\"read-more\"> <a class=\"\" href=\"https:\/\/wolf-gold-slot-review.com\/tr\/play-wolf-gold-1win\/\"> <span class=\"screen-reader-text\">Wolf Gold 1WIN Oyna<\/span> Devam\u0131 &raquo;<\/a><\/p>","protected":false},"author":1,"featured_media":608,"parent":0,"menu_order":0,"comment_status":"closed","ping_status":"closed","template":"","meta":{"site-sidebar-layout":"default","site-content-layout":"default","ast-global-header-display":"","ast-main-header-display":"","ast-hfb-above-header-display":"","ast-hfb-below-header-display":"","ast-hfb-mobile-header-display":"","site-post-title":"disabled","ast-breadcrumbs-content":"","ast-featured-img":"disabled","footer-sml-layout":"","theme-transparent-header-meta":"default","adv-header-id-meta":"","stick-header-meta":"","header-above-stick-meta":"","header-main-stick-meta":"","header-below-stick-meta":"","footnotes":""},"class_list":["post-526","page","type-page","status-publish","has-post-thumbnail","hentry"],"yoast_head":"<!-- This site is optimized with the Yoast SEO Premium plugin v19.5 (Yoast SEO v19.10) - https:\/\/yoast.com\/wordpress\/plugins\/seo\/ -->\n<title>Play Wolf Gold slot at the 1WIN online casino fo real money<\/title>\n<meta name=\"description\" content=\"Play the popular slot Wolf Gold slot in online casinos 1WIN for money. The advantages of playing Wolf Gold game at 1WIN\" \/>\n<meta name=\"robots\" content=\"index, follow, max-snippet:-1, max-image-preview:large, max-video-preview:-1\" \/>\n<link rel=\"canonical\" href=\"https:\/\/wolf-gold-slot-review.com\/tr\/play-wolf-gold-1win\/\" \/>\n<meta property=\"og:locale\" content=\"tr_TR\" \/>\n<meta property=\"og:type\" content=\"article\" \/>\n<meta property=\"og:title\" content=\"Play Wolf Gold 1WIN\" \/>\n<meta property=\"og:description\" content=\"Play Wolf Gold slot at the 1WIN online casino The game Wolf Gold is a great slot option for beginners. The simulation will give you the opportunity to get\" \/>\n<meta property=\"og:url\" content=\"https:\/\/wolf-gold-slot-review.com\/tr\/play-wolf-gold-1win\/\" \/>\n<meta property=\"og:site_name\" content=\"Wolf Gold Slot in Australia - Play game online for money\" \/>\n<meta property=\"article:modified_time\" content=\"2025-02-04T17:01:49+00:00\" \/>\n<meta property=\"og:image\" content=\"https:\/\/wolf-gold-slot-review.com\/wp-content\/uploads\/2023\/02\/1win-wolf-gold-site.jpg\" \/>\n\t<meta property=\"og:image:width\" content=\"900\" \/>\n\t<meta property=\"og:image:height\" content=\"900\" \/>\n\t<meta property=\"og:image:type\" content=\"image\/jpeg\" \/>\n<meta name=\"twitter:card\" content=\"summary_large_image\" \/>\n<meta name=\"twitter:label1\" content=\"Tahmini okuma s\u00fcresi\" \/>\n\t<meta name=\"twitter:data1\" content=\"5 dakika\" \/>\n<!-- \/ Yoast SEO Premium plugin. -->","yoast_head_json":{"title":"Play Wolf Gold slot at the 1WIN online casino fo real money","description":"Play the popular slot Wolf Gold slot in online casinos 1WIN for money. The advantages of playing Wolf Gold game at 1WIN","robots":{"index":"index","follow":"follow","max-snippet":"max-snippet:-1","max-image-preview":"max-image-preview:large","max-video-preview":"max-video-preview:-1"},"canonical":"https:\/\/wolf-gold-slot-review.com\/tr\/play-wolf-gold-1win\/","og_locale":"tr_TR","og_type":"article","og_title":"Play Wolf Gold 1WIN","og_description":"Play Wolf Gold slot at the 1WIN online casino The game Wolf Gold is a great slot option for beginners. The simulation will give you the opportunity to get","og_url":"https:\/\/wolf-gold-slot-review.com\/tr\/play-wolf-gold-1win\/","og_site_name":"Wolf Gold Slot in Australia - Play game online for money","article_modified_time":"2025-02-04T17:01:49+00:00","og_image":[{"width":900,"height":900,"url":"https:\/\/wolf-gold-slot-review.com\/wp-content\/uploads\/2023\/02\/1win-wolf-gold-site.jpg","type":"image\/jpeg"}],"twitter_card":"summary_large_image","twitter_misc":{"Tahmini okuma s\u00fcresi":"5 dakika"},"schema":{"@context":"https:\/\/schema.org","@graph":[{"@type":"WebPage","@id":"https:\/\/wolf-gold-slot-review.com\/play-wolf-gold-1win\/","url":"https:\/\/wolf-gold-slot-review.com\/play-wolf-gold-1win\/","name":"Play Wolf Gold slot at the 1WIN online casino fo real money","isPartOf":{"@id":"https:\/\/wolf-gold-slot-review.com\/#website"},"datePublished":"2023-02-18T19:47:56+00:00","dateModified":"2025-02-04T17:01:49+00:00","description":"Play the popular slot Wolf Gold slot in online casinos 1WIN for money. The advantages of playing Wolf Gold game at 1WIN","breadcrumb":{"@id":"https:\/\/wolf-gold-slot-review.com\/play-wolf-gold-1win\/#breadcrumb"},"inLanguage":"tr","potentialAction":[{"@type":"ReadAction","target":["https:\/\/wolf-gold-slot-review.com\/play-wolf-gold-1win\/"]}]},{"@type":"BreadcrumbList","@id":"https:\/\/wolf-gold-slot-review.com\/play-wolf-gold-1win\/#breadcrumb","itemListElement":[{"@type":"ListItem","position":1,"name":"Home","item":"https:\/\/wolf-gold-slot-review.com\/"},{"@type":"ListItem","position":2,"name":"Play Wolf Gold 1WIN"}]},{"@type":"WebSite","@id":"https:\/\/wolf-gold-slot-review.com\/#website","url":"https:\/\/wolf-gold-slot-review.com\/","name":"Wolf Gold Slot in Australia - Play game online for money","description":"Wolf Gold Slot - Official site in Australia","publisher":{"@id":"https:\/\/wolf-gold-slot-review.com\/#organization"},"alternateName":"Wolf Gold Slot","potentialAction":[{"@type":"SearchAction","target":{"@type":"EntryPoint","urlTemplate":"https:\/\/wolf-gold-slot-review.com\/?s={search_term_string}"},"query-input":"required name=search_term_string"}],"inLanguage":"tr"},{"@type":"Organization","@id":"https:\/\/wolf-gold-slot-review.com\/#organization","name":"Wolf Gold Slot in Australia - Play game online for money","alternateName":"Wolf Gold Slot","url":"https:\/\/wolf-gold-slot-review.com\/","logo":{"@type":"ImageObject","inLanguage":"tr","@id":"https:\/\/wolf-gold-slot-review.com\/#\/schema\/logo\/image\/","url":"https:\/\/wolf-gold-slot-review.com\/wp-content\/uploads\/2022\/11\/cropped-logowolf.png","contentUrl":"https:\/\/wolf-gold-slot-review.com\/wp-content\/uploads\/2022\/11\/cropped-logowolf.png","width":265,"height":100,"caption":"Wolf Gold Slot in Australia - Play game online for money"},"image":{"@id":"https:\/\/wolf-gold-slot-review.com\/#\/schema\/logo\/image\/"}}]}},"_links":{"self":[{"href":"https:\/\/wolf-gold-slot-review.com\/tr\/wp-json\/wp\/v2\/pages\/526","targetHints":{"allow":["GET"]}}],"collection":[{"href":"https:\/\/wolf-gold-slot-review.com\/tr\/wp-json\/wp\/v2\/pages"}],"about":[{"href":"https:\/\/wolf-gold-slot-review.com\/tr\/wp-json\/wp\/v2\/types\/page"}],"author":[{"embeddable":true,"href":"https:\/\/wolf-gold-slot-review.com\/tr\/wp-json\/wp\/v2\/users\/1"}],"replies":[{"embeddable":true,"href":"https:\/\/wolf-gold-slot-review.com\/tr\/wp-json\/wp\/v2\/comments?post=526"}],"version-history":[{"count":8,"href":"https:\/\/wolf-gold-slot-review.com\/tr\/wp-json\/wp\/v2\/pages\/526\/revisions"}],"predecessor-version":[{"id":677,"href":"https:\/\/wolf-gold-slot-review.com\/tr\/wp-json\/wp\/v2\/pages\/526\/revisions\/677"}],"wp:featuredmedia":[{"embeddable":true,"href":"https:\/\/wolf-gold-slot-review.com\/tr\/wp-json\/wp\/v2\/media\/608"}],"wp:attachment":[{"href":"https:\/\/wolf-gold-slot-review.com\/tr\/wp-json\/wp\/v2\/media?parent=526"}],"curies":[{"name":"wp","href":"https:\/\/api.w.org\/{rel}","templated":true}]}}