{"id":530,"date":"2023-02-18T20:05:43","date_gmt":"2023-02-18T20:05:43","guid":{"rendered":"https:\/\/wolf-gold-slot-review.com\/?page_id=530"},"modified":"2025-02-04T17:04:08","modified_gmt":"2025-02-04T17:04:08","slug":"play-wolf-gold-pin-up","status":"publish","type":"page","link":"https:\/\/wolf-gold-slot-review.com\/tr\/kurt-altin-pin-up-oyna\/","title":{"rendered":"Wolf Gold PIN-UP oynay\u0131n"},"content":{"rendered":"<h1 style=\"text-align: center;\"><strong>Wolf Gold slot PIN-UP online casinoda ger\u00e7ek parayla oynay\u0131n<\/strong><\/h1>\n<p>Wolf Gold, pop\u00fcler oyun \u00fcreticisi PragmaticPlay'in bir slot oyunudur. Oyun 25 kazan\u00e7 hatt\u0131 ve 96% teorik getiri sunar. Renkli tasar\u0131m, istikrarl\u0131 y\u00fcksek \u00f6demeler ve net oynan\u0131\u015f, bu geli\u015ftirmeyi m\u00fc\u015fteriler aras\u0131nda inan\u0131lmaz derecede pop\u00fcler hale getirdi. Kuzey Amerika'n\u0131n do\u011fas\u0131na dalmak ve etkileyici \u00f6d\u00fcller kazanmak ister misiniz? Pin-Up'a kaydolun ve bahis oynamaya ba\u015flay\u0131n.<\/p>\n<p style=\"text-align: center;\"><a class=\"fasc-button fasc-size-large fasc-type-glossy fasc-rounded-medium fasc-style-bold\" style=\"background-color: #33809e; color: #ffffff;\" target=\"_blank\" rel=\"nofollow noopener\" href=\"https:\/\/wolf-gold-slot-review.com\/tr\/pinup-offer-direct\/\">Wolf Gold PIN-UP oynay\u0131n<\/a><\/p>\n<h2 style=\"text-align: center;\"><strong>Pin-Up'a nas\u0131l kay\u0131t olunur<\/strong><\/h2>\n<p>Sitenin konuklar\u0131n\u0131n slotun \u00fccretsiz s\u00fcr\u00fcm\u00fcn\u00fc kullanmas\u0131na izin verilir. Yard\u0131m\u0131yla, kazanan bir strateji geli\u015ftirmek i\u00e7in makineyi test edebilirsiniz. Bundan sonra tek yapman\u0131z gereken bir hesap a\u00e7mak, hesaba para yat\u0131rmak ve ger\u00e7ek kazan\u00e7lar i\u00e7in geri gelmek. Ayna ba\u011flant\u0131s\u0131ndan ve ana web sayfas\u0131ndan bir profil edinebilirsiniz. \u0130kinci durumda, etkileyici bir anket doldurman\u0131z ve ikamet adresinizi, ileti\u015fim bilgilerinizi ve ki\u015fisel bilgilerinizi belirtmeniz gerekir.<\/p>\n<p><img decoding=\"async\" class=\"aligncenter size-large wp-image-602\" src=\"https:\/\/wolf-gold-slot-review.com\/wp-content\/uploads\/2023\/02\/pinup-wolf-gold-slots-1024x250.jpg\" alt=\"pinup wolf gold slotlari\" width=\"1024\" height=\"250\" srcset=\"\/\/wolf-gold-slot-review.com\/wp-content\/uploads\/2023\/02\/pinup-wolf-gold-slots-1024x250.jpg 1024w, \/\/wolf-gold-slot-review.com\/wp-content\/uploads\/2023\/02\/pinup-wolf-gold-slots-300x73.jpg 300w, \/\/wolf-gold-slot-review.com\/wp-content\/uploads\/2023\/02\/pinup-wolf-gold-slots-150x37.jpg 150w, \/\/wolf-gold-slot-review.com\/wp-content\/uploads\/2023\/02\/pinup-wolf-gold-slots-768x187.jpg 768w, \/\/wolf-gold-slot-review.com\/wp-content\/uploads\/2023\/02\/pinup-wolf-gold-slots-1536x375.jpg 1536w, \/\/wolf-gold-slot-review.com\/wp-content\/uploads\/2023\/02\/pinup-wolf-gold-slots-18x4.jpg 18w, \/\/wolf-gold-slot-review.com\/wp-content\/uploads\/2023\/02\/pinup-wolf-gold-slots.jpg 1902w\" sizes=\"(max-width: 1024px) 100vw, 1024px\" \/><\/p>\n<p>Ayna arac\u0131l\u0131\u011f\u0131yla bir hesap edinme prosed\u00fcr\u00fc biraz daha kolayd\u0131r. M\u00fc\u015fterinin ihtiyac\u0131 var:<\/p>\n<ul>\n<li>Yinelenen bir sayfa a\u00e7\u0131n.<\/li>\n<li>\"Kay\u0131t\" \u00fczerine t\u0131klay\u0131n.<\/li>\n<li>Bir se\u00e7enek belirleyin (telefonla veya e-postayla).<\/li>\n<li>\u0130stenen bilgileri girin.<\/li>\n<li>\u0130nceleme i\u00e7in talebi g\u00f6nderin.<\/li>\n<\/ul>\n<p>Ba\u015fvuru i\u015flemi 5-6 saniyeden fazla s\u00fcrmez. Bundan sonra oyuncu bir sonraki ad\u0131ma ge\u00e7ebilir.<\/p>\n<p style=\"text-align: center;\"><a class=\"fasc-button fasc-size-large fasc-type-glossy fasc-rounded-medium fasc-style-bold\" style=\"background-color: #33809e; color: #ffffff;\" target=\"_blank\" rel=\"nofollow noopener\" href=\"https:\/\/wolf-gold-slot-review.com\/tr\/pinup-offer-direct\/\">Wolf Gold PIN-UP oynay\u0131n<\/a><\/p>\n<p>Yinelenen bir PinUp adresi \u00fczerinden kaydolmak en iyisidir. Engellemeyi atlamak i\u00e7in teknik ara\u00e7lar\u0131 a\u00e7man\u0131za gerek yoktur. BK'n\u0131n bir aynas\u0131n\u0131 bulmak 1-2 dakikadan az s\u00fcrer. Portal\u0131m\u0131zda \u00e7al\u0131\u015fan bir ba\u011flant\u0131 bulabilirsiniz.<\/p>\n<p>Farkl\u0131 platformlarda elde edilen profiller e\u015fde\u011ferdir. Oyuncular ayn\u0131 bonus se\u00e7eneklerine ve makine t\u00fcrlerine eri\u015febilir. Kul\u00fcp, para yat\u0131rma se\u00e7enekleri aras\u0131nda bir fark yaratmaz.<\/p>\n<h3 style=\"text-align: center;\"><strong>PIN-UP'ta nas\u0131l para yat\u0131r\u0131l\u0131r<\/strong><\/h3>\n<p>Para yat\u0131rmak, Wolf Gold oyununda para yat\u0131rmak i\u00e7in ikinci ad\u0131md\u0131r. 10'dan fazla \u015fekilde para yat\u0131rabilirsiniz. Bahis \u015firketi kripto para birimini, banka kartlar\u0131 (kredi ve banka) ve \u0130nternet c\u00fczdanlar\u0131 arac\u0131l\u0131\u011f\u0131yla yap\u0131lan \u00f6demeleri kabul eder. Mevcut se\u00e7eneklerin say\u0131s\u0131 s\u00fcrekli de\u011fi\u015fmektedir, sitenin ilgili b\u00f6l\u00fcm\u00fcnde mevcut t\u00fcm planlar hakk\u0131nda bilgi edinebilirsiniz.<\/p>\n<p><img decoding=\"async\" class=\"aligncenter size-large wp-image-600\" src=\"https:\/\/wolf-gold-slot-review.com\/wp-content\/uploads\/2023\/02\/pinup-binuses-1024x231.jpg\" alt=\"Pinup bin\u00fcsleri\" width=\"1024\" height=\"231\" srcset=\"\/\/wolf-gold-slot-review.com\/wp-content\/uploads\/2023\/02\/pinup-binuses-1024x231.jpg 1024w, \/\/wolf-gold-slot-review.com\/wp-content\/uploads\/2023\/02\/pinup-binuses-300x68.jpg 300w, \/\/wolf-gold-slot-review.com\/wp-content\/uploads\/2023\/02\/pinup-binuses-150x34.jpg 150w, \/\/wolf-gold-slot-review.com\/wp-content\/uploads\/2023\/02\/pinup-binuses-768x173.jpg 768w, \/\/wolf-gold-slot-review.com\/wp-content\/uploads\/2023\/02\/pinup-binuses-1536x347.jpg 1536w, \/\/wolf-gold-slot-review.com\/wp-content\/uploads\/2023\/02\/pinup-binuses-18x4.jpg 18w, \/\/wolf-gold-slot-review.com\/wp-content\/uploads\/2023\/02\/pinup-binuses.jpg 1603w\" sizes=\"(max-width: 1024px) 100vw, 1024px\" \/><\/p>\n<p>Yenileme i\u015flemi birka\u00e7 dakika s\u00fcr\u00fcyor. Geli\u015ftiriciler hizmeti olabildi\u011fince basit hale getirdiler:<\/p>\n<ol>\n<li>Ki\u015fisel dolab\u0131n\u0131zda yetkilendirin.<\/li>\n<li>\"Yenile\" \u00fczerine t\u0131klay\u0131n.<\/li>\n<li>Gerekli varyant\u0131 se\u00e7in.<\/li>\n<li>Gereklilikleri doldurun.<\/li>\n<li>De\u011ferlendirilmek \u00fczere bir talep g\u00f6nderin.<\/li>\n<\/ol>\n<p>Hepsi bu kadar. Servis ba\u015fvuruyu i\u015fler ve bakiyeyi kredilendirir. Mutlak art\u0131lar an\u0131nda transferler ve komisyon yok. Ek \u00fccret \u00f6demek prensipte \u00f6demek zorunda kalmayacakt\u0131r.<\/p>\n<h3 style=\"text-align: center;\"><strong>Casino PIN-UP'ta Wolf Gold oynamak i\u00e7in en iyi 5 neden<\/strong><\/h3>\n<p>Bir kumarhane se\u00e7erken, iyi bir \u00fcne sahip \u015firketlere odaklanmak daha iyidir. B\u00f6yle bir marka PinUp oldu. Ofis, BDT pazarlar\u0131nda ba\u015far\u0131l\u0131 bir \u015fekilde geli\u015fiyor ve yava\u015f yava\u015f yabanc\u0131 \u00fclkeler geli\u015ftiriyor.<\/p>\n<p>Oyuncular\u0131n slotun deneme s\u00fcr\u00fcm\u00fcn\u00fc kullanmalar\u0131na izin verilir. Yani, oyunun mekani\u011fini \u00fccretsiz olarak anlamak i\u00e7in stratejiyi test edebilirsiniz. Oyunun \u00f6zelliklerini tam olarak anlad\u0131ktan sonra ger\u00e7ek parayla bahis yapabilirsiniz.<\/p>\n<p>Pin Up, kullan\u0131c\u0131lar aras\u0131nda ayr\u0131nt\u0131l\u0131 sadakat program\u0131 ile \u00fcnl\u00fcd\u00fcr. Farkl\u0131 \u00f6d\u00fcl bi\u00e7imleri mevcuttur:<\/p>\n<ol>\n<li>\u0130lk para yat\u0131rma i\u015flemi i\u00e7in.<\/li>\n<li>S\u0131navlara kat\u0131l\u0131m i\u00e7in.<\/li>\n<li>Ki\u015fisel tan\u0131t\u0131mlar.<\/li>\n<li>Cashback ve di\u011fer bonuslar.<\/li>\n<li>Pincoins sistemi<\/li>\n<\/ol>\n<p style=\"text-align: center;\"><a class=\"fasc-button fasc-size-large fasc-type-glossy fasc-rounded-medium fasc-style-bold\" style=\"background-color: #33809e; color: #ffffff;\" target=\"_blank\" rel=\"nofollow noopener\" href=\"https:\/\/wolf-gold-slot-review.com\/tr\/pinup-offer-direct\/\">Wolf Gold PIN-UP oynay\u0131n<\/a><\/p>\n<p class=\"pu-pincoins__paragraph pu-pincoins__paragraph_description\"><strong>Pincoins (PNC)<\/strong> oyuncular\u0131n kazanabilece\u011fi bir para birimidir.<\/p>\n<div class=\"pu-pincoins__list-wrapper\">\n<p class=\"pu-pincoins__paragraph pu-pincoins__paragraph_medium\">PNC i\u00e7in alabilirsiniz:<\/p>\n<ul class=\"pu-pincoins__list\">\n<li class=\"pu-pincoins__list-item pu-pincoins__paragraph\">para i\u00e7in oyun<\/li>\n<li class=\"pu-pincoins__list-item pu-pincoins__paragraph\">profil doldurmak<\/li>\n<li class=\"pu-pincoins__list-item pu-pincoins__paragraph\">e-posta onay\u0131<\/li>\n<li class=\"pu-pincoins__list-item pu-pincoins__paragraph\">hesap do\u011frulama<\/li>\n<li class=\"pu-pincoins__list-item pu-pincoins__paragraph\">Hediye Kutusu A\u00e7\u0131l\u0131\u015f\u0131<\/li>\n<\/ul>\n<p><img decoding=\"async\" class=\"aligncenter size-large wp-image-599\" src=\"https:\/\/wolf-gold-slot-review.com\/wp-content\/uploads\/2023\/02\/pincoins-pinup-1024x316.jpg\" alt=\"pincoins pinup\" width=\"1024\" height=\"316\" srcset=\"\/\/wolf-gold-slot-review.com\/wp-content\/uploads\/2023\/02\/pincoins-pinup-1024x316.jpg 1024w, \/\/wolf-gold-slot-review.com\/wp-content\/uploads\/2023\/02\/pincoins-pinup-300x93.jpg 300w, \/\/wolf-gold-slot-review.com\/wp-content\/uploads\/2023\/02\/pincoins-pinup-150x46.jpg 150w, \/\/wolf-gold-slot-review.com\/wp-content\/uploads\/2023\/02\/pincoins-pinup-768x237.jpg 768w, \/\/wolf-gold-slot-review.com\/wp-content\/uploads\/2023\/02\/pincoins-pinup-1536x475.jpg 1536w, \/\/wolf-gold-slot-review.com\/wp-content\/uploads\/2023\/02\/pincoins-pinup-18x6.jpg 18w, \/\/wolf-gold-slot-review.com\/wp-content\/uploads\/2023\/02\/pincoins-pinup.jpg 1602w\" sizes=\"(max-width: 1024px) 100vw, 1024px\" \/><\/p>\n<\/div>\n<p>Ku\u015fkusuz bir avantaj, \u015firketin olu\u015fturulmu\u015f bir koleksiyonu olarak d\u00fc\u015f\u00fcn\u00fclebilir. D\u00fczinelerce st\u00fcdyodan binlerce yuva sizin i\u00e7in kullan\u0131labilir. Yeni \u00fcr\u00fcnleri beklemekten s\u0131k\u0131lmayacaks\u0131n\u0131z. Geli\u015ftiriciler haftal\u0131k olarak yeni sim\u00fclat\u00f6rler ekler. Bahis hayranlar\u0131 i\u00e7in spor bahisleri i\u00e7eren bir b\u00f6l\u00fcm var. M\u00fc\u015fterilerin tek bir hesap kullanmas\u0131na izin verilir. Ek bir profil almaya gerek yoktur.<\/p>","protected":false},"excerpt":{"rendered":"<p>Play Wolf Gold slot PIN-UP online casino for real money Wolf Gold is a slot from the popular game manufacturer PragmaticPlay. The game offers 25 winning lines and a theoretical return of 96%. Colorful design, stable high payouts, and clear gameplay have made this development incredibly popular among customers. Do you want to plunge into &hellip;<\/p>\n<p class=\"read-more\"> <a class=\"\" href=\"https:\/\/wolf-gold-slot-review.com\/tr\/kurt-altin-pin-up-oyna\/\"> <span class=\"screen-reader-text\">Wolf Gold PIN-UP oynay\u0131n<\/span> Devam\u0131 &raquo;<\/a><\/p>","protected":false},"author":1,"featured_media":611,"parent":0,"menu_order":0,"comment_status":"closed","ping_status":"closed","template":"","meta":{"site-sidebar-layout":"default","site-content-layout":"default","ast-global-header-display":"","ast-main-header-display":"","ast-hfb-above-header-display":"","ast-hfb-below-header-display":"","ast-hfb-mobile-header-display":"","site-post-title":"disabled","ast-breadcrumbs-content":"","ast-featured-img":"disabled","footer-sml-layout":"","theme-transparent-header-meta":"default","adv-header-id-meta":"","stick-header-meta":"","header-above-stick-meta":"","header-main-stick-meta":"","header-below-stick-meta":"","footnotes":""},"class_list":["post-530","page","type-page","status-publish","has-post-thumbnail","hentry"],"yoast_head":"<!-- This site is optimized with the Yoast SEO Premium plugin v19.5 (Yoast SEO v19.10) - https:\/\/yoast.com\/wordpress\/plugins\/seo\/ -->\n<title>Play Wolf Gold slot PIN-UP online casino for real money<\/title>\n<meta name=\"description\" content=\"Play the popular slot Wolf Gold in online casino PINUP for money. The advantages of playing Wolf Gold at PIN-UP casino\" \/>\n<meta name=\"robots\" content=\"index, follow, max-snippet:-1, max-image-preview:large, max-video-preview:-1\" \/>\n<link rel=\"canonical\" href=\"https:\/\/wolf-gold-slot-review.com\/tr\/kurt-altin-pin-up-oyna\/\" \/>\n<meta property=\"og:locale\" content=\"tr_TR\" \/>\n<meta property=\"og:type\" content=\"article\" \/>\n<meta property=\"og:title\" content=\"Play Wolf Gold PIN-UP\" \/>\n<meta property=\"og:description\" content=\"Play Wolf Gold slot PIN-UP online casino for real money Wolf Gold is a slot from the popular game manufacturer PragmaticPlay. The game offers 25 winning\" \/>\n<meta property=\"og:url\" content=\"https:\/\/wolf-gold-slot-review.com\/tr\/kurt-altin-pin-up-oyna\/\" \/>\n<meta property=\"og:site_name\" content=\"Wolf Gold Slot in Australia - Play game online for money\" \/>\n<meta property=\"article:modified_time\" content=\"2025-02-04T17:04:08+00:00\" \/>\n<meta property=\"og:image\" content=\"https:\/\/wolf-gold-slot-review.com\/wp-content\/uploads\/2023\/02\/pinup-wolf-gold-site.jpg\" \/>\n\t<meta property=\"og:image:width\" content=\"900\" \/>\n\t<meta property=\"og:image:height\" content=\"900\" \/>\n\t<meta property=\"og:image:type\" content=\"image\/jpeg\" \/>\n<meta name=\"twitter:card\" content=\"summary_large_image\" \/>\n<meta name=\"twitter:label1\" content=\"Tahmini okuma s\u00fcresi\" \/>\n\t<meta name=\"twitter:data1\" content=\"5 dakika\" \/>\n<!-- \/ Yoast SEO Premium plugin. -->","yoast_head_json":{"title":"Play Wolf Gold slot PIN-UP online casino for real money","description":"Play the popular slot Wolf Gold in online casino PINUP for money. The advantages of playing Wolf Gold at PIN-UP casino","robots":{"index":"index","follow":"follow","max-snippet":"max-snippet:-1","max-image-preview":"max-image-preview:large","max-video-preview":"max-video-preview:-1"},"canonical":"https:\/\/wolf-gold-slot-review.com\/tr\/kurt-altin-pin-up-oyna\/","og_locale":"tr_TR","og_type":"article","og_title":"Play Wolf Gold PIN-UP","og_description":"Play Wolf Gold slot PIN-UP online casino for real money Wolf Gold is a slot from the popular game manufacturer PragmaticPlay. The game offers 25 winning","og_url":"https:\/\/wolf-gold-slot-review.com\/tr\/kurt-altin-pin-up-oyna\/","og_site_name":"Wolf Gold Slot in Australia - Play game online for money","article_modified_time":"2025-02-04T17:04:08+00:00","og_image":[{"width":900,"height":900,"url":"https:\/\/wolf-gold-slot-review.com\/wp-content\/uploads\/2023\/02\/pinup-wolf-gold-site.jpg","type":"image\/jpeg"}],"twitter_card":"summary_large_image","twitter_misc":{"Tahmini okuma s\u00fcresi":"5 dakika"},"schema":{"@context":"https:\/\/schema.org","@graph":[{"@type":"WebPage","@id":"https:\/\/wolf-gold-slot-review.com\/play-wolf-gold-pin-up\/","url":"https:\/\/wolf-gold-slot-review.com\/play-wolf-gold-pin-up\/","name":"Play Wolf Gold slot PIN-UP online casino for real money","isPartOf":{"@id":"https:\/\/wolf-gold-slot-review.com\/#website"},"datePublished":"2023-02-18T20:05:43+00:00","dateModified":"2025-02-04T17:04:08+00:00","description":"Play the popular slot Wolf Gold in online casino PINUP for money. The advantages of playing Wolf Gold at PIN-UP casino","breadcrumb":{"@id":"https:\/\/wolf-gold-slot-review.com\/play-wolf-gold-pin-up\/#breadcrumb"},"inLanguage":"tr","potentialAction":[{"@type":"ReadAction","target":["https:\/\/wolf-gold-slot-review.com\/play-wolf-gold-pin-up\/"]}]},{"@type":"BreadcrumbList","@id":"https:\/\/wolf-gold-slot-review.com\/play-wolf-gold-pin-up\/#breadcrumb","itemListElement":[{"@type":"ListItem","position":1,"name":"Home","item":"https:\/\/wolf-gold-slot-review.com\/"},{"@type":"ListItem","position":2,"name":"Play Wolf Gold PIN-UP"}]},{"@type":"WebSite","@id":"https:\/\/wolf-gold-slot-review.com\/#website","url":"https:\/\/wolf-gold-slot-review.com\/","name":"Wolf Gold Slot in Australia - Play game online for money","description":"Wolf Gold Slot - Official site in Australia","publisher":{"@id":"https:\/\/wolf-gold-slot-review.com\/#organization"},"alternateName":"Wolf Gold Slot","potentialAction":[{"@type":"SearchAction","target":{"@type":"EntryPoint","urlTemplate":"https:\/\/wolf-gold-slot-review.com\/?s={search_term_string}"},"query-input":"required name=search_term_string"}],"inLanguage":"tr"},{"@type":"Organization","@id":"https:\/\/wolf-gold-slot-review.com\/#organization","name":"Wolf Gold Slot in Australia - Play game online for money","alternateName":"Wolf Gold Slot","url":"https:\/\/wolf-gold-slot-review.com\/","logo":{"@type":"ImageObject","inLanguage":"tr","@id":"https:\/\/wolf-gold-slot-review.com\/#\/schema\/logo\/image\/","url":"https:\/\/wolf-gold-slot-review.com\/wp-content\/uploads\/2022\/11\/cropped-logowolf.png","contentUrl":"https:\/\/wolf-gold-slot-review.com\/wp-content\/uploads\/2022\/11\/cropped-logowolf.png","width":265,"height":100,"caption":"Wolf Gold Slot in Australia - Play game online for money"},"image":{"@id":"https:\/\/wolf-gold-slot-review.com\/#\/schema\/logo\/image\/"}}]}},"_links":{"self":[{"href":"https:\/\/wolf-gold-slot-review.com\/tr\/wp-json\/wp\/v2\/pages\/530","targetHints":{"allow":["GET"]}}],"collection":[{"href":"https:\/\/wolf-gold-slot-review.com\/tr\/wp-json\/wp\/v2\/pages"}],"about":[{"href":"https:\/\/wolf-gold-slot-review.com\/tr\/wp-json\/wp\/v2\/types\/page"}],"author":[{"embeddable":true,"href":"https:\/\/wolf-gold-slot-review.com\/tr\/wp-json\/wp\/v2\/users\/1"}],"replies":[{"embeddable":true,"href":"https:\/\/wolf-gold-slot-review.com\/tr\/wp-json\/wp\/v2\/comments?post=530"}],"version-history":[{"count":6,"href":"https:\/\/wolf-gold-slot-review.com\/tr\/wp-json\/wp\/v2\/pages\/530\/revisions"}],"predecessor-version":[{"id":680,"href":"https:\/\/wolf-gold-slot-review.com\/tr\/wp-json\/wp\/v2\/pages\/530\/revisions\/680"}],"wp:featuredmedia":[{"embeddable":true,"href":"https:\/\/wolf-gold-slot-review.com\/tr\/wp-json\/wp\/v2\/media\/611"}],"wp:attachment":[{"href":"https:\/\/wolf-gold-slot-review.com\/tr\/wp-json\/wp\/v2\/media?parent=530"}],"curies":[{"name":"wp","href":"https:\/\/api.w.org\/{rel}","templated":true}]}}