{"id":532,"date":"2023-02-18T20:13:01","date_gmt":"2023-02-18T20:13:01","guid":{"rendered":"https:\/\/wolf-gold-slot-review.com\/?page_id=532"},"modified":"2025-02-04T17:04:15","modified_gmt":"2025-02-04T17:04:15","slug":"play-wolf-gold-parimatch","status":"publish","type":"page","link":"https:\/\/wolf-gold-slot-review.com\/tr\/play-wolf-gold-parimatch\/","title":{"rendered":"Wolf Gold Parimatch Oyna"},"content":{"rendered":"<h1 style=\"text-align: center;\"><strong>Wolf Gold slotunu Parimatch online casinoda ger\u00e7ek parayla oynay\u0131n<\/strong><\/h1>\n<p>Online casino Parimatch m\u00fc\u015fterilerine binlerce farkl\u0131 slot sunuyor. Zamanla test edilmi\u015f hitlere ve \u00f6zel yeniliklere bahis oynayabilirsiniz. Marka, kumar end\u00fcstrisinde 10 y\u0131l\u0131 a\u015fk\u0131n s\u00fcredir \u00e7al\u0131\u015fmaktad\u0131r. Bu s\u00fcre zarf\u0131nda, \u015firket etkileyici bir m\u00fc\u015fteri taban\u0131 olu\u015fturdu ve benzersiz bir oyun k\u00fct\u00fcphanesi olu\u015fturdu. Kul\u00fcb\u00fcn k\u00fct\u00fcphanesi, \u00fcnl\u00fc st\u00fcdyolar\u0131n en iyi geli\u015fiminden yoksun de\u011fildir. PragmaticPlay'den Wolf Gold - m\u00fckemmel dengelenmi\u015f bir slot \u00f6rne\u011fidir.<\/p>\n<p style=\"text-align: center;\"><a class=\"fasc-button fasc-size-large fasc-type-glossy fasc-rounded-medium fasc-style-bold\" style=\"background-color: #33809e; color: #ffffff;\" target=\"_blank\" rel=\"nofollow noopener\" href=\"https:\/\/wolf-gold-slot-review.com\/tr\/parimatch-offer-direct\/\">Wolf Gold Parimatch Oyna<\/a><\/p>\n<h2 style=\"text-align: center;\"><strong>Parimatch'e nas\u0131l kay\u0131t olunur<\/strong><\/h2>\n<p>Sunulan sim\u00fclat\u00f6r vah\u015fi ya\u015fam temas\u0131 \u00fczerine yap\u0131lm\u0131\u015ft\u0131r. Hayvan d\u00fcnyas\u0131na dalman\u0131za, merakl\u0131 bir do\u011fa bilimci gibi hissetmenize, ger\u00e7ek maceralara ve adrenaline a\u00e7 olman\u0131za izin verecektir. Do\u011fal olarak, geli\u015ftiriciler \u00f6d\u00fclleri de unutmad\u0131lar. Em\u00fclat\u00f6r, kazan\u00e7 \u015feklinde konulan paran\u0131n 96%'sini \u00f6der. \u00d6d\u00fcller s\u0131k olacak, genellikle makine etkileyici \u00f6d\u00fcller verir.<\/p>\n<p><img decoding=\"async\" class=\"aligncenter size-large wp-image-590\" src=\"https:\/\/wolf-gold-slot-review.com\/wp-content\/uploads\/2023\/02\/wolf-gold-parimatch-1024x427.jpg\" alt=\"kurt alt\u0131n parimatch\" width=\"1024\" height=\"427\" srcset=\"\/\/wolf-gold-slot-review.com\/wp-content\/uploads\/2023\/02\/wolf-gold-parimatch-1024x427.jpg 1024w, \/\/wolf-gold-slot-review.com\/wp-content\/uploads\/2023\/02\/wolf-gold-parimatch-300x125.jpg 300w, \/\/wolf-gold-slot-review.com\/wp-content\/uploads\/2023\/02\/wolf-gold-parimatch-150x63.jpg 150w, \/\/wolf-gold-slot-review.com\/wp-content\/uploads\/2023\/02\/wolf-gold-parimatch-768x320.jpg 768w, \/\/wolf-gold-slot-review.com\/wp-content\/uploads\/2023\/02\/wolf-gold-parimatch-18x8.jpg 18w, \/\/wolf-gold-slot-review.com\/wp-content\/uploads\/2023\/02\/wolf-gold-parimatch.jpg 1348w\" sizes=\"(max-width: 1024px) 100vw, 1024px\" \/><\/p>\n<p>Bu slot, farkl\u0131 risk haz\u0131rl\u0131\u011f\u0131na sahip m\u00fc\u015fteriler i\u00e7in idealdir. Dengeyi gev\u015fetmek isteyenler i\u00e7in uygundur. Oyun ayn\u0131 zamanda b\u00fcy\u00fck kazan\u00e7 severler i\u00e7in de kullan\u0131labilir. Ancak, ger\u00e7ek parayla bahis oynamak i\u00e7in kay\u0131t olman\u0131z gerekir. Parimatch \u015firketi kullan\u0131c\u0131lara do\u011fru gitti ve bir hesap olu\u015fturma prosed\u00fcr\u00fcn\u00fc olabildi\u011fince basitle\u015ftirdi:<\/p>\n<ol>\n<li>\u00c7evrimi\u00e7i kumarhane kayna\u011f\u0131n\u0131 ba\u015flat\u0131rs\u0131n\u0131z.<\/li>\n<li>Kay\u0131t olmak i\u00e7in butona t\u0131klay\u0131n.<\/li>\n<li>Formu doldurun.<\/li>\n<li>Ba\u015fvuruyu de\u011ferlendirilmek \u00fczere g\u00f6nderin.<\/li>\n<\/ol>\n<p style=\"text-align: center;\"><a class=\"fasc-button fasc-size-large fasc-type-glossy fasc-rounded-medium fasc-style-bold\" style=\"background-color: #33809e; color: #ffffff;\" target=\"_blank\" rel=\"nofollow noopener\" href=\"https:\/\/wolf-gold-slot-review.com\/tr\/parimatch-offer-direct\/\">Wolf Gold Parimatch Oyna<\/a><\/p>\n<p>Site, m\u00fc\u015fterinin talebini i\u015fleme koyacakt\u0131r. Sistemde belirtti\u011finiz veriler daha \u00f6nce kullan\u0131lmam\u0131\u015fsa, bir hesap alacaks\u0131n\u0131z ve kul\u00fcb\u00fcn t\u00fcm hizmetlerini kullanabilirsiniz. Aksi takdirde, oyuncudan ayarlamalar yapmas\u0131 istenecektir.<\/p>\n<h3 style=\"text-align: center;\"><strong>Parimatch'e nas\u0131l para yat\u0131r\u0131l\u0131r<\/strong><\/h3>\n<p>Para yat\u0131rmadan ger\u00e7ek parayla bahis oynamak imkans\u0131zd\u0131r. Geli\u015ftiriciler, ki\u015fisel hesab\u0131n tasar\u0131m\u0131n\u0131 olabildi\u011fince basitle\u015ftirdiler. Bu nedenle, do\u011fru d\u00fc\u011fmeleri bulma ile ilgili sorunlar prensipte ortaya \u00e7\u0131kmayacakt\u0131r. Para yat\u0131rmak i\u00e7in \u015funlar\u0131 yapmal\u0131s\u0131n\u0131z:<\/p>\n<ol>\n<li>Yetkilendirmeden ge\u00e7.<\/li>\n<li>Nakit i\u015flemlerinin oldu\u011fu b\u00f6l\u00fcm\u00fc se\u00e7in.<\/li>\n<li>Gerekli para yat\u0131rma y\u00f6ntemini i\u015faretleyin.<\/li>\n<li>\u0130stenen bilgileri doldurun.<\/li>\n<li>\u0130\u015flemi onaylay\u0131n.<\/li>\n<\/ol>\n<p>Talebin i\u015flenmesi 1-2 saniyeden fazla s\u00fcrmez. Bundan sonra, fonlar kredilendirilir, bahis yapma ve kazanma f\u0131rsat\u0131 elde edersiniz.<\/p>\n<p><img decoding=\"async\" class=\"aligncenter size-full wp-image-591\" src=\"https:\/\/wolf-gold-slot-review.com\/wp-content\/uploads\/2023\/02\/welcome-bonus-parimatch.jpg\" alt=\"ho\u015fgeldin bonusu parimatch\" width=\"729\" height=\"312\" srcset=\"\/\/wolf-gold-slot-review.com\/wp-content\/uploads\/2023\/02\/welcome-bonus-parimatch.jpg 729w, \/\/wolf-gold-slot-review.com\/wp-content\/uploads\/2023\/02\/welcome-bonus-parimatch-300x128.jpg 300w, \/\/wolf-gold-slot-review.com\/wp-content\/uploads\/2023\/02\/welcome-bonus-parimatch-150x64.jpg 150w, \/\/wolf-gold-slot-review.com\/wp-content\/uploads\/2023\/02\/welcome-bonus-parimatch-18x8.jpg 18w\" sizes=\"(max-width: 729px) 100vw, 729px\" \/><\/p>\n<p>Prosed\u00fcr\u00fc ger\u00e7ekle\u015ftirmeden \u00f6nce, ofisin baz\u0131 gereksinimlerini dikkate almak gerekir. \u00c7evrimi\u00e7i kumarhane standart kurallar sunar. Kumarbaz\u0131n yaln\u0131zca belirlenen limitler dahilinde para yat\u0131rmas\u0131na izin verilir. K\u0131s\u0131tlamalar, kullan\u0131lan her y\u00f6ntem i\u00e7in ayr\u0131d\u0131r. Ki\u015fisel \u00f6deme y\u00f6ntemleriyle para yat\u0131rabilirsiniz. Arkada\u015flar\u0131n\u0131z\u0131n veya akrabalar\u0131n\u0131z\u0131n kartlar\u0131n\u0131 veya \u00e7evrimi\u00e7i c\u00fczdanlar\u0131n\u0131 kullanman\u0131za izin verilmez.<\/p>\n<h3 style=\"text-align: center;\"><strong>Parimatch kumarhanesinde Wolf Gold oynamak i\u00e7in en \u00f6nemli nedenler<\/strong><\/h3>\n<p>Wolf Gold slotu e\u011flenmek ve para kazanmak i\u00e7in harika bir se\u00e7enektir. Bu oyun casino m\u00fc\u015fterileri aras\u0131nda y\u00fcksek talep g\u00f6rmektedir. \u00c7e\u015fitli kumar siteleri aras\u0131nda bir dizi nedenden dolay\u0131 Parimatch'e dikkat \u00e7ekmek i\u00e7in:<\/p>\n<ul>\n<li>Piyasada 10 y\u0131ldan fazla kusursuz \u00e7al\u0131\u015fma.<\/li>\n<li>Farkl\u0131 t\u00fcrlerde 1000'den fazla sim\u00fclat\u00f6r.<\/li>\n<li>30'dan fazla oyun yap\u0131mc\u0131s\u0131 ile i\u015fbirli\u011fi.<\/li>\n<li>M\u00fc\u015fterilerin sadakat programlar\u0131 i\u00e7in ilgin\u00e7 ve karl\u0131.<\/li>\n<li>Oyuncular aras\u0131nda iyi bir \u00fcne sahip.<\/li>\n<li>Ek teklifler: canl\u0131 odalar, bahis b\u00f6l\u00fcmleri.<\/li>\n<li>Oyun odas\u0131n\u0131n d\u00fczenli olarak yenilenmesi.<\/li>\n<\/ul>\n<p style=\"text-align: center;\"><a class=\"fasc-button fasc-size-large fasc-type-glossy fasc-rounded-medium fasc-style-bold\" style=\"background-color: #33809e; color: #ffffff;\" target=\"_blank\" rel=\"nofollow noopener\" href=\"https:\/\/wolf-gold-slot-review.com\/tr\/parimatch-offer-direct\/\">Wolf Gold Parimatch Oyna<\/a><\/p>\n<p>Kazan\u00e7lar\u0131n geri \u00e7ekilmesi h\u0131zl\u0131d\u0131r. Vakalar\u0131n 95%'sinde, ba\u015fvurunun i\u015flenmesi maksimum 1-2 saat s\u00fcrer. \u0130\u015flem i\u00e7in yirmi d\u00f6rt saat beklemek zorunda de\u011filsiniz.<\/p>","protected":false},"excerpt":{"rendered":"<p>Play Wolf Gold slot Parimatch online casino for real money Online casino Parimatch offers customers thousands of different slots. You can bet on time-tested hits and exclusive novelties. The brand has been working in the gambling industry for over 10 years. During this time, the company has formed an impressive customer base and created a &hellip;<\/p>\n<p class=\"read-more\"> <a class=\"\" href=\"https:\/\/wolf-gold-slot-review.com\/tr\/play-wolf-gold-parimatch\/\"> <span class=\"screen-reader-text\">Wolf Gold Parimatch Oyna<\/span> Devam\u0131 &raquo;<\/a><\/p>","protected":false},"author":1,"featured_media":610,"parent":0,"menu_order":0,"comment_status":"closed","ping_status":"closed","template":"","meta":{"site-sidebar-layout":"default","site-content-layout":"default","ast-global-header-display":"","ast-main-header-display":"","ast-hfb-above-header-display":"","ast-hfb-below-header-display":"","ast-hfb-mobile-header-display":"","site-post-title":"disabled","ast-breadcrumbs-content":"","ast-featured-img":"disabled","footer-sml-layout":"","theme-transparent-header-meta":"default","adv-header-id-meta":"","stick-header-meta":"","header-above-stick-meta":"","header-main-stick-meta":"","header-below-stick-meta":"","footnotes":""},"class_list":["post-532","page","type-page","status-publish","has-post-thumbnail","hentry"],"yoast_head":"<!-- This site is optimized with the Yoast SEO Premium plugin v19.5 (Yoast SEO v19.10) - https:\/\/yoast.com\/wordpress\/plugins\/seo\/ -->\n<title>Play Wolf Gold slot Parimatch online casino for real money<\/title>\n<meta name=\"description\" content=\"Play the popular slot Wolf Gold in online casino Parimatch for money. The advantages of playing Wolf Gold at Parimatch casino\" \/>\n<meta name=\"robots\" content=\"index, follow, max-snippet:-1, max-image-preview:large, max-video-preview:-1\" \/>\n<link rel=\"canonical\" href=\"https:\/\/wolf-gold-slot-review.com\/tr\/play-wolf-gold-parimatch\/\" \/>\n<meta property=\"og:locale\" content=\"tr_TR\" \/>\n<meta property=\"og:type\" content=\"article\" \/>\n<meta property=\"og:title\" content=\"Play Wolf Gold Parimatch\" \/>\n<meta property=\"og:description\" content=\"Play Wolf Gold slot Parimatch online casino for real money Online casino Parimatch offers customers thousands of different slots. You can bet on\" \/>\n<meta property=\"og:url\" content=\"https:\/\/wolf-gold-slot-review.com\/tr\/play-wolf-gold-parimatch\/\" \/>\n<meta property=\"og:site_name\" content=\"Wolf Gold Slot in Australia - Play game online for money\" \/>\n<meta property=\"article:modified_time\" content=\"2025-02-04T17:04:15+00:00\" \/>\n<meta property=\"og:image\" content=\"https:\/\/wolf-gold-slot-review.com\/wp-content\/uploads\/2023\/02\/parimatch-wolf-gold-site.jpg\" \/>\n\t<meta property=\"og:image:width\" content=\"900\" \/>\n\t<meta property=\"og:image:height\" content=\"900\" \/>\n\t<meta property=\"og:image:type\" content=\"image\/jpeg\" \/>\n<meta name=\"twitter:card\" content=\"summary_large_image\" \/>\n<meta name=\"twitter:label1\" content=\"Tahmini okuma s\u00fcresi\" \/>\n\t<meta name=\"twitter:data1\" content=\"4 dakika\" \/>\n<!-- \/ Yoast SEO Premium plugin. -->","yoast_head_json":{"title":"Play Wolf Gold slot Parimatch online casino for real money","description":"Play the popular slot Wolf Gold in online casino Parimatch for money. The advantages of playing Wolf Gold at Parimatch casino","robots":{"index":"index","follow":"follow","max-snippet":"max-snippet:-1","max-image-preview":"max-image-preview:large","max-video-preview":"max-video-preview:-1"},"canonical":"https:\/\/wolf-gold-slot-review.com\/tr\/play-wolf-gold-parimatch\/","og_locale":"tr_TR","og_type":"article","og_title":"Play Wolf Gold Parimatch","og_description":"Play Wolf Gold slot Parimatch online casino for real money Online casino Parimatch offers customers thousands of different slots. You can bet on","og_url":"https:\/\/wolf-gold-slot-review.com\/tr\/play-wolf-gold-parimatch\/","og_site_name":"Wolf Gold Slot in Australia - Play game online for money","article_modified_time":"2025-02-04T17:04:15+00:00","og_image":[{"width":900,"height":900,"url":"https:\/\/wolf-gold-slot-review.com\/wp-content\/uploads\/2023\/02\/parimatch-wolf-gold-site.jpg","type":"image\/jpeg"}],"twitter_card":"summary_large_image","twitter_misc":{"Tahmini okuma s\u00fcresi":"4 dakika"},"schema":{"@context":"https:\/\/schema.org","@graph":[{"@type":"WebPage","@id":"https:\/\/wolf-gold-slot-review.com\/play-wolf-gold-parimatch\/","url":"https:\/\/wolf-gold-slot-review.com\/play-wolf-gold-parimatch\/","name":"Play Wolf Gold slot Parimatch online casino for real money","isPartOf":{"@id":"https:\/\/wolf-gold-slot-review.com\/#website"},"datePublished":"2023-02-18T20:13:01+00:00","dateModified":"2025-02-04T17:04:15+00:00","description":"Play the popular slot Wolf Gold in online casino Parimatch for money. The advantages of playing Wolf Gold at Parimatch casino","breadcrumb":{"@id":"https:\/\/wolf-gold-slot-review.com\/play-wolf-gold-parimatch\/#breadcrumb"},"inLanguage":"tr","potentialAction":[{"@type":"ReadAction","target":["https:\/\/wolf-gold-slot-review.com\/play-wolf-gold-parimatch\/"]}]},{"@type":"BreadcrumbList","@id":"https:\/\/wolf-gold-slot-review.com\/play-wolf-gold-parimatch\/#breadcrumb","itemListElement":[{"@type":"ListItem","position":1,"name":"Home","item":"https:\/\/wolf-gold-slot-review.com\/"},{"@type":"ListItem","position":2,"name":"Play Wolf Gold Parimatch"}]},{"@type":"WebSite","@id":"https:\/\/wolf-gold-slot-review.com\/#website","url":"https:\/\/wolf-gold-slot-review.com\/","name":"Wolf Gold Slot in Australia - Play game online for money","description":"Wolf Gold Slot - Official site in Australia","publisher":{"@id":"https:\/\/wolf-gold-slot-review.com\/#organization"},"alternateName":"Wolf Gold Slot","potentialAction":[{"@type":"SearchAction","target":{"@type":"EntryPoint","urlTemplate":"https:\/\/wolf-gold-slot-review.com\/?s={search_term_string}"},"query-input":"required name=search_term_string"}],"inLanguage":"tr"},{"@type":"Organization","@id":"https:\/\/wolf-gold-slot-review.com\/#organization","name":"Wolf Gold Slot in Australia - Play game online for money","alternateName":"Wolf Gold Slot","url":"https:\/\/wolf-gold-slot-review.com\/","logo":{"@type":"ImageObject","inLanguage":"tr","@id":"https:\/\/wolf-gold-slot-review.com\/#\/schema\/logo\/image\/","url":"https:\/\/wolf-gold-slot-review.com\/wp-content\/uploads\/2022\/11\/cropped-logowolf.png","contentUrl":"https:\/\/wolf-gold-slot-review.com\/wp-content\/uploads\/2022\/11\/cropped-logowolf.png","width":265,"height":100,"caption":"Wolf Gold Slot in Australia - Play game online for money"},"image":{"@id":"https:\/\/wolf-gold-slot-review.com\/#\/schema\/logo\/image\/"}}]}},"_links":{"self":[{"href":"https:\/\/wolf-gold-slot-review.com\/tr\/wp-json\/wp\/v2\/pages\/532","targetHints":{"allow":["GET"]}}],"collection":[{"href":"https:\/\/wolf-gold-slot-review.com\/tr\/wp-json\/wp\/v2\/pages"}],"about":[{"href":"https:\/\/wolf-gold-slot-review.com\/tr\/wp-json\/wp\/v2\/types\/page"}],"author":[{"embeddable":true,"href":"https:\/\/wolf-gold-slot-review.com\/tr\/wp-json\/wp\/v2\/users\/1"}],"replies":[{"embeddable":true,"href":"https:\/\/wolf-gold-slot-review.com\/tr\/wp-json\/wp\/v2\/comments?post=532"}],"version-history":[{"count":6,"href":"https:\/\/wolf-gold-slot-review.com\/tr\/wp-json\/wp\/v2\/pages\/532\/revisions"}],"predecessor-version":[{"id":679,"href":"https:\/\/wolf-gold-slot-review.com\/tr\/wp-json\/wp\/v2\/pages\/532\/revisions\/679"}],"wp:featuredmedia":[{"embeddable":true,"href":"https:\/\/wolf-gold-slot-review.com\/tr\/wp-json\/wp\/v2\/media\/610"}],"wp:attachment":[{"href":"https:\/\/wolf-gold-slot-review.com\/tr\/wp-json\/wp\/v2\/media?parent=532"}],"curies":[{"name":"wp","href":"https:\/\/api.w.org\/{rel}","templated":true}]}}